{"id":4666,"date":"2018-06-26T08:31:44","date_gmt":"2018-06-26T07:31:44","guid":{"rendered":"https:\/\/grupoandres.desarrolloundanet.com\/?page_id=4666"},"modified":"2021-10-22T12:21:16","modified_gmt":"2021-10-22T10:21:16","slug":"trabalhacom-andres","status":"publish","type":"page","link":"https:\/\/grupoandres.desarrolloundanet.com\/pt-pt\/contato\/trabalhacom-andres\/","title":{"rendered":"Trabalha<br>com Andr\u00e9s"},"content":{"rendered":"<p>O GRUPO ANDR\u00c9S NEUM\u00c1TICOS \u00e9 o primeiro distribuidor de pneum\u00e1ticos exclusivo e independiente da Pen\u00ednsula Ib\u00e9rica.<\/p>\n<p>Com mais de 30 anos de expeci\u00eancia, Neum\u00e1ticos Andr\u00e9s continua a ser uma refer\u00eancia do sector de pneum\u00e1ticos em Espanha e Portugal, apresentando-se como a op\u00e7\u00e3o mais s\u00f3lida e rent\u00e1vel para o sector profissional. A nossa estrat\u00e9gia concentra-se no cliente, na qual consideramos os nossos parceiros de neg\u00f3cios com os quais procura alcan\u00e7ar uma maior rentabilidade, tanto para o fornecedor como para o cliente.<\/p>\n","protected":false},"excerpt":{"rendered":"<p>O GRUPO ANDR\u00c9S NEUM\u00c1TICOS \u00e9 o primeiro distribuidor de pneum\u00e1ticos exclusivo e independiente da Pen\u00ednsula Ib\u00e9rica. Com mais de 30 anos de expeci\u00eancia, Neum\u00e1ticos Andr\u00e9s continua a ser uma refer\u00eancia do sector de pneum\u00e1ticos em Espanha e Portugal, apresentando-se como a op\u00e7\u00e3o mais s\u00f3lida e rent\u00e1vel para o sector profissional. A nossa estrat\u00e9gia concentra-se no &hellip; <a href=\"https:\/\/grupoandres.desarrolloundanet.com\/pt-pt\/contato\/trabalhacom-andres\/\" class=\"more-link\">Continue reading <span class=\"screen-reader-text\">Trabalha<br \/>com Andr\u00e9s<\/span> <span class=\"meta-nav\">&rarr;<\/span><\/a><\/p>\n","protected":false},"author":1,"featured_media":0,"parent":1220,"menu_order":0,"comment_status":"closed","ping_status":"closed","template":"page-contacto.php","meta":{"_acf_changed":false,"footnotes":""},"class_list":["post-4666","page","type-page","status-publish","hentry"],"acf":[],"yoast_head":"<!-- This site is optimized with the Yoast SEO plugin v27.3 - https:\/\/yoast.com\/product\/yoast-seo-wordpress\/ -->\n<title>Trabalhacom Andr\u00e9s - Grupo Andr\u00e9s Pneum\u00e1ticos<\/title>\n<meta name=\"description\" content=\"Voc\u00ea quer trabalhar com o Grupo Andr\u00e9s. Junte-se a n\u00f3s.O GRUPO ANDR\u00c9S NEUM\u00c1TICOS \u00e9 o primeiro distribuidor de pneum\u00e1ticos exclusivo e independiente da Pen\u00ednsula Ib\u00e9rica.\" \/>\n<meta name=\"robots\" content=\"index, follow, max-snippet:-1, max-image-preview:large, max-video-preview:-1\" \/>\n<link rel=\"canonical\" href=\"https:\/\/grupoandres.desarrolloundanet.com\/pt-pt\/contato\/trabalhacom-andres\/\" \/>\n<meta property=\"og:locale\" content=\"pt_PT\" \/>\n<meta property=\"og:type\" content=\"article\" \/>\n<meta property=\"og:title\" content=\"Trabalhacom Andr\u00e9s - Grupo Andr\u00e9s Pneum\u00e1ticos\" \/>\n<meta property=\"og:description\" content=\"Voc\u00ea quer trabalhar com o Grupo Andr\u00e9s. Junte-se a n\u00f3s.O GRUPO ANDR\u00c9S NEUM\u00c1TICOS \u00e9 o primeiro distribuidor de pneum\u00e1ticos exclusivo e independiente da Pen\u00ednsula Ib\u00e9rica.\" \/>\n<meta property=\"og:url\" content=\"https:\/\/grupoandres.desarrolloundanet.com\/pt-pt\/contato\/trabalhacom-andres\/\" \/>\n<meta property=\"og:site_name\" content=\"Grupo Andr\u00e9s Pneum\u00e1ticos\" \/>\n<meta property=\"article:modified_time\" content=\"2021-10-22T10:21:16+00:00\" \/>\n<meta name=\"twitter:card\" content=\"summary_large_image\" \/>\n<script type=\"application\/ld+json\" class=\"yoast-schema-graph\">{\"@context\":\"https:\\\/\\\/schema.org\",\"@graph\":[{\"@type\":\"WebPage\",\"@id\":\"https:\\\/\\\/grupoandres.desarrolloundanet.com\\\/pt-pt\\\/contato\\\/trabalhacom-andres\\\/\",\"url\":\"https:\\\/\\\/grupoandres.desarrolloundanet.com\\\/pt-pt\\\/contato\\\/trabalhacom-andres\\\/\",\"name\":\"Trabalha com Andr\u00e9s - Grupo Andr\u00e9s Pneum\u00e1ticos\",\"isPartOf\":{\"@id\":\"https:\\\/\\\/grupoandres.desarrolloundanet.com\\\/#website\"},\"datePublished\":\"2018-06-26T07:31:44+00:00\",\"dateModified\":\"2021-10-22T10:21:16+00:00\",\"description\":\"Voc\u00ea quer trabalhar com o Grupo Andr\u00e9s. Junte-se a n\u00f3s.O GRUPO ANDR\u00c9S NEUM\u00c1TICOS \u00e9 o primeiro distribuidor de pneum\u00e1ticos exclusivo e independiente da Pen\u00ednsula Ib\u00e9rica.\",\"breadcrumb\":{\"@id\":\"https:\\\/\\\/grupoandres.desarrolloundanet.com\\\/pt-pt\\\/contato\\\/trabalhacom-andres\\\/#breadcrumb\"},\"inLanguage\":\"pt-PT\",\"potentialAction\":[{\"@type\":\"ReadAction\",\"target\":[\"https:\\\/\\\/grupoandres.desarrolloundanet.com\\\/pt-pt\\\/contato\\\/trabalhacom-andres\\\/\"]}]},{\"@type\":\"BreadcrumbList\",\"@id\":\"https:\\\/\\\/grupoandres.desarrolloundanet.com\\\/pt-pt\\\/contato\\\/trabalhacom-andres\\\/#breadcrumb\",\"itemListElement\":[{\"@type\":\"ListItem\",\"position\":1,\"name\":\"Portada\",\"item\":\"https:\\\/\\\/grupoandres.desarrolloundanet.com\\\/pt-pt\\\/\"},{\"@type\":\"ListItem\",\"position\":2,\"name\":\"Contato\",\"item\":\"https:\\\/\\\/grupoandres.desarrolloundanet.com\\\/pt-pt\\\/contato\\\/\"},{\"@type\":\"ListItem\",\"position\":3,\"name\":\"Trabalhacom Andr\u00e9s\"}]},{\"@type\":\"WebSite\",\"@id\":\"https:\\\/\\\/grupoandres.desarrolloundanet.com\\\/#website\",\"url\":\"https:\\\/\\\/grupoandres.desarrolloundanet.com\\\/\",\"name\":\"Grupo Andr\u00e9s Pneum\u00e1ticos\",\"description\":\"Tyres distributor  for workshops and proffesional.Stock 500,000 tires  of  70 brands. Exclusive distributors of brands as Nankang , Matador, General Tire and more.\",\"potentialAction\":[{\"@type\":\"SearchAction\",\"target\":{\"@type\":\"EntryPoint\",\"urlTemplate\":\"https:\\\/\\\/grupoandres.desarrolloundanet.com\\\/?s={search_term_string}\"},\"query-input\":{\"@type\":\"PropertyValueSpecification\",\"valueRequired\":true,\"valueName\":\"search_term_string\"}}],\"inLanguage\":\"pt-PT\"}]}<\/script>\n<!-- \/ Yoast SEO plugin. -->","yoast_head_json":{"title":"Trabalhacom Andr\u00e9s - Grupo Andr\u00e9s Pneum\u00e1ticos","description":"Voc\u00ea quer trabalhar com o Grupo Andr\u00e9s. Junte-se a n\u00f3s.O GRUPO ANDR\u00c9S NEUM\u00c1TICOS \u00e9 o primeiro distribuidor de pneum\u00e1ticos exclusivo e independiente da Pen\u00ednsula Ib\u00e9rica.","robots":{"index":"index","follow":"follow","max-snippet":"max-snippet:-1","max-image-preview":"max-image-preview:large","max-video-preview":"max-video-preview:-1"},"canonical":"https:\/\/grupoandres.desarrolloundanet.com\/pt-pt\/contato\/trabalhacom-andres\/","og_locale":"pt_PT","og_type":"article","og_title":"Trabalhacom Andr\u00e9s - Grupo Andr\u00e9s Pneum\u00e1ticos","og_description":"Voc\u00ea quer trabalhar com o Grupo Andr\u00e9s. Junte-se a n\u00f3s.O GRUPO ANDR\u00c9S NEUM\u00c1TICOS \u00e9 o primeiro distribuidor de pneum\u00e1ticos exclusivo e independiente da Pen\u00ednsula Ib\u00e9rica.","og_url":"https:\/\/grupoandres.desarrolloundanet.com\/pt-pt\/contato\/trabalhacom-andres\/","og_site_name":"Grupo Andr\u00e9s Pneum\u00e1ticos","article_modified_time":"2021-10-22T10:21:16+00:00","twitter_card":"summary_large_image","schema":{"@context":"https:\/\/schema.org","@graph":[{"@type":"WebPage","@id":"https:\/\/grupoandres.desarrolloundanet.com\/pt-pt\/contato\/trabalhacom-andres\/","url":"https:\/\/grupoandres.desarrolloundanet.com\/pt-pt\/contato\/trabalhacom-andres\/","name":"Trabalha com Andr\u00e9s - Grupo Andr\u00e9s Pneum\u00e1ticos","isPartOf":{"@id":"https:\/\/grupoandres.desarrolloundanet.com\/#website"},"datePublished":"2018-06-26T07:31:44+00:00","dateModified":"2021-10-22T10:21:16+00:00","description":"Voc\u00ea quer trabalhar com o Grupo Andr\u00e9s. Junte-se a n\u00f3s.O GRUPO ANDR\u00c9S NEUM\u00c1TICOS \u00e9 o primeiro distribuidor de pneum\u00e1ticos exclusivo e independiente da Pen\u00ednsula Ib\u00e9rica.","breadcrumb":{"@id":"https:\/\/grupoandres.desarrolloundanet.com\/pt-pt\/contato\/trabalhacom-andres\/#breadcrumb"},"inLanguage":"pt-PT","potentialAction":[{"@type":"ReadAction","target":["https:\/\/grupoandres.desarrolloundanet.com\/pt-pt\/contato\/trabalhacom-andres\/"]}]},{"@type":"BreadcrumbList","@id":"https:\/\/grupoandres.desarrolloundanet.com\/pt-pt\/contato\/trabalhacom-andres\/#breadcrumb","itemListElement":[{"@type":"ListItem","position":1,"name":"Portada","item":"https:\/\/grupoandres.desarrolloundanet.com\/pt-pt\/"},{"@type":"ListItem","position":2,"name":"Contato","item":"https:\/\/grupoandres.desarrolloundanet.com\/pt-pt\/contato\/"},{"@type":"ListItem","position":3,"name":"Trabalhacom Andr\u00e9s"}]},{"@type":"WebSite","@id":"https:\/\/grupoandres.desarrolloundanet.com\/#website","url":"https:\/\/grupoandres.desarrolloundanet.com\/","name":"Grupo Andr\u00e9s Pneum\u00e1ticos","description":"Tyres distributor  for workshops and proffesional.Stock 500,000 tires  of  70 brands. Exclusive distributors of brands as Nankang , Matador, General Tire and more.","potentialAction":[{"@type":"SearchAction","target":{"@type":"EntryPoint","urlTemplate":"https:\/\/grupoandres.desarrolloundanet.com\/?s={search_term_string}"},"query-input":{"@type":"PropertyValueSpecification","valueRequired":true,"valueName":"search_term_string"}}],"inLanguage":"pt-PT"}]}},"_links":{"self":[{"href":"https:\/\/grupoandres.desarrolloundanet.com\/pt-pt\/wp-json\/wp\/v2\/pages\/4666","targetHints":{"allow":["GET"]}}],"collection":[{"href":"https:\/\/grupoandres.desarrolloundanet.com\/pt-pt\/wp-json\/wp\/v2\/pages"}],"about":[{"href":"https:\/\/grupoandres.desarrolloundanet.com\/pt-pt\/wp-json\/wp\/v2\/types\/page"}],"author":[{"embeddable":true,"href":"https:\/\/grupoandres.desarrolloundanet.com\/pt-pt\/wp-json\/wp\/v2\/users\/1"}],"replies":[{"embeddable":true,"href":"https:\/\/grupoandres.desarrolloundanet.com\/pt-pt\/wp-json\/wp\/v2\/comments?post=4666"}],"version-history":[{"count":7,"href":"https:\/\/grupoandres.desarrolloundanet.com\/pt-pt\/wp-json\/wp\/v2\/pages\/4666\/revisions"}],"predecessor-version":[{"id":11873,"href":"https:\/\/grupoandres.desarrolloundanet.com\/pt-pt\/wp-json\/wp\/v2\/pages\/4666\/revisions\/11873"}],"up":[{"embeddable":true,"href":"https:\/\/grupoandres.desarrolloundanet.com\/pt-pt\/wp-json\/wp\/v2\/pages\/1220"}],"wp:attachment":[{"href":"https:\/\/grupoandres.desarrolloundanet.com\/pt-pt\/wp-json\/wp\/v2\/media?parent=4666"}],"curies":[{"name":"wp","href":"https:\/\/api.w.org\/{rel}","templated":true}]}}