{"id":4635,"date":"2018-06-20T16:18:45","date_gmt":"2018-06-20T15:18:45","guid":{"rendered":"https:\/\/grupoandres.desarrolloundanet.com\/?page_id=4635"},"modified":"2022-04-27T14:40:37","modified_gmt":"2022-04-27T12:40:37","slug":"politica-de-privacidade","status":"publish","type":"page","link":"https:\/\/grupoandres.desarrolloundanet.com\/pt-pt\/politica-de-privacidade\/","title":{"rendered":"Pol\u00edtica de privacidade"},"content":{"rendered":"<div class=\"justificado\">\n<p>A empresa NEUM\u00c1TICOS ANDR\u00c9S SAU e as suas empresas do grupo, cumprem com a normativa aplic\u00e1vel de prote\u00e7\u00e3o de dados e correspondente para adaptar-se \u00e0 nova normativa europea.<\/p>\n<p>Para isso revisionamos o nosso sistema de prote\u00e7\u00e3o de dados de car\u00e1ter pessoal, e avaliamos os riscos existentes, implantamos as correspondentes salvaguardas de seguran\u00e7a e actualizamos as f\u00f3rmulas informativas e contratos de respons\u00e1veis de tratamento, que previamente foram avaliadas, para assegurar um nivel de seguran\u00e7a de acordo ao ser implantado na nossa empresa.<\/p>\n<p>Para n\u00f3s \u00e9 de vital import\u00e2ncia o cuidado dos nossos clientes e contatos, os nossos sistemas inform\u00e1ticos s\u00e3o permanentemente revisionados para assegurar o m\u00e1ximo n\u00edvel de seguran\u00e7a para os seus dados.<\/p>\n<p>As comunica\u00e7\u00f5es comerciais que realizamos enviamos sempre aos nossos clientes os contatos cujos dados foram obtidos por estarem registrados na nossa p\u00e1gina web, por telefone ou por uma visita comercial.<\/p>\n<p>Em algumas ocasi\u00f5es utilizamos fontes acess\u00edveis ao p\u00fablico para poder chegar tamb\u00e9m aos clientes potenciais do setor, sempre com as garant\u00edas estabelecidas pela normativa.<\/p>\n<p>Em continua\u00e7\u00e3o informamos seguindo os principios do novo regulamento europeo de prote\u00e7\u00e3o de dados de um modo claro e simples do tratamento que realizamos aos seus dados e os direitos que correspondem a si como titular destes dados.<\/p>\n<p>Para n\u00f3s parece importante relembrar que esta normativa se aplica aos dados de car\u00e1ter pessoal e n\u00e3o aos dados empresariais.<\/p>\n<p>INFORMA\u00c7\u00c3O SOBRE TRATAMENTO DE DADOS DE CLIENTES E CONTATOS PARA CAMPANHAS COMERCIAIS.<\/p>\n<p><strong>1. Quem \u00e9 o respons\u00e1vel do tratamento dos dados?<\/strong><br \/>\nRespons\u00e1vel: Identidade: NEUM\u00c1TICOS ANDR\u00c9S SAU &#8211; CIF: A84593722 Morada: CRA C-517 CENTRO DE TRANSPORTES. Salamanca. Telefone: 923193248 Correio eletr\u00f4nico: Correos@grupoandres.com<\/p>\n<p><strong>2. De onde obtemos esses dados?<\/strong><br \/>\nDirectamente do interessado, tanto atrav\u00e9s da web, telef\u00f4nicamente ou atrav\u00e9s de nossos comerciais.<br \/>\nDe fontes acess\u00edveis ao p\u00fablico.<\/p>\n<p><strong>3. Que finalidade tem o tratamento?<\/strong><br \/>\nProporcionar o melhor servi\u00e7o aos nossos clientes, cumprir com as obriga\u00e7\u00f5es legais estabelecidas, informar as ofertas de produtos ou servi\u00e7os relacionados com sua atividade mercantil sobre os quais pode ter um interesse leg\u00edtimo. Tamb\u00e9m no nosso interesse de evolu\u00e7\u00e3o, estes dados podem ser utilizados com fins estat\u00edsticos com o intuito de valorarizar a qualidade do nosso servi\u00e7o.<\/p>\n<p><strong>4. Legitima\u00e7\u00e3o:<\/strong><br \/>\nObriga\u00e7\u00e3o legal, interesse leg\u00edtimo e consentimento do interessado.<\/p>\n<p><strong>5. Destinat\u00e1rios:<\/strong><br \/>\nEntidades financeiras para a realiza\u00e7\u00e3o do pagamento, fornecedores, organismos p\u00fablicos ou privados relacionados com o nosso servi\u00e7o, e outras entidades necess\u00e1rias para realizar a presta\u00e7\u00e3o do servi\u00e7o contratado.<br \/>\nOs seus dados ser\u00e3o cedidos \u00fanicamente a empresas do grupo para processo administrativo, assim como as empresas tem uma rela\u00e7\u00e3o mercantil conosco que completam o nosso servi\u00e7o para melhorar a qualidade do servi\u00e7o prestado (log\u00edstica, fabrica\u00e7\u00e3o, etc.). Empresas todas elas com as quais regulamos a rela\u00e7\u00e3o podendo assegurar de que se cumprem com a normativa de prote\u00e7\u00e3o de dados e que n\u00e3o utilizam os dados para fins distintos dos previstos.<br \/>\nN\u00e3o se prev\u00ea a transfer\u00eancia de seus dados a empresas que n\u00e3o sejam da UE.<br \/>\nEm escassas ocasi\u00f5es utilizamos aplica\u00e7\u00f5es para env\u00edo de comunica\u00e7\u00f5es comerciais que podem ter sede fora da UE, nestes casos se revisionam sempre as pol\u00edticas de privacidade destas empresas para nos assegurarem os cumprimentos dos requisitos exig\u00edveis.<\/p>\n<p><strong>6. Quais s\u00e3o os seus direitos quando facilita os seus dados pessoais? Direito de acesso, retifica\u00e7\u00e3o, oposi\u00e7\u00e3o, supress\u00e3o e portabilidade.<\/strong><br \/>\nO usu\u00e1rio tem o direito a obter confirma\u00e7\u00e3o sobre como se trata dados os pessoais que correspodem a ele, assim como a aceder aos seus dados pessoais, solicitar a retifica\u00e7\u00e3o dos dados inexatos ou, neste caso, solicitar sua supress\u00e3o quando, entre outros motivos, os datos j\u00e1 n\u00e3o sejam necess\u00e1rios para os fins que foram recolhidos.<br \/>\nEm determinadas circunst\u00e2ncias, poder\u00e1 solicitar a limita\u00e7\u00e3o do tratamento dos seus dados, em cujo caso \u00fanicamente se conservar\u00e3o para o exerc\u00edcio ou a defesa de reclama\u00e7\u00f5es.<br \/>\nEm determinadas circunst\u00e2ncias e por motivos relacionados com sua situa\u00e7\u00e3o particular, poder\u00e1 opor-se ao tratamento de seus dados. Neste caso a empresa cessar\u00e1 o tratamento dos dados, salvo por motivos leg\u00edtimos imperiosos, ou o exerc\u00edcio ou a defesa de poss\u00edveis reclama\u00e7\u00f5es.<br \/>\nPoder\u00e1 expor as quest\u00f5es que considere em rela\u00e7\u00e3o a presente Pol\u00edtica, assim como exercer os seus direitos nos termos legalmente previstos, devendo para isso dirigir uma comunica\u00e7\u00e3o mediante correo eletr\u00f4nico a: correos@grupoandres.com com indica\u00e7\u00e3o da solicita\u00e7\u00e3o correspondente e acompanhado de documento acreditativo da identidade.<br \/>\nEm caso de n\u00e3o ficar satisfeito no exerc\u00edcio dos seus direitos, poder\u00e1 apresentar uma reclama\u00e7\u00e3o de tutela de direitos \u00e1 Ag\u00eancia Espanhola de Prote\u00e7\u00e3o de Dados atrav\u00e9s de sua rede eletr\u00f4nica.<\/p>\n<p><strong>Se deseja mais informa\u00e7\u00f5es sobre os direitos que corresponda, por favor entrar em contato conosco, estaremos ao seu dispor para qualquer d\u00favida e auxiliando nos seus direitos como de qualquer outro aspecto da normativa.<\/strong><\/p>\n<p>A empresa Neum\u00e1ticos Andr\u00e9s cumpre com a lei de prote\u00e7\u00e3o de dados em vigor na Uni\u00e3o Europeia e exp\u00f5e no seu site,\u00a0<a href=\"https:\/\/grupoandres.desarrolloundanet.com\/\">grupoandres.desarrolloundanet.com<\/a>. A referida prote\u00e7\u00e3o de dados foi gerida atrav\u00e9s da empresa:<br \/>\nEleffan formaci\u00f3n &#038; desarrollo<\/p>\n<p>C\/ Fonseca 2, 3\u00ba Planta, despacho 8<br \/>\n(Salamanca)<br \/>\nCELESTINA MARTIN SOTO 70802184L<br \/>\nhttps:\/\/www.grupoeleffan.es\/index.html<\/p>\n<p>Adicionalmente, os clientes da empresa Neum\u00e1ticos Andr\u00e9s que trabalhem com o consumidor final, em situa\u00e7\u00f5es de que para o qual \u00e9 enviado a mercadoria para uma morada tempor\u00e1ria, com \u00fanica aplica\u00e7\u00e3o e finalidade de expedi\u00e7\u00e3o da mercadoria. Neste sentido, tal informa\u00e7\u00e3o \u00e9 eliminada sem deixar rasto, no dia seguinte, em software de gest\u00e3o da empresa.\n<\/p><\/div>\n","protected":false},"excerpt":{"rendered":"<p>A empresa NEUM\u00c1TICOS ANDR\u00c9S SAU e as suas empresas do grupo, cumprem com a normativa aplic\u00e1vel de prote\u00e7\u00e3o de dados e correspondente para adaptar-se \u00e0 nova normativa europea. Para isso revisionamos o nosso sistema de prote\u00e7\u00e3o de dados de car\u00e1ter pessoal, e avaliamos os riscos existentes, implantamos as correspondentes salvaguardas de seguran\u00e7a e actualizamos as &hellip; <a href=\"https:\/\/grupoandres.desarrolloundanet.com\/pt-pt\/politica-de-privacidade\/\" class=\"more-link\">Continue reading <span class=\"screen-reader-text\">Pol\u00edtica de privacidade<\/span> <span class=\"meta-nav\">&rarr;<\/span><\/a><\/p>\n","protected":false},"author":1,"featured_media":0,"parent":0,"menu_order":0,"comment_status":"closed","ping_status":"closed","template":"page-generica-texto.php","meta":{"_acf_changed":false,"footnotes":""},"class_list":["post-4635","page","type-page","status-publish","hentry"],"acf":[],"yoast_head":"<!-- This site is optimized with the Yoast SEO plugin v27.3 - https:\/\/yoast.com\/product\/yoast-seo-wordpress\/ -->\n<title>Pol\u00edtica de privacidade - Grupo Andr\u00e9s Pneum\u00e1ticos<\/title>\n<meta name=\"description\" content=\"Pol\u00edtica de privacidade. A empresa NEUM\u00c1TICOS ANDR\u00c9S SAU e as suas empresas do grupo, cumprem com a normativa aplic\u00e1vel de prote\u00e7\u00e3o de dados.\" \/>\n<meta name=\"robots\" content=\"index, follow, max-snippet:-1, max-image-preview:large, max-video-preview:-1\" \/>\n<link rel=\"canonical\" href=\"https:\/\/grupoandres.desarrolloundanet.com\/pt-pt\/politica-de-privacidade\/\" \/>\n<meta property=\"og:locale\" content=\"pt_PT\" \/>\n<meta property=\"og:type\" content=\"article\" \/>\n<meta property=\"og:title\" content=\"Pol\u00edtica de privacidade - Grupo Andr\u00e9s Pneum\u00e1ticos\" \/>\n<meta property=\"og:description\" content=\"Pol\u00edtica de privacidade. A empresa NEUM\u00c1TICOS ANDR\u00c9S SAU e as suas empresas do grupo, cumprem com a normativa aplic\u00e1vel de prote\u00e7\u00e3o de dados.\" \/>\n<meta property=\"og:url\" content=\"https:\/\/grupoandres.desarrolloundanet.com\/pt-pt\/politica-de-privacidade\/\" \/>\n<meta property=\"og:site_name\" content=\"Grupo Andr\u00e9s Pneum\u00e1ticos\" \/>\n<meta property=\"article:modified_time\" content=\"2022-04-27T12:40:37+00:00\" \/>\n<meta name=\"twitter:card\" content=\"summary_large_image\" \/>\n<meta name=\"twitter:label1\" content=\"Tempo estimado de leitura\" \/>\n\t<meta name=\"twitter:data1\" content=\"5 minutos\" \/>\n<script type=\"application\/ld+json\" class=\"yoast-schema-graph\">{\"@context\":\"https:\\\/\\\/schema.org\",\"@graph\":[{\"@type\":\"WebPage\",\"@id\":\"https:\\\/\\\/grupoandres.desarrolloundanet.com\\\/pt-pt\\\/politica-de-privacidade\\\/\",\"url\":\"https:\\\/\\\/grupoandres.desarrolloundanet.com\\\/pt-pt\\\/politica-de-privacidade\\\/\",\"name\":\"Pol\u00edtica de privacidade - Grupo Andr\u00e9s Pneum\u00e1ticos\",\"isPartOf\":{\"@id\":\"https:\\\/\\\/grupoandres.desarrolloundanet.com\\\/#website\"},\"datePublished\":\"2018-06-20T15:18:45+00:00\",\"dateModified\":\"2022-04-27T12:40:37+00:00\",\"description\":\"Pol\u00edtica de privacidade. A empresa NEUM\u00c1TICOS ANDR\u00c9S SAU e as suas empresas do grupo, cumprem com a normativa aplic\u00e1vel de prote\u00e7\u00e3o de dados.\",\"breadcrumb\":{\"@id\":\"https:\\\/\\\/grupoandres.desarrolloundanet.com\\\/pt-pt\\\/politica-de-privacidade\\\/#breadcrumb\"},\"inLanguage\":\"pt-PT\",\"potentialAction\":[{\"@type\":\"ReadAction\",\"target\":[\"https:\\\/\\\/grupoandres.desarrolloundanet.com\\\/pt-pt\\\/politica-de-privacidade\\\/\"]}]},{\"@type\":\"BreadcrumbList\",\"@id\":\"https:\\\/\\\/grupoandres.desarrolloundanet.com\\\/pt-pt\\\/politica-de-privacidade\\\/#breadcrumb\",\"itemListElement\":[{\"@type\":\"ListItem\",\"position\":1,\"name\":\"Portada\",\"item\":\"https:\\\/\\\/grupoandres.desarrolloundanet.com\\\/pt-pt\\\/\"},{\"@type\":\"ListItem\",\"position\":2,\"name\":\"Pol\u00edtica de privacidade\"}]},{\"@type\":\"WebSite\",\"@id\":\"https:\\\/\\\/grupoandres.desarrolloundanet.com\\\/#website\",\"url\":\"https:\\\/\\\/grupoandres.desarrolloundanet.com\\\/\",\"name\":\"Grupo Andr\u00e9s Pneum\u00e1ticos\",\"description\":\"Tyres distributor  for workshops and proffesional.Stock 500,000 tires  of  70 brands. Exclusive distributors of brands as Nankang , Matador, General Tire and more.\",\"potentialAction\":[{\"@type\":\"SearchAction\",\"target\":{\"@type\":\"EntryPoint\",\"urlTemplate\":\"https:\\\/\\\/grupoandres.desarrolloundanet.com\\\/?s={search_term_string}\"},\"query-input\":{\"@type\":\"PropertyValueSpecification\",\"valueRequired\":true,\"valueName\":\"search_term_string\"}}],\"inLanguage\":\"pt-PT\"}]}<\/script>\n<!-- \/ Yoast SEO plugin. -->","yoast_head_json":{"title":"Pol\u00edtica de privacidade - Grupo Andr\u00e9s Pneum\u00e1ticos","description":"Pol\u00edtica de privacidade. A empresa NEUM\u00c1TICOS ANDR\u00c9S SAU e as suas empresas do grupo, cumprem com a normativa aplic\u00e1vel de prote\u00e7\u00e3o de dados.","robots":{"index":"index","follow":"follow","max-snippet":"max-snippet:-1","max-image-preview":"max-image-preview:large","max-video-preview":"max-video-preview:-1"},"canonical":"https:\/\/grupoandres.desarrolloundanet.com\/pt-pt\/politica-de-privacidade\/","og_locale":"pt_PT","og_type":"article","og_title":"Pol\u00edtica de privacidade - Grupo Andr\u00e9s Pneum\u00e1ticos","og_description":"Pol\u00edtica de privacidade. A empresa NEUM\u00c1TICOS ANDR\u00c9S SAU e as suas empresas do grupo, cumprem com a normativa aplic\u00e1vel de prote\u00e7\u00e3o de dados.","og_url":"https:\/\/grupoandres.desarrolloundanet.com\/pt-pt\/politica-de-privacidade\/","og_site_name":"Grupo Andr\u00e9s Pneum\u00e1ticos","article_modified_time":"2022-04-27T12:40:37+00:00","twitter_card":"summary_large_image","twitter_misc":{"Tempo estimado de leitura":"5 minutos"},"schema":{"@context":"https:\/\/schema.org","@graph":[{"@type":"WebPage","@id":"https:\/\/grupoandres.desarrolloundanet.com\/pt-pt\/politica-de-privacidade\/","url":"https:\/\/grupoandres.desarrolloundanet.com\/pt-pt\/politica-de-privacidade\/","name":"Pol\u00edtica de privacidade - Grupo Andr\u00e9s Pneum\u00e1ticos","isPartOf":{"@id":"https:\/\/grupoandres.desarrolloundanet.com\/#website"},"datePublished":"2018-06-20T15:18:45+00:00","dateModified":"2022-04-27T12:40:37+00:00","description":"Pol\u00edtica de privacidade. A empresa NEUM\u00c1TICOS ANDR\u00c9S SAU e as suas empresas do grupo, cumprem com a normativa aplic\u00e1vel de prote\u00e7\u00e3o de dados.","breadcrumb":{"@id":"https:\/\/grupoandres.desarrolloundanet.com\/pt-pt\/politica-de-privacidade\/#breadcrumb"},"inLanguage":"pt-PT","potentialAction":[{"@type":"ReadAction","target":["https:\/\/grupoandres.desarrolloundanet.com\/pt-pt\/politica-de-privacidade\/"]}]},{"@type":"BreadcrumbList","@id":"https:\/\/grupoandres.desarrolloundanet.com\/pt-pt\/politica-de-privacidade\/#breadcrumb","itemListElement":[{"@type":"ListItem","position":1,"name":"Portada","item":"https:\/\/grupoandres.desarrolloundanet.com\/pt-pt\/"},{"@type":"ListItem","position":2,"name":"Pol\u00edtica de privacidade"}]},{"@type":"WebSite","@id":"https:\/\/grupoandres.desarrolloundanet.com\/#website","url":"https:\/\/grupoandres.desarrolloundanet.com\/","name":"Grupo Andr\u00e9s Pneum\u00e1ticos","description":"Tyres distributor  for workshops and proffesional.Stock 500,000 tires  of  70 brands. Exclusive distributors of brands as Nankang , Matador, General Tire and more.","potentialAction":[{"@type":"SearchAction","target":{"@type":"EntryPoint","urlTemplate":"https:\/\/grupoandres.desarrolloundanet.com\/?s={search_term_string}"},"query-input":{"@type":"PropertyValueSpecification","valueRequired":true,"valueName":"search_term_string"}}],"inLanguage":"pt-PT"}]}},"_links":{"self":[{"href":"https:\/\/grupoandres.desarrolloundanet.com\/pt-pt\/wp-json\/wp\/v2\/pages\/4635","targetHints":{"allow":["GET"]}}],"collection":[{"href":"https:\/\/grupoandres.desarrolloundanet.com\/pt-pt\/wp-json\/wp\/v2\/pages"}],"about":[{"href":"https:\/\/grupoandres.desarrolloundanet.com\/pt-pt\/wp-json\/wp\/v2\/types\/page"}],"author":[{"embeddable":true,"href":"https:\/\/grupoandres.desarrolloundanet.com\/pt-pt\/wp-json\/wp\/v2\/users\/1"}],"replies":[{"embeddable":true,"href":"https:\/\/grupoandres.desarrolloundanet.com\/pt-pt\/wp-json\/wp\/v2\/comments?post=4635"}],"version-history":[{"count":9,"href":"https:\/\/grupoandres.desarrolloundanet.com\/pt-pt\/wp-json\/wp\/v2\/pages\/4635\/revisions"}],"predecessor-version":[{"id":17849,"href":"https:\/\/grupoandres.desarrolloundanet.com\/pt-pt\/wp-json\/wp\/v2\/pages\/4635\/revisions\/17849"}],"wp:attachment":[{"href":"https:\/\/grupoandres.desarrolloundanet.com\/pt-pt\/wp-json\/wp\/v2\/media?parent=4635"}],"curies":[{"name":"wp","href":"https:\/\/api.w.org\/{rel}","templated":true}]}}