{"id":3231,"date":"2016-08-17T08:36:27","date_gmt":"2016-08-17T06:36:27","guid":{"rendered":"http:\/\/grupoandres.desarrolloundanet.com\/pt-pt\/lopd\/"},"modified":"2021-10-29T01:41:22","modified_gmt":"2021-10-28T23:41:22","slug":"lopd","status":"publish","type":"page","link":"https:\/\/grupoandres.desarrolloundanet.com\/pt-pt\/lopd\/","title":{"rendered":"LOPD"},"content":{"rendered":"<p>De conformidad con lo dispuesto en la Ley 15\/1999, de 13 de diciembre, de Protecci\u00f3n de Datos de Car\u00e1cter Personal, los datos, tanto los facilitados personalmente, como los recabados a trav\u00e9s de los formularios de recogida de datos del Sito Web, ser\u00e1n incorporados a los ficheros automatizados, con la finalidad de ser utilizados en la prestaci\u00f3n del servicio solicitado, contratado o en el desarrollo de la relaci\u00f3n que le une con Neum\u00e1ticos Andr\u00e9s SAU, as\u00ed como de mantenerle informado de los servicios y\/o los aspectos legales. Se cancelar\u00e1n, borrar\u00e1n y\/o bloquear\u00e1n los datos cuando resulten inexactos, incompletos o hayan dejado de ser necesarios o pertinentes para su finalidad, de conformidad con lo previsto en la legislaci\u00f3n en materia de protecci\u00f3n de datos.<\/p>\n","protected":false},"excerpt":{"rendered":"<p>De conformidad con lo dispuesto en la Ley 15\/1999, de 13 de diciembre, de Protecci\u00f3n de Datos de Car\u00e1cter Personal, los datos, tanto los facilitados personalmente, como los recabados a trav\u00e9s de los formularios de recogida de datos del Sito Web, ser\u00e1n incorporados a los ficheros automatizados, con la finalidad de ser utilizados en la &hellip; <a href=\"https:\/\/grupoandres.desarrolloundanet.com\/pt-pt\/lopd\/\" class=\"more-link\">Continue reading <span class=\"screen-reader-text\">LOPD<\/span> <span class=\"meta-nav\">&rarr;<\/span><\/a><\/p>\n","protected":false},"author":1,"featured_media":0,"parent":0,"menu_order":0,"comment_status":"closed","ping_status":"closed","template":"page-generica-texto.php","meta":{"_acf_changed":false,"footnotes":""},"class_list":["post-3231","page","type-page","status-publish","hentry"],"acf":[],"yoast_head":"<!-- This site is optimized with the Yoast SEO plugin v27.3 - https:\/\/yoast.com\/product\/yoast-seo-wordpress\/ -->\n<title>LOPD - Grupo Andr\u00e9s Pneum\u00e1ticos<\/title>\n<meta name=\"description\" content=\"Ley Oficial de Protecci\u00f3n de Datos del portal del distribuidor de neum\u00e1ticos al por mayor Grupo Andr\u00e9s, en conformidad con lo dispuesto en la Ley 15\/1999, de 13 de diciembre, de Protecci\u00f3n de Datos de Car\u00e1cter Personal. Consulta m\u00e1s informaci\u00f3n acerca del uso de los datos cedidos Neum\u00e1ticos Andr\u00e9s SAU.\" \/>\n<meta name=\"robots\" content=\"noindex, follow\" \/>\n<meta property=\"og:locale\" content=\"pt_PT\" \/>\n<meta property=\"og:type\" content=\"article\" \/>\n<meta property=\"og:title\" content=\"LOPD - Grupo Andr\u00e9s Pneum\u00e1ticos\" \/>\n<meta property=\"og:description\" content=\"Ley Oficial de Protecci\u00f3n de Datos del portal del distribuidor de neum\u00e1ticos al por mayor Grupo Andr\u00e9s, en conformidad con lo dispuesto en la Ley 15\/1999, de 13 de diciembre, de Protecci\u00f3n de Datos de Car\u00e1cter Personal. Consulta m\u00e1s informaci\u00f3n acerca del uso de los datos cedidos Neum\u00e1ticos Andr\u00e9s SAU.\" \/>\n<meta property=\"og:url\" content=\"https:\/\/grupoandres.desarrolloundanet.com\/pt-pt\/lopd\/\" \/>\n<meta property=\"og:site_name\" content=\"Grupo Andr\u00e9s Pneum\u00e1ticos\" \/>\n<meta property=\"article:modified_time\" content=\"2021-10-28T23:41:22+00:00\" \/>\n<meta name=\"twitter:card\" content=\"summary_large_image\" \/>\n<meta name=\"twitter:label1\" content=\"Tempo estimado de leitura\" \/>\n\t<meta name=\"twitter:data1\" content=\"1 minuto\" \/>\n<script type=\"application\/ld+json\" class=\"yoast-schema-graph\">{\"@context\":\"https:\\\/\\\/schema.org\",\"@graph\":[{\"@type\":\"WebPage\",\"@id\":\"https:\\\/\\\/grupoandres.desarrolloundanet.com\\\/pt-pt\\\/lopd\\\/\",\"url\":\"https:\\\/\\\/grupoandres.desarrolloundanet.com\\\/pt-pt\\\/lopd\\\/\",\"name\":\"LOPD - Grupo Andr\u00e9s Pneum\u00e1ticos\",\"isPartOf\":{\"@id\":\"https:\\\/\\\/grupoandres.desarrolloundanet.com\\\/#website\"},\"datePublished\":\"2016-08-17T06:36:27+00:00\",\"dateModified\":\"2021-10-28T23:41:22+00:00\",\"description\":\"Ley Oficial de Protecci\u00f3n de Datos del portal del distribuidor de neum\u00e1ticos al por mayor Grupo Andr\u00e9s, en conformidad con lo dispuesto en la Ley 15\\\/1999, de 13 de diciembre, de Protecci\u00f3n de Datos de Car\u00e1cter Personal. Consulta m\u00e1s informaci\u00f3n acerca del uso de los datos cedidos Neum\u00e1ticos Andr\u00e9s SAU.\",\"breadcrumb\":{\"@id\":\"https:\\\/\\\/grupoandres.desarrolloundanet.com\\\/pt-pt\\\/lopd\\\/#breadcrumb\"},\"inLanguage\":\"pt-PT\",\"potentialAction\":[{\"@type\":\"ReadAction\",\"target\":[\"https:\\\/\\\/grupoandres.desarrolloundanet.com\\\/pt-pt\\\/lopd\\\/\"]}]},{\"@type\":\"BreadcrumbList\",\"@id\":\"https:\\\/\\\/grupoandres.desarrolloundanet.com\\\/pt-pt\\\/lopd\\\/#breadcrumb\",\"itemListElement\":[{\"@type\":\"ListItem\",\"position\":1,\"name\":\"Portada\",\"item\":\"https:\\\/\\\/grupoandres.desarrolloundanet.com\\\/pt-pt\\\/\"},{\"@type\":\"ListItem\",\"position\":2,\"name\":\"LOPD\"}]},{\"@type\":\"WebSite\",\"@id\":\"https:\\\/\\\/grupoandres.desarrolloundanet.com\\\/#website\",\"url\":\"https:\\\/\\\/grupoandres.desarrolloundanet.com\\\/\",\"name\":\"Grupo Andr\u00e9s Pneum\u00e1ticos\",\"description\":\"Tyres distributor  for workshops and proffesional.Stock 500,000 tires  of  70 brands. Exclusive distributors of brands as Nankang , Matador, General Tire and more.\",\"potentialAction\":[{\"@type\":\"SearchAction\",\"target\":{\"@type\":\"EntryPoint\",\"urlTemplate\":\"https:\\\/\\\/grupoandres.desarrolloundanet.com\\\/?s={search_term_string}\"},\"query-input\":{\"@type\":\"PropertyValueSpecification\",\"valueRequired\":true,\"valueName\":\"search_term_string\"}}],\"inLanguage\":\"pt-PT\"}]}<\/script>\n<!-- \/ Yoast SEO plugin. -->","yoast_head_json":{"title":"LOPD - Grupo Andr\u00e9s Pneum\u00e1ticos","description":"Ley Oficial de Protecci\u00f3n de Datos del portal del distribuidor de neum\u00e1ticos al por mayor Grupo Andr\u00e9s, en conformidad con lo dispuesto en la Ley 15\/1999, de 13 de diciembre, de Protecci\u00f3n de Datos de Car\u00e1cter Personal. Consulta m\u00e1s informaci\u00f3n acerca del uso de los datos cedidos Neum\u00e1ticos Andr\u00e9s SAU.","robots":{"index":"noindex","follow":"follow"},"og_locale":"pt_PT","og_type":"article","og_title":"LOPD - Grupo Andr\u00e9s Pneum\u00e1ticos","og_description":"Ley Oficial de Protecci\u00f3n de Datos del portal del distribuidor de neum\u00e1ticos al por mayor Grupo Andr\u00e9s, en conformidad con lo dispuesto en la Ley 15\/1999, de 13 de diciembre, de Protecci\u00f3n de Datos de Car\u00e1cter Personal. Consulta m\u00e1s informaci\u00f3n acerca del uso de los datos cedidos Neum\u00e1ticos Andr\u00e9s SAU.","og_url":"https:\/\/grupoandres.desarrolloundanet.com\/pt-pt\/lopd\/","og_site_name":"Grupo Andr\u00e9s Pneum\u00e1ticos","article_modified_time":"2021-10-28T23:41:22+00:00","twitter_card":"summary_large_image","twitter_misc":{"Tempo estimado de leitura":"1 minuto"},"schema":{"@context":"https:\/\/schema.org","@graph":[{"@type":"WebPage","@id":"https:\/\/grupoandres.desarrolloundanet.com\/pt-pt\/lopd\/","url":"https:\/\/grupoandres.desarrolloundanet.com\/pt-pt\/lopd\/","name":"LOPD - Grupo Andr\u00e9s Pneum\u00e1ticos","isPartOf":{"@id":"https:\/\/grupoandres.desarrolloundanet.com\/#website"},"datePublished":"2016-08-17T06:36:27+00:00","dateModified":"2021-10-28T23:41:22+00:00","description":"Ley Oficial de Protecci\u00f3n de Datos del portal del distribuidor de neum\u00e1ticos al por mayor Grupo Andr\u00e9s, en conformidad con lo dispuesto en la Ley 15\/1999, de 13 de diciembre, de Protecci\u00f3n de Datos de Car\u00e1cter Personal. Consulta m\u00e1s informaci\u00f3n acerca del uso de los datos cedidos Neum\u00e1ticos Andr\u00e9s SAU.","breadcrumb":{"@id":"https:\/\/grupoandres.desarrolloundanet.com\/pt-pt\/lopd\/#breadcrumb"},"inLanguage":"pt-PT","potentialAction":[{"@type":"ReadAction","target":["https:\/\/grupoandres.desarrolloundanet.com\/pt-pt\/lopd\/"]}]},{"@type":"BreadcrumbList","@id":"https:\/\/grupoandres.desarrolloundanet.com\/pt-pt\/lopd\/#breadcrumb","itemListElement":[{"@type":"ListItem","position":1,"name":"Portada","item":"https:\/\/grupoandres.desarrolloundanet.com\/pt-pt\/"},{"@type":"ListItem","position":2,"name":"LOPD"}]},{"@type":"WebSite","@id":"https:\/\/grupoandres.desarrolloundanet.com\/#website","url":"https:\/\/grupoandres.desarrolloundanet.com\/","name":"Grupo Andr\u00e9s Pneum\u00e1ticos","description":"Tyres distributor  for workshops and proffesional.Stock 500,000 tires  of  70 brands. Exclusive distributors of brands as Nankang , Matador, General Tire and more.","potentialAction":[{"@type":"SearchAction","target":{"@type":"EntryPoint","urlTemplate":"https:\/\/grupoandres.desarrolloundanet.com\/?s={search_term_string}"},"query-input":{"@type":"PropertyValueSpecification","valueRequired":true,"valueName":"search_term_string"}}],"inLanguage":"pt-PT"}]}},"_links":{"self":[{"href":"https:\/\/grupoandres.desarrolloundanet.com\/pt-pt\/wp-json\/wp\/v2\/pages\/3231","targetHints":{"allow":["GET"]}}],"collection":[{"href":"https:\/\/grupoandres.desarrolloundanet.com\/pt-pt\/wp-json\/wp\/v2\/pages"}],"about":[{"href":"https:\/\/grupoandres.desarrolloundanet.com\/pt-pt\/wp-json\/wp\/v2\/types\/page"}],"author":[{"embeddable":true,"href":"https:\/\/grupoandres.desarrolloundanet.com\/pt-pt\/wp-json\/wp\/v2\/users\/1"}],"replies":[{"embeddable":true,"href":"https:\/\/grupoandres.desarrolloundanet.com\/pt-pt\/wp-json\/wp\/v2\/comments?post=3231"}],"version-history":[{"count":2,"href":"https:\/\/grupoandres.desarrolloundanet.com\/pt-pt\/wp-json\/wp\/v2\/pages\/3231\/revisions"}],"predecessor-version":[{"id":13084,"href":"https:\/\/grupoandres.desarrolloundanet.com\/pt-pt\/wp-json\/wp\/v2\/pages\/3231\/revisions\/13084"}],"wp:attachment":[{"href":"https:\/\/grupoandres.desarrolloundanet.com\/pt-pt\/wp-json\/wp\/v2\/media?parent=3231"}],"curies":[{"name":"wp","href":"https:\/\/api.w.org\/{rel}","templated":true}]}}