{"id":3071,"date":"2016-05-18T15:49:29","date_gmt":"2016-05-18T15:49:29","guid":{"rendered":"http:\/\/grupoandres.desarrolloundanet.com\/pt-pt\/politica-de-cookies\/"},"modified":"2021-10-25T16:56:36","modified_gmt":"2021-10-25T14:56:36","slug":"politica-de-cookies","status":"publish","type":"page","link":"https:\/\/grupoandres.desarrolloundanet.com\/pt-pt\/politica-de-cookies\/","title":{"rendered":"Pol\u00edtica de cookies"},"content":{"rendered":"<p>Este portal, al igual que la mayor\u00eda de portales en Internet, usa cookies para mejorar la experiencia de navegaci\u00f3n del usuario. Las cookies personalizan los servicios que ofrece el sitio web, ofreciendo a cada usuario informaci\u00f3n que puede ser de su inter\u00e9s, en atenci\u00f3n al uso que realiza de este portal. A continuaci\u00f3n encontrar\u00e1 informaci\u00f3n sobre qu\u00e9 son las cookies, qu\u00e9 tipo de cookies utiliza este portal, c\u00f3mo puede desactivar las cookies en su navegador o c\u00f3mo desactivar espec\u00edficamente la instalaci\u00f3n de cookies de terceros y qu\u00e9 ocurre en caso de deshabilitarlas. <\/p>\n<p><strong>1. Definici\u00f3n y funci\u00f3n de las cookies<\/strong><br \/>\nLas cookies son peque\u00f1os ficheros de informaci\u00f3n que se descargan en tu ordenador al acceder a determinadas p\u00e1ginas web. Las cookies permiten a una p\u00e1gina web, entre otras cosas, almacenar y recuperar informaci\u00f3n sobre los h\u00e1bitos de navegaci\u00f3n de un usuario o de su equipo y, dependiendo de la informaci\u00f3n que contengan y de la forma en que utilice su equipo, pueden utilizarse para reconocer al usuario. Las cookies desempe\u00f1an un papel muy importante, ya que sin ellas el uso de la Web ser\u00eda una experiencia mucho m\u00e1s frustrante.<\/p>\n<p>En caso de no querer recibir cookies, por favor configura tu navegador de Internet para que las borre del disco duro de su ordenador, las bloquee o te avise en caso de instalaci\u00f3n de las mismas. <\/p>\n<p><strong>2. Tipos de cookies<\/strong><br \/>\nExisten varios tipos de cookies. Seg\u00fan quien sea la entidad que gestione el dominio desde donde se env\u00edan las cookies y trate los datos que se obtengan se pueden distinguir dos tipos: cookies propias y cookies de terceros . Existe tambi\u00e9n una segunda clasificaci\u00f3n seg\u00fan el plazo de tiempo que permanecen almacenadas en el navegador del cliente, pudiendo tratarse de cookies de sesi\u00f3n o cookies persistentes . Por \u00faltimo, existe otra clasificaci\u00f3n con cinco tipos de cookies seg\u00fan la finalidad para la que se traten los datos obtenidos: cookies t\u00e9cnicas, cookies de personalizaci\u00f3n, cookies de an\u00e1lisis, cookies publicitarias y cookies de publicidad comportamental. <\/p>\n<p><strong>3. \u00bfQu\u00e9 tipos de cookies utiliza esta p\u00e1gina web?<\/strong><br \/>\nLos tipos de cookies que utilizamos seg\u00fan su finalidad son:<\/p>\n<p><strong>Categor\u00eda de uso \/ Definici\u00f3n y Ejemplos<br \/>\nPreferencias \/ Personalizaci\u00f3n (funcionales)<\/strong><br \/>\nSon aqu\u00e9llas que permiten al usuario acceder al servicio con algunas caracter\u00edsticas de car\u00e1cter general predefinidas en funci\u00f3n de una serie de criterios en el terminal del usuario. Estas cookies permiten recordar informaci\u00f3n (como su nombre de usuario, idioma o la regi\u00f3n en la que se encuentra) y caracter\u00edsticas m\u00e1s personales. Por ejemplo, la posibilidad de ofrecer contenido personalizado basado en la informaci\u00f3n y criterios que hayas proporcionado voluntariamente. Estas cookies tambi\u00e9n te permiten cambiar el tama\u00f1o del texto, la fuente y otras partes de las p\u00e1ginas web que puedes personalizar. Tambi\u00e9n se utilizan para ofrecer algunos servicios solicitados, como ver un video o comentar en un blog. La informaci\u00f3n que recopilan estas cookies puede ser an\u00f3nima y no podr\u00e1 ser seguida su actividad en otras p\u00e1ginas web. Al visitar nuestra p\u00e1gina web, aceptas la instalaci\u00f3n de estas cookies en tu dispositivo. <\/p>\n<p>La p\u00e9rdida de la informaci\u00f3n almacenada en una cookie de preferencias puede hacer que la experiencia del sitio web sea menos funcional, pero no debe afectar a su funcionamiento.<\/p>\n<p><strong>Procesos \/ T\u00e9cnicas(estrictamente necesarias)<\/strong><br \/>\nSon aqu\u00e9llas que permiten al usuario la navegaci\u00f3n a trav\u00e9s de una p\u00e1gina web, plataforma o aplicaci\u00f3n y la utilizaci\u00f3n de las diferentes opciones o servicios que en ella existan como, por ejemplo, controlar el tr\u00e1fico y la comunicaci\u00f3n de datos, identificar la sesi\u00f3n, acceder a partes de acceso restringido, recordar los elementos que integran un pedido, realizar el proceso de compra de un pedido, realizar la solicitud de inscripci\u00f3n o participaci\u00f3n en un evento, utilizar elementos de seguridad durante la navegaci\u00f3n, almacenar contenidos para la difusi\u00f3n de videos o sonido o compartir contenidos a trav\u00e9s de redes sociales.<br \/>\nEstas cookies son necesarias para el correcto uso de la p\u00e1gina web, permitiendo el acceso a secciones que cuentan con filtros de seguridad.<br \/>\nSin estas cookies, el sitio web no puede funcionar de forma adecuada.<br \/>\nAl visitar nuestra p\u00e1gina web, aceptas la instalaci\u00f3n de estas cookies en tu dispositivo.<\/p>\n<p><strong>Estado de la sesi\u00f3n \/ de Navegaci\u00f3n<\/strong><br \/>\nEstas cookies recogen informaci\u00f3n sobre el uso que las visitas hacen de la web, por ejemplo p\u00e1ginas vistas, errores de carga&#8230; Es informaci\u00f3n gen\u00e9rica y an\u00f3nima, donde no se incluyen datos personales, ni se recoge informaci\u00f3n que identifique a los visitantes; siendo el objetivo \u00faltimo mejorar el funcionamiento de la web. Al visitar nuestra p\u00e1gina web, acepta la instalaci\u00f3n de estas cookies en su dispositivo.<br \/>\nLos sitios web suelen recopilar informaci\u00f3n sobre la forma en la que los usuarios interact\u00faan con un sitio web. Esta informaci\u00f3n puede incluir las p\u00e1ginas que los usuarios visitan con mayor frecuencia y si los usuarios reciben mensajes de error de determinadas p\u00e1ginas. Utilizamos las denominadas &#8220;cookies de estado de la sesi\u00f3n&#8221; para poder mejorar nuestros servicios con el fin de mejorar la experiencia de navegaci\u00f3n de los usuarios. Si estas cookies se bloquean o se eliminan, el sitio web seguir\u00e1 funcionando. <\/p>\n<p><strong>Publicidad comportamental<\/strong><br \/>\nSon aqu\u00e9llas que permiten la gesti\u00f3n, de la forma m\u00e1s eficaz posible, de los espacios publicitarios que hayamos incluido en la p\u00e1gina web, aplicaci\u00f3n o plataforma desde la que prestamos el servicio solicitado. Estas cookies almacenan informaci\u00f3n del comportamiento de los usuarios obtenida a trav\u00e9s de la observaci\u00f3n continuada de sus h\u00e1bitos de navegaci\u00f3n, lo que permite desarrollar un perfil espec\u00edfico para mostrar publicidad en funci\u00f3n del mismo. Almacenamos informaci\u00f3n de nuestros usuarios sobre las actividades de navegaci\u00f3n en los sitios Web publicitados con el objeto de enviar anuncios y\/o publicidad espec\u00edfica en funci\u00f3n de los intereses del usuario.<br \/>\nAsimismo es posible que al visitar alguna pagina web o al abrir alg\u00fan email donde se publique alg\u00fan anuncio o alguna promoci\u00f3n sobre nuestros productos o servicios se instale en tu navegador alguna cookie que nos sirve para mostrarte posteriormente publicidad relacionada con la b\u00fasqueda que hayas realizado, desarrollar un control de nuestros anuncios en relaci\u00f3n, por ejemplo, con el n\u00famero de veces que son vistos, donde aparecen, a qu\u00e9 hora se ven, etc<br \/>\nAn\u00e1lisis\tSon aqu\u00e9llas que nos permiten el seguimiento y an\u00e1lisis del comportamiento de los usuarios de los sitios web a los que est\u00e1n vinculadas. La informaci\u00f3n recogida mediante este tipo de cookies se utiliza en la medici\u00f3n de la actividad de los sitios web, aplicaci\u00f3n o plataforma y para la elaboraci\u00f3n de perfiles de navegaci\u00f3n de los usuarios de dichos sitios, aplicaciones y plataformas, con el fin de introducir mejoras en funci\u00f3n del an\u00e1lisis de los datos de uso que hacen los usuarios del servicio. Son aqu\u00e9llas que bien tratadas por nosotros o por terceros, nos permiten cuantificar el n\u00famero de usuarios y as\u00ed realizar la medici\u00f3n y an\u00e1lisis estad\u00edstico de la utilizaci\u00f3n que hacen los usuarios del servicio ofertado. Para ello se analiza su navegaci\u00f3n en nuestra p\u00e1gina web con el fin de mejorar la oferta de productos o servicios que le ofrecemos.<\/p>\n<p>Las aplicaciones que utilizamos para obtener informaci\u00f3n de la navegaci\u00f3n, medir y analizar la audiencia son:<br \/>\n\u2022\tGoogle Analytics<\/p>\n<p>Estas aplicaciones han sido desarrolladas por Google, que nos prestan el servicio de medici\u00f3n y an\u00e1lisis de la audiencia de nuestras p\u00e1ginas. Asimismo ellas mismas pueden utilizar estos datos para mejorar sus propios servicios y para ofrecer servicios a otras empresas. Puedes conocer esos otros usos desde los enlaces indicados.<\/p>\n<p>La informaci\u00f3n que obtienen est\u00e1 relacionada con el n\u00famero de p\u00e1ginas visitas, el idioma, red social en la que se publican nuestras noticias, la ciudad o regi\u00f3n a la que est\u00e1 asignada la direcci\u00f3n IP desde la que accedes, el n\u00famero de nuevos usuarios, la frecuencia y reincidencia de las visitas, el tiempo de visita, el navegador y el operador o tipo de terminal desde el que se realiza la visita.<\/p>\n<p>Esta informaci\u00f3n la utilizamos para mejorar nuestras p\u00e1ginas, detectar nuevas necesidades y valorar las mejoras a introducir con la finalidad de prestar un mejor servicio a los usuarios que nos visitan adapt\u00e1ndolas por ejemplo a los navegadores o terminales m\u00e1s utilizados.<\/p>\n<p><strong>De an\u00e1lisis: Google Analytics<\/strong><br \/>\nGoogle Analytics es la herramienta de anal\u00edtica que ayuda a los sitios web y a los propietarios de aplicaciones a entender el modo en que sus visitantes interact\u00faan con sus propiedades. Puede utilizar un conjunto de cookies para recopilar informaci\u00f3n e informar de las estad\u00edsticas de uso de los sitios web sin identificar personalmente a los visitantes de Google.<br \/>\nM\u00e1s informaci\u00f3n sobre las cookies de Google Analytics e informaci\u00f3n sobre la privacidad    (https:\/\/developers.google.com\/analytics\/devguides\/collection\/analyticsjs\/cookie-usage)<\/p>\n<p>Esta p\u00e1gina web utiliza Google Analytics, un servicio anal\u00edtico web prestado por Google, Inc. (&#8221; Google &#8220;). Google Analytics utiliza &#8220;cookies&#8221;, archivos de texto ubicados en su ordenador, para ayudar al sitio web a analizar c\u00f3mo los usuarios utilizan el sitio. La informaci\u00f3n que genera la cookie acerca de su uso del website (incluyendo su direcci\u00f3n IP an\u00f3nima) ser\u00e1 directamente transmitida y archivada por Google en los servidores de Estados Unidos. Google usar\u00e1 esta informaci\u00f3n con el prop\u00f3sito de evaluar su uso del website, recopilando informes de la actividad del mismo y prestando otros servicios relacionados con la actividad del website y el uso de Internet. Google podr\u00e1 transmitir dicha informaci\u00f3n a terceros cuando as\u00ed lo requiera la legislaci\u00f3n, o cuando dichos terceros procesen la informaci\u00f3n por cuenta de Google. Google no asociar\u00e1 su direcci\u00f3n IP con ning\u00fan otro dato del que disponga. Usted puede rechazar el uso de cookies mediante la selecci\u00f3n de la configuraci\u00f3n apropiada de su navegador, sin embargo, tenga en cuenta que si lo hace puede ser que no pueda usar la plena funcionalidad de este website. Al utilizar este website consiente el tratamiento de informaci\u00f3n sobre usted por parte Google en la forma y para los fines arriba indicados.<\/p>\n<p>Puede evitar que Google detecte una cookie que se genera a causa de y en relaci\u00f3n con su uso de este sitio web (incluyendo su direcci\u00f3n IP), as\u00ed como el procesamiento de dichos datos descargando e instalando este plugin del navegador: http:\/\/tools.google.com\/dlpage\/gaoptout?hl=en<\/p>\n<p><strong>4. Revocaci\u00f3n y eliminaci\u00f3n de cookies. C\u00f3mo administrar las cookies en los ordenadores. Procedimiento de oposici\u00f3n a la instalaci\u00f3n de las cookies.<\/strong><br \/>\nLa mayor\u00eda de ordenadores aceptan la utilizaci\u00f3n de cookies autom\u00e1ticamente. Sin embargo, el usuario tiene la posibilidad de decidir si mantiene las cookies habilitadas o no en su ordenador. <\/p>\n<p>Por lo que usted puede permitir, conocer, bloquear o eliminar las cookies instaladas en su equipo mediante la configuraci\u00f3n de las opciones del navegador instalado en su ordenador. <\/p>\n<p>En caso de que no permita la instalaci\u00f3n de cookies en su navegador es posible que no pueda acceder a alguna de las secciones de nuestra web o queden inhabilitadas algunas de las caracter\u00edsticas o servicios.<\/p>\n<p>Sin embargo, incluso habiendo desactivado todas las cookies, el navegador Web recoge determinada informaci\u00f3n esencial para el funcionamiento b\u00e1sico de la Plataforma. El usuario que desee deshabilitar las cookies puede hacerlo desde la secci\u00f3n de preferencias de su navegador de Internet. <\/p>\n<p>Para m\u00e1s informaci\u00f3n sobre como bloquear el uso de la cookies puedes hacerlo a trav\u00e9s de las siguientes p\u00e1ginas en funci\u00f3n de tu navegador:<\/p>\n<p>\u2022\tInternet Explorer desde http:\/\/windows.microsoft.com\/es-es\/windows7\/how-to-manage-cookies-in-internet-explorer-9<br \/>\n\u2022\tFirefox desde http:\/\/support.mozilla.org\/es\/kb\/habilitar-y-deshabilitar-cookies-que-los-sitios-we<br \/>\n\u2022\tChrome desde http:\/\/support.google.com\/chrome\/bin\/answer.py?hl=es&#038;answer=95647<br \/>\n\u2022\tSafari desde http:\/\/support.apple.com\/kb\/ph5042<\/p>\n<p><strong>5. M\u00e1s Informaci\u00f3n<\/strong><br \/>\nSi deseas m\u00e1s informaci\u00f3n sobre qu\u00e9 uso hacemos de las cookies puedes solicit\u00e1rnosla a info@grupoandres.com<\/p>\n","protected":false},"excerpt":{"rendered":"<p>Este portal, al igual que la mayor\u00eda de portales en Internet, usa cookies para mejorar la experiencia de navegaci\u00f3n del usuario. Las cookies personalizan los servicios que ofrece el sitio web, ofreciendo a cada usuario informaci\u00f3n que puede ser de su inter\u00e9s, en atenci\u00f3n al uso que realiza de este portal. A continuaci\u00f3n encontrar\u00e1 informaci\u00f3n &hellip; <a href=\"https:\/\/grupoandres.desarrolloundanet.com\/pt-pt\/politica-de-cookies\/\" class=\"more-link\">Continue reading <span class=\"screen-reader-text\">Pol\u00edtica de cookies<\/span> <span class=\"meta-nav\">&rarr;<\/span><\/a><\/p>\n","protected":false},"author":1,"featured_media":0,"parent":0,"menu_order":0,"comment_status":"closed","ping_status":"closed","template":"page-generica-texto.php","meta":{"_acf_changed":false,"footnotes":""},"class_list":["post-3071","page","type-page","status-publish","hentry"],"acf":[],"yoast_head":"<!-- This site is optimized with the Yoast SEO plugin v27.3 - https:\/\/yoast.com\/product\/yoast-seo-wordpress\/ -->\n<title>Pol\u00edtica de cookies - Grupo Andr\u00e9s Pneum\u00e1ticos<\/title>\n<meta name=\"description\" content=\"Um cookie \u00e9 um pequeno arquivo de texto que \u00e9 armazenado no seu navegador quando visita praticamente qualquer p\u00e1gina da web.\" \/>\n<meta name=\"robots\" content=\"noindex, nofollow\" \/>\n<meta property=\"og:locale\" content=\"pt_PT\" \/>\n<meta property=\"og:type\" content=\"article\" \/>\n<meta property=\"og:title\" content=\"Pol\u00edtica de cookies - Grupo Andr\u00e9s Pneum\u00e1ticos\" \/>\n<meta property=\"og:description\" content=\"Um cookie \u00e9 um pequeno arquivo de texto que \u00e9 armazenado no seu navegador quando visita praticamente qualquer p\u00e1gina da web.\" \/>\n<meta property=\"og:url\" content=\"https:\/\/grupoandres.desarrolloundanet.com\/pt-pt\/politica-de-cookies\/\" \/>\n<meta property=\"og:site_name\" content=\"Grupo Andr\u00e9s Pneum\u00e1ticos\" \/>\n<meta property=\"article:modified_time\" content=\"2021-10-25T14:56:36+00:00\" \/>\n<meta name=\"twitter:card\" content=\"summary_large_image\" \/>\n<meta name=\"twitter:label1\" content=\"Tempo estimado de leitura\" \/>\n\t<meta name=\"twitter:data1\" content=\"11 minutos\" \/>\n<script type=\"application\/ld+json\" class=\"yoast-schema-graph\">{\"@context\":\"https:\\\/\\\/schema.org\",\"@graph\":[{\"@type\":\"WebPage\",\"@id\":\"https:\\\/\\\/grupoandres.desarrolloundanet.com\\\/pt-pt\\\/politica-de-cookies\\\/\",\"url\":\"https:\\\/\\\/grupoandres.desarrolloundanet.com\\\/pt-pt\\\/politica-de-cookies\\\/\",\"name\":\"Pol\u00edtica de cookies - Grupo Andr\u00e9s Pneum\u00e1ticos\",\"isPartOf\":{\"@id\":\"https:\\\/\\\/grupoandres.desarrolloundanet.com\\\/#website\"},\"datePublished\":\"2016-05-18T15:49:29+00:00\",\"dateModified\":\"2021-10-25T14:56:36+00:00\",\"description\":\"Um cookie \u00e9 um pequeno arquivo de texto que \u00e9 armazenado no seu navegador quando visita praticamente qualquer p\u00e1gina da web.\",\"breadcrumb\":{\"@id\":\"https:\\\/\\\/grupoandres.desarrolloundanet.com\\\/pt-pt\\\/politica-de-cookies\\\/#breadcrumb\"},\"inLanguage\":\"pt-PT\",\"potentialAction\":[{\"@type\":\"ReadAction\",\"target\":[\"https:\\\/\\\/grupoandres.desarrolloundanet.com\\\/pt-pt\\\/politica-de-cookies\\\/\"]}]},{\"@type\":\"BreadcrumbList\",\"@id\":\"https:\\\/\\\/grupoandres.desarrolloundanet.com\\\/pt-pt\\\/politica-de-cookies\\\/#breadcrumb\",\"itemListElement\":[{\"@type\":\"ListItem\",\"position\":1,\"name\":\"Portada\",\"item\":\"https:\\\/\\\/grupoandres.desarrolloundanet.com\\\/pt-pt\\\/\"},{\"@type\":\"ListItem\",\"position\":2,\"name\":\"Pol\u00edtica de cookies\"}]},{\"@type\":\"WebSite\",\"@id\":\"https:\\\/\\\/grupoandres.desarrolloundanet.com\\\/#website\",\"url\":\"https:\\\/\\\/grupoandres.desarrolloundanet.com\\\/\",\"name\":\"Grupo Andr\u00e9s Pneum\u00e1ticos\",\"description\":\"Tyres distributor  for workshops and proffesional.Stock 500,000 tires  of  70 brands. Exclusive distributors of brands as Nankang , Matador, General Tire and more.\",\"potentialAction\":[{\"@type\":\"SearchAction\",\"target\":{\"@type\":\"EntryPoint\",\"urlTemplate\":\"https:\\\/\\\/grupoandres.desarrolloundanet.com\\\/?s={search_term_string}\"},\"query-input\":{\"@type\":\"PropertyValueSpecification\",\"valueRequired\":true,\"valueName\":\"search_term_string\"}}],\"inLanguage\":\"pt-PT\"}]}<\/script>\n<!-- \/ Yoast SEO plugin. -->","yoast_head_json":{"title":"Pol\u00edtica de cookies - Grupo Andr\u00e9s Pneum\u00e1ticos","description":"Um cookie \u00e9 um pequeno arquivo de texto que \u00e9 armazenado no seu navegador quando visita praticamente qualquer p\u00e1gina da web.","robots":{"index":"noindex","follow":"nofollow"},"og_locale":"pt_PT","og_type":"article","og_title":"Pol\u00edtica de cookies - Grupo Andr\u00e9s Pneum\u00e1ticos","og_description":"Um cookie \u00e9 um pequeno arquivo de texto que \u00e9 armazenado no seu navegador quando visita praticamente qualquer p\u00e1gina da web.","og_url":"https:\/\/grupoandres.desarrolloundanet.com\/pt-pt\/politica-de-cookies\/","og_site_name":"Grupo Andr\u00e9s Pneum\u00e1ticos","article_modified_time":"2021-10-25T14:56:36+00:00","twitter_card":"summary_large_image","twitter_misc":{"Tempo estimado de leitura":"11 minutos"},"schema":{"@context":"https:\/\/schema.org","@graph":[{"@type":"WebPage","@id":"https:\/\/grupoandres.desarrolloundanet.com\/pt-pt\/politica-de-cookies\/","url":"https:\/\/grupoandres.desarrolloundanet.com\/pt-pt\/politica-de-cookies\/","name":"Pol\u00edtica de cookies - Grupo Andr\u00e9s Pneum\u00e1ticos","isPartOf":{"@id":"https:\/\/grupoandres.desarrolloundanet.com\/#website"},"datePublished":"2016-05-18T15:49:29+00:00","dateModified":"2021-10-25T14:56:36+00:00","description":"Um cookie \u00e9 um pequeno arquivo de texto que \u00e9 armazenado no seu navegador quando visita praticamente qualquer p\u00e1gina da web.","breadcrumb":{"@id":"https:\/\/grupoandres.desarrolloundanet.com\/pt-pt\/politica-de-cookies\/#breadcrumb"},"inLanguage":"pt-PT","potentialAction":[{"@type":"ReadAction","target":["https:\/\/grupoandres.desarrolloundanet.com\/pt-pt\/politica-de-cookies\/"]}]},{"@type":"BreadcrumbList","@id":"https:\/\/grupoandres.desarrolloundanet.com\/pt-pt\/politica-de-cookies\/#breadcrumb","itemListElement":[{"@type":"ListItem","position":1,"name":"Portada","item":"https:\/\/grupoandres.desarrolloundanet.com\/pt-pt\/"},{"@type":"ListItem","position":2,"name":"Pol\u00edtica de cookies"}]},{"@type":"WebSite","@id":"https:\/\/grupoandres.desarrolloundanet.com\/#website","url":"https:\/\/grupoandres.desarrolloundanet.com\/","name":"Grupo Andr\u00e9s Pneum\u00e1ticos","description":"Tyres distributor  for workshops and proffesional.Stock 500,000 tires  of  70 brands. Exclusive distributors of brands as Nankang , Matador, General Tire and more.","potentialAction":[{"@type":"SearchAction","target":{"@type":"EntryPoint","urlTemplate":"https:\/\/grupoandres.desarrolloundanet.com\/?s={search_term_string}"},"query-input":{"@type":"PropertyValueSpecification","valueRequired":true,"valueName":"search_term_string"}}],"inLanguage":"pt-PT"}]}},"_links":{"self":[{"href":"https:\/\/grupoandres.desarrolloundanet.com\/pt-pt\/wp-json\/wp\/v2\/pages\/3071","targetHints":{"allow":["GET"]}}],"collection":[{"href":"https:\/\/grupoandres.desarrolloundanet.com\/pt-pt\/wp-json\/wp\/v2\/pages"}],"about":[{"href":"https:\/\/grupoandres.desarrolloundanet.com\/pt-pt\/wp-json\/wp\/v2\/types\/page"}],"author":[{"embeddable":true,"href":"https:\/\/grupoandres.desarrolloundanet.com\/pt-pt\/wp-json\/wp\/v2\/users\/1"}],"replies":[{"embeddable":true,"href":"https:\/\/grupoandres.desarrolloundanet.com\/pt-pt\/wp-json\/wp\/v2\/comments?post=3071"}],"version-history":[{"count":8,"href":"https:\/\/grupoandres.desarrolloundanet.com\/pt-pt\/wp-json\/wp\/v2\/pages\/3071\/revisions"}],"predecessor-version":[{"id":11924,"href":"https:\/\/grupoandres.desarrolloundanet.com\/pt-pt\/wp-json\/wp\/v2\/pages\/3071\/revisions\/11924"}],"wp:attachment":[{"href":"https:\/\/grupoandres.desarrolloundanet.com\/pt-pt\/wp-json\/wp\/v2\/media?parent=3071"}],"curies":[{"name":"wp","href":"https:\/\/api.w.org\/{rel}","templated":true}]}}