{"id":19098,"date":"2022-11-30T17:35:55","date_gmt":"2022-11-30T16:35:55","guid":{"rendered":"https:\/\/grupoandres.desarrolloundanet.com\/pneumaticos\/vredestein\/"},"modified":"2024-01-24T12:11:03","modified_gmt":"2024-01-24T11:11:03","slug":"vredestein","status":"publish","type":"page","link":"https:\/\/grupoandres.desarrolloundanet.com\/pt-pt\/pneumaticos\/vredestein\/","title":{"rendered":"Vredestein"},"content":{"rendered":"<p>Com origem na Holanda h\u00e1 mais de um s\u00e9culo. Gra\u00e7as \u00e0 sua <strong>qualidade superior consistente<\/strong> em todas as esta\u00e7\u00f5es do ano, a Vredestein est\u00e1 entre os maiores fabricantes de pneus da Europa.<\/p>\n<p>A heran\u00e7a europeia combinada com o design e fabrica\u00e7\u00e3o, levou a um reconhecimento excecional, conforme reconhecido pela revista alem\u00e3 AutoBild em 2019, nomeando a Vredestein como <strong>\u201cfabricante do ano para todas as esta\u00e7\u00f5es\u201d<\/strong>. Atualmente pertence \u00e0 Apollo Tires, que adquiriu os seus direitos em 2009.<\/p>\n<p>O seu portef\u00f3lio de produtos tamb\u00e9m n\u00e3o fica atr\u00e1s, pois est\u00e1 bem abastecido com as suas gamas de turismo, carrinha, SUV, cl\u00e1ssico, agr\u00edcola, industrial, jardinagem e em breve ter\u00e1 tamb\u00e9m c\u00e2maras.<\/p>\n<p>Entre seus modelos mais reconhecidos est\u00e3o <strong>&#8220;Quatrac Pro&#8221;<\/strong> em All Season, <strong>&#8220;Wintrac Pro&#8221;<\/strong> em Winter e em modelos cl\u00e1ssicos <strong>&#8220;Sprint Classic&#8221;<\/strong>.<\/p>\n","protected":false},"excerpt":{"rendered":"<p>Com origem na Holanda h\u00e1 mais de um s\u00e9culo. Gra\u00e7as \u00e0 sua qualidade superior consistente em todas as esta\u00e7\u00f5es do ano, a Vredestein est\u00e1 entre os maiores fabricantes de pneus da Europa. A heran\u00e7a europeia combinada com o design e fabrica\u00e7\u00e3o, levou a um reconhecimento excecional, conforme reconhecido pela revista alem\u00e3 AutoBild em 2019, nomeando &hellip; <a href=\"https:\/\/grupoandres.desarrolloundanet.com\/pt-pt\/pneumaticos\/vredestein\/\" class=\"more-link\">Continue reading <span class=\"screen-reader-text\">Vredestein<\/span> <span class=\"meta-nav\">&rarr;<\/span><\/a><\/p>\n","protected":false},"author":1,"featured_media":0,"parent":1251,"menu_order":0,"comment_status":"closed","ping_status":"closed","template":"page-marcas.php","meta":{"_acf_changed":false,"footnotes":""},"class_list":["post-19098","page","type-page","status-publish","hentry"],"acf":[],"yoast_head":"<!-- This site is optimized with the Yoast SEO plugin v27.3 - https:\/\/yoast.com\/product\/yoast-seo-wordpress\/ -->\n<title>Neum\u00e1ticos Vredestein<\/title>\n<meta name=\"description\" content=\"Distribuci\u00f3n y venta al por mayor de neum\u00e1ticos Vredestein para talleres y profesionales de Espa\u00f1a y de Europa. Contamos con una amplia variedad de modelos y medidas. Date de alta en nuestra nueva plataforma Online y obt\u00e9n grandes descuentos del mayor distribuidor de neum\u00e1ticos de la pen\u00ednsula. \u00a1Entrega en 24 horas!\" \/>\n<meta name=\"robots\" content=\"index, follow, max-snippet:-1, max-image-preview:large, max-video-preview:-1\" \/>\n<link rel=\"canonical\" href=\"https:\/\/grupoandres.desarrolloundanet.com\/pt-pt\/pneumaticos\/vredestein\/\" \/>\n<meta property=\"og:locale\" content=\"pt_PT\" \/>\n<meta property=\"og:type\" content=\"article\" \/>\n<meta property=\"og:title\" content=\"Neum\u00e1ticos Vredestein\" \/>\n<meta property=\"og:description\" content=\"Distribuci\u00f3n y venta al por mayor de neum\u00e1ticos Vredestein para talleres y profesionales de Espa\u00f1a y de Europa. Contamos con una amplia variedad de modelos y medidas. Date de alta en nuestra nueva plataforma Online y obt\u00e9n grandes descuentos del mayor distribuidor de neum\u00e1ticos de la pen\u00ednsula. \u00a1Entrega en 24 horas!\" \/>\n<meta property=\"og:url\" content=\"https:\/\/grupoandres.desarrolloundanet.com\/pt-pt\/pneumaticos\/vredestein\/\" \/>\n<meta property=\"og:site_name\" content=\"Grupo Andr\u00e9s Pneum\u00e1ticos\" \/>\n<meta property=\"article:modified_time\" content=\"2024-01-24T11:11:03+00:00\" \/>\n<meta name=\"twitter:card\" content=\"summary_large_image\" \/>\n<meta name=\"twitter:label1\" content=\"Tempo estimado de leitura\" \/>\n\t<meta name=\"twitter:data1\" content=\"1 minuto\" \/>\n<script type=\"application\/ld+json\" class=\"yoast-schema-graph\">{\"@context\":\"https:\\\/\\\/schema.org\",\"@graph\":[{\"@type\":\"WebPage\",\"@id\":\"https:\\\/\\\/grupoandres.desarrolloundanet.com\\\/pt-pt\\\/pneumaticos\\\/vredestein\\\/\",\"url\":\"https:\\\/\\\/grupoandres.desarrolloundanet.com\\\/pt-pt\\\/pneumaticos\\\/vredestein\\\/\",\"name\":\"Neum\u00e1ticos Vredestein\",\"isPartOf\":{\"@id\":\"https:\\\/\\\/grupoandres.desarrolloundanet.com\\\/#website\"},\"datePublished\":\"2022-11-30T16:35:55+00:00\",\"dateModified\":\"2024-01-24T11:11:03+00:00\",\"description\":\"Distribuci\u00f3n y venta al por mayor de neum\u00e1ticos Vredestein para talleres y profesionales de Espa\u00f1a y de Europa. Contamos con una amplia variedad de modelos y medidas. Date de alta en nuestra nueva plataforma Online y obt\u00e9n grandes descuentos del mayor distribuidor de neum\u00e1ticos de la pen\u00ednsula. \u00a1Entrega en 24 horas!\",\"breadcrumb\":{\"@id\":\"https:\\\/\\\/grupoandres.desarrolloundanet.com\\\/pt-pt\\\/pneumaticos\\\/vredestein\\\/#breadcrumb\"},\"inLanguage\":\"pt-PT\",\"potentialAction\":[{\"@type\":\"ReadAction\",\"target\":[\"https:\\\/\\\/grupoandres.desarrolloundanet.com\\\/pt-pt\\\/pneumaticos\\\/vredestein\\\/\"]}]},{\"@type\":\"BreadcrumbList\",\"@id\":\"https:\\\/\\\/grupoandres.desarrolloundanet.com\\\/pt-pt\\\/pneumaticos\\\/vredestein\\\/#breadcrumb\",\"itemListElement\":[{\"@type\":\"ListItem\",\"position\":1,\"name\":\"Portada\",\"item\":\"https:\\\/\\\/grupoandres.desarrolloundanet.com\\\/pt-pt\\\/\"},{\"@type\":\"ListItem\",\"position\":2,\"name\":\"Grupo Andr\u00e9s\",\"item\":\"https:\\\/\\\/grupoandres.desarrolloundanet.com\\\/pt-pt\\\/pneumaticos\\\/\"},{\"@type\":\"ListItem\",\"position\":3,\"name\":\"Vredestein\"}]},{\"@type\":\"WebSite\",\"@id\":\"https:\\\/\\\/grupoandres.desarrolloundanet.com\\\/#website\",\"url\":\"https:\\\/\\\/grupoandres.desarrolloundanet.com\\\/\",\"name\":\"Grupo Andr\u00e9s Pneum\u00e1ticos\",\"description\":\"Tyres distributor  for workshops and proffesional.Stock 500,000 tires  of  70 brands. Exclusive distributors of brands as Nankang , Matador, General Tire and more.\",\"potentialAction\":[{\"@type\":\"SearchAction\",\"target\":{\"@type\":\"EntryPoint\",\"urlTemplate\":\"https:\\\/\\\/grupoandres.desarrolloundanet.com\\\/?s={search_term_string}\"},\"query-input\":{\"@type\":\"PropertyValueSpecification\",\"valueRequired\":true,\"valueName\":\"search_term_string\"}}],\"inLanguage\":\"pt-PT\"}]}<\/script>\n<!-- \/ Yoast SEO plugin. -->","yoast_head_json":{"title":"Neum\u00e1ticos Vredestein","description":"Distribuci\u00f3n y venta al por mayor de neum\u00e1ticos Vredestein para talleres y profesionales de Espa\u00f1a y de Europa. Contamos con una amplia variedad de modelos y medidas. Date de alta en nuestra nueva plataforma Online y obt\u00e9n grandes descuentos del mayor distribuidor de neum\u00e1ticos de la pen\u00ednsula. \u00a1Entrega en 24 horas!","robots":{"index":"index","follow":"follow","max-snippet":"max-snippet:-1","max-image-preview":"max-image-preview:large","max-video-preview":"max-video-preview:-1"},"canonical":"https:\/\/grupoandres.desarrolloundanet.com\/pt-pt\/pneumaticos\/vredestein\/","og_locale":"pt_PT","og_type":"article","og_title":"Neum\u00e1ticos Vredestein","og_description":"Distribuci\u00f3n y venta al por mayor de neum\u00e1ticos Vredestein para talleres y profesionales de Espa\u00f1a y de Europa. Contamos con una amplia variedad de modelos y medidas. Date de alta en nuestra nueva plataforma Online y obt\u00e9n grandes descuentos del mayor distribuidor de neum\u00e1ticos de la pen\u00ednsula. \u00a1Entrega en 24 horas!","og_url":"https:\/\/grupoandres.desarrolloundanet.com\/pt-pt\/pneumaticos\/vredestein\/","og_site_name":"Grupo Andr\u00e9s Pneum\u00e1ticos","article_modified_time":"2024-01-24T11:11:03+00:00","twitter_card":"summary_large_image","twitter_misc":{"Tempo estimado de leitura":"1 minuto"},"schema":{"@context":"https:\/\/schema.org","@graph":[{"@type":"WebPage","@id":"https:\/\/grupoandres.desarrolloundanet.com\/pt-pt\/pneumaticos\/vredestein\/","url":"https:\/\/grupoandres.desarrolloundanet.com\/pt-pt\/pneumaticos\/vredestein\/","name":"Neum\u00e1ticos Vredestein","isPartOf":{"@id":"https:\/\/grupoandres.desarrolloundanet.com\/#website"},"datePublished":"2022-11-30T16:35:55+00:00","dateModified":"2024-01-24T11:11:03+00:00","description":"Distribuci\u00f3n y venta al por mayor de neum\u00e1ticos Vredestein para talleres y profesionales de Espa\u00f1a y de Europa. Contamos con una amplia variedad de modelos y medidas. Date de alta en nuestra nueva plataforma Online y obt\u00e9n grandes descuentos del mayor distribuidor de neum\u00e1ticos de la pen\u00ednsula. \u00a1Entrega en 24 horas!","breadcrumb":{"@id":"https:\/\/grupoandres.desarrolloundanet.com\/pt-pt\/pneumaticos\/vredestein\/#breadcrumb"},"inLanguage":"pt-PT","potentialAction":[{"@type":"ReadAction","target":["https:\/\/grupoandres.desarrolloundanet.com\/pt-pt\/pneumaticos\/vredestein\/"]}]},{"@type":"BreadcrumbList","@id":"https:\/\/grupoandres.desarrolloundanet.com\/pt-pt\/pneumaticos\/vredestein\/#breadcrumb","itemListElement":[{"@type":"ListItem","position":1,"name":"Portada","item":"https:\/\/grupoandres.desarrolloundanet.com\/pt-pt\/"},{"@type":"ListItem","position":2,"name":"Grupo Andr\u00e9s","item":"https:\/\/grupoandres.desarrolloundanet.com\/pt-pt\/pneumaticos\/"},{"@type":"ListItem","position":3,"name":"Vredestein"}]},{"@type":"WebSite","@id":"https:\/\/grupoandres.desarrolloundanet.com\/#website","url":"https:\/\/grupoandres.desarrolloundanet.com\/","name":"Grupo Andr\u00e9s Pneum\u00e1ticos","description":"Tyres distributor  for workshops and proffesional.Stock 500,000 tires  of  70 brands. Exclusive distributors of brands as Nankang , Matador, General Tire and more.","potentialAction":[{"@type":"SearchAction","target":{"@type":"EntryPoint","urlTemplate":"https:\/\/grupoandres.desarrolloundanet.com\/?s={search_term_string}"},"query-input":{"@type":"PropertyValueSpecification","valueRequired":true,"valueName":"search_term_string"}}],"inLanguage":"pt-PT"}]}},"_links":{"self":[{"href":"https:\/\/grupoandres.desarrolloundanet.com\/pt-pt\/wp-json\/wp\/v2\/pages\/19098","targetHints":{"allow":["GET"]}}],"collection":[{"href":"https:\/\/grupoandres.desarrolloundanet.com\/pt-pt\/wp-json\/wp\/v2\/pages"}],"about":[{"href":"https:\/\/grupoandres.desarrolloundanet.com\/pt-pt\/wp-json\/wp\/v2\/types\/page"}],"author":[{"embeddable":true,"href":"https:\/\/grupoandres.desarrolloundanet.com\/pt-pt\/wp-json\/wp\/v2\/users\/1"}],"replies":[{"embeddable":true,"href":"https:\/\/grupoandres.desarrolloundanet.com\/pt-pt\/wp-json\/wp\/v2\/comments?post=19098"}],"version-history":[{"count":5,"href":"https:\/\/grupoandres.desarrolloundanet.com\/pt-pt\/wp-json\/wp\/v2\/pages\/19098\/revisions"}],"predecessor-version":[{"id":21614,"href":"https:\/\/grupoandres.desarrolloundanet.com\/pt-pt\/wp-json\/wp\/v2\/pages\/19098\/revisions\/21614"}],"up":[{"embeddable":true,"href":"https:\/\/grupoandres.desarrolloundanet.com\/pt-pt\/wp-json\/wp\/v2\/pages\/1251"}],"wp:attachment":[{"href":"https:\/\/grupoandres.desarrolloundanet.com\/pt-pt\/wp-json\/wp\/v2\/media?parent=19098"}],"curies":[{"name":"wp","href":"https:\/\/api.w.org\/{rel}","templated":true}]}}