{"id":1531,"date":"2015-12-03T09:15:56","date_gmt":"2015-12-03T09:15:56","guid":{"rendered":"http:\/\/grupoandres.desarrolloundanet.com\/pt-pt\/marcas\/"},"modified":"2021-12-01T09:07:40","modified_gmt":"2021-12-01T08:07:40","slug":"marcas","status":"publish","type":"page","link":"https:\/\/grupoandres.desarrolloundanet.com\/pt-pt\/marcas\/","title":{"rendered":"Marcas"},"content":{"rendered":"<p>Neum\u00e1ticos Andr\u00e9s trabalha com<strong> todas as principais marcas de pneus Europeus<\/strong>, pneus Asi\u00e1ticos e Norte-Americanos importa tamb\u00e9m marcas de qualidade de outros pa\u00edses fabricantes, fora da Europa. Com uma oferta de mais de 70 marcas de pneus e mais de 5000 refer\u00eancias, a partir do Grupo Andr\u00e9s podemos satisfazer todas as necessidades dos nossos clientes, tanto para aqueles que procuram as marcas premium mais exclusivas como aqueles que procuram um pneu econ\u00f4mico, que cumpre com todos padr\u00f5es de qualidade exigidos pelo mercado europeu e que todas as garantias de seguran\u00e7a.<\/p>\n<h2>PNEUM\u00c1TICOS PARA TODO O TIPO DE VE\u00cdCULOS<\/h2>\n","protected":false},"excerpt":{"rendered":"<p>Neum\u00e1ticos Andr\u00e9s trabalha com todas as principais marcas de pneus Europeus, pneus Asi\u00e1ticos e Norte-Americanos importa tamb\u00e9m marcas de qualidade de outros pa\u00edses fabricantes, fora da Europa. Com uma oferta de mais de 70 marcas de pneus e mais de 5000 refer\u00eancias, a partir do Grupo Andr\u00e9s podemos satisfazer todas as necessidades dos nossos clientes, &hellip; <a href=\"https:\/\/grupoandres.desarrolloundanet.com\/pt-pt\/marcas\/\" class=\"more-link\">Continue reading <span class=\"screen-reader-text\">Marcas<\/span> <span class=\"meta-nav\">&rarr;<\/span><\/a><\/p>\n","protected":false},"author":1,"featured_media":0,"parent":0,"menu_order":0,"comment_status":"closed","ping_status":"closed","template":"page-marcas-todas.php","meta":{"_acf_changed":false,"footnotes":""},"class_list":["post-1531","page","type-page","status-publish","hentry"],"acf":[],"yoast_head":"<!-- This site is optimized with the Yoast SEO plugin v27.3 - https:\/\/yoast.com\/product\/yoast-seo-wordpress\/ -->\n<title>Distribuidor de pneum\u00e1ticos - Grande Variedade de Marcas | Grupo Andr\u00e9s<\/title>\n<meta name=\"description\" content=\"Distribuidor de pneum\u00e1ticos a oficinas e grossistas de Espanha e Europa. Mais de 70 marcas. Provedor de rodas das melhoras marcas do mercado.\" \/>\n<meta name=\"robots\" content=\"index, follow, max-snippet:-1, max-image-preview:large, max-video-preview:-1\" \/>\n<link rel=\"canonical\" href=\"https:\/\/grupoandres.desarrolloundanet.com\/pt-pt\/marcas\/\" \/>\n<meta property=\"og:locale\" content=\"pt_PT\" \/>\n<meta property=\"og:type\" content=\"article\" \/>\n<meta property=\"og:title\" content=\"Distribuidor de pneum\u00e1ticos - Grande Variedade de Marcas | Grupo Andr\u00e9s\" \/>\n<meta property=\"og:description\" content=\"Distribuidor de pneum\u00e1ticos a oficinas e grossistas de Espanha e Europa. Mais de 70 marcas. Provedor de rodas das melhoras marcas do mercado.\" \/>\n<meta property=\"og:url\" content=\"https:\/\/grupoandres.desarrolloundanet.com\/pt-pt\/marcas\/\" \/>\n<meta property=\"og:site_name\" content=\"Grupo Andr\u00e9s Pneum\u00e1ticos\" \/>\n<meta property=\"article:modified_time\" content=\"2021-12-01T08:07:40+00:00\" \/>\n<meta name=\"twitter:card\" content=\"summary_large_image\" \/>\n<meta name=\"twitter:label1\" content=\"Tempo estimado de leitura\" \/>\n\t<meta name=\"twitter:data1\" content=\"1 minuto\" \/>\n<script type=\"application\/ld+json\" class=\"yoast-schema-graph\">{\"@context\":\"https:\\\/\\\/schema.org\",\"@graph\":[{\"@type\":\"WebPage\",\"@id\":\"https:\\\/\\\/grupoandres.desarrolloundanet.com\\\/pt-pt\\\/marcas\\\/\",\"url\":\"https:\\\/\\\/grupoandres.desarrolloundanet.com\\\/pt-pt\\\/marcas\\\/\",\"name\":\"Distribuidor de pneum\u00e1ticos - Grande Variedade de Marcas | Grupo Andr\u00e9s\",\"isPartOf\":{\"@id\":\"https:\\\/\\\/grupoandres.desarrolloundanet.com\\\/#website\"},\"datePublished\":\"2015-12-03T09:15:56+00:00\",\"dateModified\":\"2021-12-01T08:07:40+00:00\",\"description\":\"Distribuidor de pneum\u00e1ticos a oficinas e grossistas de Espanha e Europa. Mais de 70 marcas. Provedor de rodas das melhoras marcas do mercado.\",\"breadcrumb\":{\"@id\":\"https:\\\/\\\/grupoandres.desarrolloundanet.com\\\/pt-pt\\\/marcas\\\/#breadcrumb\"},\"inLanguage\":\"pt-PT\",\"potentialAction\":[{\"@type\":\"ReadAction\",\"target\":[\"https:\\\/\\\/grupoandres.desarrolloundanet.com\\\/pt-pt\\\/marcas\\\/\"]}]},{\"@type\":\"BreadcrumbList\",\"@id\":\"https:\\\/\\\/grupoandres.desarrolloundanet.com\\\/pt-pt\\\/marcas\\\/#breadcrumb\",\"itemListElement\":[{\"@type\":\"ListItem\",\"position\":1,\"name\":\"Portada\",\"item\":\"https:\\\/\\\/grupoandres.desarrolloundanet.com\\\/pt-pt\\\/\"},{\"@type\":\"ListItem\",\"position\":2,\"name\":\"Marcas\"}]},{\"@type\":\"WebSite\",\"@id\":\"https:\\\/\\\/grupoandres.desarrolloundanet.com\\\/#website\",\"url\":\"https:\\\/\\\/grupoandres.desarrolloundanet.com\\\/\",\"name\":\"Grupo Andr\u00e9s Pneum\u00e1ticos\",\"description\":\"Tyres distributor  for workshops and proffesional.Stock 500,000 tires  of  70 brands. Exclusive distributors of brands as Nankang , Matador, General Tire and more.\",\"potentialAction\":[{\"@type\":\"SearchAction\",\"target\":{\"@type\":\"EntryPoint\",\"urlTemplate\":\"https:\\\/\\\/grupoandres.desarrolloundanet.com\\\/?s={search_term_string}\"},\"query-input\":{\"@type\":\"PropertyValueSpecification\",\"valueRequired\":true,\"valueName\":\"search_term_string\"}}],\"inLanguage\":\"pt-PT\"}]}<\/script>\n<!-- \/ Yoast SEO plugin. -->","yoast_head_json":{"title":"Distribuidor de pneum\u00e1ticos - Grande Variedade de Marcas | Grupo Andr\u00e9s","description":"Distribuidor de pneum\u00e1ticos a oficinas e grossistas de Espanha e Europa. Mais de 70 marcas. Provedor de rodas das melhoras marcas do mercado.","robots":{"index":"index","follow":"follow","max-snippet":"max-snippet:-1","max-image-preview":"max-image-preview:large","max-video-preview":"max-video-preview:-1"},"canonical":"https:\/\/grupoandres.desarrolloundanet.com\/pt-pt\/marcas\/","og_locale":"pt_PT","og_type":"article","og_title":"Distribuidor de pneum\u00e1ticos - Grande Variedade de Marcas | Grupo Andr\u00e9s","og_description":"Distribuidor de pneum\u00e1ticos a oficinas e grossistas de Espanha e Europa. Mais de 70 marcas. Provedor de rodas das melhoras marcas do mercado.","og_url":"https:\/\/grupoandres.desarrolloundanet.com\/pt-pt\/marcas\/","og_site_name":"Grupo Andr\u00e9s Pneum\u00e1ticos","article_modified_time":"2021-12-01T08:07:40+00:00","twitter_card":"summary_large_image","twitter_misc":{"Tempo estimado de leitura":"1 minuto"},"schema":{"@context":"https:\/\/schema.org","@graph":[{"@type":"WebPage","@id":"https:\/\/grupoandres.desarrolloundanet.com\/pt-pt\/marcas\/","url":"https:\/\/grupoandres.desarrolloundanet.com\/pt-pt\/marcas\/","name":"Distribuidor de pneum\u00e1ticos - Grande Variedade de Marcas | Grupo Andr\u00e9s","isPartOf":{"@id":"https:\/\/grupoandres.desarrolloundanet.com\/#website"},"datePublished":"2015-12-03T09:15:56+00:00","dateModified":"2021-12-01T08:07:40+00:00","description":"Distribuidor de pneum\u00e1ticos a oficinas e grossistas de Espanha e Europa. Mais de 70 marcas. Provedor de rodas das melhoras marcas do mercado.","breadcrumb":{"@id":"https:\/\/grupoandres.desarrolloundanet.com\/pt-pt\/marcas\/#breadcrumb"},"inLanguage":"pt-PT","potentialAction":[{"@type":"ReadAction","target":["https:\/\/grupoandres.desarrolloundanet.com\/pt-pt\/marcas\/"]}]},{"@type":"BreadcrumbList","@id":"https:\/\/grupoandres.desarrolloundanet.com\/pt-pt\/marcas\/#breadcrumb","itemListElement":[{"@type":"ListItem","position":1,"name":"Portada","item":"https:\/\/grupoandres.desarrolloundanet.com\/pt-pt\/"},{"@type":"ListItem","position":2,"name":"Marcas"}]},{"@type":"WebSite","@id":"https:\/\/grupoandres.desarrolloundanet.com\/#website","url":"https:\/\/grupoandres.desarrolloundanet.com\/","name":"Grupo Andr\u00e9s Pneum\u00e1ticos","description":"Tyres distributor  for workshops and proffesional.Stock 500,000 tires  of  70 brands. Exclusive distributors of brands as Nankang , Matador, General Tire and more.","potentialAction":[{"@type":"SearchAction","target":{"@type":"EntryPoint","urlTemplate":"https:\/\/grupoandres.desarrolloundanet.com\/?s={search_term_string}"},"query-input":{"@type":"PropertyValueSpecification","valueRequired":true,"valueName":"search_term_string"}}],"inLanguage":"pt-PT"}]}},"_links":{"self":[{"href":"https:\/\/grupoandres.desarrolloundanet.com\/pt-pt\/wp-json\/wp\/v2\/pages\/1531","targetHints":{"allow":["GET"]}}],"collection":[{"href":"https:\/\/grupoandres.desarrolloundanet.com\/pt-pt\/wp-json\/wp\/v2\/pages"}],"about":[{"href":"https:\/\/grupoandres.desarrolloundanet.com\/pt-pt\/wp-json\/wp\/v2\/types\/page"}],"author":[{"embeddable":true,"href":"https:\/\/grupoandres.desarrolloundanet.com\/pt-pt\/wp-json\/wp\/v2\/users\/1"}],"replies":[{"embeddable":true,"href":"https:\/\/grupoandres.desarrolloundanet.com\/pt-pt\/wp-json\/wp\/v2\/comments?post=1531"}],"version-history":[{"count":28,"href":"https:\/\/grupoandres.desarrolloundanet.com\/pt-pt\/wp-json\/wp\/v2\/pages\/1531\/revisions"}],"predecessor-version":[{"id":15993,"href":"https:\/\/grupoandres.desarrolloundanet.com\/pt-pt\/wp-json\/wp\/v2\/pages\/1531\/revisions\/15993"}],"wp:attachment":[{"href":"https:\/\/grupoandres.desarrolloundanet.com\/pt-pt\/wp-json\/wp\/v2\/media?parent=1531"}],"curies":[{"name":"wp","href":"https:\/\/api.w.org\/{rel}","templated":true}]}}