{"id":1489,"date":"2015-12-03T09:11:33","date_gmt":"2015-12-03T09:11:33","guid":{"rendered":"http:\/\/grupoandres.desarrolloundanet.com\/pt-pt\/neumaticos\/moto\/"},"modified":"2021-11-30T17:45:48","modified_gmt":"2021-11-30T16:45:48","slug":"moto","status":"publish","type":"page","link":"https:\/\/grupoandres.desarrolloundanet.com\/pt-pt\/pneumaticos\/moto\/","title":{"rendered":"Moto"},"content":{"rendered":"<p>De todos os ve\u00edculos, \u00e9 o mais desprotegido para o conductor \u00e9 o Motociclo. A import\u00e2ncia dos pneum\u00e1ticos que se montam \u00e9 de total e absoluta import\u00e2ncia j\u00e1 que\u00a0<strong>podem chegar a salvar vidas<\/strong>.\u00a0Por este motivo, as principais marcas de pneus do mundo contam com departamentos pr\u00f3pios para fabricar pneus para motos com a m\u00e1xima seguran\u00e7a possiv\u00e9l.<\/p>\n<p>A <strong>sua\u00a0constru\u00e7\u00e3o\u00a0\u00e9 fundamental para conseguir que tenha bastante ader\u00eancia em curva<\/strong>, tanto em seco como em molhado, e que garantam a estabilidade e o conforto do motociclista. O composto bi-goma superior que utilizam alguns fabricantes tem sido um claro passo em frente no desenvolvimento deste tipo de pneum\u00e1ticos.<\/p>\n<p>O sector de pneum\u00e1ticos de moto, n\u00e3o se ocupa s\u00f3 em torno da estrada, tamb\u00e9m as marcas possuem uma ampla gama de pneus espec\u00edficos para os motociclistas como por exemplo as\u00a0scooters\u00a0ou para a pr\u00e1ctica de\u00a0<strong>enduro e de trial\u00a0<\/strong>e tamb\u00e9m em circuitos de campo.<\/p>\n<p>O produto trail est\u00e1 com um not\u00e1vel desenvolvimento em torno dos seus consumidores.<\/p>\n","protected":false},"excerpt":{"rendered":"<p>De todos os ve\u00edculos, \u00e9 o mais desprotegido para o conductor \u00e9 o Motociclo. A import\u00e2ncia dos pneum\u00e1ticos que se montam \u00e9 de total e absoluta import\u00e2ncia j\u00e1 que\u00a0podem chegar a salvar vidas.\u00a0Por este motivo, as principais marcas de pneus do mundo contam com departamentos pr\u00f3pios para fabricar pneus para motos com a m\u00e1xima seguran\u00e7a &hellip; <a href=\"https:\/\/grupoandres.desarrolloundanet.com\/pt-pt\/pneumaticos\/moto\/\" class=\"more-link\">Continue reading <span class=\"screen-reader-text\">Moto<\/span> <span class=\"meta-nav\">&rarr;<\/span><\/a><\/p>\n","protected":false},"author":1,"featured_media":0,"parent":1251,"menu_order":0,"comment_status":"closed","ping_status":"closed","template":"page-neumaticos.php","meta":{"_acf_changed":false,"footnotes":""},"class_list":["post-1489","page","type-page","status-publish","hentry"],"acf":[],"yoast_head":"<!-- This site is optimized with the Yoast SEO plugin v27.3 - https:\/\/yoast.com\/product\/yoast-seo-wordpress\/ -->\n<title>Pneum\u00e1ticos para Moto - Grupo Andr\u00e9s Pneum\u00e1ticos<\/title>\n<meta name=\"description\" content=\"Distribu\u00e7\u00e3o e venda em grandes quantidades para Moto para oficinas e profissionais. Marcas premium e marcas exclusivas com entrega em 24h.\" \/>\n<meta name=\"robots\" content=\"index, follow, max-snippet:-1, max-image-preview:large, max-video-preview:-1\" \/>\n<link rel=\"canonical\" href=\"https:\/\/grupoandres.desarrolloundanet.com\/pt-pt\/pneumaticos\/moto\/\" \/>\n<meta property=\"og:locale\" content=\"pt_PT\" \/>\n<meta property=\"og:type\" content=\"article\" \/>\n<meta property=\"og:title\" content=\"Pneum\u00e1ticos para Moto - Grupo Andr\u00e9s Pneum\u00e1ticos\" \/>\n<meta property=\"og:description\" content=\"Distribu\u00e7\u00e3o e venda em grandes quantidades para Moto para oficinas e profissionais. Marcas premium e marcas exclusivas com entrega em 24h.\" \/>\n<meta property=\"og:url\" content=\"https:\/\/grupoandres.desarrolloundanet.com\/pt-pt\/pneumaticos\/moto\/\" \/>\n<meta property=\"og:site_name\" content=\"Grupo Andr\u00e9s Pneum\u00e1ticos\" \/>\n<meta property=\"article:modified_time\" content=\"2021-11-30T16:45:48+00:00\" \/>\n<meta name=\"twitter:card\" content=\"summary_large_image\" \/>\n<meta name=\"twitter:label1\" content=\"Tempo estimado de leitura\" \/>\n\t<meta name=\"twitter:data1\" content=\"1 minuto\" \/>\n<script type=\"application\/ld+json\" class=\"yoast-schema-graph\">{\"@context\":\"https:\\\/\\\/schema.org\",\"@graph\":[{\"@type\":\"WebPage\",\"@id\":\"https:\\\/\\\/grupoandres.desarrolloundanet.com\\\/pt-pt\\\/pneumaticos\\\/moto\\\/\",\"url\":\"https:\\\/\\\/grupoandres.desarrolloundanet.com\\\/pt-pt\\\/pneumaticos\\\/moto\\\/\",\"name\":\"Pneum\u00e1ticos para Moto - Grupo Andr\u00e9s Pneum\u00e1ticos\",\"isPartOf\":{\"@id\":\"https:\\\/\\\/grupoandres.desarrolloundanet.com\\\/#website\"},\"datePublished\":\"2015-12-03T09:11:33+00:00\",\"dateModified\":\"2021-11-30T16:45:48+00:00\",\"description\":\"Distribu\u00e7\u00e3o e venda em grandes quantidades para Moto para oficinas e profissionais. Marcas premium e marcas exclusivas com entrega em 24h.\",\"breadcrumb\":{\"@id\":\"https:\\\/\\\/grupoandres.desarrolloundanet.com\\\/pt-pt\\\/pneumaticos\\\/moto\\\/#breadcrumb\"},\"inLanguage\":\"pt-PT\",\"potentialAction\":[{\"@type\":\"ReadAction\",\"target\":[\"https:\\\/\\\/grupoandres.desarrolloundanet.com\\\/pt-pt\\\/pneumaticos\\\/moto\\\/\"]}]},{\"@type\":\"BreadcrumbList\",\"@id\":\"https:\\\/\\\/grupoandres.desarrolloundanet.com\\\/pt-pt\\\/pneumaticos\\\/moto\\\/#breadcrumb\",\"itemListElement\":[{\"@type\":\"ListItem\",\"position\":1,\"name\":\"Portada\",\"item\":\"https:\\\/\\\/grupoandres.desarrolloundanet.com\\\/pt-pt\\\/\"},{\"@type\":\"ListItem\",\"position\":2,\"name\":\"Grupo Andr\u00e9s\",\"item\":\"https:\\\/\\\/grupoandres.desarrolloundanet.com\\\/pt-pt\\\/pneumaticos\\\/\"},{\"@type\":\"ListItem\",\"position\":3,\"name\":\"Moto\"}]},{\"@type\":\"WebSite\",\"@id\":\"https:\\\/\\\/grupoandres.desarrolloundanet.com\\\/#website\",\"url\":\"https:\\\/\\\/grupoandres.desarrolloundanet.com\\\/\",\"name\":\"Grupo Andr\u00e9s Pneum\u00e1ticos\",\"description\":\"Tyres distributor  for workshops and proffesional.Stock 500,000 tires  of  70 brands. Exclusive distributors of brands as Nankang , Matador, General Tire and more.\",\"potentialAction\":[{\"@type\":\"SearchAction\",\"target\":{\"@type\":\"EntryPoint\",\"urlTemplate\":\"https:\\\/\\\/grupoandres.desarrolloundanet.com\\\/?s={search_term_string}\"},\"query-input\":{\"@type\":\"PropertyValueSpecification\",\"valueRequired\":true,\"valueName\":\"search_term_string\"}}],\"inLanguage\":\"pt-PT\"}]}<\/script>\n<!-- \/ Yoast SEO plugin. -->","yoast_head_json":{"title":"Pneum\u00e1ticos para Moto - Grupo Andr\u00e9s Pneum\u00e1ticos","description":"Distribu\u00e7\u00e3o e venda em grandes quantidades para Moto para oficinas e profissionais. Marcas premium e marcas exclusivas com entrega em 24h.","robots":{"index":"index","follow":"follow","max-snippet":"max-snippet:-1","max-image-preview":"max-image-preview:large","max-video-preview":"max-video-preview:-1"},"canonical":"https:\/\/grupoandres.desarrolloundanet.com\/pt-pt\/pneumaticos\/moto\/","og_locale":"pt_PT","og_type":"article","og_title":"Pneum\u00e1ticos para Moto - Grupo Andr\u00e9s Pneum\u00e1ticos","og_description":"Distribu\u00e7\u00e3o e venda em grandes quantidades para Moto para oficinas e profissionais. Marcas premium e marcas exclusivas com entrega em 24h.","og_url":"https:\/\/grupoandres.desarrolloundanet.com\/pt-pt\/pneumaticos\/moto\/","og_site_name":"Grupo Andr\u00e9s Pneum\u00e1ticos","article_modified_time":"2021-11-30T16:45:48+00:00","twitter_card":"summary_large_image","twitter_misc":{"Tempo estimado de leitura":"1 minuto"},"schema":{"@context":"https:\/\/schema.org","@graph":[{"@type":"WebPage","@id":"https:\/\/grupoandres.desarrolloundanet.com\/pt-pt\/pneumaticos\/moto\/","url":"https:\/\/grupoandres.desarrolloundanet.com\/pt-pt\/pneumaticos\/moto\/","name":"Pneum\u00e1ticos para Moto - Grupo Andr\u00e9s Pneum\u00e1ticos","isPartOf":{"@id":"https:\/\/grupoandres.desarrolloundanet.com\/#website"},"datePublished":"2015-12-03T09:11:33+00:00","dateModified":"2021-11-30T16:45:48+00:00","description":"Distribu\u00e7\u00e3o e venda em grandes quantidades para Moto para oficinas e profissionais. Marcas premium e marcas exclusivas com entrega em 24h.","breadcrumb":{"@id":"https:\/\/grupoandres.desarrolloundanet.com\/pt-pt\/pneumaticos\/moto\/#breadcrumb"},"inLanguage":"pt-PT","potentialAction":[{"@type":"ReadAction","target":["https:\/\/grupoandres.desarrolloundanet.com\/pt-pt\/pneumaticos\/moto\/"]}]},{"@type":"BreadcrumbList","@id":"https:\/\/grupoandres.desarrolloundanet.com\/pt-pt\/pneumaticos\/moto\/#breadcrumb","itemListElement":[{"@type":"ListItem","position":1,"name":"Portada","item":"https:\/\/grupoandres.desarrolloundanet.com\/pt-pt\/"},{"@type":"ListItem","position":2,"name":"Grupo Andr\u00e9s","item":"https:\/\/grupoandres.desarrolloundanet.com\/pt-pt\/pneumaticos\/"},{"@type":"ListItem","position":3,"name":"Moto"}]},{"@type":"WebSite","@id":"https:\/\/grupoandres.desarrolloundanet.com\/#website","url":"https:\/\/grupoandres.desarrolloundanet.com\/","name":"Grupo Andr\u00e9s Pneum\u00e1ticos","description":"Tyres distributor  for workshops and proffesional.Stock 500,000 tires  of  70 brands. Exclusive distributors of brands as Nankang , Matador, General Tire and more.","potentialAction":[{"@type":"SearchAction","target":{"@type":"EntryPoint","urlTemplate":"https:\/\/grupoandres.desarrolloundanet.com\/?s={search_term_string}"},"query-input":{"@type":"PropertyValueSpecification","valueRequired":true,"valueName":"search_term_string"}}],"inLanguage":"pt-PT"}]}},"_links":{"self":[{"href":"https:\/\/grupoandres.desarrolloundanet.com\/pt-pt\/wp-json\/wp\/v2\/pages\/1489","targetHints":{"allow":["GET"]}}],"collection":[{"href":"https:\/\/grupoandres.desarrolloundanet.com\/pt-pt\/wp-json\/wp\/v2\/pages"}],"about":[{"href":"https:\/\/grupoandres.desarrolloundanet.com\/pt-pt\/wp-json\/wp\/v2\/types\/page"}],"author":[{"embeddable":true,"href":"https:\/\/grupoandres.desarrolloundanet.com\/pt-pt\/wp-json\/wp\/v2\/users\/1"}],"replies":[{"embeddable":true,"href":"https:\/\/grupoandres.desarrolloundanet.com\/pt-pt\/wp-json\/wp\/v2\/comments?post=1489"}],"version-history":[{"count":10,"href":"https:\/\/grupoandres.desarrolloundanet.com\/pt-pt\/wp-json\/wp\/v2\/pages\/1489\/revisions"}],"predecessor-version":[{"id":15969,"href":"https:\/\/grupoandres.desarrolloundanet.com\/pt-pt\/wp-json\/wp\/v2\/pages\/1489\/revisions\/15969"}],"up":[{"embeddable":true,"href":"https:\/\/grupoandres.desarrolloundanet.com\/pt-pt\/wp-json\/wp\/v2\/pages\/1251"}],"wp:attachment":[{"href":"https:\/\/grupoandres.desarrolloundanet.com\/pt-pt\/wp-json\/wp\/v2\/media?parent=1489"}],"curies":[{"name":"wp","href":"https:\/\/api.w.org\/{rel}","templated":true}]}}