{"id":1460,"date":"2016-02-10T09:49:27","date_gmt":"2016-02-10T09:49:27","guid":{"rendered":"http:\/\/grupoandres.desarrolloundanet.com\/fr\/?page_id=1460"},"modified":"2021-11-08T13:49:04","modified_gmt":"2021-11-08T12:49:04","slug":"minerva","status":"publish","type":"page","link":"https:\/\/grupoandres.desarrolloundanet.com\/pt-pt\/pneumaticos\/minerva\/","title":{"rendered":"Minerva"},"content":{"rendered":"<p>Fundada em B\u00e9lgica no ano 1897, a marca de\u00a0<strong>pneum\u00e1ticos Minerva<\/strong> foi ligada nas suas origens aos carros mais opunentos da nobreza Europ\u00e9ia. Mais de um s\u00e9culo mais tarde e apoiada por ambos, \u00e1 tecnologia europeia e asi\u00e1tica, s\u00e3o vendidos em todo o mundo pneus Minerva 1,5 milh\u00f5es de pneus por ano. A sua estabilidade a altas velocidades, a sua alta resist\u00eancia ao alfalto e as boas presta\u00e7\u00f5es tanto em terrenos secos como molhados, proporcionam ao fabricante Minerva um status de\u00a0<strong>superioridade na qualidade\/pre\u00e7o<\/strong>\u00a0dos seus pneus.<\/p>\n<p>A marca Minerva, tem tamb\u00e9m a inovadora gama de pneum\u00e1ticos\u00a0<strong>All Season\u00a0<\/strong>de ultim\u00edsima incorpora\u00e7\u00e3o ao mercado.<\/p>\n<p>Pneum\u00e1ticos com mais de 300 refer\u00eancias, entre as 12 e as 20 pulgadas, e para\u00a0todo tipo de ve\u00edculos\u00a0que comp\u00f5em um ampl\u00edssimo cat\u00e1logo da marca Minerva.<\/p>\n","protected":false},"excerpt":{"rendered":"<p>Fundada em B\u00e9lgica no ano 1897, a marca de\u00a0pneum\u00e1ticos Minerva foi ligada nas suas origens aos carros mais opunentos da nobreza Europ\u00e9ia. Mais de um s\u00e9culo mais tarde e apoiada por ambos, \u00e1 tecnologia europeia e asi\u00e1tica, s\u00e3o vendidos em todo o mundo pneus Minerva 1,5 milh\u00f5es de pneus por ano. A sua estabilidade a &hellip; <a href=\"https:\/\/grupoandres.desarrolloundanet.com\/pt-pt\/pneumaticos\/minerva\/\" class=\"more-link\">Continue reading <span class=\"screen-reader-text\">Minerva<\/span> <span class=\"meta-nav\">&rarr;<\/span><\/a><\/p>\n","protected":false},"author":1,"featured_media":0,"parent":1251,"menu_order":0,"comment_status":"closed","ping_status":"closed","template":"page-marcas.php","meta":{"_acf_changed":false,"footnotes":""},"class_list":["post-1460","page","type-page","status-publish","hentry"],"acf":[],"yoast_head":"<!-- This site is optimized with the Yoast SEO plugin v27.3 - https:\/\/yoast.com\/product\/yoast-seo-wordpress\/ -->\n<title>Pneum\u00e1ticos Minerva - Grupo Andr\u00e9s Pneum\u00e1ticos<\/title>\n<meta name=\"description\" content=\"Distribu\u00e7\u00e3o e venda em grandes quantidades para Minerva para oficinas e profissionais. Ampla variedade de modelos e medidas com entrega em 24h.\" \/>\n<meta name=\"robots\" content=\"index, follow, max-snippet:-1, max-image-preview:large, max-video-preview:-1\" \/>\n<link rel=\"canonical\" href=\"https:\/\/grupoandres.desarrolloundanet.com\/pt-pt\/pneumaticos\/minerva\/\" \/>\n<meta property=\"og:locale\" content=\"pt_PT\" \/>\n<meta property=\"og:type\" content=\"article\" \/>\n<meta property=\"og:title\" content=\"Pneum\u00e1ticos Minerva - Grupo Andr\u00e9s Pneum\u00e1ticos\" \/>\n<meta property=\"og:description\" content=\"Distribu\u00e7\u00e3o e venda em grandes quantidades para Minerva para oficinas e profissionais. Ampla variedade de modelos e medidas com entrega em 24h.\" \/>\n<meta property=\"og:url\" content=\"https:\/\/grupoandres.desarrolloundanet.com\/pt-pt\/pneumaticos\/minerva\/\" \/>\n<meta property=\"og:site_name\" content=\"Grupo Andr\u00e9s Pneum\u00e1ticos\" \/>\n<meta property=\"article:modified_time\" content=\"2021-11-08T12:49:04+00:00\" \/>\n<meta name=\"twitter:card\" content=\"summary_large_image\" \/>\n<meta name=\"twitter:label1\" content=\"Tempo estimado de leitura\" \/>\n\t<meta name=\"twitter:data1\" content=\"1 minuto\" \/>\n<script type=\"application\/ld+json\" class=\"yoast-schema-graph\">{\"@context\":\"https:\\\/\\\/schema.org\",\"@graph\":[{\"@type\":\"WebPage\",\"@id\":\"https:\\\/\\\/grupoandres.desarrolloundanet.com\\\/pt-pt\\\/pneumaticos\\\/minerva\\\/\",\"url\":\"https:\\\/\\\/grupoandres.desarrolloundanet.com\\\/pt-pt\\\/pneumaticos\\\/minerva\\\/\",\"name\":\"Pneum\u00e1ticos Minerva - Grupo Andr\u00e9s Pneum\u00e1ticos\",\"isPartOf\":{\"@id\":\"https:\\\/\\\/grupoandres.desarrolloundanet.com\\\/#website\"},\"datePublished\":\"2016-02-10T09:49:27+00:00\",\"dateModified\":\"2021-11-08T12:49:04+00:00\",\"description\":\"Distribu\u00e7\u00e3o e venda em grandes quantidades para Minerva para oficinas e profissionais. Ampla variedade de modelos e medidas com entrega em 24h.\",\"breadcrumb\":{\"@id\":\"https:\\\/\\\/grupoandres.desarrolloundanet.com\\\/pt-pt\\\/pneumaticos\\\/minerva\\\/#breadcrumb\"},\"inLanguage\":\"pt-PT\",\"potentialAction\":[{\"@type\":\"ReadAction\",\"target\":[\"https:\\\/\\\/grupoandres.desarrolloundanet.com\\\/pt-pt\\\/pneumaticos\\\/minerva\\\/\"]}]},{\"@type\":\"BreadcrumbList\",\"@id\":\"https:\\\/\\\/grupoandres.desarrolloundanet.com\\\/pt-pt\\\/pneumaticos\\\/minerva\\\/#breadcrumb\",\"itemListElement\":[{\"@type\":\"ListItem\",\"position\":1,\"name\":\"Portada\",\"item\":\"https:\\\/\\\/grupoandres.desarrolloundanet.com\\\/pt-pt\\\/\"},{\"@type\":\"ListItem\",\"position\":2,\"name\":\"Grupo Andr\u00e9s\",\"item\":\"https:\\\/\\\/grupoandres.desarrolloundanet.com\\\/pt-pt\\\/pneumaticos\\\/\"},{\"@type\":\"ListItem\",\"position\":3,\"name\":\"Minerva\"}]},{\"@type\":\"WebSite\",\"@id\":\"https:\\\/\\\/grupoandres.desarrolloundanet.com\\\/#website\",\"url\":\"https:\\\/\\\/grupoandres.desarrolloundanet.com\\\/\",\"name\":\"Grupo Andr\u00e9s Pneum\u00e1ticos\",\"description\":\"Tyres distributor  for workshops and proffesional.Stock 500,000 tires  of  70 brands. Exclusive distributors of brands as Nankang , Matador, General Tire and more.\",\"potentialAction\":[{\"@type\":\"SearchAction\",\"target\":{\"@type\":\"EntryPoint\",\"urlTemplate\":\"https:\\\/\\\/grupoandres.desarrolloundanet.com\\\/?s={search_term_string}\"},\"query-input\":{\"@type\":\"PropertyValueSpecification\",\"valueRequired\":true,\"valueName\":\"search_term_string\"}}],\"inLanguage\":\"pt-PT\"}]}<\/script>\n<!-- \/ Yoast SEO plugin. -->","yoast_head_json":{"title":"Pneum\u00e1ticos Minerva - Grupo Andr\u00e9s Pneum\u00e1ticos","description":"Distribu\u00e7\u00e3o e venda em grandes quantidades para Minerva para oficinas e profissionais. Ampla variedade de modelos e medidas com entrega em 24h.","robots":{"index":"index","follow":"follow","max-snippet":"max-snippet:-1","max-image-preview":"max-image-preview:large","max-video-preview":"max-video-preview:-1"},"canonical":"https:\/\/grupoandres.desarrolloundanet.com\/pt-pt\/pneumaticos\/minerva\/","og_locale":"pt_PT","og_type":"article","og_title":"Pneum\u00e1ticos Minerva - Grupo Andr\u00e9s Pneum\u00e1ticos","og_description":"Distribu\u00e7\u00e3o e venda em grandes quantidades para Minerva para oficinas e profissionais. Ampla variedade de modelos e medidas com entrega em 24h.","og_url":"https:\/\/grupoandres.desarrolloundanet.com\/pt-pt\/pneumaticos\/minerva\/","og_site_name":"Grupo Andr\u00e9s Pneum\u00e1ticos","article_modified_time":"2021-11-08T12:49:04+00:00","twitter_card":"summary_large_image","twitter_misc":{"Tempo estimado de leitura":"1 minuto"},"schema":{"@context":"https:\/\/schema.org","@graph":[{"@type":"WebPage","@id":"https:\/\/grupoandres.desarrolloundanet.com\/pt-pt\/pneumaticos\/minerva\/","url":"https:\/\/grupoandres.desarrolloundanet.com\/pt-pt\/pneumaticos\/minerva\/","name":"Pneum\u00e1ticos Minerva - Grupo Andr\u00e9s Pneum\u00e1ticos","isPartOf":{"@id":"https:\/\/grupoandres.desarrolloundanet.com\/#website"},"datePublished":"2016-02-10T09:49:27+00:00","dateModified":"2021-11-08T12:49:04+00:00","description":"Distribu\u00e7\u00e3o e venda em grandes quantidades para Minerva para oficinas e profissionais. Ampla variedade de modelos e medidas com entrega em 24h.","breadcrumb":{"@id":"https:\/\/grupoandres.desarrolloundanet.com\/pt-pt\/pneumaticos\/minerva\/#breadcrumb"},"inLanguage":"pt-PT","potentialAction":[{"@type":"ReadAction","target":["https:\/\/grupoandres.desarrolloundanet.com\/pt-pt\/pneumaticos\/minerva\/"]}]},{"@type":"BreadcrumbList","@id":"https:\/\/grupoandres.desarrolloundanet.com\/pt-pt\/pneumaticos\/minerva\/#breadcrumb","itemListElement":[{"@type":"ListItem","position":1,"name":"Portada","item":"https:\/\/grupoandres.desarrolloundanet.com\/pt-pt\/"},{"@type":"ListItem","position":2,"name":"Grupo Andr\u00e9s","item":"https:\/\/grupoandres.desarrolloundanet.com\/pt-pt\/pneumaticos\/"},{"@type":"ListItem","position":3,"name":"Minerva"}]},{"@type":"WebSite","@id":"https:\/\/grupoandres.desarrolloundanet.com\/#website","url":"https:\/\/grupoandres.desarrolloundanet.com\/","name":"Grupo Andr\u00e9s Pneum\u00e1ticos","description":"Tyres distributor  for workshops and proffesional.Stock 500,000 tires  of  70 brands. Exclusive distributors of brands as Nankang , Matador, General Tire and more.","potentialAction":[{"@type":"SearchAction","target":{"@type":"EntryPoint","urlTemplate":"https:\/\/grupoandres.desarrolloundanet.com\/?s={search_term_string}"},"query-input":{"@type":"PropertyValueSpecification","valueRequired":true,"valueName":"search_term_string"}}],"inLanguage":"pt-PT"}]}},"_links":{"self":[{"href":"https:\/\/grupoandres.desarrolloundanet.com\/pt-pt\/wp-json\/wp\/v2\/pages\/1460","targetHints":{"allow":["GET"]}}],"collection":[{"href":"https:\/\/grupoandres.desarrolloundanet.com\/pt-pt\/wp-json\/wp\/v2\/pages"}],"about":[{"href":"https:\/\/grupoandres.desarrolloundanet.com\/pt-pt\/wp-json\/wp\/v2\/types\/page"}],"author":[{"embeddable":true,"href":"https:\/\/grupoandres.desarrolloundanet.com\/pt-pt\/wp-json\/wp\/v2\/users\/1"}],"replies":[{"embeddable":true,"href":"https:\/\/grupoandres.desarrolloundanet.com\/pt-pt\/wp-json\/wp\/v2\/comments?post=1460"}],"version-history":[{"count":9,"href":"https:\/\/grupoandres.desarrolloundanet.com\/pt-pt\/wp-json\/wp\/v2\/pages\/1460\/revisions"}],"predecessor-version":[{"id":14130,"href":"https:\/\/grupoandres.desarrolloundanet.com\/pt-pt\/wp-json\/wp\/v2\/pages\/1460\/revisions\/14130"}],"up":[{"embeddable":true,"href":"https:\/\/grupoandres.desarrolloundanet.com\/pt-pt\/wp-json\/wp\/v2\/pages\/1251"}],"wp:attachment":[{"href":"https:\/\/grupoandres.desarrolloundanet.com\/pt-pt\/wp-json\/wp\/v2\/media?parent=1460"}],"curies":[{"name":"wp","href":"https:\/\/api.w.org\/{rel}","templated":true}]}}