{"id":1367,"date":"2016-01-13T12:43:44","date_gmt":"2016-01-13T12:43:44","guid":{"rendered":"http:\/\/grupoandres.desarrolloundanet.com\/pt-pt\/neumaticos\/fulda\/"},"modified":"2026-01-28T14:35:23","modified_gmt":"2026-01-28T13:35:23","slug":"fulda","status":"publish","type":"page","link":"https:\/\/grupoandres.desarrolloundanet.com\/pt-pt\/pneumaticos\/fulda\/","title":{"rendered":"Fulda"},"content":{"rendered":"<p><strong>Fulda<\/strong> \u00e9 uma marca de pneus fundada na Alemanha em 1900, com grande tradi\u00e7\u00e3o e reconhecida pela sua qualidade e resist\u00eancia. Come\u00e7ou por fabricar produtos de borracha e rapidamente se especializou em pneus para ve\u00edculos, conquistando notoriedade pela inova\u00e7\u00e3o \u2014 como o desenvolvimento de pneus de borracha sint\u00e9tica em 1914 e tecnologias para maior ader\u00eancia \u2014 tornando-se uma marca relevante para ve\u00edculos de passageiros e comerciais.<\/p>\n<p>A qualidade dos pneus Fulda \u00e9 fruto do conhecimento das elevadas expectativas dos consumidores no nosso mercado nacional. Existem perfis muito diversos, desde quem conduz em climas extremos at\u00e9 quem exige um desempenho ideal em qualquer superf\u00edcie.<\/p>\n","protected":false},"excerpt":{"rendered":"<p>Fulda \u00e9 uma marca de pneus fundada na Alemanha em 1900, com grande tradi\u00e7\u00e3o e reconhecida pela sua qualidade e resist\u00eancia. Come\u00e7ou por fabricar produtos de borracha e rapidamente se especializou em pneus para ve\u00edculos, conquistando notoriedade pela inova\u00e7\u00e3o \u2014 como o desenvolvimento de pneus de borracha sint\u00e9tica em 1914 e tecnologias para maior ader\u00eancia &hellip; <a href=\"https:\/\/grupoandres.desarrolloundanet.com\/pt-pt\/pneumaticos\/fulda\/\" class=\"more-link\">Continue reading <span class=\"screen-reader-text\">Fulda<\/span> <span class=\"meta-nav\">&rarr;<\/span><\/a><\/p>\n","protected":false},"author":1,"featured_media":0,"parent":1251,"menu_order":0,"comment_status":"closed","ping_status":"closed","template":"page-marcas.php","meta":{"_acf_changed":false,"footnotes":""},"class_list":["post-1367","page","type-page","status-publish","hentry"],"acf":[],"yoast_head":"<!-- This site is optimized with the Yoast SEO plugin v27.3 - https:\/\/yoast.com\/product\/yoast-seo-wordpress\/ -->\n<title>Pneus Fulda - Pneus para todo o tipo de ve\u00edculos<\/title>\n<meta name=\"description\" content=\"Descubra os pneus Fulda, uma marca alem\u00e3 com grande tradi\u00e7\u00e3o, fundada em 1900, que fabrica pneus acess\u00edveis e duradouros.\" \/>\n<meta name=\"robots\" content=\"index, follow, max-snippet:-1, max-image-preview:large, max-video-preview:-1\" \/>\n<link rel=\"canonical\" href=\"https:\/\/grupoandres.desarrolloundanet.com\/pt-pt\/pneumaticos\/fulda\/\" \/>\n<meta property=\"og:locale\" content=\"pt_PT\" \/>\n<meta property=\"og:type\" content=\"article\" \/>\n<meta property=\"og:title\" content=\"Pneus Fulda - Pneus para todo o tipo de ve\u00edculos\" \/>\n<meta property=\"og:description\" content=\"Descubra os pneus Fulda, uma marca alem\u00e3 com grande tradi\u00e7\u00e3o, fundada em 1900, que fabrica pneus acess\u00edveis e duradouros.\" \/>\n<meta property=\"og:url\" content=\"https:\/\/grupoandres.desarrolloundanet.com\/pt-pt\/pneumaticos\/fulda\/\" \/>\n<meta property=\"og:site_name\" content=\"Grupo Andr\u00e9s Pneum\u00e1ticos\" \/>\n<meta property=\"article:modified_time\" content=\"2026-01-28T13:35:23+00:00\" \/>\n<meta name=\"twitter:card\" content=\"summary_large_image\" \/>\n<meta name=\"twitter:label1\" content=\"Tempo estimado de leitura\" \/>\n\t<meta name=\"twitter:data1\" content=\"1 minuto\" \/>\n<script type=\"application\/ld+json\" class=\"yoast-schema-graph\">{\"@context\":\"https:\\\/\\\/schema.org\",\"@graph\":[{\"@type\":\"WebPage\",\"@id\":\"https:\\\/\\\/grupoandres.desarrolloundanet.com\\\/pt-pt\\\/pneumaticos\\\/fulda\\\/\",\"url\":\"https:\\\/\\\/grupoandres.desarrolloundanet.com\\\/pt-pt\\\/pneumaticos\\\/fulda\\\/\",\"name\":\"Pneus Fulda - Pneus para todo o tipo de ve\u00edculos\",\"isPartOf\":{\"@id\":\"https:\\\/\\\/grupoandres.desarrolloundanet.com\\\/#website\"},\"datePublished\":\"2016-01-13T12:43:44+00:00\",\"dateModified\":\"2026-01-28T13:35:23+00:00\",\"description\":\"Descubra os pneus Fulda, uma marca alem\u00e3 com grande tradi\u00e7\u00e3o, fundada em 1900, que fabrica pneus acess\u00edveis e duradouros.\",\"breadcrumb\":{\"@id\":\"https:\\\/\\\/grupoandres.desarrolloundanet.com\\\/pt-pt\\\/pneumaticos\\\/fulda\\\/#breadcrumb\"},\"inLanguage\":\"pt-PT\",\"potentialAction\":[{\"@type\":\"ReadAction\",\"target\":[\"https:\\\/\\\/grupoandres.desarrolloundanet.com\\\/pt-pt\\\/pneumaticos\\\/fulda\\\/\"]}]},{\"@type\":\"BreadcrumbList\",\"@id\":\"https:\\\/\\\/grupoandres.desarrolloundanet.com\\\/pt-pt\\\/pneumaticos\\\/fulda\\\/#breadcrumb\",\"itemListElement\":[{\"@type\":\"ListItem\",\"position\":1,\"name\":\"Portada\",\"item\":\"https:\\\/\\\/grupoandres.desarrolloundanet.com\\\/pt-pt\\\/\"},{\"@type\":\"ListItem\",\"position\":2,\"name\":\"Grupo Andr\u00e9s\",\"item\":\"https:\\\/\\\/grupoandres.desarrolloundanet.com\\\/pt-pt\\\/pneumaticos\\\/\"},{\"@type\":\"ListItem\",\"position\":3,\"name\":\"Fulda\"}]},{\"@type\":\"WebSite\",\"@id\":\"https:\\\/\\\/grupoandres.desarrolloundanet.com\\\/#website\",\"url\":\"https:\\\/\\\/grupoandres.desarrolloundanet.com\\\/\",\"name\":\"Grupo Andr\u00e9s Pneum\u00e1ticos\",\"description\":\"Tyres distributor  for workshops and proffesional.Stock 500,000 tires  of  70 brands. Exclusive distributors of brands as Nankang , Matador, General Tire and more.\",\"potentialAction\":[{\"@type\":\"SearchAction\",\"target\":{\"@type\":\"EntryPoint\",\"urlTemplate\":\"https:\\\/\\\/grupoandres.desarrolloundanet.com\\\/?s={search_term_string}\"},\"query-input\":{\"@type\":\"PropertyValueSpecification\",\"valueRequired\":true,\"valueName\":\"search_term_string\"}}],\"inLanguage\":\"pt-PT\"}]}<\/script>\n<!-- \/ Yoast SEO plugin. -->","yoast_head_json":{"title":"Pneus Fulda - Pneus para todo o tipo de ve\u00edculos","description":"Descubra os pneus Fulda, uma marca alem\u00e3 com grande tradi\u00e7\u00e3o, fundada em 1900, que fabrica pneus acess\u00edveis e duradouros.","robots":{"index":"index","follow":"follow","max-snippet":"max-snippet:-1","max-image-preview":"max-image-preview:large","max-video-preview":"max-video-preview:-1"},"canonical":"https:\/\/grupoandres.desarrolloundanet.com\/pt-pt\/pneumaticos\/fulda\/","og_locale":"pt_PT","og_type":"article","og_title":"Pneus Fulda - Pneus para todo o tipo de ve\u00edculos","og_description":"Descubra os pneus Fulda, uma marca alem\u00e3 com grande tradi\u00e7\u00e3o, fundada em 1900, que fabrica pneus acess\u00edveis e duradouros.","og_url":"https:\/\/grupoandres.desarrolloundanet.com\/pt-pt\/pneumaticos\/fulda\/","og_site_name":"Grupo Andr\u00e9s Pneum\u00e1ticos","article_modified_time":"2026-01-28T13:35:23+00:00","twitter_card":"summary_large_image","twitter_misc":{"Tempo estimado de leitura":"1 minuto"},"schema":{"@context":"https:\/\/schema.org","@graph":[{"@type":"WebPage","@id":"https:\/\/grupoandres.desarrolloundanet.com\/pt-pt\/pneumaticos\/fulda\/","url":"https:\/\/grupoandres.desarrolloundanet.com\/pt-pt\/pneumaticos\/fulda\/","name":"Pneus Fulda - Pneus para todo o tipo de ve\u00edculos","isPartOf":{"@id":"https:\/\/grupoandres.desarrolloundanet.com\/#website"},"datePublished":"2016-01-13T12:43:44+00:00","dateModified":"2026-01-28T13:35:23+00:00","description":"Descubra os pneus Fulda, uma marca alem\u00e3 com grande tradi\u00e7\u00e3o, fundada em 1900, que fabrica pneus acess\u00edveis e duradouros.","breadcrumb":{"@id":"https:\/\/grupoandres.desarrolloundanet.com\/pt-pt\/pneumaticos\/fulda\/#breadcrumb"},"inLanguage":"pt-PT","potentialAction":[{"@type":"ReadAction","target":["https:\/\/grupoandres.desarrolloundanet.com\/pt-pt\/pneumaticos\/fulda\/"]}]},{"@type":"BreadcrumbList","@id":"https:\/\/grupoandres.desarrolloundanet.com\/pt-pt\/pneumaticos\/fulda\/#breadcrumb","itemListElement":[{"@type":"ListItem","position":1,"name":"Portada","item":"https:\/\/grupoandres.desarrolloundanet.com\/pt-pt\/"},{"@type":"ListItem","position":2,"name":"Grupo Andr\u00e9s","item":"https:\/\/grupoandres.desarrolloundanet.com\/pt-pt\/pneumaticos\/"},{"@type":"ListItem","position":3,"name":"Fulda"}]},{"@type":"WebSite","@id":"https:\/\/grupoandres.desarrolloundanet.com\/#website","url":"https:\/\/grupoandres.desarrolloundanet.com\/","name":"Grupo Andr\u00e9s Pneum\u00e1ticos","description":"Tyres distributor  for workshops and proffesional.Stock 500,000 tires  of  70 brands. Exclusive distributors of brands as Nankang , Matador, General Tire and more.","potentialAction":[{"@type":"SearchAction","target":{"@type":"EntryPoint","urlTemplate":"https:\/\/grupoandres.desarrolloundanet.com\/?s={search_term_string}"},"query-input":{"@type":"PropertyValueSpecification","valueRequired":true,"valueName":"search_term_string"}}],"inLanguage":"pt-PT"}]}},"_links":{"self":[{"href":"https:\/\/grupoandres.desarrolloundanet.com\/pt-pt\/wp-json\/wp\/v2\/pages\/1367","targetHints":{"allow":["GET"]}}],"collection":[{"href":"https:\/\/grupoandres.desarrolloundanet.com\/pt-pt\/wp-json\/wp\/v2\/pages"}],"about":[{"href":"https:\/\/grupoandres.desarrolloundanet.com\/pt-pt\/wp-json\/wp\/v2\/types\/page"}],"author":[{"embeddable":true,"href":"https:\/\/grupoandres.desarrolloundanet.com\/pt-pt\/wp-json\/wp\/v2\/users\/1"}],"replies":[{"embeddable":true,"href":"https:\/\/grupoandres.desarrolloundanet.com\/pt-pt\/wp-json\/wp\/v2\/comments?post=1367"}],"version-history":[{"count":9,"href":"https:\/\/grupoandres.desarrolloundanet.com\/pt-pt\/wp-json\/wp\/v2\/pages\/1367\/revisions"}],"predecessor-version":[{"id":26258,"href":"https:\/\/grupoandres.desarrolloundanet.com\/pt-pt\/wp-json\/wp\/v2\/pages\/1367\/revisions\/26258"}],"up":[{"embeddable":true,"href":"https:\/\/grupoandres.desarrolloundanet.com\/pt-pt\/wp-json\/wp\/v2\/pages\/1251"}],"wp:attachment":[{"href":"https:\/\/grupoandres.desarrolloundanet.com\/pt-pt\/wp-json\/wp\/v2\/media?parent=1367"}],"curies":[{"name":"wp","href":"https:\/\/api.w.org\/{rel}","templated":true}]}}