{"id":1303,"date":"2015-12-03T09:10:59","date_gmt":"2015-12-03T09:10:59","guid":{"rendered":"http:\/\/grupoandres.desarrolloundanet.com\/pt-pt\/neumaticos\/camion\/"},"modified":"2022-02-07T13:43:47","modified_gmt":"2022-02-07T12:43:47","slug":"camiao","status":"publish","type":"page","link":"https:\/\/grupoandres.desarrolloundanet.com\/pt-pt\/pneumaticos\/camiao\/","title":{"rendered":"Cami\u00e3o"},"content":{"rendered":"<p>Os mestres das estradas tem que ter uma boa base sobre a qual se apoiar. Em primeiro s\u00e3o os cami\u00f5es e os segundos, s\u00e3o os pneus que permitem que os ve\u00edculos circulem com uma capacidade quase infinita, cilindrada e pot\u00eancia. O transporte terrestre \u00e9 ainda hoje o verdadeiro motor da ec\u00f4nomia mundial, \u00e9 precisamente por essa raz\u00e3o, que os pneus que s\u00e3o montados nestes ve\u00edculos s\u00e3o muito importantes.<\/p>\n<p>Nem todas as marcas t\u00eam\u00a0pneus para cami\u00f5es, quem t\u00eam s\u00e3o as marcas mais import\u00e2ntes do sector (Michelin, Pirelli, Bridgestone, Dunlop, Goodyear, Continental\u2026)\u00a0que contam com as mais amplas refer\u00eancias apresentadas nos seus cat\u00e1logos. A\u00a0<strong>resist\u00eancia a cargas mais pesadas e aos milhares de kil\u00f3metros\u00a0que percorrem<\/strong> as estradas de todo o mundo, s\u00e3o as suas principais qualidades que se p\u00f5e em manifesto aos melhores pneus para cami\u00f5es.<\/p>\n","protected":false},"excerpt":{"rendered":"<p>Os mestres das estradas tem que ter uma boa base sobre a qual se apoiar. Em primeiro s\u00e3o os cami\u00f5es e os segundos, s\u00e3o os pneus que permitem que os ve\u00edculos circulem com uma capacidade quase infinita, cilindrada e pot\u00eancia. O transporte terrestre \u00e9 ainda hoje o verdadeiro motor da ec\u00f4nomia mundial, \u00e9 precisamente por &hellip; <a href=\"https:\/\/grupoandres.desarrolloundanet.com\/pt-pt\/pneumaticos\/camiao\/\" class=\"more-link\">Continue reading <span class=\"screen-reader-text\">Cami\u00e3o<\/span> <span class=\"meta-nav\">&rarr;<\/span><\/a><\/p>\n","protected":false},"author":1,"featured_media":0,"parent":1251,"menu_order":0,"comment_status":"closed","ping_status":"closed","template":"page-neumaticos.php","meta":{"_acf_changed":false,"footnotes":""},"class_list":["post-1303","page","type-page","status-publish","hentry"],"acf":[],"yoast_head":"<!-- This site is optimized with the Yoast SEO plugin v27.3 - https:\/\/yoast.com\/product\/yoast-seo-wordpress\/ -->\n<title>Pneum\u00e1ticos para Cami\u00e3o - Grupo Andr\u00e9s Pneum\u00e1ticos<\/title>\n<meta name=\"description\" content=\"Distribu\u00e7\u00e3o e venda em grandes quantidades para Cami\u00e3o para oficinas e profissionais. Marcas premium e marcas exclusivas com entrega em 24h.\" \/>\n<meta name=\"robots\" content=\"index, follow, max-snippet:-1, max-image-preview:large, max-video-preview:-1\" \/>\n<link rel=\"canonical\" href=\"https:\/\/grupoandres.desarrolloundanet.com\/pt-pt\/pneumaticos\/camiao\/\" \/>\n<meta property=\"og:locale\" content=\"pt_PT\" \/>\n<meta property=\"og:type\" content=\"article\" \/>\n<meta property=\"og:title\" content=\"Pneum\u00e1ticos para Cami\u00e3o - Grupo Andr\u00e9s Pneum\u00e1ticos\" \/>\n<meta property=\"og:description\" content=\"Distribu\u00e7\u00e3o e venda em grandes quantidades para Cami\u00e3o para oficinas e profissionais. Marcas premium e marcas exclusivas com entrega em 24h.\" \/>\n<meta property=\"og:url\" content=\"https:\/\/grupoandres.desarrolloundanet.com\/pt-pt\/pneumaticos\/camiao\/\" \/>\n<meta property=\"og:site_name\" content=\"Grupo Andr\u00e9s Pneum\u00e1ticos\" \/>\n<meta property=\"article:modified_time\" content=\"2022-02-07T12:43:47+00:00\" \/>\n<meta name=\"twitter:card\" content=\"summary_large_image\" \/>\n<meta name=\"twitter:label1\" content=\"Tempo estimado de leitura\" \/>\n\t<meta name=\"twitter:data1\" content=\"1 minuto\" \/>\n<script type=\"application\/ld+json\" class=\"yoast-schema-graph\">{\"@context\":\"https:\\\/\\\/schema.org\",\"@graph\":[{\"@type\":\"WebPage\",\"@id\":\"https:\\\/\\\/grupoandres.desarrolloundanet.com\\\/pt-pt\\\/pneumaticos\\\/camiao\\\/\",\"url\":\"https:\\\/\\\/grupoandres.desarrolloundanet.com\\\/pt-pt\\\/pneumaticos\\\/camiao\\\/\",\"name\":\"Pneum\u00e1ticos para Cami\u00e3o - Grupo Andr\u00e9s Pneum\u00e1ticos\",\"isPartOf\":{\"@id\":\"https:\\\/\\\/grupoandres.desarrolloundanet.com\\\/#website\"},\"datePublished\":\"2015-12-03T09:10:59+00:00\",\"dateModified\":\"2022-02-07T12:43:47+00:00\",\"description\":\"Distribu\u00e7\u00e3o e venda em grandes quantidades para Cami\u00e3o para oficinas e profissionais. Marcas premium e marcas exclusivas com entrega em 24h.\",\"breadcrumb\":{\"@id\":\"https:\\\/\\\/grupoandres.desarrolloundanet.com\\\/pt-pt\\\/pneumaticos\\\/camiao\\\/#breadcrumb\"},\"inLanguage\":\"pt-PT\",\"potentialAction\":[{\"@type\":\"ReadAction\",\"target\":[\"https:\\\/\\\/grupoandres.desarrolloundanet.com\\\/pt-pt\\\/pneumaticos\\\/camiao\\\/\"]}]},{\"@type\":\"BreadcrumbList\",\"@id\":\"https:\\\/\\\/grupoandres.desarrolloundanet.com\\\/pt-pt\\\/pneumaticos\\\/camiao\\\/#breadcrumb\",\"itemListElement\":[{\"@type\":\"ListItem\",\"position\":1,\"name\":\"Portada\",\"item\":\"https:\\\/\\\/grupoandres.desarrolloundanet.com\\\/pt-pt\\\/\"},{\"@type\":\"ListItem\",\"position\":2,\"name\":\"Grupo Andr\u00e9s\",\"item\":\"https:\\\/\\\/grupoandres.desarrolloundanet.com\\\/pt-pt\\\/pneumaticos\\\/\"},{\"@type\":\"ListItem\",\"position\":3,\"name\":\"Cami\u00e3o\"}]},{\"@type\":\"WebSite\",\"@id\":\"https:\\\/\\\/grupoandres.desarrolloundanet.com\\\/#website\",\"url\":\"https:\\\/\\\/grupoandres.desarrolloundanet.com\\\/\",\"name\":\"Grupo Andr\u00e9s Pneum\u00e1ticos\",\"description\":\"Tyres distributor  for workshops and proffesional.Stock 500,000 tires  of  70 brands. Exclusive distributors of brands as Nankang , Matador, General Tire and more.\",\"potentialAction\":[{\"@type\":\"SearchAction\",\"target\":{\"@type\":\"EntryPoint\",\"urlTemplate\":\"https:\\\/\\\/grupoandres.desarrolloundanet.com\\\/?s={search_term_string}\"},\"query-input\":{\"@type\":\"PropertyValueSpecification\",\"valueRequired\":true,\"valueName\":\"search_term_string\"}}],\"inLanguage\":\"pt-PT\"}]}<\/script>\n<!-- \/ Yoast SEO plugin. -->","yoast_head_json":{"title":"Pneum\u00e1ticos para Cami\u00e3o - Grupo Andr\u00e9s Pneum\u00e1ticos","description":"Distribu\u00e7\u00e3o e venda em grandes quantidades para Cami\u00e3o para oficinas e profissionais. Marcas premium e marcas exclusivas com entrega em 24h.","robots":{"index":"index","follow":"follow","max-snippet":"max-snippet:-1","max-image-preview":"max-image-preview:large","max-video-preview":"max-video-preview:-1"},"canonical":"https:\/\/grupoandres.desarrolloundanet.com\/pt-pt\/pneumaticos\/camiao\/","og_locale":"pt_PT","og_type":"article","og_title":"Pneum\u00e1ticos para Cami\u00e3o - Grupo Andr\u00e9s Pneum\u00e1ticos","og_description":"Distribu\u00e7\u00e3o e venda em grandes quantidades para Cami\u00e3o para oficinas e profissionais. Marcas premium e marcas exclusivas com entrega em 24h.","og_url":"https:\/\/grupoandres.desarrolloundanet.com\/pt-pt\/pneumaticos\/camiao\/","og_site_name":"Grupo Andr\u00e9s Pneum\u00e1ticos","article_modified_time":"2022-02-07T12:43:47+00:00","twitter_card":"summary_large_image","twitter_misc":{"Tempo estimado de leitura":"1 minuto"},"schema":{"@context":"https:\/\/schema.org","@graph":[{"@type":"WebPage","@id":"https:\/\/grupoandres.desarrolloundanet.com\/pt-pt\/pneumaticos\/camiao\/","url":"https:\/\/grupoandres.desarrolloundanet.com\/pt-pt\/pneumaticos\/camiao\/","name":"Pneum\u00e1ticos para Cami\u00e3o - Grupo Andr\u00e9s Pneum\u00e1ticos","isPartOf":{"@id":"https:\/\/grupoandres.desarrolloundanet.com\/#website"},"datePublished":"2015-12-03T09:10:59+00:00","dateModified":"2022-02-07T12:43:47+00:00","description":"Distribu\u00e7\u00e3o e venda em grandes quantidades para Cami\u00e3o para oficinas e profissionais. Marcas premium e marcas exclusivas com entrega em 24h.","breadcrumb":{"@id":"https:\/\/grupoandres.desarrolloundanet.com\/pt-pt\/pneumaticos\/camiao\/#breadcrumb"},"inLanguage":"pt-PT","potentialAction":[{"@type":"ReadAction","target":["https:\/\/grupoandres.desarrolloundanet.com\/pt-pt\/pneumaticos\/camiao\/"]}]},{"@type":"BreadcrumbList","@id":"https:\/\/grupoandres.desarrolloundanet.com\/pt-pt\/pneumaticos\/camiao\/#breadcrumb","itemListElement":[{"@type":"ListItem","position":1,"name":"Portada","item":"https:\/\/grupoandres.desarrolloundanet.com\/pt-pt\/"},{"@type":"ListItem","position":2,"name":"Grupo Andr\u00e9s","item":"https:\/\/grupoandres.desarrolloundanet.com\/pt-pt\/pneumaticos\/"},{"@type":"ListItem","position":3,"name":"Cami\u00e3o"}]},{"@type":"WebSite","@id":"https:\/\/grupoandres.desarrolloundanet.com\/#website","url":"https:\/\/grupoandres.desarrolloundanet.com\/","name":"Grupo Andr\u00e9s Pneum\u00e1ticos","description":"Tyres distributor  for workshops and proffesional.Stock 500,000 tires  of  70 brands. Exclusive distributors of brands as Nankang , Matador, General Tire and more.","potentialAction":[{"@type":"SearchAction","target":{"@type":"EntryPoint","urlTemplate":"https:\/\/grupoandres.desarrolloundanet.com\/?s={search_term_string}"},"query-input":{"@type":"PropertyValueSpecification","valueRequired":true,"valueName":"search_term_string"}}],"inLanguage":"pt-PT"}]}},"_links":{"self":[{"href":"https:\/\/grupoandres.desarrolloundanet.com\/pt-pt\/wp-json\/wp\/v2\/pages\/1303","targetHints":{"allow":["GET"]}}],"collection":[{"href":"https:\/\/grupoandres.desarrolloundanet.com\/pt-pt\/wp-json\/wp\/v2\/pages"}],"about":[{"href":"https:\/\/grupoandres.desarrolloundanet.com\/pt-pt\/wp-json\/wp\/v2\/types\/page"}],"author":[{"embeddable":true,"href":"https:\/\/grupoandres.desarrolloundanet.com\/pt-pt\/wp-json\/wp\/v2\/users\/1"}],"replies":[{"embeddable":true,"href":"https:\/\/grupoandres.desarrolloundanet.com\/pt-pt\/wp-json\/wp\/v2\/comments?post=1303"}],"version-history":[{"count":8,"href":"https:\/\/grupoandres.desarrolloundanet.com\/pt-pt\/wp-json\/wp\/v2\/pages\/1303\/revisions"}],"predecessor-version":[{"id":16843,"href":"https:\/\/grupoandres.desarrolloundanet.com\/pt-pt\/wp-json\/wp\/v2\/pages\/1303\/revisions\/16843"}],"up":[{"embeddable":true,"href":"https:\/\/grupoandres.desarrolloundanet.com\/pt-pt\/wp-json\/wp\/v2\/pages\/1251"}],"wp:attachment":[{"href":"https:\/\/grupoandres.desarrolloundanet.com\/pt-pt\/wp-json\/wp\/v2\/media?parent=1303"}],"curies":[{"name":"wp","href":"https:\/\/api.w.org\/{rel}","templated":true}]}}