{"id":1261,"date":"2015-12-03T09:11:17","date_gmt":"2015-12-03T09:11:17","guid":{"rendered":"http:\/\/grupoandres.desarrolloundanet.com\/fr\/?page_id=1261"},"modified":"2021-12-01T09:23:48","modified_gmt":"2021-12-01T08:23:48","slug":"agricola","status":"publish","type":"page","link":"https:\/\/grupoandres.desarrolloundanet.com\/pt-pt\/pneumaticos\/agricola\/","title":{"rendered":"Agr\u00edcolas"},"content":{"rendered":"<p>Em muitos locais da geografia Espanhola, a agricultura continua a ser a principal fonte de riqueza e desenvolvimento econ\u00f3mico do pa\u00eds. A superficie agraria utilizada \u00e9 muito variada, uma vez que tem grandes propriedades com enormes ve\u00edculos at\u00e9 ao pequeno trator, as de cultura em linha ou a colheita de \u00e1rvores de fruto. Para isso, <strong>Neum\u00e1ticos Andr\u00e9s tem uma ampla e variada gama<\/strong> que tem como objectivo satisfazer as necessidades de cada \u00e1rea profissional, tanto no segmento econ\u00f4mico t\u00e3o fi\u00e1vel como \u00e9 claro tamb\u00e9m dentro do segmento premium.<\/p>\n<p>Neum\u00e1ticos Andr\u00e9s conta com <strong>marcas exclusivas<\/strong> no segmento agr\u00edcola como s\u00e3o a <strong>General Tire, Linglong y Deestone<\/strong> e conta tamb\u00e9m com um amplo stock de marcas Premium como Trelleborg e Firestone.<\/p>\n<p>Dentro da agricultura cabe destacar a gama de Compact Line da Michelin para mini jardineiras, retroescavadoras ou telesc\u00f3picas que junto com a Dunlop e a Firestone cobrem o segmento Premium. Em Budget contamos com a Deestone como uma alternativa bastante rent\u00e1vel.<\/p>\n","protected":false},"excerpt":{"rendered":"<p>Em muitos locais da geografia Espanhola, a agricultura continua a ser a principal fonte de riqueza e desenvolvimento econ\u00f3mico do pa\u00eds. A superficie agraria utilizada \u00e9 muito variada, uma vez que tem grandes propriedades com enormes ve\u00edculos at\u00e9 ao pequeno trator, as de cultura em linha ou a colheita de \u00e1rvores de fruto. Para isso, &hellip; <a href=\"https:\/\/grupoandres.desarrolloundanet.com\/pt-pt\/pneumaticos\/agricola\/\" class=\"more-link\">Continue reading <span class=\"screen-reader-text\">Agr\u00edcolas<\/span> <span class=\"meta-nav\">&rarr;<\/span><\/a><\/p>\n","protected":false},"author":1,"featured_media":0,"parent":1251,"menu_order":0,"comment_status":"closed","ping_status":"closed","template":"page-neumaticos.php","meta":{"_acf_changed":false,"footnotes":""},"class_list":["post-1261","page","type-page","status-publish","hentry"],"acf":[],"yoast_head":"<!-- This site is optimized with the Yoast SEO plugin v27.3 - https:\/\/yoast.com\/product\/yoast-seo-wordpress\/ -->\n<title>Pneum\u00e1ticos para ve\u00edculos agr\u00edcolas - Grupo Andr\u00e9s Pneum\u00e1ticos<\/title>\n<meta name=\"description\" content=\"Distribu\u00e7\u00e3o e venda em grandes quantidades para ve\u00edculos agr\u00edcolas para oficinas e profissionais. Marcas premium e marcas exclusivas com entrega em 24h.\" \/>\n<meta name=\"robots\" content=\"index, follow, max-snippet:-1, max-image-preview:large, max-video-preview:-1\" \/>\n<link rel=\"canonical\" href=\"https:\/\/grupoandres.desarrolloundanet.com\/pt-pt\/pneumaticos\/agricola\/\" \/>\n<meta property=\"og:locale\" content=\"pt_PT\" \/>\n<meta property=\"og:type\" content=\"article\" \/>\n<meta property=\"og:title\" content=\"Pneum\u00e1ticos para ve\u00edculos agr\u00edcolas - Grupo Andr\u00e9s Pneum\u00e1ticos\" \/>\n<meta property=\"og:description\" content=\"Distribu\u00e7\u00e3o e venda em grandes quantidades para ve\u00edculos agr\u00edcolas para oficinas e profissionais. Marcas premium e marcas exclusivas com entrega em 24h.\" \/>\n<meta property=\"og:url\" content=\"https:\/\/grupoandres.desarrolloundanet.com\/pt-pt\/pneumaticos\/agricola\/\" \/>\n<meta property=\"og:site_name\" content=\"Grupo Andr\u00e9s Pneum\u00e1ticos\" \/>\n<meta property=\"article:modified_time\" content=\"2021-12-01T08:23:48+00:00\" \/>\n<meta name=\"twitter:card\" content=\"summary_large_image\" \/>\n<meta name=\"twitter:label1\" content=\"Tempo estimado de leitura\" \/>\n\t<meta name=\"twitter:data1\" content=\"1 minuto\" \/>\n<script type=\"application\/ld+json\" class=\"yoast-schema-graph\">{\"@context\":\"https:\\\/\\\/schema.org\",\"@graph\":[{\"@type\":\"WebPage\",\"@id\":\"https:\\\/\\\/grupoandres.desarrolloundanet.com\\\/pt-pt\\\/pneumaticos\\\/agricola\\\/\",\"url\":\"https:\\\/\\\/grupoandres.desarrolloundanet.com\\\/pt-pt\\\/pneumaticos\\\/agricola\\\/\",\"name\":\"Pneum\u00e1ticos para ve\u00edculos agr\u00edcolas - Grupo Andr\u00e9s Pneum\u00e1ticos\",\"isPartOf\":{\"@id\":\"https:\\\/\\\/grupoandres.desarrolloundanet.com\\\/#website\"},\"datePublished\":\"2015-12-03T09:11:17+00:00\",\"dateModified\":\"2021-12-01T08:23:48+00:00\",\"description\":\"Distribu\u00e7\u00e3o e venda em grandes quantidades para ve\u00edculos agr\u00edcolas para oficinas e profissionais. Marcas premium e marcas exclusivas com entrega em 24h.\",\"breadcrumb\":{\"@id\":\"https:\\\/\\\/grupoandres.desarrolloundanet.com\\\/pt-pt\\\/pneumaticos\\\/agricola\\\/#breadcrumb\"},\"inLanguage\":\"pt-PT\",\"potentialAction\":[{\"@type\":\"ReadAction\",\"target\":[\"https:\\\/\\\/grupoandres.desarrolloundanet.com\\\/pt-pt\\\/pneumaticos\\\/agricola\\\/\"]}]},{\"@type\":\"BreadcrumbList\",\"@id\":\"https:\\\/\\\/grupoandres.desarrolloundanet.com\\\/pt-pt\\\/pneumaticos\\\/agricola\\\/#breadcrumb\",\"itemListElement\":[{\"@type\":\"ListItem\",\"position\":1,\"name\":\"Portada\",\"item\":\"https:\\\/\\\/grupoandres.desarrolloundanet.com\\\/pt-pt\\\/\"},{\"@type\":\"ListItem\",\"position\":2,\"name\":\"Grupo Andr\u00e9s\",\"item\":\"https:\\\/\\\/grupoandres.desarrolloundanet.com\\\/pt-pt\\\/pneumaticos\\\/\"},{\"@type\":\"ListItem\",\"position\":3,\"name\":\"Agr\u00edcolas\"}]},{\"@type\":\"WebSite\",\"@id\":\"https:\\\/\\\/grupoandres.desarrolloundanet.com\\\/#website\",\"url\":\"https:\\\/\\\/grupoandres.desarrolloundanet.com\\\/\",\"name\":\"Grupo Andr\u00e9s Pneum\u00e1ticos\",\"description\":\"Tyres distributor  for workshops and proffesional.Stock 500,000 tires  of  70 brands. Exclusive distributors of brands as Nankang , Matador, General Tire and more.\",\"potentialAction\":[{\"@type\":\"SearchAction\",\"target\":{\"@type\":\"EntryPoint\",\"urlTemplate\":\"https:\\\/\\\/grupoandres.desarrolloundanet.com\\\/?s={search_term_string}\"},\"query-input\":{\"@type\":\"PropertyValueSpecification\",\"valueRequired\":true,\"valueName\":\"search_term_string\"}}],\"inLanguage\":\"pt-PT\"}]}<\/script>\n<!-- \/ Yoast SEO plugin. -->","yoast_head_json":{"title":"Pneum\u00e1ticos para ve\u00edculos agr\u00edcolas - Grupo Andr\u00e9s Pneum\u00e1ticos","description":"Distribu\u00e7\u00e3o e venda em grandes quantidades para ve\u00edculos agr\u00edcolas para oficinas e profissionais. Marcas premium e marcas exclusivas com entrega em 24h.","robots":{"index":"index","follow":"follow","max-snippet":"max-snippet:-1","max-image-preview":"max-image-preview:large","max-video-preview":"max-video-preview:-1"},"canonical":"https:\/\/grupoandres.desarrolloundanet.com\/pt-pt\/pneumaticos\/agricola\/","og_locale":"pt_PT","og_type":"article","og_title":"Pneum\u00e1ticos para ve\u00edculos agr\u00edcolas - Grupo Andr\u00e9s Pneum\u00e1ticos","og_description":"Distribu\u00e7\u00e3o e venda em grandes quantidades para ve\u00edculos agr\u00edcolas para oficinas e profissionais. Marcas premium e marcas exclusivas com entrega em 24h.","og_url":"https:\/\/grupoandres.desarrolloundanet.com\/pt-pt\/pneumaticos\/agricola\/","og_site_name":"Grupo Andr\u00e9s Pneum\u00e1ticos","article_modified_time":"2021-12-01T08:23:48+00:00","twitter_card":"summary_large_image","twitter_misc":{"Tempo estimado de leitura":"1 minuto"},"schema":{"@context":"https:\/\/schema.org","@graph":[{"@type":"WebPage","@id":"https:\/\/grupoandres.desarrolloundanet.com\/pt-pt\/pneumaticos\/agricola\/","url":"https:\/\/grupoandres.desarrolloundanet.com\/pt-pt\/pneumaticos\/agricola\/","name":"Pneum\u00e1ticos para ve\u00edculos agr\u00edcolas - Grupo Andr\u00e9s Pneum\u00e1ticos","isPartOf":{"@id":"https:\/\/grupoandres.desarrolloundanet.com\/#website"},"datePublished":"2015-12-03T09:11:17+00:00","dateModified":"2021-12-01T08:23:48+00:00","description":"Distribu\u00e7\u00e3o e venda em grandes quantidades para ve\u00edculos agr\u00edcolas para oficinas e profissionais. Marcas premium e marcas exclusivas com entrega em 24h.","breadcrumb":{"@id":"https:\/\/grupoandres.desarrolloundanet.com\/pt-pt\/pneumaticos\/agricola\/#breadcrumb"},"inLanguage":"pt-PT","potentialAction":[{"@type":"ReadAction","target":["https:\/\/grupoandres.desarrolloundanet.com\/pt-pt\/pneumaticos\/agricola\/"]}]},{"@type":"BreadcrumbList","@id":"https:\/\/grupoandres.desarrolloundanet.com\/pt-pt\/pneumaticos\/agricola\/#breadcrumb","itemListElement":[{"@type":"ListItem","position":1,"name":"Portada","item":"https:\/\/grupoandres.desarrolloundanet.com\/pt-pt\/"},{"@type":"ListItem","position":2,"name":"Grupo Andr\u00e9s","item":"https:\/\/grupoandres.desarrolloundanet.com\/pt-pt\/pneumaticos\/"},{"@type":"ListItem","position":3,"name":"Agr\u00edcolas"}]},{"@type":"WebSite","@id":"https:\/\/grupoandres.desarrolloundanet.com\/#website","url":"https:\/\/grupoandres.desarrolloundanet.com\/","name":"Grupo Andr\u00e9s Pneum\u00e1ticos","description":"Tyres distributor  for workshops and proffesional.Stock 500,000 tires  of  70 brands. Exclusive distributors of brands as Nankang , Matador, General Tire and more.","potentialAction":[{"@type":"SearchAction","target":{"@type":"EntryPoint","urlTemplate":"https:\/\/grupoandres.desarrolloundanet.com\/?s={search_term_string}"},"query-input":{"@type":"PropertyValueSpecification","valueRequired":true,"valueName":"search_term_string"}}],"inLanguage":"pt-PT"}]}},"_links":{"self":[{"href":"https:\/\/grupoandres.desarrolloundanet.com\/pt-pt\/wp-json\/wp\/v2\/pages\/1261","targetHints":{"allow":["GET"]}}],"collection":[{"href":"https:\/\/grupoandres.desarrolloundanet.com\/pt-pt\/wp-json\/wp\/v2\/pages"}],"about":[{"href":"https:\/\/grupoandres.desarrolloundanet.com\/pt-pt\/wp-json\/wp\/v2\/types\/page"}],"author":[{"embeddable":true,"href":"https:\/\/grupoandres.desarrolloundanet.com\/pt-pt\/wp-json\/wp\/v2\/users\/1"}],"replies":[{"embeddable":true,"href":"https:\/\/grupoandres.desarrolloundanet.com\/pt-pt\/wp-json\/wp\/v2\/comments?post=1261"}],"version-history":[{"count":18,"href":"https:\/\/grupoandres.desarrolloundanet.com\/pt-pt\/wp-json\/wp\/v2\/pages\/1261\/revisions"}],"predecessor-version":[{"id":16014,"href":"https:\/\/grupoandres.desarrolloundanet.com\/pt-pt\/wp-json\/wp\/v2\/pages\/1261\/revisions\/16014"}],"up":[{"embeddable":true,"href":"https:\/\/grupoandres.desarrolloundanet.com\/pt-pt\/wp-json\/wp\/v2\/pages\/1251"}],"wp:attachment":[{"href":"https:\/\/grupoandres.desarrolloundanet.com\/pt-pt\/wp-json\/wp\/v2\/media?parent=1261"}],"curies":[{"name":"wp","href":"https:\/\/api.w.org\/{rel}","templated":true}]}}