{"id":1253,"date":"2015-12-03T09:10:05","date_gmt":"2015-12-03T09:10:05","guid":{"rendered":"http:\/\/grupoandres.desarrolloundanet.com\/fr\/?page_id=1253"},"modified":"2024-01-24T12:22:58","modified_gmt":"2024-01-24T11:22:58","slug":"4x4","status":"publish","type":"page","link":"https:\/\/grupoandres.desarrolloundanet.com\/pt-pt\/pneumaticos\/4x4\/","title":{"rendered":"4&#215;4"},"content":{"rendered":"<p>Entre todos os ve\u00edculos, que sejam de todo-terreno ou suv, temos de ter mais aten\u00e7\u00e3o o que p\u00f4r na hora de escolher os pneus que vamos montar. Estes automoveis, tamb\u00e9m conhecidos como 4 \u00d7 4 e em Ingl\u00eas SUV ( &#8220;Sport Utility Vehicle&#8221;), s\u00e3o usados para andar tanto em asfalto como off-road e nas condi\u00e7\u00f5es mais adversas. Portanto, as milhares de refer\u00eancias que os principais fabricantes de pneus t\u00eam para o sector de 4 \u00d7 4 sendo o seu ponto forte na trac\u00e7\u00e3o, tanto do pneu como no seu desenho, especialmente na hora de desalojar da maneira mais r\u00e1pida e eficiente poss\u00edvel as pedras e a lama.<\/p>\n<p>Um facto \u00e9 que mais ve\u00edculos todo-terreno e SUV se v\u00eam pelas nossas estradas, supostamente existe cinco fabricantes Premium, e todas as outras marcas de pneus colocaram tamb\u00e9m nos seus departamentos de pesquisa e inova\u00e7\u00e3o a tecnol\u00f3gica ao servi\u00e7o do desenvolvimento e evolu\u00e7\u00e3o dos pneus mais vendidos em todo o mundo, os pneus 4 \u00d7 4 e os SUVs mais prestigiados.<\/p>\n","protected":false},"excerpt":{"rendered":"<p>Entre todos os ve\u00edculos, que sejam de todo-terreno ou suv, temos de ter mais aten\u00e7\u00e3o o que p\u00f4r na hora de escolher os pneus que vamos montar. Estes automoveis, tamb\u00e9m conhecidos como 4 \u00d7 4 e em Ingl\u00eas SUV ( &#8220;Sport Utility Vehicle&#8221;), s\u00e3o usados para andar tanto em asfalto como off-road e nas condi\u00e7\u00f5es &hellip; <a href=\"https:\/\/grupoandres.desarrolloundanet.com\/pt-pt\/pneumaticos\/4x4\/\" class=\"more-link\">Continue reading <span class=\"screen-reader-text\">4&#215;4<\/span> <span class=\"meta-nav\">&rarr;<\/span><\/a><\/p>\n","protected":false},"author":1,"featured_media":0,"parent":1251,"menu_order":0,"comment_status":"closed","ping_status":"closed","template":"page-neumaticos.php","meta":{"_acf_changed":false,"footnotes":""},"class_list":["post-1253","page","type-page","status-publish","hentry"],"acf":[],"yoast_head":"<!-- This site is optimized with the Yoast SEO plugin v27.3 - https:\/\/yoast.com\/product\/yoast-seo-wordpress\/ -->\n<title>Pneum\u00e1ticos para 4x4 - Grupo Andr\u00e9s Pneum\u00e1ticos<\/title>\n<meta name=\"description\" content=\"Distribu\u00e7\u00e3o e venda em grandes quantidades para 4x4 para oficinas e profissionais. Marcas premium e marcas exclusivas com entrega em 24h.\" \/>\n<meta name=\"robots\" content=\"index, follow, max-snippet:-1, max-image-preview:large, max-video-preview:-1\" \/>\n<link rel=\"canonical\" href=\"https:\/\/grupoandres.desarrolloundanet.com\/pt-pt\/pneumaticos\/4x4\/\" \/>\n<meta property=\"og:locale\" content=\"pt_PT\" \/>\n<meta property=\"og:type\" content=\"article\" \/>\n<meta property=\"og:title\" content=\"Pneum\u00e1ticos para 4x4 - Grupo Andr\u00e9s Pneum\u00e1ticos\" \/>\n<meta property=\"og:description\" content=\"Distribu\u00e7\u00e3o e venda em grandes quantidades para 4x4 para oficinas e profissionais. Marcas premium e marcas exclusivas com entrega em 24h.\" \/>\n<meta property=\"og:url\" content=\"https:\/\/grupoandres.desarrolloundanet.com\/pt-pt\/pneumaticos\/4x4\/\" \/>\n<meta property=\"og:site_name\" content=\"Grupo Andr\u00e9s Pneum\u00e1ticos\" \/>\n<meta property=\"article:modified_time\" content=\"2024-01-24T11:22:58+00:00\" \/>\n<meta name=\"twitter:card\" content=\"summary_large_image\" \/>\n<meta name=\"twitter:label1\" content=\"Tempo estimado de leitura\" \/>\n\t<meta name=\"twitter:data1\" content=\"1 minuto\" \/>\n<script type=\"application\/ld+json\" class=\"yoast-schema-graph\">{\"@context\":\"https:\\\/\\\/schema.org\",\"@graph\":[{\"@type\":\"WebPage\",\"@id\":\"https:\\\/\\\/grupoandres.desarrolloundanet.com\\\/pt-pt\\\/pneumaticos\\\/4x4\\\/\",\"url\":\"https:\\\/\\\/grupoandres.desarrolloundanet.com\\\/pt-pt\\\/pneumaticos\\\/4x4\\\/\",\"name\":\"Pneum\u00e1ticos para 4x4 - Grupo Andr\u00e9s Pneum\u00e1ticos\",\"isPartOf\":{\"@id\":\"https:\\\/\\\/grupoandres.desarrolloundanet.com\\\/#website\"},\"datePublished\":\"2015-12-03T09:10:05+00:00\",\"dateModified\":\"2024-01-24T11:22:58+00:00\",\"description\":\"Distribu\u00e7\u00e3o e venda em grandes quantidades para 4x4 para oficinas e profissionais. Marcas premium e marcas exclusivas com entrega em 24h.\",\"breadcrumb\":{\"@id\":\"https:\\\/\\\/grupoandres.desarrolloundanet.com\\\/pt-pt\\\/pneumaticos\\\/4x4\\\/#breadcrumb\"},\"inLanguage\":\"pt-PT\",\"potentialAction\":[{\"@type\":\"ReadAction\",\"target\":[\"https:\\\/\\\/grupoandres.desarrolloundanet.com\\\/pt-pt\\\/pneumaticos\\\/4x4\\\/\"]}]},{\"@type\":\"BreadcrumbList\",\"@id\":\"https:\\\/\\\/grupoandres.desarrolloundanet.com\\\/pt-pt\\\/pneumaticos\\\/4x4\\\/#breadcrumb\",\"itemListElement\":[{\"@type\":\"ListItem\",\"position\":1,\"name\":\"Portada\",\"item\":\"https:\\\/\\\/grupoandres.desarrolloundanet.com\\\/pt-pt\\\/\"},{\"@type\":\"ListItem\",\"position\":2,\"name\":\"Grupo Andr\u00e9s\",\"item\":\"https:\\\/\\\/grupoandres.desarrolloundanet.com\\\/pt-pt\\\/pneumaticos\\\/\"},{\"@type\":\"ListItem\",\"position\":3,\"name\":\"4&#215;4\"}]},{\"@type\":\"WebSite\",\"@id\":\"https:\\\/\\\/grupoandres.desarrolloundanet.com\\\/#website\",\"url\":\"https:\\\/\\\/grupoandres.desarrolloundanet.com\\\/\",\"name\":\"Grupo Andr\u00e9s Pneum\u00e1ticos\",\"description\":\"Tyres distributor  for workshops and proffesional.Stock 500,000 tires  of  70 brands. Exclusive distributors of brands as Nankang , Matador, General Tire and more.\",\"potentialAction\":[{\"@type\":\"SearchAction\",\"target\":{\"@type\":\"EntryPoint\",\"urlTemplate\":\"https:\\\/\\\/grupoandres.desarrolloundanet.com\\\/?s={search_term_string}\"},\"query-input\":{\"@type\":\"PropertyValueSpecification\",\"valueRequired\":true,\"valueName\":\"search_term_string\"}}],\"inLanguage\":\"pt-PT\"}]}<\/script>\n<!-- \/ Yoast SEO plugin. -->","yoast_head_json":{"title":"Pneum\u00e1ticos para 4x4 - Grupo Andr\u00e9s Pneum\u00e1ticos","description":"Distribu\u00e7\u00e3o e venda em grandes quantidades para 4x4 para oficinas e profissionais. Marcas premium e marcas exclusivas com entrega em 24h.","robots":{"index":"index","follow":"follow","max-snippet":"max-snippet:-1","max-image-preview":"max-image-preview:large","max-video-preview":"max-video-preview:-1"},"canonical":"https:\/\/grupoandres.desarrolloundanet.com\/pt-pt\/pneumaticos\/4x4\/","og_locale":"pt_PT","og_type":"article","og_title":"Pneum\u00e1ticos para 4x4 - Grupo Andr\u00e9s Pneum\u00e1ticos","og_description":"Distribu\u00e7\u00e3o e venda em grandes quantidades para 4x4 para oficinas e profissionais. Marcas premium e marcas exclusivas com entrega em 24h.","og_url":"https:\/\/grupoandres.desarrolloundanet.com\/pt-pt\/pneumaticos\/4x4\/","og_site_name":"Grupo Andr\u00e9s Pneum\u00e1ticos","article_modified_time":"2024-01-24T11:22:58+00:00","twitter_card":"summary_large_image","twitter_misc":{"Tempo estimado de leitura":"1 minuto"},"schema":{"@context":"https:\/\/schema.org","@graph":[{"@type":"WebPage","@id":"https:\/\/grupoandres.desarrolloundanet.com\/pt-pt\/pneumaticos\/4x4\/","url":"https:\/\/grupoandres.desarrolloundanet.com\/pt-pt\/pneumaticos\/4x4\/","name":"Pneum\u00e1ticos para 4x4 - Grupo Andr\u00e9s Pneum\u00e1ticos","isPartOf":{"@id":"https:\/\/grupoandres.desarrolloundanet.com\/#website"},"datePublished":"2015-12-03T09:10:05+00:00","dateModified":"2024-01-24T11:22:58+00:00","description":"Distribu\u00e7\u00e3o e venda em grandes quantidades para 4x4 para oficinas e profissionais. Marcas premium e marcas exclusivas com entrega em 24h.","breadcrumb":{"@id":"https:\/\/grupoandres.desarrolloundanet.com\/pt-pt\/pneumaticos\/4x4\/#breadcrumb"},"inLanguage":"pt-PT","potentialAction":[{"@type":"ReadAction","target":["https:\/\/grupoandres.desarrolloundanet.com\/pt-pt\/pneumaticos\/4x4\/"]}]},{"@type":"BreadcrumbList","@id":"https:\/\/grupoandres.desarrolloundanet.com\/pt-pt\/pneumaticos\/4x4\/#breadcrumb","itemListElement":[{"@type":"ListItem","position":1,"name":"Portada","item":"https:\/\/grupoandres.desarrolloundanet.com\/pt-pt\/"},{"@type":"ListItem","position":2,"name":"Grupo Andr\u00e9s","item":"https:\/\/grupoandres.desarrolloundanet.com\/pt-pt\/pneumaticos\/"},{"@type":"ListItem","position":3,"name":"4&#215;4"}]},{"@type":"WebSite","@id":"https:\/\/grupoandres.desarrolloundanet.com\/#website","url":"https:\/\/grupoandres.desarrolloundanet.com\/","name":"Grupo Andr\u00e9s Pneum\u00e1ticos","description":"Tyres distributor  for workshops and proffesional.Stock 500,000 tires  of  70 brands. Exclusive distributors of brands as Nankang , Matador, General Tire and more.","potentialAction":[{"@type":"SearchAction","target":{"@type":"EntryPoint","urlTemplate":"https:\/\/grupoandres.desarrolloundanet.com\/?s={search_term_string}"},"query-input":{"@type":"PropertyValueSpecification","valueRequired":true,"valueName":"search_term_string"}}],"inLanguage":"pt-PT"}]}},"_links":{"self":[{"href":"https:\/\/grupoandres.desarrolloundanet.com\/pt-pt\/wp-json\/wp\/v2\/pages\/1253","targetHints":{"allow":["GET"]}}],"collection":[{"href":"https:\/\/grupoandres.desarrolloundanet.com\/pt-pt\/wp-json\/wp\/v2\/pages"}],"about":[{"href":"https:\/\/grupoandres.desarrolloundanet.com\/pt-pt\/wp-json\/wp\/v2\/types\/page"}],"author":[{"embeddable":true,"href":"https:\/\/grupoandres.desarrolloundanet.com\/pt-pt\/wp-json\/wp\/v2\/users\/1"}],"replies":[{"embeddable":true,"href":"https:\/\/grupoandres.desarrolloundanet.com\/pt-pt\/wp-json\/wp\/v2\/comments?post=1253"}],"version-history":[{"count":18,"href":"https:\/\/grupoandres.desarrolloundanet.com\/pt-pt\/wp-json\/wp\/v2\/pages\/1253\/revisions"}],"predecessor-version":[{"id":21621,"href":"https:\/\/grupoandres.desarrolloundanet.com\/pt-pt\/wp-json\/wp\/v2\/pages\/1253\/revisions\/21621"}],"up":[{"embeddable":true,"href":"https:\/\/grupoandres.desarrolloundanet.com\/pt-pt\/wp-json\/wp\/v2\/pages\/1251"}],"wp:attachment":[{"href":"https:\/\/grupoandres.desarrolloundanet.com\/pt-pt\/wp-json\/wp\/v2\/media?parent=1253"}],"curies":[{"name":"wp","href":"https:\/\/api.w.org\/{rel}","templated":true}]}}