{"id":1251,"date":"2015-11-30T17:16:02","date_gmt":"2015-11-30T17:16:02","guid":{"rendered":"http:\/\/grupoandres.desarrolloundanet.com\/pt-pt\/neumaticos\/"},"modified":"2021-10-28T14:38:00","modified_gmt":"2021-10-28T12:38:00","slug":"pneumaticos","status":"publish","type":"page","link":"https:\/\/grupoandres.desarrolloundanet.com\/pt-pt\/pneumaticos\/","title":{"rendered":"Grupo Andr\u00e9s"},"content":{"rendered":"<p>Sendo uma refer\u00eancia do sector, o Grupo andr\u00e9s \u00e9 a op\u00e7\u00e3o mais s\u00f3lida e rent\u00e1vel para os profissionais do sector e invoca toda a sua estrat\u00e9gia concentrando-se na procura da maior rentabilidade para os nossos clientes.<\/p>\n<p>Desde as suas origens, como uma pequena oficina de pneus em Salamanca, j\u00e1 quase h\u00e1 30 anos, o seu fundador e Presidente Eustaquio Andr\u00e9s S\u00e1nchez fez GRUPO ANDR\u00c9S NEUM\u00c1TICOS no <strong>Primeiro Distribuidor de Pneus Exclusivo e Indep\u00eandente da Pen\u00ednsula Ib\u00e9rica<\/strong>.<\/p>\n<p>Abastecemo-nos nos principais grupos de fabricantes no mundo e a nossa solidez e poder de compra permite-nos configurar um excelente e din\u00e2mico pre\u00e7o de venda..<br \/>\nGerimos di\u00e1riamente mais de 15.000 pneus com mais de <strong>30 marcas<\/strong> diferentes nos nossos armaz\u00e9ns de 70.000 m2 e que comporta um stock de mais <strong>500.000 pneus<\/strong>.<\/p>\n<p>O nosso stock \u00e9 composto por todos os tipos de pneus, permitindo-nos atender a grande procura dos nossos milhares de clientes. Inclu\u00edmos nos nossos cat\u00e1logos pneus econ\u00f4micos para clientes que precisam de um or\u00e7amento mais reduzido, bem como os mais recentes modelos do mercado com todos os avan\u00e7os tecnol\u00f3gicos.<\/p>\n<p>Desde os enormes pneus para uso da engenharia civ\u00edl, at\u00e9 aos mais pequenos e os utilizados em manuten\u00e7\u00e3o, pneus de cami\u00e3o passando pelo turismo de uso di\u00e1rio em qualquer ve\u00edculo, at\u00e9 pneus espec\u00edficos para os circuitos de competi\u00e7\u00e3o, seja para carros ou motos, das marcas maos import\u00e2ntes do mundo.<\/p>\n","protected":false},"excerpt":{"rendered":"<p>Sendo uma refer\u00eancia do sector, o Grupo andr\u00e9s \u00e9 a op\u00e7\u00e3o mais s\u00f3lida e rent\u00e1vel para os profissionais do sector e invoca toda a sua estrat\u00e9gia concentrando-se na procura da maior rentabilidade para os nossos clientes. Desde as suas origens, como uma pequena oficina de pneus em Salamanca, j\u00e1 quase h\u00e1 30 anos, o seu &hellip; <a href=\"https:\/\/grupoandres.desarrolloundanet.com\/pt-pt\/pneumaticos\/\" class=\"more-link\">Continue reading <span class=\"screen-reader-text\">Grupo Andr\u00e9s<\/span> <span class=\"meta-nav\">&rarr;<\/span><\/a><\/p>\n","protected":false},"author":1,"featured_media":0,"parent":0,"menu_order":6,"comment_status":"closed","ping_status":"closed","template":"page-generica-texto.php","meta":{"_acf_changed":false,"footnotes":""},"class_list":["post-1251","page","type-page","status-publish","hentry"],"acf":[],"yoast_head":"<!-- This site is optimized with the Yoast SEO plugin v27.3 - https:\/\/yoast.com\/product\/yoast-seo-wordpress\/ -->\n<title>Distribuidor de pneum\u00e1ticos para profissionais | Grupo Andr\u00e9s Neum\u00e1ticos<\/title>\n<meta name=\"description\" content=\"Rodas distribuidor grossista. Grupo Andr\u00e9s funciona com todas as principais marcas de pneumaticos. O provedor confi\u00e1vel para guilda profissional.\" \/>\n<meta name=\"robots\" content=\"index, follow, max-snippet:-1, max-image-preview:large, max-video-preview:-1\" \/>\n<link rel=\"canonical\" href=\"https:\/\/grupoandres.desarrolloundanet.com\/pt-pt\/pneumaticos\/\" \/>\n<meta property=\"og:locale\" content=\"pt_PT\" \/>\n<meta property=\"og:type\" content=\"article\" \/>\n<meta property=\"og:title\" content=\"Distribuidor de pneum\u00e1ticos para profissionais | Grupo Andr\u00e9s Neum\u00e1ticos\" \/>\n<meta property=\"og:description\" content=\"Rodas distribuidor grossista. Grupo Andr\u00e9s funciona com todas as principais marcas de pneumaticos. O provedor confi\u00e1vel para guilda profissional.\" \/>\n<meta property=\"og:url\" content=\"https:\/\/grupoandres.desarrolloundanet.com\/pt-pt\/pneumaticos\/\" \/>\n<meta property=\"og:site_name\" content=\"Grupo Andr\u00e9s Pneum\u00e1ticos\" \/>\n<meta property=\"article:modified_time\" content=\"2021-10-28T12:38:00+00:00\" \/>\n<meta name=\"twitter:card\" content=\"summary_large_image\" \/>\n<meta name=\"twitter:label1\" content=\"Tempo estimado de leitura\" \/>\n\t<meta name=\"twitter:data1\" content=\"1 minuto\" \/>\n<script type=\"application\/ld+json\" class=\"yoast-schema-graph\">{\"@context\":\"https:\\\/\\\/schema.org\",\"@graph\":[{\"@type\":\"WebPage\",\"@id\":\"https:\\\/\\\/grupoandres.desarrolloundanet.com\\\/pt-pt\\\/pneumaticos\\\/\",\"url\":\"https:\\\/\\\/grupoandres.desarrolloundanet.com\\\/pt-pt\\\/pneumaticos\\\/\",\"name\":\"Distribuidor de pneum\u00e1ticos para profissionais | Grupo Andr\u00e9s Neum\u00e1ticos\",\"isPartOf\":{\"@id\":\"https:\\\/\\\/grupoandres.desarrolloundanet.com\\\/#website\"},\"datePublished\":\"2015-11-30T17:16:02+00:00\",\"dateModified\":\"2021-10-28T12:38:00+00:00\",\"description\":\"Rodas distribuidor grossista. Grupo Andr\u00e9s funciona com todas as principais marcas de pneumaticos. O provedor confi\u00e1vel para guilda profissional.\",\"breadcrumb\":{\"@id\":\"https:\\\/\\\/grupoandres.desarrolloundanet.com\\\/pt-pt\\\/pneumaticos\\\/#breadcrumb\"},\"inLanguage\":\"pt-PT\",\"potentialAction\":[{\"@type\":\"ReadAction\",\"target\":[\"https:\\\/\\\/grupoandres.desarrolloundanet.com\\\/pt-pt\\\/pneumaticos\\\/\"]}]},{\"@type\":\"BreadcrumbList\",\"@id\":\"https:\\\/\\\/grupoandres.desarrolloundanet.com\\\/pt-pt\\\/pneumaticos\\\/#breadcrumb\",\"itemListElement\":[{\"@type\":\"ListItem\",\"position\":1,\"name\":\"Portada\",\"item\":\"https:\\\/\\\/grupoandres.desarrolloundanet.com\\\/pt-pt\\\/\"},{\"@type\":\"ListItem\",\"position\":2,\"name\":\"Grupo Andr\u00e9s\"}]},{\"@type\":\"WebSite\",\"@id\":\"https:\\\/\\\/grupoandres.desarrolloundanet.com\\\/#website\",\"url\":\"https:\\\/\\\/grupoandres.desarrolloundanet.com\\\/\",\"name\":\"Grupo Andr\u00e9s Pneum\u00e1ticos\",\"description\":\"Tyres distributor  for workshops and proffesional.Stock 500,000 tires  of  70 brands. Exclusive distributors of brands as Nankang , Matador, General Tire and more.\",\"potentialAction\":[{\"@type\":\"SearchAction\",\"target\":{\"@type\":\"EntryPoint\",\"urlTemplate\":\"https:\\\/\\\/grupoandres.desarrolloundanet.com\\\/?s={search_term_string}\"},\"query-input\":{\"@type\":\"PropertyValueSpecification\",\"valueRequired\":true,\"valueName\":\"search_term_string\"}}],\"inLanguage\":\"pt-PT\"}]}<\/script>\n<!-- \/ Yoast SEO plugin. -->","yoast_head_json":{"title":"Distribuidor de pneum\u00e1ticos para profissionais | Grupo Andr\u00e9s Neum\u00e1ticos","description":"Rodas distribuidor grossista. Grupo Andr\u00e9s funciona com todas as principais marcas de pneumaticos. O provedor confi\u00e1vel para guilda profissional.","robots":{"index":"index","follow":"follow","max-snippet":"max-snippet:-1","max-image-preview":"max-image-preview:large","max-video-preview":"max-video-preview:-1"},"canonical":"https:\/\/grupoandres.desarrolloundanet.com\/pt-pt\/pneumaticos\/","og_locale":"pt_PT","og_type":"article","og_title":"Distribuidor de pneum\u00e1ticos para profissionais | Grupo Andr\u00e9s Neum\u00e1ticos","og_description":"Rodas distribuidor grossista. Grupo Andr\u00e9s funciona com todas as principais marcas de pneumaticos. O provedor confi\u00e1vel para guilda profissional.","og_url":"https:\/\/grupoandres.desarrolloundanet.com\/pt-pt\/pneumaticos\/","og_site_name":"Grupo Andr\u00e9s Pneum\u00e1ticos","article_modified_time":"2021-10-28T12:38:00+00:00","twitter_card":"summary_large_image","twitter_misc":{"Tempo estimado de leitura":"1 minuto"},"schema":{"@context":"https:\/\/schema.org","@graph":[{"@type":"WebPage","@id":"https:\/\/grupoandres.desarrolloundanet.com\/pt-pt\/pneumaticos\/","url":"https:\/\/grupoandres.desarrolloundanet.com\/pt-pt\/pneumaticos\/","name":"Distribuidor de pneum\u00e1ticos para profissionais | Grupo Andr\u00e9s Neum\u00e1ticos","isPartOf":{"@id":"https:\/\/grupoandres.desarrolloundanet.com\/#website"},"datePublished":"2015-11-30T17:16:02+00:00","dateModified":"2021-10-28T12:38:00+00:00","description":"Rodas distribuidor grossista. Grupo Andr\u00e9s funciona com todas as principais marcas de pneumaticos. O provedor confi\u00e1vel para guilda profissional.","breadcrumb":{"@id":"https:\/\/grupoandres.desarrolloundanet.com\/pt-pt\/pneumaticos\/#breadcrumb"},"inLanguage":"pt-PT","potentialAction":[{"@type":"ReadAction","target":["https:\/\/grupoandres.desarrolloundanet.com\/pt-pt\/pneumaticos\/"]}]},{"@type":"BreadcrumbList","@id":"https:\/\/grupoandres.desarrolloundanet.com\/pt-pt\/pneumaticos\/#breadcrumb","itemListElement":[{"@type":"ListItem","position":1,"name":"Portada","item":"https:\/\/grupoandres.desarrolloundanet.com\/pt-pt\/"},{"@type":"ListItem","position":2,"name":"Grupo Andr\u00e9s"}]},{"@type":"WebSite","@id":"https:\/\/grupoandres.desarrolloundanet.com\/#website","url":"https:\/\/grupoandres.desarrolloundanet.com\/","name":"Grupo Andr\u00e9s Pneum\u00e1ticos","description":"Tyres distributor  for workshops and proffesional.Stock 500,000 tires  of  70 brands. Exclusive distributors of brands as Nankang , Matador, General Tire and more.","potentialAction":[{"@type":"SearchAction","target":{"@type":"EntryPoint","urlTemplate":"https:\/\/grupoandres.desarrolloundanet.com\/?s={search_term_string}"},"query-input":{"@type":"PropertyValueSpecification","valueRequired":true,"valueName":"search_term_string"}}],"inLanguage":"pt-PT"}]}},"_links":{"self":[{"href":"https:\/\/grupoandres.desarrolloundanet.com\/pt-pt\/wp-json\/wp\/v2\/pages\/1251","targetHints":{"allow":["GET"]}}],"collection":[{"href":"https:\/\/grupoandres.desarrolloundanet.com\/pt-pt\/wp-json\/wp\/v2\/pages"}],"about":[{"href":"https:\/\/grupoandres.desarrolloundanet.com\/pt-pt\/wp-json\/wp\/v2\/types\/page"}],"author":[{"embeddable":true,"href":"https:\/\/grupoandres.desarrolloundanet.com\/pt-pt\/wp-json\/wp\/v2\/users\/1"}],"replies":[{"embeddable":true,"href":"https:\/\/grupoandres.desarrolloundanet.com\/pt-pt\/wp-json\/wp\/v2\/comments?post=1251"}],"version-history":[{"count":8,"href":"https:\/\/grupoandres.desarrolloundanet.com\/pt-pt\/wp-json\/wp\/v2\/pages\/1251\/revisions"}],"predecessor-version":[{"id":12692,"href":"https:\/\/grupoandres.desarrolloundanet.com\/pt-pt\/wp-json\/wp\/v2\/pages\/1251\/revisions\/12692"}],"wp:attachment":[{"href":"https:\/\/grupoandres.desarrolloundanet.com\/pt-pt\/wp-json\/wp\/v2\/media?parent=1251"}],"curies":[{"name":"wp","href":"https:\/\/api.w.org\/{rel}","templated":true}]}}