{"id":1126,"date":"2015-12-03T09:04:29","date_gmt":"2015-12-03T09:04:29","guid":{"rendered":"http:\/\/grupoandres.desarrolloundanet.com\/pt-pt\/solicitar-cuenta\/"},"modified":"2023-01-27T16:34:13","modified_gmt":"2023-01-27T15:34:13","slug":"solicitar-conta","status":"publish","type":"page","link":"https:\/\/grupoandres.desarrolloundanet.com\/pt-pt\/solicitar-conta\/","title":{"rendered":"Solicitar Cuenta"},"content":{"rendered":"<div class=\"container_texto_solicita\">\n<div class=\"texto_solicita\" >DISTRIBUIDOR L\u00cdDER DE PNEUS EM ESPANHA E PORTUGAL<\/p>\n<ul>\n<li>&#8211; 750.000 pneus em stock<\/li>\n<li>&#8211; Mais de 70 marcas a tua disposi\u00e7\u00e3o<\/li>\n<li>&#8211; Entrega em mais de 40 pa\u00edses<\/li>\n<li>&#8211; Top 10 distribuidores na Europa<\/li>\n<\/ul>\n<\/div>\n<div class=\"img-descuento\">\n<img decoding=\"async\" title=\"Desconto de 5%\" src=\"https:\/\/grupoandres.desarrolloundanet.com\/wp-content\/uploads\/2023\/01\/descuento-5-pt-1.png\" alt=\"Desconto de 5%\" \/>\n<\/div>\n<\/div>\n<div class=\"solicita-text\"><strong>REGISTRE-SE AGORA<\/strong> E OBTENHA UM DESCONTO<br \/>\nEXTRA 5% NOS SEUS PRIMEIROS PEDIDOS<\/div>\n<div class=\"btn ancla\" title=\"SOLICITAR AGORA\">SOLICITAR AGORA<\/div>\n","protected":false},"excerpt":{"rendered":"<p>DISTRIBUIDOR L\u00cdDER DE PNEUS EM ESPANHA E PORTUGAL &#8211; 750.000 pneus em stock &#8211; Mais de 70 marcas a tua disposi\u00e7\u00e3o &#8211; Entrega em mais de 40 pa\u00edses &#8211; Top 10 distribuidores na Europa REGISTRE-SE AGORA E OBTENHA UM DESCONTO EXTRA 5% NOS SEUS PRIMEIROS PEDIDOS SOLICITAR AGORA<\/p>\n","protected":false},"author":1,"featured_media":0,"parent":0,"menu_order":0,"comment_status":"closed","ping_status":"closed","template":"page-solicitar-cuenta.php","meta":{"_acf_changed":false,"footnotes":""},"class_list":["post-1126","page","type-page","status-publish","hentry"],"acf":[],"yoast_head":"<!-- This site is optimized with the Yoast SEO plugin v27.3 - https:\/\/yoast.com\/product\/yoast-seo-wordpress\/ -->\n<title>Solicita\u00e7\u00e3o de abertura de conta para clientes de oficinas e profissionais<\/title>\n<meta name=\"description\" content=\"Complete o formulario para solicitar a abertura como cliente para ter acceso aos servi\u00e7os do Grupo Andr\u00e9s Neum\u00e1ticos\" \/>\n<meta name=\"robots\" content=\"index, follow, max-snippet:-1, max-image-preview:large, max-video-preview:-1\" \/>\n<link rel=\"canonical\" href=\"https:\/\/grupoandres.desarrolloundanet.com\/pt-pt\/solicitar-conta\/\" \/>\n<meta property=\"og:locale\" content=\"pt_PT\" \/>\n<meta property=\"og:type\" content=\"article\" \/>\n<meta property=\"og:title\" content=\"Solicita\u00e7\u00e3o de abertura de conta para clientes de oficinas e profissionais\" \/>\n<meta property=\"og:description\" content=\"Complete o formulario para solicitar a abertura como cliente para ter acceso aos servi\u00e7os do Grupo Andr\u00e9s Neum\u00e1ticos\" \/>\n<meta property=\"og:url\" content=\"https:\/\/grupoandres.desarrolloundanet.com\/pt-pt\/solicitar-conta\/\" \/>\n<meta property=\"og:site_name\" content=\"Grupo Andr\u00e9s Pneum\u00e1ticos\" \/>\n<meta property=\"article:modified_time\" content=\"2023-01-27T15:34:13+00:00\" \/>\n<meta property=\"og:image\" content=\"https:\/\/grupoandres.desarrolloundanet.com\/wp-content\/uploads\/2023\/01\/descuento-5-pt-1.png\" \/>\n<meta name=\"twitter:card\" content=\"summary_large_image\" \/>\n<meta name=\"twitter:label1\" content=\"Tempo estimado de leitura\" \/>\n\t<meta name=\"twitter:data1\" content=\"1 minuto\" \/>\n<script type=\"application\/ld+json\" class=\"yoast-schema-graph\">{\"@context\":\"https:\\\/\\\/schema.org\",\"@graph\":[{\"@type\":\"WebPage\",\"@id\":\"https:\\\/\\\/grupoandres.desarrolloundanet.com\\\/pt-pt\\\/solicitar-conta\\\/\",\"url\":\"https:\\\/\\\/grupoandres.desarrolloundanet.com\\\/pt-pt\\\/solicitar-conta\\\/\",\"name\":\"Solicita\u00e7\u00e3o de abertura de conta para clientes de oficinas e profissionais\",\"isPartOf\":{\"@id\":\"https:\\\/\\\/grupoandres.desarrolloundanet.com\\\/#website\"},\"primaryImageOfPage\":{\"@id\":\"https:\\\/\\\/grupoandres.desarrolloundanet.com\\\/pt-pt\\\/solicitar-conta\\\/#primaryimage\"},\"image\":{\"@id\":\"https:\\\/\\\/grupoandres.desarrolloundanet.com\\\/pt-pt\\\/solicitar-conta\\\/#primaryimage\"},\"thumbnailUrl\":\"https:\\\/\\\/grupoandres.desarrolloundanet.com\\\/wp-content\\\/uploads\\\/2023\\\/01\\\/descuento-5-pt-1.png\",\"datePublished\":\"2015-12-03T09:04:29+00:00\",\"dateModified\":\"2023-01-27T15:34:13+00:00\",\"description\":\"Complete o formulario para solicitar a abertura como cliente para ter acceso aos servi\u00e7os do Grupo Andr\u00e9s Neum\u00e1ticos\",\"breadcrumb\":{\"@id\":\"https:\\\/\\\/grupoandres.desarrolloundanet.com\\\/pt-pt\\\/solicitar-conta\\\/#breadcrumb\"},\"inLanguage\":\"pt-PT\",\"potentialAction\":[{\"@type\":\"ReadAction\",\"target\":[\"https:\\\/\\\/grupoandres.desarrolloundanet.com\\\/pt-pt\\\/solicitar-conta\\\/\"]}]},{\"@type\":\"ImageObject\",\"inLanguage\":\"pt-PT\",\"@id\":\"https:\\\/\\\/grupoandres.desarrolloundanet.com\\\/pt-pt\\\/solicitar-conta\\\/#primaryimage\",\"url\":\"https:\\\/\\\/grupoandres.desarrolloundanet.com\\\/wp-content\\\/uploads\\\/2023\\\/01\\\/descuento-5-pt-1.png\",\"contentUrl\":\"https:\\\/\\\/grupoandres.desarrolloundanet.com\\\/wp-content\\\/uploads\\\/2023\\\/01\\\/descuento-5-pt-1.png\"},{\"@type\":\"BreadcrumbList\",\"@id\":\"https:\\\/\\\/grupoandres.desarrolloundanet.com\\\/pt-pt\\\/solicitar-conta\\\/#breadcrumb\",\"itemListElement\":[{\"@type\":\"ListItem\",\"position\":1,\"name\":\"Portada\",\"item\":\"https:\\\/\\\/grupoandres.desarrolloundanet.com\\\/pt-pt\\\/\"},{\"@type\":\"ListItem\",\"position\":2,\"name\":\"Solicitar Cuenta\"}]},{\"@type\":\"WebSite\",\"@id\":\"https:\\\/\\\/grupoandres.desarrolloundanet.com\\\/#website\",\"url\":\"https:\\\/\\\/grupoandres.desarrolloundanet.com\\\/\",\"name\":\"Grupo Andr\u00e9s Pneum\u00e1ticos\",\"description\":\"Tyres distributor  for workshops and proffesional.Stock 500,000 tires  of  70 brands. Exclusive distributors of brands as Nankang , Matador, General Tire and more.\",\"potentialAction\":[{\"@type\":\"SearchAction\",\"target\":{\"@type\":\"EntryPoint\",\"urlTemplate\":\"https:\\\/\\\/grupoandres.desarrolloundanet.com\\\/?s={search_term_string}\"},\"query-input\":{\"@type\":\"PropertyValueSpecification\",\"valueRequired\":true,\"valueName\":\"search_term_string\"}}],\"inLanguage\":\"pt-PT\"}]}<\/script>\n<!-- \/ Yoast SEO plugin. -->","yoast_head_json":{"title":"Solicita\u00e7\u00e3o de abertura de conta para clientes de oficinas e profissionais","description":"Complete o formulario para solicitar a abertura como cliente para ter acceso aos servi\u00e7os do Grupo Andr\u00e9s Neum\u00e1ticos","robots":{"index":"index","follow":"follow","max-snippet":"max-snippet:-1","max-image-preview":"max-image-preview:large","max-video-preview":"max-video-preview:-1"},"canonical":"https:\/\/grupoandres.desarrolloundanet.com\/pt-pt\/solicitar-conta\/","og_locale":"pt_PT","og_type":"article","og_title":"Solicita\u00e7\u00e3o de abertura de conta para clientes de oficinas e profissionais","og_description":"Complete o formulario para solicitar a abertura como cliente para ter acceso aos servi\u00e7os do Grupo Andr\u00e9s Neum\u00e1ticos","og_url":"https:\/\/grupoandres.desarrolloundanet.com\/pt-pt\/solicitar-conta\/","og_site_name":"Grupo Andr\u00e9s Pneum\u00e1ticos","article_modified_time":"2023-01-27T15:34:13+00:00","og_image":[{"url":"https:\/\/grupoandres.desarrolloundanet.com\/wp-content\/uploads\/2023\/01\/descuento-5-pt-1.png","type":"","width":"","height":""}],"twitter_card":"summary_large_image","twitter_misc":{"Tempo estimado de leitura":"1 minuto"},"schema":{"@context":"https:\/\/schema.org","@graph":[{"@type":"WebPage","@id":"https:\/\/grupoandres.desarrolloundanet.com\/pt-pt\/solicitar-conta\/","url":"https:\/\/grupoandres.desarrolloundanet.com\/pt-pt\/solicitar-conta\/","name":"Solicita\u00e7\u00e3o de abertura de conta para clientes de oficinas e profissionais","isPartOf":{"@id":"https:\/\/grupoandres.desarrolloundanet.com\/#website"},"primaryImageOfPage":{"@id":"https:\/\/grupoandres.desarrolloundanet.com\/pt-pt\/solicitar-conta\/#primaryimage"},"image":{"@id":"https:\/\/grupoandres.desarrolloundanet.com\/pt-pt\/solicitar-conta\/#primaryimage"},"thumbnailUrl":"https:\/\/grupoandres.desarrolloundanet.com\/wp-content\/uploads\/2023\/01\/descuento-5-pt-1.png","datePublished":"2015-12-03T09:04:29+00:00","dateModified":"2023-01-27T15:34:13+00:00","description":"Complete o formulario para solicitar a abertura como cliente para ter acceso aos servi\u00e7os do Grupo Andr\u00e9s Neum\u00e1ticos","breadcrumb":{"@id":"https:\/\/grupoandres.desarrolloundanet.com\/pt-pt\/solicitar-conta\/#breadcrumb"},"inLanguage":"pt-PT","potentialAction":[{"@type":"ReadAction","target":["https:\/\/grupoandres.desarrolloundanet.com\/pt-pt\/solicitar-conta\/"]}]},{"@type":"ImageObject","inLanguage":"pt-PT","@id":"https:\/\/grupoandres.desarrolloundanet.com\/pt-pt\/solicitar-conta\/#primaryimage","url":"https:\/\/grupoandres.desarrolloundanet.com\/wp-content\/uploads\/2023\/01\/descuento-5-pt-1.png","contentUrl":"https:\/\/grupoandres.desarrolloundanet.com\/wp-content\/uploads\/2023\/01\/descuento-5-pt-1.png"},{"@type":"BreadcrumbList","@id":"https:\/\/grupoandres.desarrolloundanet.com\/pt-pt\/solicitar-conta\/#breadcrumb","itemListElement":[{"@type":"ListItem","position":1,"name":"Portada","item":"https:\/\/grupoandres.desarrolloundanet.com\/pt-pt\/"},{"@type":"ListItem","position":2,"name":"Solicitar Cuenta"}]},{"@type":"WebSite","@id":"https:\/\/grupoandres.desarrolloundanet.com\/#website","url":"https:\/\/grupoandres.desarrolloundanet.com\/","name":"Grupo Andr\u00e9s Pneum\u00e1ticos","description":"Tyres distributor  for workshops and proffesional.Stock 500,000 tires  of  70 brands. Exclusive distributors of brands as Nankang , Matador, General Tire and more.","potentialAction":[{"@type":"SearchAction","target":{"@type":"EntryPoint","urlTemplate":"https:\/\/grupoandres.desarrolloundanet.com\/?s={search_term_string}"},"query-input":{"@type":"PropertyValueSpecification","valueRequired":true,"valueName":"search_term_string"}}],"inLanguage":"pt-PT"}]}},"_links":{"self":[{"href":"https:\/\/grupoandres.desarrolloundanet.com\/pt-pt\/wp-json\/wp\/v2\/pages\/1126","targetHints":{"allow":["GET"]}}],"collection":[{"href":"https:\/\/grupoandres.desarrolloundanet.com\/pt-pt\/wp-json\/wp\/v2\/pages"}],"about":[{"href":"https:\/\/grupoandres.desarrolloundanet.com\/pt-pt\/wp-json\/wp\/v2\/types\/page"}],"author":[{"embeddable":true,"href":"https:\/\/grupoandres.desarrolloundanet.com\/pt-pt\/wp-json\/wp\/v2\/users\/1"}],"replies":[{"embeddable":true,"href":"https:\/\/grupoandres.desarrolloundanet.com\/pt-pt\/wp-json\/wp\/v2\/comments?post=1126"}],"version-history":[{"count":16,"href":"https:\/\/grupoandres.desarrolloundanet.com\/pt-pt\/wp-json\/wp\/v2\/pages\/1126\/revisions"}],"predecessor-version":[{"id":19593,"href":"https:\/\/grupoandres.desarrolloundanet.com\/pt-pt\/wp-json\/wp\/v2\/pages\/1126\/revisions\/19593"}],"wp:attachment":[{"href":"https:\/\/grupoandres.desarrolloundanet.com\/pt-pt\/wp-json\/wp\/v2\/media?parent=1126"}],"curies":[{"name":"wp","href":"https:\/\/api.w.org\/{rel}","templated":true}]}}