{"id":1124,"date":"2015-11-30T17:15:49","date_gmt":"2015-11-30T17:15:49","guid":{"rendered":"http:\/\/grupoandres.desarrolloundanet.com\/pt-pt\/sobre-grupo-andres\/"},"modified":"2024-04-08T14:38:22","modified_gmt":"2024-04-08T12:38:22","slug":"sobre-grupo-andres","status":"publish","type":"page","link":"https:\/\/grupoandres.desarrolloundanet.com\/pt-pt\/sobre-grupo-andres\/","title":{"rendered":"Sobre Grupo Andr\u00e9s"},"content":{"rendered":"<h1>O principal distribuidor independente e exclusivo da Pen\u00ednsula Ib\u00e9rica<\/h1>\n<p>O Groupo Andres \u00e9 uma hist\u00f3ria de talento, esfor\u00e7o e dedica\u00e7\u00e3o sem limites.<\/p>\n<p>Essas s\u00e3o as qualidades empreendedoras e indiscut\u00edveis de Eustaquio Andr\u00e9s, um homem que passou de vender pneus numa oficina em Salamanca com apenas 14 anos, a comprar e distribuir 3,8 milh\u00f5es de pneus em todo o mundo por ano.<\/p>\n<p>Para por em marcha esta ideia brilhante na pequena empresa que ele fundou em 1980 em Salamanca, para ser o <strong>distribuidor independente e exclusivo sendo o n\u00famero 1 de pneum\u00e1ticos de toda a Pen\u00ednsula Ib\u00e9rica<\/strong>, passando a ser uma das maiores refer\u00eancias a n\u00edvel mundial no sector de pneus.<\/p>\n<p>O Grupo Andr\u00e9s distribui <strong>2 milh\u00f5es de pneum\u00e1ticos anualmente<\/strong> e a sua factura\u00e7\u00e3o supera amplamente os <strong>120 milh\u00f5es de euros<\/strong>. Nos 45.000 metros quadrados de armazens que \u00e9 propriedade da empresa, s\u00e3o descarregados por dia mais de 10.000 pneus, tendo<strong> pneum\u00e1ticos de mais de 70 marcas<\/strong>.<\/p>\n<p>Por sua vez, distribu\u00ed pneus das cinco marcas Premium, mas tamb\u00e9m outras mais, a not\u00e1vel qualidade e pre\u00e7o \u00e9 mais do que competitivo, o que <strong>distribui de forma exclusiva<\/strong>.<\/p>\n<p>A empresa que criou Eustaquio Andr\u00e9s, em 1980, emprega mais de 180 pessoas e oferece emprego indirecto a mais de 250.<br \/>\nEste desenvolvimento de neg\u00f3cios veio gra\u00e7as \u00e0 conquista e fideliza\u00e7\u00e3o mais <strong>12.000 clientes<\/strong> com que o Grupo Andr\u00e9s conta ao dia de hoje por todo o mundo.<\/p>\n<p>E tudo isto com a sensa\u00e7\u00e3o de que, embora a empresa conte com mais de 36 anos de hist\u00f3ria, experi\u00eancia sendo-lhe atribuido um prest\u00edgio mundial que lhe \u00e9 reconhecido.<\/p>\n","protected":false},"excerpt":{"rendered":"<p>O principal distribuidor independente e exclusivo da Pen\u00ednsula Ib\u00e9rica O Groupo Andres \u00e9 uma hist\u00f3ria de talento, esfor\u00e7o e dedica\u00e7\u00e3o sem limites. Essas s\u00e3o as qualidades empreendedoras e indiscut\u00edveis de Eustaquio Andr\u00e9s, um homem que passou de vender pneus numa oficina em Salamanca com apenas 14 anos, a comprar e distribuir 3,8 milh\u00f5es de pneus &hellip; <a href=\"https:\/\/grupoandres.desarrolloundanet.com\/pt-pt\/sobre-grupo-andres\/\" class=\"more-link\">Continue reading <span class=\"screen-reader-text\">Sobre Grupo Andr\u00e9s<\/span> <span class=\"meta-nav\">&rarr;<\/span><\/a><\/p>\n","protected":false},"author":1,"featured_media":0,"parent":0,"menu_order":0,"comment_status":"closed","ping_status":"closed","template":"page-sobre-grupo-andres.php","meta":{"_acf_changed":false,"footnotes":""},"class_list":["post-1124","page","type-page","status-publish","hentry"],"acf":[],"yoast_head":"<!-- This site is optimized with the Yoast SEO plugin v27.3 - https:\/\/yoast.com\/product\/yoast-seo-wordpress\/ -->\n<title>Grupo Andr\u00e9s | Lider absoluto em venda de pneum\u00e1ticos<\/title>\n<meta name=\"description\" content=\"Distribuidor N\u00ba 1 de pneum\u00e1ticos na Pen\u00ednsula Ib\u00e9rica com sede central em Salamanca (Espanha), onde tudo come\u00e7ou com uma oficina h\u00e1 30 anos.\" \/>\n<meta name=\"robots\" content=\"index, follow, max-snippet:-1, max-image-preview:large, max-video-preview:-1\" \/>\n<link rel=\"canonical\" href=\"https:\/\/grupoandres.desarrolloundanet.com\/pt-pt\/sobre-grupo-andres\/\" \/>\n<meta property=\"og:locale\" content=\"pt_PT\" \/>\n<meta property=\"og:type\" content=\"article\" \/>\n<meta property=\"og:title\" content=\"Grupo Andr\u00e9s | Lider absoluto em venda de pneum\u00e1ticos\" \/>\n<meta property=\"og:description\" content=\"Distribuidor N\u00ba 1 de pneum\u00e1ticos na Pen\u00ednsula Ib\u00e9rica com sede central em Salamanca (Espanha), onde tudo come\u00e7ou com uma oficina h\u00e1 30 anos.\" \/>\n<meta property=\"og:url\" content=\"https:\/\/grupoandres.desarrolloundanet.com\/pt-pt\/sobre-grupo-andres\/\" \/>\n<meta property=\"og:site_name\" content=\"Grupo Andr\u00e9s Pneum\u00e1ticos\" \/>\n<meta property=\"article:modified_time\" content=\"2024-04-08T12:38:22+00:00\" \/>\n<meta name=\"twitter:card\" content=\"summary_large_image\" \/>\n<meta name=\"twitter:label1\" content=\"Tempo estimado de leitura\" \/>\n\t<meta name=\"twitter:data1\" content=\"2 minutos\" \/>\n<script type=\"application\/ld+json\" class=\"yoast-schema-graph\">{\"@context\":\"https:\\\/\\\/schema.org\",\"@graph\":[{\"@type\":\"WebPage\",\"@id\":\"https:\\\/\\\/grupoandres.desarrolloundanet.com\\\/pt-pt\\\/sobre-grupo-andres\\\/\",\"url\":\"https:\\\/\\\/grupoandres.desarrolloundanet.com\\\/pt-pt\\\/sobre-grupo-andres\\\/\",\"name\":\"Grupo Andr\u00e9s | Lider absoluto em venda de pneum\u00e1ticos\",\"isPartOf\":{\"@id\":\"https:\\\/\\\/grupoandres.desarrolloundanet.com\\\/#website\"},\"datePublished\":\"2015-11-30T17:15:49+00:00\",\"dateModified\":\"2024-04-08T12:38:22+00:00\",\"description\":\"Distribuidor N\u00ba 1 de pneum\u00e1ticos na Pen\u00ednsula Ib\u00e9rica com sede central em Salamanca (Espanha), onde tudo come\u00e7ou com uma oficina h\u00e1 30 anos.\",\"breadcrumb\":{\"@id\":\"https:\\\/\\\/grupoandres.desarrolloundanet.com\\\/pt-pt\\\/sobre-grupo-andres\\\/#breadcrumb\"},\"inLanguage\":\"pt-PT\",\"potentialAction\":[{\"@type\":\"ReadAction\",\"target\":[\"https:\\\/\\\/grupoandres.desarrolloundanet.com\\\/pt-pt\\\/sobre-grupo-andres\\\/\"]}]},{\"@type\":\"BreadcrumbList\",\"@id\":\"https:\\\/\\\/grupoandres.desarrolloundanet.com\\\/pt-pt\\\/sobre-grupo-andres\\\/#breadcrumb\",\"itemListElement\":[{\"@type\":\"ListItem\",\"position\":1,\"name\":\"Portada\",\"item\":\"https:\\\/\\\/grupoandres.desarrolloundanet.com\\\/pt-pt\\\/\"},{\"@type\":\"ListItem\",\"position\":2,\"name\":\"Sobre Grupo Andr\u00e9s\"}]},{\"@type\":\"WebSite\",\"@id\":\"https:\\\/\\\/grupoandres.desarrolloundanet.com\\\/#website\",\"url\":\"https:\\\/\\\/grupoandres.desarrolloundanet.com\\\/\",\"name\":\"Grupo Andr\u00e9s Pneum\u00e1ticos\",\"description\":\"Tyres distributor  for workshops and proffesional.Stock 500,000 tires  of  70 brands. Exclusive distributors of brands as Nankang , Matador, General Tire and more.\",\"potentialAction\":[{\"@type\":\"SearchAction\",\"target\":{\"@type\":\"EntryPoint\",\"urlTemplate\":\"https:\\\/\\\/grupoandres.desarrolloundanet.com\\\/?s={search_term_string}\"},\"query-input\":{\"@type\":\"PropertyValueSpecification\",\"valueRequired\":true,\"valueName\":\"search_term_string\"}}],\"inLanguage\":\"pt-PT\"}]}<\/script>\n<!-- \/ Yoast SEO plugin. -->","yoast_head_json":{"title":"Grupo Andr\u00e9s | Lider absoluto em venda de pneum\u00e1ticos","description":"Distribuidor N\u00ba 1 de pneum\u00e1ticos na Pen\u00ednsula Ib\u00e9rica com sede central em Salamanca (Espanha), onde tudo come\u00e7ou com uma oficina h\u00e1 30 anos.","robots":{"index":"index","follow":"follow","max-snippet":"max-snippet:-1","max-image-preview":"max-image-preview:large","max-video-preview":"max-video-preview:-1"},"canonical":"https:\/\/grupoandres.desarrolloundanet.com\/pt-pt\/sobre-grupo-andres\/","og_locale":"pt_PT","og_type":"article","og_title":"Grupo Andr\u00e9s | Lider absoluto em venda de pneum\u00e1ticos","og_description":"Distribuidor N\u00ba 1 de pneum\u00e1ticos na Pen\u00ednsula Ib\u00e9rica com sede central em Salamanca (Espanha), onde tudo come\u00e7ou com uma oficina h\u00e1 30 anos.","og_url":"https:\/\/grupoandres.desarrolloundanet.com\/pt-pt\/sobre-grupo-andres\/","og_site_name":"Grupo Andr\u00e9s Pneum\u00e1ticos","article_modified_time":"2024-04-08T12:38:22+00:00","twitter_card":"summary_large_image","twitter_misc":{"Tempo estimado de leitura":"2 minutos"},"schema":{"@context":"https:\/\/schema.org","@graph":[{"@type":"WebPage","@id":"https:\/\/grupoandres.desarrolloundanet.com\/pt-pt\/sobre-grupo-andres\/","url":"https:\/\/grupoandres.desarrolloundanet.com\/pt-pt\/sobre-grupo-andres\/","name":"Grupo Andr\u00e9s | Lider absoluto em venda de pneum\u00e1ticos","isPartOf":{"@id":"https:\/\/grupoandres.desarrolloundanet.com\/#website"},"datePublished":"2015-11-30T17:15:49+00:00","dateModified":"2024-04-08T12:38:22+00:00","description":"Distribuidor N\u00ba 1 de pneum\u00e1ticos na Pen\u00ednsula Ib\u00e9rica com sede central em Salamanca (Espanha), onde tudo come\u00e7ou com uma oficina h\u00e1 30 anos.","breadcrumb":{"@id":"https:\/\/grupoandres.desarrolloundanet.com\/pt-pt\/sobre-grupo-andres\/#breadcrumb"},"inLanguage":"pt-PT","potentialAction":[{"@type":"ReadAction","target":["https:\/\/grupoandres.desarrolloundanet.com\/pt-pt\/sobre-grupo-andres\/"]}]},{"@type":"BreadcrumbList","@id":"https:\/\/grupoandres.desarrolloundanet.com\/pt-pt\/sobre-grupo-andres\/#breadcrumb","itemListElement":[{"@type":"ListItem","position":1,"name":"Portada","item":"https:\/\/grupoandres.desarrolloundanet.com\/pt-pt\/"},{"@type":"ListItem","position":2,"name":"Sobre Grupo Andr\u00e9s"}]},{"@type":"WebSite","@id":"https:\/\/grupoandres.desarrolloundanet.com\/#website","url":"https:\/\/grupoandres.desarrolloundanet.com\/","name":"Grupo Andr\u00e9s Pneum\u00e1ticos","description":"Tyres distributor  for workshops and proffesional.Stock 500,000 tires  of  70 brands. Exclusive distributors of brands as Nankang , Matador, General Tire and more.","potentialAction":[{"@type":"SearchAction","target":{"@type":"EntryPoint","urlTemplate":"https:\/\/grupoandres.desarrolloundanet.com\/?s={search_term_string}"},"query-input":{"@type":"PropertyValueSpecification","valueRequired":true,"valueName":"search_term_string"}}],"inLanguage":"pt-PT"}]}},"_links":{"self":[{"href":"https:\/\/grupoandres.desarrolloundanet.com\/pt-pt\/wp-json\/wp\/v2\/pages\/1124","targetHints":{"allow":["GET"]}}],"collection":[{"href":"https:\/\/grupoandres.desarrolloundanet.com\/pt-pt\/wp-json\/wp\/v2\/pages"}],"about":[{"href":"https:\/\/grupoandres.desarrolloundanet.com\/pt-pt\/wp-json\/wp\/v2\/types\/page"}],"author":[{"embeddable":true,"href":"https:\/\/grupoandres.desarrolloundanet.com\/pt-pt\/wp-json\/wp\/v2\/users\/1"}],"replies":[{"embeddable":true,"href":"https:\/\/grupoandres.desarrolloundanet.com\/pt-pt\/wp-json\/wp\/v2\/comments?post=1124"}],"version-history":[{"count":29,"href":"https:\/\/grupoandres.desarrolloundanet.com\/pt-pt\/wp-json\/wp\/v2\/pages\/1124\/revisions"}],"predecessor-version":[{"id":21993,"href":"https:\/\/grupoandres.desarrolloundanet.com\/pt-pt\/wp-json\/wp\/v2\/pages\/1124\/revisions\/21993"}],"wp:attachment":[{"href":"https:\/\/grupoandres.desarrolloundanet.com\/pt-pt\/wp-json\/wp\/v2\/media?parent=1124"}],"curies":[{"name":"wp","href":"https:\/\/api.w.org\/{rel}","templated":true}]}}