{"id":1088,"date":"2015-11-30T08:55:23","date_gmt":"2015-11-30T08:55:23","guid":{"rendered":"http:\/\/grupoandres.desarrolloundanet.com\/pt-pt\/pagina-ejemplo\/"},"modified":"2026-02-13T10:44:51","modified_gmt":"2026-02-13T09:44:51","slug":"iniciacao","status":"publish","type":"page","link":"https:\/\/grupoandres.desarrolloundanet.com\/pt-pt\/","title":{"rendered":"Inicia\u00e7\u00e3o"},"content":{"rendered":"<p><strong>O GRUPO ANDR\u00c9S NEUM\u00c1TICOS<\/strong> \u00e9 o <strong>primeiro distribuidor de pneum\u00e1ticos<\/strong> exclusivo e independiente da Pen\u00ednsula Ib\u00e9rica.<\/p>\n<p>Com mais de <strong>30 anos de expeci\u00eancia<\/strong>, Neum\u00e1ticos Andr\u00e9s continua a ser uma refer\u00eancia do sector de pneum\u00e1ticos em <strong>Espanha e Portugal<\/strong>, apresentando-se como a op\u00e7\u00e3o mais s\u00f3lida e rent\u00e1vel para o sector profissional. A nossa estrat\u00e9gia concentra-se no cliente, na qual consideramos os nossos parceiros de neg\u00f3cios com os quais procura alcan\u00e7ar uma maior rentabilidade, tanto para o fornecedor como para o cliente.<\/p>\n","protected":false},"excerpt":{"rendered":"<p>O GRUPO ANDR\u00c9S NEUM\u00c1TICOS \u00e9 o primeiro distribuidor de pneum\u00e1ticos exclusivo e independiente da Pen\u00ednsula Ib\u00e9rica. Com mais de 30 anos de expeci\u00eancia, Neum\u00e1ticos Andr\u00e9s continua a ser uma refer\u00eancia do sector de pneum\u00e1ticos em Espanha e Portugal, apresentando-se como a op\u00e7\u00e3o mais s\u00f3lida e rent\u00e1vel para o sector profissional. A nossa estrat\u00e9gia concentra-se no &hellip; <a href=\"https:\/\/grupoandres.desarrolloundanet.com\/pt-pt\/\" class=\"more-link\">Continue reading <span class=\"screen-reader-text\">Inicia\u00e7\u00e3o<\/span> <span class=\"meta-nav\">&rarr;<\/span><\/a><\/p>\n","protected":false},"author":1,"featured_media":0,"parent":0,"menu_order":0,"comment_status":"closed","ping_status":"closed","template":"page-inicio.php","meta":{"_acf_changed":false,"footnotes":""},"class_list":["post-1088","page","type-page","status-publish","hentry"],"acf":[],"yoast_head":"<!-- This site is optimized with the Yoast SEO plugin v27.3 - https:\/\/yoast.com\/product\/yoast-seo-wordpress\/ -->\n<title>Lider em distribui\u00e7\u00e3o de pneum\u00e1ticos | Grupo Andr\u00e9s<\/title>\n<meta name=\"description\" content=\"Distribuidor de peum\u00e1ticos para profissionais e grossistas com um Stock de 700.000 pneum\u00e1ticos com cerca de 70 marcas. Distribuimos em exclusivo Nankang, Matador, GT e mais.\" \/>\n<meta name=\"robots\" content=\"index, follow, max-snippet:-1, max-image-preview:large, max-video-preview:-1\" \/>\n<link rel=\"canonical\" href=\"https:\/\/grupoandres.desarrolloundanet.com\/pt-pt\/\" \/>\n<meta property=\"og:locale\" content=\"pt_PT\" \/>\n<meta property=\"og:type\" content=\"article\" \/>\n<meta property=\"og:title\" content=\"Lider em distribui\u00e7\u00e3o de pneum\u00e1ticos | Grupo Andr\u00e9s\" \/>\n<meta property=\"og:description\" content=\"Distribuidor de peum\u00e1ticos para profissionais e grossistas com um Stock de 700.000 pneum\u00e1ticos com cerca de 70 marcas. Distribuimos em exclusivo Nankang, Matador, GT e mais.\" \/>\n<meta property=\"og:url\" content=\"https:\/\/grupoandres.desarrolloundanet.com\/pt-pt\/\" \/>\n<meta property=\"og:site_name\" content=\"Grupo Andr\u00e9s Pneum\u00e1ticos\" \/>\n<meta property=\"article:modified_time\" content=\"2026-02-13T09:44:51+00:00\" \/>\n<meta name=\"twitter:card\" content=\"summary_large_image\" \/>\n<meta name=\"twitter:label1\" content=\"Tempo estimado de leitura\" \/>\n\t<meta name=\"twitter:data1\" content=\"1 minuto\" \/>\n<script type=\"application\/ld+json\" class=\"yoast-schema-graph\">{\"@context\":\"https:\\\/\\\/schema.org\",\"@graph\":[{\"@type\":\"WebPage\",\"@id\":\"https:\\\/\\\/grupoandres.desarrolloundanet.com\\\/pt-pt\\\/\",\"url\":\"https:\\\/\\\/grupoandres.desarrolloundanet.com\\\/pt-pt\\\/\",\"name\":\"Lider em distribui\u00e7\u00e3o de pneum\u00e1ticos | Grupo Andr\u00e9s\",\"isPartOf\":{\"@id\":\"https:\\\/\\\/grupoandres.desarrolloundanet.com\\\/#website\"},\"datePublished\":\"2015-11-30T08:55:23+00:00\",\"dateModified\":\"2026-02-13T09:44:51+00:00\",\"description\":\"Distribuidor de peum\u00e1ticos para profissionais e grossistas com um Stock de 700.000 pneum\u00e1ticos com cerca de 70 marcas. Distribuimos em exclusivo Nankang, Matador, GT e mais.\",\"breadcrumb\":{\"@id\":\"https:\\\/\\\/grupoandres.desarrolloundanet.com\\\/pt-pt\\\/#breadcrumb\"},\"inLanguage\":\"pt-PT\",\"potentialAction\":[{\"@type\":\"ReadAction\",\"target\":[\"https:\\\/\\\/grupoandres.desarrolloundanet.com\\\/pt-pt\\\/\"]}]},{\"@type\":\"BreadcrumbList\",\"@id\":\"https:\\\/\\\/grupoandres.desarrolloundanet.com\\\/pt-pt\\\/#breadcrumb\",\"itemListElement\":[{\"@type\":\"ListItem\",\"position\":1,\"name\":\"Portada\",\"item\":\"https:\\\/\\\/grupoandres.desarrolloundanet.com\\\/pt-pt\\\/\"},{\"@type\":\"ListItem\",\"position\":2,\"name\":\"Inicia\u00e7\u00e3o\"}]},{\"@type\":\"WebSite\",\"@id\":\"https:\\\/\\\/grupoandres.desarrolloundanet.com\\\/#website\",\"url\":\"https:\\\/\\\/grupoandres.desarrolloundanet.com\\\/\",\"name\":\"Grupo Andr\u00e9s Pneum\u00e1ticos\",\"description\":\"Tyres distributor  for workshops and proffesional.Stock 500,000 tires  of  70 brands. Exclusive distributors of brands as Nankang , Matador, General Tire and more.\",\"potentialAction\":[{\"@type\":\"SearchAction\",\"target\":{\"@type\":\"EntryPoint\",\"urlTemplate\":\"https:\\\/\\\/grupoandres.desarrolloundanet.com\\\/?s={search_term_string}\"},\"query-input\":{\"@type\":\"PropertyValueSpecification\",\"valueRequired\":true,\"valueName\":\"search_term_string\"}}],\"inLanguage\":\"pt-PT\"}]}<\/script>\n<!-- \/ Yoast SEO plugin. -->","yoast_head_json":{"title":"Lider em distribui\u00e7\u00e3o de pneum\u00e1ticos | Grupo Andr\u00e9s","description":"Distribuidor de peum\u00e1ticos para profissionais e grossistas com um Stock de 700.000 pneum\u00e1ticos com cerca de 70 marcas. Distribuimos em exclusivo Nankang, Matador, GT e mais.","robots":{"index":"index","follow":"follow","max-snippet":"max-snippet:-1","max-image-preview":"max-image-preview:large","max-video-preview":"max-video-preview:-1"},"canonical":"https:\/\/grupoandres.desarrolloundanet.com\/pt-pt\/","og_locale":"pt_PT","og_type":"article","og_title":"Lider em distribui\u00e7\u00e3o de pneum\u00e1ticos | Grupo Andr\u00e9s","og_description":"Distribuidor de peum\u00e1ticos para profissionais e grossistas com um Stock de 700.000 pneum\u00e1ticos com cerca de 70 marcas. Distribuimos em exclusivo Nankang, Matador, GT e mais.","og_url":"https:\/\/grupoandres.desarrolloundanet.com\/pt-pt\/","og_site_name":"Grupo Andr\u00e9s Pneum\u00e1ticos","article_modified_time":"2026-02-13T09:44:51+00:00","twitter_card":"summary_large_image","twitter_misc":{"Tempo estimado de leitura":"1 minuto"},"schema":{"@context":"https:\/\/schema.org","@graph":[{"@type":"WebPage","@id":"https:\/\/grupoandres.desarrolloundanet.com\/pt-pt\/","url":"https:\/\/grupoandres.desarrolloundanet.com\/pt-pt\/","name":"Lider em distribui\u00e7\u00e3o de pneum\u00e1ticos | Grupo Andr\u00e9s","isPartOf":{"@id":"https:\/\/grupoandres.desarrolloundanet.com\/#website"},"datePublished":"2015-11-30T08:55:23+00:00","dateModified":"2026-02-13T09:44:51+00:00","description":"Distribuidor de peum\u00e1ticos para profissionais e grossistas com um Stock de 700.000 pneum\u00e1ticos com cerca de 70 marcas. Distribuimos em exclusivo Nankang, Matador, GT e mais.","breadcrumb":{"@id":"https:\/\/grupoandres.desarrolloundanet.com\/pt-pt\/#breadcrumb"},"inLanguage":"pt-PT","potentialAction":[{"@type":"ReadAction","target":["https:\/\/grupoandres.desarrolloundanet.com\/pt-pt\/"]}]},{"@type":"BreadcrumbList","@id":"https:\/\/grupoandres.desarrolloundanet.com\/pt-pt\/#breadcrumb","itemListElement":[{"@type":"ListItem","position":1,"name":"Portada","item":"https:\/\/grupoandres.desarrolloundanet.com\/pt-pt\/"},{"@type":"ListItem","position":2,"name":"Inicia\u00e7\u00e3o"}]},{"@type":"WebSite","@id":"https:\/\/grupoandres.desarrolloundanet.com\/#website","url":"https:\/\/grupoandres.desarrolloundanet.com\/","name":"Grupo Andr\u00e9s Pneum\u00e1ticos","description":"Tyres distributor  for workshops and proffesional.Stock 500,000 tires  of  70 brands. Exclusive distributors of brands as Nankang , Matador, General Tire and more.","potentialAction":[{"@type":"SearchAction","target":{"@type":"EntryPoint","urlTemplate":"https:\/\/grupoandres.desarrolloundanet.com\/?s={search_term_string}"},"query-input":{"@type":"PropertyValueSpecification","valueRequired":true,"valueName":"search_term_string"}}],"inLanguage":"pt-PT"}]}},"_links":{"self":[{"href":"https:\/\/grupoandres.desarrolloundanet.com\/pt-pt\/wp-json\/wp\/v2\/pages\/1088","targetHints":{"allow":["GET"]}}],"collection":[{"href":"https:\/\/grupoandres.desarrolloundanet.com\/pt-pt\/wp-json\/wp\/v2\/pages"}],"about":[{"href":"https:\/\/grupoandres.desarrolloundanet.com\/pt-pt\/wp-json\/wp\/v2\/types\/page"}],"author":[{"embeddable":true,"href":"https:\/\/grupoandres.desarrolloundanet.com\/pt-pt\/wp-json\/wp\/v2\/users\/1"}],"replies":[{"embeddable":true,"href":"https:\/\/grupoandres.desarrolloundanet.com\/pt-pt\/wp-json\/wp\/v2\/comments?post=1088"}],"version-history":[{"count":159,"href":"https:\/\/grupoandres.desarrolloundanet.com\/pt-pt\/wp-json\/wp\/v2\/pages\/1088\/revisions"}],"predecessor-version":[{"id":26520,"href":"https:\/\/grupoandres.desarrolloundanet.com\/pt-pt\/wp-json\/wp\/v2\/pages\/1088\/revisions\/26520"}],"wp:attachment":[{"href":"https:\/\/grupoandres.desarrolloundanet.com\/pt-pt\/wp-json\/wp\/v2\/media?parent=1088"}],"curies":[{"name":"wp","href":"https:\/\/api.w.org\/{rel}","templated":true}]}}