{"id":4639,"date":"2018-06-20T16:20:42","date_gmt":"2018-06-20T15:20:42","guid":{"rendered":"https:\/\/grupoandres.desarrolloundanet.com\/?page_id=4639"},"modified":"2022-04-27T14:41:20","modified_gmt":"2022-04-27T12:41:20","slug":"politica-sulla-privacy","status":"publish","type":"page","link":"https:\/\/grupoandres.desarrolloundanet.com\/it\/politica-sulla-privacy\/","title":{"rendered":"Politica sulla privacy"},"content":{"rendered":"<div class=\"justificado\">\n<p>Lazienda NEUM\u00c1TICOS ANDR\u00c9S SAU e le aziende del gruppo, compionono con la normativa applicabile dell aprotezione dati ed ha realizzato i cambi necessari per adattarsi alla nuova normativa europea.<\/p>\n<p>Per questo motivo abbiamo revisato il nostro sistema di protezione dati di carattere personale, abbiamo valuto i rischi esistenti, abbiamo implementato le corrispondenti misure di sicurezza e aggiornato le formule informative e i contratti dei gestori dei trattamenti, che sono stati valutati precedentemente per grarantire che ci venga fornito un livello di sicurezza conforme a quello implementato nella nostra azienda.<\/p>\n<p>Per noi \u00e8 di vitale importanza che la cura dei dati dei nostri clienti, i contatti ed il nostro sistema informatico siano costantemente revisati per assicurarci il massimo livello di sicurezzo per i vostri dati.<\/p>\n<p>Le comunicazioni commerciali che facciamo sono sempre dirette ai nostri clienti o contatti i cui dati sono stati ottenuti registrandosi sul nostro sito Web, per telefono o in una visita commerciale.<\/p>\n<p>In alcune occasioni utilizziamo fonti accessibili al pubblico per raggiungere anche potenziali clienti nel settore, sempre con le garanzie stabilite dai regolamenti.<\/p>\n<p>Di seguito vi informiamo seguendo i principi del nuovo regolamento europeo sulla protezione dei dati in modo chiaro e semplice del trattamento che eseguiamo sui vostri dati e dei diritti che vi assistono come proprietari di questi dati.<\/p>\n<p>Riteniamo importante ricordare che questo regolamento si applica ai dati personali e non ai dati aziendali.<\/p>\n<p><strong>INFORMAZIONI SUL TRATTAMENTO DEI DATI DEL CLIENTE E CONTATTI PER LE CAMPAGNE COMMERCIALI.<\/strong><\/p>\n<p><strong>1. Chi \u00e8 il responsabile per il trattamento dei suoi dati?<\/strong><\/p>\n<p>Responsabile: Entit\u00e0: NEUM\u00c1TICOS ANDR\u00c9S SAU &#8211; CIF: A84593722 Dir. postale: CRA C-517 CENTRO DE TRANSPORTES. Salamanca. Telefono: 923193248 e-mail: correos@grupoandres.com<\/p>\n<p><strong>2. Da dove li prendiamo?<\/strong><\/p>\n<p>Direttamente dalla parte interessata, sia attraverso il web, per telefono o attraverso le nostre pubblicit\u00e0.<br \/>\nA volte da fonti accessibili al pubblico.<\/p>\n<p><strong>3. Qual \u00e8 lo scopo del trattamento?<\/strong><\/p>\n<p>Fornire il miglior servizio ai nostri clienti o contatti, rispettare gli obblighi legali stabiliti, informarli delle offerte di prodotti o servizi relativi alla loro attivit\u00e0 commerciale sulle quali potrebbe avere un interesse legittimo. Anche nel nostro interesse del miglioramento continuo, questi dati possono essere utilizzati a fini statistici al solo scopo di valutare la qualit\u00e0 del nostro servizio.<\/p>\n<p><strong>4. Legittimazione:<\/strong><\/p>\n<p>Obbligo giuridico, interesse legittimo e consenso dell&#8217;interessato.<\/p>\n<p><strong>5. Destinatari:<\/strong><\/p>\n<p>Soggetti finanziari per la realizzazione di pagamenti, fornitori, organizzazioni pubbliche o private collegate al servizio e altre entit\u00e0 necessarie per eseguire la fornitura del servizio appaltato.<br \/>\nI tuoi dati saranno trasferiti solo alle societ\u00e0 del gruppo per il semplice trattamento amministrativo, nonch\u00e9 alle societ\u00e0 con un rapporto commerciale con noi che completano il nostro servizio per migliorare la qualit\u00e0 del servizio che ricevi (logistica, produzione, ecc.). Aziende con le quali abbiamo regolato il rapporto assicurando che rispettano le norme sulla protezione dei dati e che non usano i dati per scopi diversi da quelli previsti.<br \/>\nIl trasferimento dei tuoi dati a societ\u00e0 al di fuori dell&#8217;UE non \u00e8 previsto.<br \/>\nIn rari casi utilizziamo le applicazioni per inviare comunicazioni commerciali che potrebbero trovarsi al di fuori dell&#8217;UE, in questi casi si verificheranno sempre le politiche sulla privacy di queste societ\u00e0 per garantire che soddisfino i requisiti richiesti.<\/p>\n<p><strong>6. Quali sono i tuoi diritti quando ci fornisci i tuoi dati personali?<\/strong><\/p>\n<p>L&#8217;Utente ha il diritto di ottenere la conferma dei dati personali che lo riguardano, nonch\u00e9 di accedere ai propri dati personali, richiedere la correzione di dati inesatti o, se necessario, richiederne la cancellazione quando, tra le altre ragioni, i dati non siano pi\u00f9 necessari per gli scopi per i quali sono stati raccolti.<\/p>\n<p>In determinate circostanze, \u00e8 possibile richiedere la limitazione del trattamento dei dati, in tal caso caso essi verranno conservati solo per l&#8217;esercizio o la difesa delle reclamazioni.<\/p>\n<p>In determinate circostanze e per motivi legati alla tua particolare situazione, puoi opporsi al trattamento dei tuoi dati. In questo caso la societ\u00e0 cesser\u00e0 di trattare i dati, eccetto per motivi legittimi convincenti, o l&#8217;esercizio o la difesa di possibili reclamazioni.<\/p>\n<p>Potr\u00e0 le informazioni che considera opportune in relazione a questa Pol\u00edtica, nonch\u00e9 esercitare i tuoi diritti nei termini previsti dalla legge, per cui \u00e8 necessario indirizzare una comunicazione via e-mail a: correos@grupoandres.com con l&#8217;indicazione della richiesta corrispondente e accompagnato da un documento di identit\u00e0.<\/p>\n<p>Nel caso in cui non siate soddisfatti del\u2019esercizio dei propri diritti, pu\u00f2 presentare una richiesta di protezione dei diritti davanti all&#8217;Agenzia spagnola per la protezione dei dati attraverso la sua sede centrale elettronica.<\/p>\n<p><strong>Se desidera maggiori informazioni sui suoi diritti, non esitare a contattarci, saremo felici di assisterti e di spiegare quanto ti interessi nell&#8217;esercizio di questi diritti o di qualsiasi altro aspetto dei regolamenti.<\/strong><\/p>\n<p>Neumaticos Andres \u00e8 conforme alla legge sulla protezione dei dati in vigore nell&#8217;Unione Europea e che espone sul proprio sito web\u00a0<a href=\"https:\/\/grupoandres.desarrolloundanet.com\/\">grupoandres.desarrolloundanet.com<\/a>. Tale protezione dei dati \u00e8 stata gestita attraverso la societ\u00e0:<\/p>\n<p>Eleffan formaci\u00f3n &#038; desarrollo<br \/>\nC\/ Fonseca 2, 3\u00ba Planta, despacho 8<br \/>\n(Salamanca)<br \/>\nCELESTINA MARTIN SOTO 70802184L<br \/>\nhttps:\/\/www.grupoeleffan.es\/index.html<\/p>\n<p>Inoltre Neumaticos Andres nel caso di clienti che lavorino con il consumatore finale e nei quali la merce viene inviata a questi consumatori finali, tali dati del cliente saranno processati come indirizzi temporanei, con la sola applicazione e finalit\u00e0 che la spedizione della merce e successiva cancellazione il giorno successivo nel software gestionale dell&#8217;azienda, senza lasciarne traccia.\n<\/p><\/div>\n","protected":false},"excerpt":{"rendered":"<p>Lazienda NEUM\u00c1TICOS ANDR\u00c9S SAU e le aziende del gruppo, compionono con la normativa applicabile dell aprotezione dati ed ha realizzato i cambi necessari per adattarsi alla nuova normativa europea. Per questo motivo abbiamo revisato il nostro sistema di protezione dati di carattere personale, abbiamo valuto i rischi esistenti, abbiamo implementato le corrispondenti misure di sicurezza &hellip; <a href=\"https:\/\/grupoandres.desarrolloundanet.com\/it\/politica-sulla-privacy\/\" class=\"more-link\">Continue reading <span class=\"screen-reader-text\">Politica sulla privacy<\/span> <span class=\"meta-nav\">&rarr;<\/span><\/a><\/p>\n","protected":false},"author":1,"featured_media":0,"parent":0,"menu_order":0,"comment_status":"closed","ping_status":"closed","template":"page-generica-texto.php","meta":{"_acf_changed":false,"footnotes":""},"class_list":["post-4639","page","type-page","status-publish","hentry"],"acf":[],"yoast_head":"<!-- This site is optimized with the Yoast SEO plugin v27.3 - https:\/\/yoast.com\/product\/yoast-seo-wordpress\/ -->\n<title>Politica sulla privacy - Grupo Andr\u00e9s Tyres<\/title>\n<meta name=\"description\" content=\"Politica de privacidade. NEUM\u00c1TICOS ANDR\u00c9S SAU e le aziende del gruppo, compionono con la normativa applicabile dell aprotezione dati ed ha realizzato i cambi necessari per adattarsi alla nuova normativa europea.\" \/>\n<meta name=\"robots\" content=\"index, follow, max-snippet:-1, max-image-preview:large, max-video-preview:-1\" \/>\n<link rel=\"canonical\" href=\"https:\/\/grupoandres.desarrolloundanet.com\/it\/politica-sulla-privacy\/\" \/>\n<meta property=\"og:locale\" content=\"it_IT\" \/>\n<meta property=\"og:type\" content=\"article\" \/>\n<meta property=\"og:title\" content=\"Politica sulla privacy - Grupo Andr\u00e9s Tyres\" \/>\n<meta property=\"og:description\" content=\"Politica de privacidade. NEUM\u00c1TICOS ANDR\u00c9S SAU e le aziende del gruppo, compionono con la normativa applicabile dell aprotezione dati ed ha realizzato i cambi necessari per adattarsi alla nuova normativa europea.\" \/>\n<meta property=\"og:url\" content=\"https:\/\/grupoandres.desarrolloundanet.com\/it\/politica-sulla-privacy\/\" \/>\n<meta property=\"og:site_name\" content=\"Grupo Andr\u00e9s Tyres\" \/>\n<meta property=\"article:modified_time\" content=\"2022-04-27T12:41:20+00:00\" \/>\n<meta name=\"twitter:card\" content=\"summary_large_image\" \/>\n<meta name=\"twitter:label1\" content=\"Tempo di lettura stimato\" \/>\n\t<meta name=\"twitter:data1\" content=\"4 minuti\" \/>\n<script type=\"application\/ld+json\" class=\"yoast-schema-graph\">{\"@context\":\"https:\\\/\\\/schema.org\",\"@graph\":[{\"@type\":\"WebPage\",\"@id\":\"https:\\\/\\\/grupoandres.desarrolloundanet.com\\\/it\\\/politica-sulla-privacy\\\/\",\"url\":\"https:\\\/\\\/grupoandres.desarrolloundanet.com\\\/it\\\/politica-sulla-privacy\\\/\",\"name\":\"Politica sulla privacy - Grupo Andr\u00e9s Tyres\",\"isPartOf\":{\"@id\":\"https:\\\/\\\/grupoandres.desarrolloundanet.com\\\/#website\"},\"datePublished\":\"2018-06-20T15:20:42+00:00\",\"dateModified\":\"2022-04-27T12:41:20+00:00\",\"description\":\"Politica de privacidade. NEUM\u00c1TICOS ANDR\u00c9S SAU e le aziende del gruppo, compionono con la normativa applicabile dell aprotezione dati ed ha realizzato i cambi necessari per adattarsi alla nuova normativa europea.\",\"breadcrumb\":{\"@id\":\"https:\\\/\\\/grupoandres.desarrolloundanet.com\\\/it\\\/politica-sulla-privacy\\\/#breadcrumb\"},\"inLanguage\":\"it-IT\",\"potentialAction\":[{\"@type\":\"ReadAction\",\"target\":[\"https:\\\/\\\/grupoandres.desarrolloundanet.com\\\/it\\\/politica-sulla-privacy\\\/\"]}]},{\"@type\":\"BreadcrumbList\",\"@id\":\"https:\\\/\\\/grupoandres.desarrolloundanet.com\\\/it\\\/politica-sulla-privacy\\\/#breadcrumb\",\"itemListElement\":[{\"@type\":\"ListItem\",\"position\":1,\"name\":\"Portada\",\"item\":\"https:\\\/\\\/grupoandres.desarrolloundanet.com\\\/it\\\/\"},{\"@type\":\"ListItem\",\"position\":2,\"name\":\"Politica sulla privacy\"}]},{\"@type\":\"WebSite\",\"@id\":\"https:\\\/\\\/grupoandres.desarrolloundanet.com\\\/#website\",\"url\":\"https:\\\/\\\/grupoandres.desarrolloundanet.com\\\/\",\"name\":\"Grupo Andr\u00e9s Tyres\",\"description\":\"Tyres distributor  for workshops and proffesional.Stock 500,000 tires  of  70 brands. Exclusive distributors of brands as Nankang , Matador, General Tire and more.\",\"potentialAction\":[{\"@type\":\"SearchAction\",\"target\":{\"@type\":\"EntryPoint\",\"urlTemplate\":\"https:\\\/\\\/grupoandres.desarrolloundanet.com\\\/?s={search_term_string}\"},\"query-input\":{\"@type\":\"PropertyValueSpecification\",\"valueRequired\":true,\"valueName\":\"search_term_string\"}}],\"inLanguage\":\"it-IT\"}]}<\/script>\n<!-- \/ Yoast SEO plugin. -->","yoast_head_json":{"title":"Politica sulla privacy - Grupo Andr\u00e9s Tyres","description":"Politica de privacidade. NEUM\u00c1TICOS ANDR\u00c9S SAU e le aziende del gruppo, compionono con la normativa applicabile dell aprotezione dati ed ha realizzato i cambi necessari per adattarsi alla nuova normativa europea.","robots":{"index":"index","follow":"follow","max-snippet":"max-snippet:-1","max-image-preview":"max-image-preview:large","max-video-preview":"max-video-preview:-1"},"canonical":"https:\/\/grupoandres.desarrolloundanet.com\/it\/politica-sulla-privacy\/","og_locale":"it_IT","og_type":"article","og_title":"Politica sulla privacy - Grupo Andr\u00e9s Tyres","og_description":"Politica de privacidade. NEUM\u00c1TICOS ANDR\u00c9S SAU e le aziende del gruppo, compionono con la normativa applicabile dell aprotezione dati ed ha realizzato i cambi necessari per adattarsi alla nuova normativa europea.","og_url":"https:\/\/grupoandres.desarrolloundanet.com\/it\/politica-sulla-privacy\/","og_site_name":"Grupo Andr\u00e9s Tyres","article_modified_time":"2022-04-27T12:41:20+00:00","twitter_card":"summary_large_image","twitter_misc":{"Tempo di lettura stimato":"4 minuti"},"schema":{"@context":"https:\/\/schema.org","@graph":[{"@type":"WebPage","@id":"https:\/\/grupoandres.desarrolloundanet.com\/it\/politica-sulla-privacy\/","url":"https:\/\/grupoandres.desarrolloundanet.com\/it\/politica-sulla-privacy\/","name":"Politica sulla privacy - Grupo Andr\u00e9s Tyres","isPartOf":{"@id":"https:\/\/grupoandres.desarrolloundanet.com\/#website"},"datePublished":"2018-06-20T15:20:42+00:00","dateModified":"2022-04-27T12:41:20+00:00","description":"Politica de privacidade. NEUM\u00c1TICOS ANDR\u00c9S SAU e le aziende del gruppo, compionono con la normativa applicabile dell aprotezione dati ed ha realizzato i cambi necessari per adattarsi alla nuova normativa europea.","breadcrumb":{"@id":"https:\/\/grupoandres.desarrolloundanet.com\/it\/politica-sulla-privacy\/#breadcrumb"},"inLanguage":"it-IT","potentialAction":[{"@type":"ReadAction","target":["https:\/\/grupoandres.desarrolloundanet.com\/it\/politica-sulla-privacy\/"]}]},{"@type":"BreadcrumbList","@id":"https:\/\/grupoandres.desarrolloundanet.com\/it\/politica-sulla-privacy\/#breadcrumb","itemListElement":[{"@type":"ListItem","position":1,"name":"Portada","item":"https:\/\/grupoandres.desarrolloundanet.com\/it\/"},{"@type":"ListItem","position":2,"name":"Politica sulla privacy"}]},{"@type":"WebSite","@id":"https:\/\/grupoandres.desarrolloundanet.com\/#website","url":"https:\/\/grupoandres.desarrolloundanet.com\/","name":"Grupo Andr\u00e9s Tyres","description":"Tyres distributor  for workshops and proffesional.Stock 500,000 tires  of  70 brands. Exclusive distributors of brands as Nankang , Matador, General Tire and more.","potentialAction":[{"@type":"SearchAction","target":{"@type":"EntryPoint","urlTemplate":"https:\/\/grupoandres.desarrolloundanet.com\/?s={search_term_string}"},"query-input":{"@type":"PropertyValueSpecification","valueRequired":true,"valueName":"search_term_string"}}],"inLanguage":"it-IT"}]}},"_links":{"self":[{"href":"https:\/\/grupoandres.desarrolloundanet.com\/it\/wp-json\/wp\/v2\/pages\/4639","targetHints":{"allow":["GET"]}}],"collection":[{"href":"https:\/\/grupoandres.desarrolloundanet.com\/it\/wp-json\/wp\/v2\/pages"}],"about":[{"href":"https:\/\/grupoandres.desarrolloundanet.com\/it\/wp-json\/wp\/v2\/types\/page"}],"author":[{"embeddable":true,"href":"https:\/\/grupoandres.desarrolloundanet.com\/it\/wp-json\/wp\/v2\/users\/1"}],"replies":[{"embeddable":true,"href":"https:\/\/grupoandres.desarrolloundanet.com\/it\/wp-json\/wp\/v2\/comments?post=4639"}],"version-history":[{"count":11,"href":"https:\/\/grupoandres.desarrolloundanet.com\/it\/wp-json\/wp\/v2\/pages\/4639\/revisions"}],"predecessor-version":[{"id":17850,"href":"https:\/\/grupoandres.desarrolloundanet.com\/it\/wp-json\/wp\/v2\/pages\/4639\/revisions\/17850"}],"wp:attachment":[{"href":"https:\/\/grupoandres.desarrolloundanet.com\/it\/wp-json\/wp\/v2\/media?parent=4639"}],"curies":[{"name":"wp","href":"https:\/\/api.w.org\/{rel}","templated":true}]}}