{"id":3577,"date":"2015-12-03T09:15:56","date_gmt":"2015-12-03T07:15:56","guid":{"rendered":"http:\/\/grupoandres.desarrolloundanet.com\/it\/marcas\/"},"modified":"2021-12-01T09:04:54","modified_gmt":"2021-12-01T08:04:54","slug":"marche","status":"publish","type":"page","link":"https:\/\/grupoandres.desarrolloundanet.com\/it\/marche\/","title":{"rendered":"Marche"},"content":{"rendered":"<p>Grupo\u00a0Andr\u00e9s lavora con le <strong>principali marche di pneumatici\u00a0<\/strong>europee, asiatiche e degli Sati Uniti, inoltre, importiamo gomme di marche di qualit\u00e0 di altri paesi fabbricanti fuori dall&#8217;Europa.<\/p>\n<p>Con un&#8217;offerta di pi\u00f9 di 70 marche di pneumatici e pi\u00f9 di 5000 riferimenti, da Grupo Andres possiamo soddisfare tutte le necessit\u00e0 dei nostri clienti, tanto per coloro che cercano le marche Premium pi\u00f9 esclusive come per coloro che cercano un pneumatico economico, in grado di soddisfare tutti gli standard di qualit\u00e0 che esige il mercato europeo e tutte le garanzie si sicurezza.<\/p>\n<h2>PNEUMATICI PER TUTTI I TIPI DI VEICOLI<\/h2>\n","protected":false},"excerpt":{"rendered":"<p>Grupo\u00a0Andr\u00e9s lavora con le principali marche di pneumatici\u00a0europee, asiatiche e degli Sati Uniti, inoltre, importiamo gomme di marche di qualit\u00e0 di altri paesi fabbricanti fuori dall&#8217;Europa. Con un&#8217;offerta di pi\u00f9 di 70 marche di pneumatici e pi\u00f9 di 5000 riferimenti, da Grupo Andres possiamo soddisfare tutte le necessit\u00e0 dei nostri clienti, tanto per coloro che &hellip; <a href=\"https:\/\/grupoandres.desarrolloundanet.com\/it\/marche\/\" class=\"more-link\">Continue reading <span class=\"screen-reader-text\">Marche<\/span> <span class=\"meta-nav\">&rarr;<\/span><\/a><\/p>\n","protected":false},"author":1,"featured_media":0,"parent":0,"menu_order":0,"comment_status":"closed","ping_status":"closed","template":"page-marcas-todas.php","meta":{"_acf_changed":false,"footnotes":""},"class_list":["post-3577","page","type-page","status-publish","hentry"],"acf":[],"yoast_head":"<!-- This site is optimized with the Yoast SEO plugin v27.3 - https:\/\/yoast.com\/product\/yoast-seo-wordpress\/ -->\n<title>Distributore di pneumatici per officine | Grupo Andr\u00e9s<\/title>\n<meta name=\"description\" content=\"Distributore di pneumatici a gommisti e grossisti in Spagna e Europa. Pi\u00f9 di 70 marche. Fornitore delle migliori ruote del mercato.\" \/>\n<meta name=\"robots\" content=\"index, follow, max-snippet:-1, max-image-preview:large, max-video-preview:-1\" \/>\n<link rel=\"canonical\" href=\"https:\/\/grupoandres.desarrolloundanet.com\/it\/marche\/\" \/>\n<meta property=\"og:locale\" content=\"it_IT\" \/>\n<meta property=\"og:type\" content=\"article\" \/>\n<meta property=\"og:title\" content=\"Distributore di pneumatici per officine | Grupo Andr\u00e9s\" \/>\n<meta property=\"og:description\" content=\"Distributore di pneumatici a gommisti e grossisti in Spagna e Europa. Pi\u00f9 di 70 marche. Fornitore delle migliori ruote del mercato.\" \/>\n<meta property=\"og:url\" content=\"https:\/\/grupoandres.desarrolloundanet.com\/it\/marche\/\" \/>\n<meta property=\"og:site_name\" content=\"Grupo Andr\u00e9s Tyres\" \/>\n<meta property=\"article:modified_time\" content=\"2021-12-01T08:04:54+00:00\" \/>\n<meta name=\"twitter:card\" content=\"summary_large_image\" \/>\n<script type=\"application\/ld+json\" class=\"yoast-schema-graph\">{\"@context\":\"https:\\\/\\\/schema.org\",\"@graph\":[{\"@type\":\"WebPage\",\"@id\":\"https:\\\/\\\/grupoandres.desarrolloundanet.com\\\/it\\\/marche\\\/\",\"url\":\"https:\\\/\\\/grupoandres.desarrolloundanet.com\\\/it\\\/marche\\\/\",\"name\":\"Distributore di pneumatici per officine | Grupo Andr\u00e9s\",\"isPartOf\":{\"@id\":\"https:\\\/\\\/grupoandres.desarrolloundanet.com\\\/#website\"},\"datePublished\":\"2015-12-03T07:15:56+00:00\",\"dateModified\":\"2021-12-01T08:04:54+00:00\",\"description\":\"Distributore di pneumatici a gommisti e grossisti in Spagna e Europa. Pi\u00f9 di 70 marche. Fornitore delle migliori ruote del mercato.\",\"breadcrumb\":{\"@id\":\"https:\\\/\\\/grupoandres.desarrolloundanet.com\\\/it\\\/marche\\\/#breadcrumb\"},\"inLanguage\":\"it-IT\",\"potentialAction\":[{\"@type\":\"ReadAction\",\"target\":[\"https:\\\/\\\/grupoandres.desarrolloundanet.com\\\/it\\\/marche\\\/\"]}]},{\"@type\":\"BreadcrumbList\",\"@id\":\"https:\\\/\\\/grupoandres.desarrolloundanet.com\\\/it\\\/marche\\\/#breadcrumb\",\"itemListElement\":[{\"@type\":\"ListItem\",\"position\":1,\"name\":\"Portada\",\"item\":\"https:\\\/\\\/grupoandres.desarrolloundanet.com\\\/it\\\/\"},{\"@type\":\"ListItem\",\"position\":2,\"name\":\"Marche\"}]},{\"@type\":\"WebSite\",\"@id\":\"https:\\\/\\\/grupoandres.desarrolloundanet.com\\\/#website\",\"url\":\"https:\\\/\\\/grupoandres.desarrolloundanet.com\\\/\",\"name\":\"Grupo Andr\u00e9s Tyres\",\"description\":\"Tyres distributor  for workshops and proffesional.Stock 500,000 tires  of  70 brands. Exclusive distributors of brands as Nankang , Matador, General Tire and more.\",\"potentialAction\":[{\"@type\":\"SearchAction\",\"target\":{\"@type\":\"EntryPoint\",\"urlTemplate\":\"https:\\\/\\\/grupoandres.desarrolloundanet.com\\\/?s={search_term_string}\"},\"query-input\":{\"@type\":\"PropertyValueSpecification\",\"valueRequired\":true,\"valueName\":\"search_term_string\"}}],\"inLanguage\":\"it-IT\"}]}<\/script>\n<!-- \/ Yoast SEO plugin. -->","yoast_head_json":{"title":"Distributore di pneumatici per officine | Grupo Andr\u00e9s","description":"Distributore di pneumatici a gommisti e grossisti in Spagna e Europa. Pi\u00f9 di 70 marche. Fornitore delle migliori ruote del mercato.","robots":{"index":"index","follow":"follow","max-snippet":"max-snippet:-1","max-image-preview":"max-image-preview:large","max-video-preview":"max-video-preview:-1"},"canonical":"https:\/\/grupoandres.desarrolloundanet.com\/it\/marche\/","og_locale":"it_IT","og_type":"article","og_title":"Distributore di pneumatici per officine | Grupo Andr\u00e9s","og_description":"Distributore di pneumatici a gommisti e grossisti in Spagna e Europa. Pi\u00f9 di 70 marche. Fornitore delle migliori ruote del mercato.","og_url":"https:\/\/grupoandres.desarrolloundanet.com\/it\/marche\/","og_site_name":"Grupo Andr\u00e9s Tyres","article_modified_time":"2021-12-01T08:04:54+00:00","twitter_card":"summary_large_image","schema":{"@context":"https:\/\/schema.org","@graph":[{"@type":"WebPage","@id":"https:\/\/grupoandres.desarrolloundanet.com\/it\/marche\/","url":"https:\/\/grupoandres.desarrolloundanet.com\/it\/marche\/","name":"Distributore di pneumatici per officine | Grupo Andr\u00e9s","isPartOf":{"@id":"https:\/\/grupoandres.desarrolloundanet.com\/#website"},"datePublished":"2015-12-03T07:15:56+00:00","dateModified":"2021-12-01T08:04:54+00:00","description":"Distributore di pneumatici a gommisti e grossisti in Spagna e Europa. Pi\u00f9 di 70 marche. Fornitore delle migliori ruote del mercato.","breadcrumb":{"@id":"https:\/\/grupoandres.desarrolloundanet.com\/it\/marche\/#breadcrumb"},"inLanguage":"it-IT","potentialAction":[{"@type":"ReadAction","target":["https:\/\/grupoandres.desarrolloundanet.com\/it\/marche\/"]}]},{"@type":"BreadcrumbList","@id":"https:\/\/grupoandres.desarrolloundanet.com\/it\/marche\/#breadcrumb","itemListElement":[{"@type":"ListItem","position":1,"name":"Portada","item":"https:\/\/grupoandres.desarrolloundanet.com\/it\/"},{"@type":"ListItem","position":2,"name":"Marche"}]},{"@type":"WebSite","@id":"https:\/\/grupoandres.desarrolloundanet.com\/#website","url":"https:\/\/grupoandres.desarrolloundanet.com\/","name":"Grupo Andr\u00e9s Tyres","description":"Tyres distributor  for workshops and proffesional.Stock 500,000 tires  of  70 brands. Exclusive distributors of brands as Nankang , Matador, General Tire and more.","potentialAction":[{"@type":"SearchAction","target":{"@type":"EntryPoint","urlTemplate":"https:\/\/grupoandres.desarrolloundanet.com\/?s={search_term_string}"},"query-input":{"@type":"PropertyValueSpecification","valueRequired":true,"valueName":"search_term_string"}}],"inLanguage":"it-IT"}]}},"_links":{"self":[{"href":"https:\/\/grupoandres.desarrolloundanet.com\/it\/wp-json\/wp\/v2\/pages\/3577","targetHints":{"allow":["GET"]}}],"collection":[{"href":"https:\/\/grupoandres.desarrolloundanet.com\/it\/wp-json\/wp\/v2\/pages"}],"about":[{"href":"https:\/\/grupoandres.desarrolloundanet.com\/it\/wp-json\/wp\/v2\/types\/page"}],"author":[{"embeddable":true,"href":"https:\/\/grupoandres.desarrolloundanet.com\/it\/wp-json\/wp\/v2\/users\/1"}],"replies":[{"embeddable":true,"href":"https:\/\/grupoandres.desarrolloundanet.com\/it\/wp-json\/wp\/v2\/comments?post=3577"}],"version-history":[{"count":19,"href":"https:\/\/grupoandres.desarrolloundanet.com\/it\/wp-json\/wp\/v2\/pages\/3577\/revisions"}],"predecessor-version":[{"id":15992,"href":"https:\/\/grupoandres.desarrolloundanet.com\/it\/wp-json\/wp\/v2\/pages\/3577\/revisions\/15992"}],"wp:attachment":[{"href":"https:\/\/grupoandres.desarrolloundanet.com\/it\/wp-json\/wp\/v2\/media?parent=3577"}],"curies":[{"name":"wp","href":"https:\/\/api.w.org\/{rel}","templated":true}]}}