{"id":3512,"date":"2015-12-03T09:10:59","date_gmt":"2015-12-03T07:10:59","guid":{"rendered":"http:\/\/grupoandres.desarrolloundanet.com\/it\/pneumatici\/camion\/"},"modified":"2022-02-07T13:45:34","modified_gmt":"2022-02-07T12:45:34","slug":"pneumatici-per-camion","status":"publish","type":"page","link":"https:\/\/grupoandres.desarrolloundanet.com\/it\/pneumatici\/pneumatici-per-camion\/","title":{"rendered":"Camion"},"content":{"rendered":"<p>I padroni delle strade devono avere buone basi sopra la quale sostenersi. La prima base sono i camion la seconda, i pneumatici che permettono di circolare ai veicoli di questa cilindrata e potenza. Il trasporto terrestre continua ad essere oggigiorno un&#8217;autentico motore per l&#8217;economia mondiale e, proprio per questo motivo, sono cos\u00ec importanti i copertoni che si montano su questo tipo di veicoli.<\/p>\n<p>Non tutte le marche possiedono pneumatici per camion, per\u00f2 s\u00ec che le pi\u00f9 importanti del settore (Michelin, Pirelli, Bridgestone, Dunlop, Goodyear, Continental&#8230;) contano con svariati riferimenti nei suoi cataloghi. La <strong>resistenza ai carichi pi\u00f9 pesanti e a migliaia di<\/strong> <strong>chilometri\u00a0<\/strong>sulle strade di tutto il mondo sono le qualit\u00e0 principali che si mettono come manifesto nei migliori pneumatici per camion.<\/p>\n","protected":false},"excerpt":{"rendered":"<p>I padroni delle strade devono avere buone basi sopra la quale sostenersi. La prima base sono i camion la seconda, i pneumatici che permettono di circolare ai veicoli di questa cilindrata e potenza. Il trasporto terrestre continua ad essere oggigiorno un&#8217;autentico motore per l&#8217;economia mondiale e, proprio per questo motivo, sono cos\u00ec importanti i copertoni &hellip; <a href=\"https:\/\/grupoandres.desarrolloundanet.com\/it\/pneumatici\/pneumatici-per-camion\/\" class=\"more-link\">Continue reading <span class=\"screen-reader-text\">Camion<\/span> <span class=\"meta-nav\">&rarr;<\/span><\/a><\/p>\n","protected":false},"author":1,"featured_media":0,"parent":3454,"menu_order":0,"comment_status":"closed","ping_status":"closed","template":"page-neumaticos.php","meta":{"_acf_changed":false,"footnotes":""},"class_list":["post-3512","page","type-page","status-publish","hentry"],"acf":[],"yoast_head":"<!-- This site is optimized with the Yoast SEO plugin v27.3 - https:\/\/yoast.com\/product\/yoast-seo-wordpress\/ -->\n<title>Pneumatici per Camion | Grupo Andr\u00e9s Neum\u00e1ticos<\/title>\n<meta name=\"description\" content=\"Distribuzione e vendita all&#039;ingrosso di pneumatici per camion per gommisti e professionisti. Marche premium e marche esclusive con consegna in 24h.\" \/>\n<meta name=\"robots\" content=\"index, follow, max-snippet:-1, max-image-preview:large, max-video-preview:-1\" \/>\n<link rel=\"canonical\" href=\"https:\/\/grupoandres.desarrolloundanet.com\/it\/pneumatici\/pneumatici-per-camion\/\" \/>\n<meta property=\"og:locale\" content=\"it_IT\" \/>\n<meta property=\"og:type\" content=\"article\" \/>\n<meta property=\"og:title\" content=\"Pneumatici per Camion | Grupo Andr\u00e9s Neum\u00e1ticos\" \/>\n<meta property=\"og:description\" content=\"Distribuzione e vendita all&#039;ingrosso di pneumatici per camion per gommisti e professionisti. Marche premium e marche esclusive con consegna in 24h.\" \/>\n<meta property=\"og:url\" content=\"https:\/\/grupoandres.desarrolloundanet.com\/it\/pneumatici\/pneumatici-per-camion\/\" \/>\n<meta property=\"og:site_name\" content=\"Grupo Andr\u00e9s Tyres\" \/>\n<meta property=\"article:modified_time\" content=\"2022-02-07T12:45:34+00:00\" \/>\n<meta name=\"twitter:card\" content=\"summary_large_image\" \/>\n<meta name=\"twitter:label1\" content=\"Tempo di lettura stimato\" \/>\n\t<meta name=\"twitter:data1\" content=\"1 minuto\" \/>\n<script type=\"application\/ld+json\" class=\"yoast-schema-graph\">{\"@context\":\"https:\\\/\\\/schema.org\",\"@graph\":[{\"@type\":\"WebPage\",\"@id\":\"https:\\\/\\\/grupoandres.desarrolloundanet.com\\\/it\\\/pneumatici\\\/pneumatici-per-camion\\\/\",\"url\":\"https:\\\/\\\/grupoandres.desarrolloundanet.com\\\/it\\\/pneumatici\\\/pneumatici-per-camion\\\/\",\"name\":\"Pneumatici per Camion | Grupo Andr\u00e9s Neum\u00e1ticos\",\"isPartOf\":{\"@id\":\"https:\\\/\\\/grupoandres.desarrolloundanet.com\\\/#website\"},\"datePublished\":\"2015-12-03T07:10:59+00:00\",\"dateModified\":\"2022-02-07T12:45:34+00:00\",\"description\":\"Distribuzione e vendita all'ingrosso di pneumatici per camion per gommisti e professionisti. Marche premium e marche esclusive con consegna in 24h.\",\"breadcrumb\":{\"@id\":\"https:\\\/\\\/grupoandres.desarrolloundanet.com\\\/it\\\/pneumatici\\\/pneumatici-per-camion\\\/#breadcrumb\"},\"inLanguage\":\"it-IT\",\"potentialAction\":[{\"@type\":\"ReadAction\",\"target\":[\"https:\\\/\\\/grupoandres.desarrolloundanet.com\\\/it\\\/pneumatici\\\/pneumatici-per-camion\\\/\"]}]},{\"@type\":\"BreadcrumbList\",\"@id\":\"https:\\\/\\\/grupoandres.desarrolloundanet.com\\\/it\\\/pneumatici\\\/pneumatici-per-camion\\\/#breadcrumb\",\"itemListElement\":[{\"@type\":\"ListItem\",\"position\":1,\"name\":\"Portada\",\"item\":\"https:\\\/\\\/grupoandres.desarrolloundanet.com\\\/it\\\/\"},{\"@type\":\"ListItem\",\"position\":2,\"name\":\"Pneumatici\",\"item\":\"https:\\\/\\\/grupoandres.desarrolloundanet.com\\\/it\\\/pneumatici\\\/\"},{\"@type\":\"ListItem\",\"position\":3,\"name\":\"Camion\"}]},{\"@type\":\"WebSite\",\"@id\":\"https:\\\/\\\/grupoandres.desarrolloundanet.com\\\/#website\",\"url\":\"https:\\\/\\\/grupoandres.desarrolloundanet.com\\\/\",\"name\":\"Grupo Andr\u00e9s Tyres\",\"description\":\"Tyres distributor  for workshops and proffesional.Stock 500,000 tires  of  70 brands. Exclusive distributors of brands as Nankang , Matador, General Tire and more.\",\"potentialAction\":[{\"@type\":\"SearchAction\",\"target\":{\"@type\":\"EntryPoint\",\"urlTemplate\":\"https:\\\/\\\/grupoandres.desarrolloundanet.com\\\/?s={search_term_string}\"},\"query-input\":{\"@type\":\"PropertyValueSpecification\",\"valueRequired\":true,\"valueName\":\"search_term_string\"}}],\"inLanguage\":\"it-IT\"}]}<\/script>\n<!-- \/ Yoast SEO plugin. -->","yoast_head_json":{"title":"Pneumatici per Camion | Grupo Andr\u00e9s Neum\u00e1ticos","description":"Distribuzione e vendita all'ingrosso di pneumatici per camion per gommisti e professionisti. Marche premium e marche esclusive con consegna in 24h.","robots":{"index":"index","follow":"follow","max-snippet":"max-snippet:-1","max-image-preview":"max-image-preview:large","max-video-preview":"max-video-preview:-1"},"canonical":"https:\/\/grupoandres.desarrolloundanet.com\/it\/pneumatici\/pneumatici-per-camion\/","og_locale":"it_IT","og_type":"article","og_title":"Pneumatici per Camion | Grupo Andr\u00e9s Neum\u00e1ticos","og_description":"Distribuzione e vendita all'ingrosso di pneumatici per camion per gommisti e professionisti. Marche premium e marche esclusive con consegna in 24h.","og_url":"https:\/\/grupoandres.desarrolloundanet.com\/it\/pneumatici\/pneumatici-per-camion\/","og_site_name":"Grupo Andr\u00e9s Tyres","article_modified_time":"2022-02-07T12:45:34+00:00","twitter_card":"summary_large_image","twitter_misc":{"Tempo di lettura stimato":"1 minuto"},"schema":{"@context":"https:\/\/schema.org","@graph":[{"@type":"WebPage","@id":"https:\/\/grupoandres.desarrolloundanet.com\/it\/pneumatici\/pneumatici-per-camion\/","url":"https:\/\/grupoandres.desarrolloundanet.com\/it\/pneumatici\/pneumatici-per-camion\/","name":"Pneumatici per Camion | Grupo Andr\u00e9s Neum\u00e1ticos","isPartOf":{"@id":"https:\/\/grupoandres.desarrolloundanet.com\/#website"},"datePublished":"2015-12-03T07:10:59+00:00","dateModified":"2022-02-07T12:45:34+00:00","description":"Distribuzione e vendita all'ingrosso di pneumatici per camion per gommisti e professionisti. Marche premium e marche esclusive con consegna in 24h.","breadcrumb":{"@id":"https:\/\/grupoandres.desarrolloundanet.com\/it\/pneumatici\/pneumatici-per-camion\/#breadcrumb"},"inLanguage":"it-IT","potentialAction":[{"@type":"ReadAction","target":["https:\/\/grupoandres.desarrolloundanet.com\/it\/pneumatici\/pneumatici-per-camion\/"]}]},{"@type":"BreadcrumbList","@id":"https:\/\/grupoandres.desarrolloundanet.com\/it\/pneumatici\/pneumatici-per-camion\/#breadcrumb","itemListElement":[{"@type":"ListItem","position":1,"name":"Portada","item":"https:\/\/grupoandres.desarrolloundanet.com\/it\/"},{"@type":"ListItem","position":2,"name":"Pneumatici","item":"https:\/\/grupoandres.desarrolloundanet.com\/it\/pneumatici\/"},{"@type":"ListItem","position":3,"name":"Camion"}]},{"@type":"WebSite","@id":"https:\/\/grupoandres.desarrolloundanet.com\/#website","url":"https:\/\/grupoandres.desarrolloundanet.com\/","name":"Grupo Andr\u00e9s Tyres","description":"Tyres distributor  for workshops and proffesional.Stock 500,000 tires  of  70 brands. Exclusive distributors of brands as Nankang , Matador, General Tire and more.","potentialAction":[{"@type":"SearchAction","target":{"@type":"EntryPoint","urlTemplate":"https:\/\/grupoandres.desarrolloundanet.com\/?s={search_term_string}"},"query-input":{"@type":"PropertyValueSpecification","valueRequired":true,"valueName":"search_term_string"}}],"inLanguage":"it-IT"}]}},"_links":{"self":[{"href":"https:\/\/grupoandres.desarrolloundanet.com\/it\/wp-json\/wp\/v2\/pages\/3512","targetHints":{"allow":["GET"]}}],"collection":[{"href":"https:\/\/grupoandres.desarrolloundanet.com\/it\/wp-json\/wp\/v2\/pages"}],"about":[{"href":"https:\/\/grupoandres.desarrolloundanet.com\/it\/wp-json\/wp\/v2\/types\/page"}],"author":[{"embeddable":true,"href":"https:\/\/grupoandres.desarrolloundanet.com\/it\/wp-json\/wp\/v2\/users\/1"}],"replies":[{"embeddable":true,"href":"https:\/\/grupoandres.desarrolloundanet.com\/it\/wp-json\/wp\/v2\/comments?post=3512"}],"version-history":[{"count":9,"href":"https:\/\/grupoandres.desarrolloundanet.com\/it\/wp-json\/wp\/v2\/pages\/3512\/revisions"}],"predecessor-version":[{"id":16847,"href":"https:\/\/grupoandres.desarrolloundanet.com\/it\/wp-json\/wp\/v2\/pages\/3512\/revisions\/16847"}],"up":[{"embeddable":true,"href":"https:\/\/grupoandres.desarrolloundanet.com\/it\/wp-json\/wp\/v2\/pages\/3454"}],"wp:attachment":[{"href":"https:\/\/grupoandres.desarrolloundanet.com\/it\/wp-json\/wp\/v2\/media?parent=3512"}],"curies":[{"name":"wp","href":"https:\/\/api.w.org\/{rel}","templated":true}]}}