{"id":3325,"date":"2016-08-17T08:36:27","date_gmt":"2016-08-17T06:36:27","guid":{"rendered":"http:\/\/grupoandres.desarrolloundanet.com\/it\/lopd\/"},"modified":"2021-10-29T01:42:31","modified_gmt":"2021-10-28T23:42:31","slug":"lopd","status":"publish","type":"page","link":"https:\/\/grupoandres.desarrolloundanet.com\/it\/lopd\/","title":{"rendered":"LOPD"},"content":{"rendered":"<p>In conformit\u00e0 con le disposizioni della legge 15\/1999, del 13 dicembre, della Protezione dei Dati di Carattere Personale, i dati, sia quelli forniti personalmente, che quelli raccolti attraverso i formulari di raccolta dati del Sito Web, saranno incorporati ai file automatizzati, con la finalit\u00e0 di essere utilizzati per la prestazione del servizio richiesto, contrattato o nello sviluppo della relazione che la unisce a Neum\u00e1ticos Andr\u00e9s SAU, cos\u00ec come mantenerla informato dei servizi e degli aspetti legali. Si cancelleranno, elimineranno e\/o bloccheranno i dati quando risultino inesatti, incompleti o abbaiano cessato di essere necessari o pertinenti per la sua finalit\u00e0, conforme con c\u00f2 previsto dalla legislazionein materia di protezione dei dati.<\/p>\n","protected":false},"excerpt":{"rendered":"<p>In conformit\u00e0 con le disposizioni della legge 15\/1999, del 13 dicembre, della Protezione dei Dati di Carattere Personale, i dati, sia quelli forniti personalmente, che quelli raccolti attraverso i formulari di raccolta dati del Sito Web, saranno incorporati ai file automatizzati, con la finalit\u00e0 di essere utilizzati per la prestazione del servizio richiesto, contrattato o &hellip; <a href=\"https:\/\/grupoandres.desarrolloundanet.com\/it\/lopd\/\" class=\"more-link\">Continue reading <span class=\"screen-reader-text\">LOPD<\/span> <span class=\"meta-nav\">&rarr;<\/span><\/a><\/p>\n","protected":false},"author":1,"featured_media":0,"parent":0,"menu_order":0,"comment_status":"closed","ping_status":"closed","template":"page-generica-texto.php","meta":{"_acf_changed":false,"footnotes":""},"class_list":["post-3325","page","type-page","status-publish","hentry"],"acf":[],"yoast_head":"<!-- This site is optimized with the Yoast SEO plugin v27.3 - https:\/\/yoast.com\/product\/yoast-seo-wordpress\/ -->\n<title>LOPD | Grupo Andr\u00e9s Neum\u00e1ticos<\/title>\n<meta name=\"description\" content=\"Legge Officiale di Protezione dei Dati di Carattere Personale di Neum\u00e1ticos Andr\u00e9s SAU\" \/>\n<meta name=\"robots\" content=\"noindex, follow\" \/>\n<meta property=\"og:locale\" content=\"it_IT\" \/>\n<meta property=\"og:type\" content=\"article\" \/>\n<meta property=\"og:title\" content=\"LOPD | Grupo Andr\u00e9s Neum\u00e1ticos\" \/>\n<meta property=\"og:description\" content=\"Legge Officiale di Protezione dei Dati di Carattere Personale di Neum\u00e1ticos Andr\u00e9s SAU\" \/>\n<meta property=\"og:url\" content=\"https:\/\/grupoandres.desarrolloundanet.com\/it\/lopd\/\" \/>\n<meta property=\"og:site_name\" content=\"Grupo Andr\u00e9s Tyres\" \/>\n<meta property=\"article:modified_time\" content=\"2021-10-28T23:42:31+00:00\" \/>\n<meta name=\"twitter:card\" content=\"summary_large_image\" \/>\n<meta name=\"twitter:label1\" content=\"Tempo di lettura stimato\" \/>\n\t<meta name=\"twitter:data1\" content=\"1 minuto\" \/>\n<script type=\"application\/ld+json\" class=\"yoast-schema-graph\">{\"@context\":\"https:\\\/\\\/schema.org\",\"@graph\":[{\"@type\":\"WebPage\",\"@id\":\"https:\\\/\\\/grupoandres.desarrolloundanet.com\\\/it\\\/lopd\\\/\",\"url\":\"https:\\\/\\\/grupoandres.desarrolloundanet.com\\\/it\\\/lopd\\\/\",\"name\":\"LOPD | Grupo Andr\u00e9s Neum\u00e1ticos\",\"isPartOf\":{\"@id\":\"https:\\\/\\\/grupoandres.desarrolloundanet.com\\\/#website\"},\"datePublished\":\"2016-08-17T06:36:27+00:00\",\"dateModified\":\"2021-10-28T23:42:31+00:00\",\"description\":\"Legge Officiale di Protezione dei Dati di Carattere Personale di Neum\u00e1ticos Andr\u00e9s SAU\",\"breadcrumb\":{\"@id\":\"https:\\\/\\\/grupoandres.desarrolloundanet.com\\\/it\\\/lopd\\\/#breadcrumb\"},\"inLanguage\":\"it-IT\",\"potentialAction\":[{\"@type\":\"ReadAction\",\"target\":[\"https:\\\/\\\/grupoandres.desarrolloundanet.com\\\/it\\\/lopd\\\/\"]}]},{\"@type\":\"BreadcrumbList\",\"@id\":\"https:\\\/\\\/grupoandres.desarrolloundanet.com\\\/it\\\/lopd\\\/#breadcrumb\",\"itemListElement\":[{\"@type\":\"ListItem\",\"position\":1,\"name\":\"Portada\",\"item\":\"https:\\\/\\\/grupoandres.desarrolloundanet.com\\\/it\\\/\"},{\"@type\":\"ListItem\",\"position\":2,\"name\":\"LOPD\"}]},{\"@type\":\"WebSite\",\"@id\":\"https:\\\/\\\/grupoandres.desarrolloundanet.com\\\/#website\",\"url\":\"https:\\\/\\\/grupoandres.desarrolloundanet.com\\\/\",\"name\":\"Grupo Andr\u00e9s Tyres\",\"description\":\"Tyres distributor  for workshops and proffesional.Stock 500,000 tires  of  70 brands. Exclusive distributors of brands as Nankang , Matador, General Tire and more.\",\"potentialAction\":[{\"@type\":\"SearchAction\",\"target\":{\"@type\":\"EntryPoint\",\"urlTemplate\":\"https:\\\/\\\/grupoandres.desarrolloundanet.com\\\/?s={search_term_string}\"},\"query-input\":{\"@type\":\"PropertyValueSpecification\",\"valueRequired\":true,\"valueName\":\"search_term_string\"}}],\"inLanguage\":\"it-IT\"}]}<\/script>\n<!-- \/ Yoast SEO plugin. -->","yoast_head_json":{"title":"LOPD | Grupo Andr\u00e9s Neum\u00e1ticos","description":"Legge Officiale di Protezione dei Dati di Carattere Personale di Neum\u00e1ticos Andr\u00e9s SAU","robots":{"index":"noindex","follow":"follow"},"og_locale":"it_IT","og_type":"article","og_title":"LOPD | Grupo Andr\u00e9s Neum\u00e1ticos","og_description":"Legge Officiale di Protezione dei Dati di Carattere Personale di Neum\u00e1ticos Andr\u00e9s SAU","og_url":"https:\/\/grupoandres.desarrolloundanet.com\/it\/lopd\/","og_site_name":"Grupo Andr\u00e9s Tyres","article_modified_time":"2021-10-28T23:42:31+00:00","twitter_card":"summary_large_image","twitter_misc":{"Tempo di lettura stimato":"1 minuto"},"schema":{"@context":"https:\/\/schema.org","@graph":[{"@type":"WebPage","@id":"https:\/\/grupoandres.desarrolloundanet.com\/it\/lopd\/","url":"https:\/\/grupoandres.desarrolloundanet.com\/it\/lopd\/","name":"LOPD | Grupo Andr\u00e9s Neum\u00e1ticos","isPartOf":{"@id":"https:\/\/grupoandres.desarrolloundanet.com\/#website"},"datePublished":"2016-08-17T06:36:27+00:00","dateModified":"2021-10-28T23:42:31+00:00","description":"Legge Officiale di Protezione dei Dati di Carattere Personale di Neum\u00e1ticos Andr\u00e9s SAU","breadcrumb":{"@id":"https:\/\/grupoandres.desarrolloundanet.com\/it\/lopd\/#breadcrumb"},"inLanguage":"it-IT","potentialAction":[{"@type":"ReadAction","target":["https:\/\/grupoandres.desarrolloundanet.com\/it\/lopd\/"]}]},{"@type":"BreadcrumbList","@id":"https:\/\/grupoandres.desarrolloundanet.com\/it\/lopd\/#breadcrumb","itemListElement":[{"@type":"ListItem","position":1,"name":"Portada","item":"https:\/\/grupoandres.desarrolloundanet.com\/it\/"},{"@type":"ListItem","position":2,"name":"LOPD"}]},{"@type":"WebSite","@id":"https:\/\/grupoandres.desarrolloundanet.com\/#website","url":"https:\/\/grupoandres.desarrolloundanet.com\/","name":"Grupo Andr\u00e9s Tyres","description":"Tyres distributor  for workshops and proffesional.Stock 500,000 tires  of  70 brands. Exclusive distributors of brands as Nankang , Matador, General Tire and more.","potentialAction":[{"@type":"SearchAction","target":{"@type":"EntryPoint","urlTemplate":"https:\/\/grupoandres.desarrolloundanet.com\/?s={search_term_string}"},"query-input":{"@type":"PropertyValueSpecification","valueRequired":true,"valueName":"search_term_string"}}],"inLanguage":"it-IT"}]}},"_links":{"self":[{"href":"https:\/\/grupoandres.desarrolloundanet.com\/it\/wp-json\/wp\/v2\/pages\/3325","targetHints":{"allow":["GET"]}}],"collection":[{"href":"https:\/\/grupoandres.desarrolloundanet.com\/it\/wp-json\/wp\/v2\/pages"}],"about":[{"href":"https:\/\/grupoandres.desarrolloundanet.com\/it\/wp-json\/wp\/v2\/types\/page"}],"author":[{"embeddable":true,"href":"https:\/\/grupoandres.desarrolloundanet.com\/it\/wp-json\/wp\/v2\/users\/1"}],"replies":[{"embeddable":true,"href":"https:\/\/grupoandres.desarrolloundanet.com\/it\/wp-json\/wp\/v2\/comments?post=3325"}],"version-history":[{"count":4,"href":"https:\/\/grupoandres.desarrolloundanet.com\/it\/wp-json\/wp\/v2\/pages\/3325\/revisions"}],"predecessor-version":[{"id":13086,"href":"https:\/\/grupoandres.desarrolloundanet.com\/it\/wp-json\/wp\/v2\/pages\/3325\/revisions\/13086"}],"wp:attachment":[{"href":"https:\/\/grupoandres.desarrolloundanet.com\/it\/wp-json\/wp\/v2\/media?parent=3325"}],"curies":[{"name":"wp","href":"https:\/\/api.w.org\/{rel}","templated":true}]}}