{"id":3318,"date":"2015-11-30T17:15:49","date_gmt":"2015-11-30T15:15:49","guid":{"rendered":"http:\/\/grupoandres.desarrolloundanet.com\/it\/sobre-grupo-andres\/"},"modified":"2024-04-08T14:38:04","modified_gmt":"2024-04-08T12:38:04","slug":"chi-siamo-grupo-andres","status":"publish","type":"page","link":"https:\/\/grupoandres.desarrolloundanet.com\/it\/chi-siamo-grupo-andres\/","title":{"rendered":"Leader assoluto nella vendita di pneumatici"},"content":{"rendered":"<h1>Principale distributore indipendente ed esclusivo della Penisula Iberica<\/h1>\n<p>Quella di\u00a0Grupo Andr\u00e9s \u00e8 una storia di talento, impegno\u00a0e dedizione senza limiti. Queste sono le indiscutibli qualit\u00e0 aziendali di Eustaquio Andr\u00e9s, l&#8217;uomo che pass\u00f2 dal vendere pneumatici in un negozio di Salamanca con apena 14 anni a comprare e distribuire 3,8 milioni di ruote in tutto il mondo.<\/p>\n<p>In quel piccolo negozio che fond\u00f2 nel 1980 a Salamanca, realizz\u00f2 un idea brillante che lo port\u00f2 ad essere il <strong>distributore indipendente ed esclusivo di pneumatici numero 1 di tutta la Penisola Iberica<\/strong> ed uno dei maggiori riferimenti mondiali nel settore.<\/p>\n<p>Grupo Andr\u00e9s distribuisce annualmente\u00a0<strong>2 milioni di gomme\u00a0<\/strong>per un fatturato che supera ampiamente i\u00a0<strong>120 milioni di euro<\/strong>. Nei 45.000 metri quadrati di magazzino che possiede l&#8217;azienda, si scaricano pi\u00f9 di 10.000 \u00a0copertoni per ruote, disponendo di\u00a0<strong>pi\u00f9 di 70 marche di pneumatici.\u00a0<\/strong><\/p>\n<p>Distribuisce tutti i pneumatici delle 5 marche Premium, ma anche molte altre, di ottima qualit\u00e0 e prezzo molto competitivo, che <strong>distribuisce di maniera esclusiva.<\/strong><\/p>\n<p>L&#8217;azienda che cre\u00f2 Eustaquio Andr\u00e9s nel 1980 d\u00e0\u00a0lavoro a pi\u00f9 di 180 persone e offre un impiego indiretto ad altre 250 persone circa. Questo sviluppo aziendale \u00e8 arrivato grazie al conseguimento ed alla fidelizzazione dei pi\u00f9 di\u00a0<strong>12.000\u00a0<\/strong>clienti con i quali Grupo Andr\u00e9s conta oggigiorno\u00a0<strong>in tutto il mondo<\/strong>. Il tutto con la sensazione che, nonostante l&#8217;azienda abbia gi\u00e0 36 anni d&#8217;esperienza e l&#8217;unanime prestigio mondiale del settore del pneumatico, tutto ci\u00f2 sembra essere solo l&#8217;inizio.<\/p>\n","protected":false},"excerpt":{"rendered":"<p>Principale distributore indipendente ed esclusivo della Penisula Iberica Quella di\u00a0Grupo Andr\u00e9s \u00e8 una storia di talento, impegno\u00a0e dedizione senza limiti. Queste sono le indiscutibli qualit\u00e0 aziendali di Eustaquio Andr\u00e9s, l&#8217;uomo che pass\u00f2 dal vendere pneumatici in un negozio di Salamanca con apena 14 anni a comprare e distribuire 3,8 milioni di ruote in tutto il &hellip; <a href=\"https:\/\/grupoandres.desarrolloundanet.com\/it\/chi-siamo-grupo-andres\/\" class=\"more-link\">Continue reading <span class=\"screen-reader-text\">Leader assoluto nella vendita di pneumatici<\/span> <span class=\"meta-nav\">&rarr;<\/span><\/a><\/p>\n","protected":false},"author":1,"featured_media":0,"parent":0,"menu_order":0,"comment_status":"closed","ping_status":"closed","template":"page-sobre-grupo-andres.php","meta":{"_acf_changed":false,"footnotes":""},"class_list":["post-3318","page","type-page","status-publish","hentry"],"acf":[],"yoast_head":"<!-- This site is optimized with the Yoast SEO plugin v27.3 - https:\/\/yoast.com\/product\/yoast-seo-wordpress\/ -->\n<title>Grupo Andr\u00e9s | Lider absoluto en venta de pneumatici<\/title>\n<meta name=\"description\" content=\"Distributore N\u00ba 1 di pneumatici della Penisola Iberica con sede centrale a Salamanca (Spagna), dove tutto inizi\u00f2 30 anni fa.\" \/>\n<meta name=\"robots\" content=\"index, follow, max-snippet:-1, max-image-preview:large, max-video-preview:-1\" \/>\n<link rel=\"canonical\" href=\"https:\/\/grupoandres.desarrolloundanet.com\/it\/chi-siamo-grupo-andres\/\" \/>\n<meta property=\"og:locale\" content=\"it_IT\" \/>\n<meta property=\"og:type\" content=\"article\" \/>\n<meta property=\"og:title\" content=\"Grupo Andr\u00e9s | Lider absoluto en venta de pneumatici\" \/>\n<meta property=\"og:description\" content=\"Distributore N\u00ba 1 di pneumatici della Penisola Iberica con sede centrale a Salamanca (Spagna), dove tutto inizi\u00f2 30 anni fa.\" \/>\n<meta property=\"og:url\" content=\"https:\/\/grupoandres.desarrolloundanet.com\/it\/chi-siamo-grupo-andres\/\" \/>\n<meta property=\"og:site_name\" content=\"Grupo Andr\u00e9s Tyres\" \/>\n<meta property=\"article:modified_time\" content=\"2024-04-08T12:38:04+00:00\" \/>\n<meta name=\"twitter:card\" content=\"summary_large_image\" \/>\n<meta name=\"twitter:label1\" content=\"Tempo di lettura stimato\" \/>\n\t<meta name=\"twitter:data1\" content=\"2 minuti\" \/>\n<script type=\"application\/ld+json\" class=\"yoast-schema-graph\">{\"@context\":\"https:\\\/\\\/schema.org\",\"@graph\":[{\"@type\":\"WebPage\",\"@id\":\"https:\\\/\\\/grupoandres.desarrolloundanet.com\\\/it\\\/chi-siamo-grupo-andres\\\/\",\"url\":\"https:\\\/\\\/grupoandres.desarrolloundanet.com\\\/it\\\/chi-siamo-grupo-andres\\\/\",\"name\":\"Grupo Andr\u00e9s | Lider absoluto en venta de pneumatici\",\"isPartOf\":{\"@id\":\"https:\\\/\\\/grupoandres.desarrolloundanet.com\\\/#website\"},\"datePublished\":\"2015-11-30T15:15:49+00:00\",\"dateModified\":\"2024-04-08T12:38:04+00:00\",\"description\":\"Distributore N\u00ba 1 di pneumatici della Penisola Iberica con sede centrale a Salamanca (Spagna), dove tutto inizi\u00f2 30 anni fa.\",\"breadcrumb\":{\"@id\":\"https:\\\/\\\/grupoandres.desarrolloundanet.com\\\/it\\\/chi-siamo-grupo-andres\\\/#breadcrumb\"},\"inLanguage\":\"it-IT\",\"potentialAction\":[{\"@type\":\"ReadAction\",\"target\":[\"https:\\\/\\\/grupoandres.desarrolloundanet.com\\\/it\\\/chi-siamo-grupo-andres\\\/\"]}]},{\"@type\":\"BreadcrumbList\",\"@id\":\"https:\\\/\\\/grupoandres.desarrolloundanet.com\\\/it\\\/chi-siamo-grupo-andres\\\/#breadcrumb\",\"itemListElement\":[{\"@type\":\"ListItem\",\"position\":1,\"name\":\"Portada\",\"item\":\"https:\\\/\\\/grupoandres.desarrolloundanet.com\\\/it\\\/\"},{\"@type\":\"ListItem\",\"position\":2,\"name\":\"Leader assoluto nella vendita di pneumatici\"}]},{\"@type\":\"WebSite\",\"@id\":\"https:\\\/\\\/grupoandres.desarrolloundanet.com\\\/#website\",\"url\":\"https:\\\/\\\/grupoandres.desarrolloundanet.com\\\/\",\"name\":\"Grupo Andr\u00e9s Tyres\",\"description\":\"Tyres distributor  for workshops and proffesional.Stock 500,000 tires  of  70 brands. Exclusive distributors of brands as Nankang , Matador, General Tire and more.\",\"potentialAction\":[{\"@type\":\"SearchAction\",\"target\":{\"@type\":\"EntryPoint\",\"urlTemplate\":\"https:\\\/\\\/grupoandres.desarrolloundanet.com\\\/?s={search_term_string}\"},\"query-input\":{\"@type\":\"PropertyValueSpecification\",\"valueRequired\":true,\"valueName\":\"search_term_string\"}}],\"inLanguage\":\"it-IT\"}]}<\/script>\n<!-- \/ Yoast SEO plugin. -->","yoast_head_json":{"title":"Grupo Andr\u00e9s | Lider absoluto en venta de pneumatici","description":"Distributore N\u00ba 1 di pneumatici della Penisola Iberica con sede centrale a Salamanca (Spagna), dove tutto inizi\u00f2 30 anni fa.","robots":{"index":"index","follow":"follow","max-snippet":"max-snippet:-1","max-image-preview":"max-image-preview:large","max-video-preview":"max-video-preview:-1"},"canonical":"https:\/\/grupoandres.desarrolloundanet.com\/it\/chi-siamo-grupo-andres\/","og_locale":"it_IT","og_type":"article","og_title":"Grupo Andr\u00e9s | Lider absoluto en venta de pneumatici","og_description":"Distributore N\u00ba 1 di pneumatici della Penisola Iberica con sede centrale a Salamanca (Spagna), dove tutto inizi\u00f2 30 anni fa.","og_url":"https:\/\/grupoandres.desarrolloundanet.com\/it\/chi-siamo-grupo-andres\/","og_site_name":"Grupo Andr\u00e9s Tyres","article_modified_time":"2024-04-08T12:38:04+00:00","twitter_card":"summary_large_image","twitter_misc":{"Tempo di lettura stimato":"2 minuti"},"schema":{"@context":"https:\/\/schema.org","@graph":[{"@type":"WebPage","@id":"https:\/\/grupoandres.desarrolloundanet.com\/it\/chi-siamo-grupo-andres\/","url":"https:\/\/grupoandres.desarrolloundanet.com\/it\/chi-siamo-grupo-andres\/","name":"Grupo Andr\u00e9s | Lider absoluto en venta de pneumatici","isPartOf":{"@id":"https:\/\/grupoandres.desarrolloundanet.com\/#website"},"datePublished":"2015-11-30T15:15:49+00:00","dateModified":"2024-04-08T12:38:04+00:00","description":"Distributore N\u00ba 1 di pneumatici della Penisola Iberica con sede centrale a Salamanca (Spagna), dove tutto inizi\u00f2 30 anni fa.","breadcrumb":{"@id":"https:\/\/grupoandres.desarrolloundanet.com\/it\/chi-siamo-grupo-andres\/#breadcrumb"},"inLanguage":"it-IT","potentialAction":[{"@type":"ReadAction","target":["https:\/\/grupoandres.desarrolloundanet.com\/it\/chi-siamo-grupo-andres\/"]}]},{"@type":"BreadcrumbList","@id":"https:\/\/grupoandres.desarrolloundanet.com\/it\/chi-siamo-grupo-andres\/#breadcrumb","itemListElement":[{"@type":"ListItem","position":1,"name":"Portada","item":"https:\/\/grupoandres.desarrolloundanet.com\/it\/"},{"@type":"ListItem","position":2,"name":"Leader assoluto nella vendita di pneumatici"}]},{"@type":"WebSite","@id":"https:\/\/grupoandres.desarrolloundanet.com\/#website","url":"https:\/\/grupoandres.desarrolloundanet.com\/","name":"Grupo Andr\u00e9s Tyres","description":"Tyres distributor  for workshops and proffesional.Stock 500,000 tires  of  70 brands. Exclusive distributors of brands as Nankang , Matador, General Tire and more.","potentialAction":[{"@type":"SearchAction","target":{"@type":"EntryPoint","urlTemplate":"https:\/\/grupoandres.desarrolloundanet.com\/?s={search_term_string}"},"query-input":{"@type":"PropertyValueSpecification","valueRequired":true,"valueName":"search_term_string"}}],"inLanguage":"it-IT"}]}},"_links":{"self":[{"href":"https:\/\/grupoandres.desarrolloundanet.com\/it\/wp-json\/wp\/v2\/pages\/3318","targetHints":{"allow":["GET"]}}],"collection":[{"href":"https:\/\/grupoandres.desarrolloundanet.com\/it\/wp-json\/wp\/v2\/pages"}],"about":[{"href":"https:\/\/grupoandres.desarrolloundanet.com\/it\/wp-json\/wp\/v2\/types\/page"}],"author":[{"embeddable":true,"href":"https:\/\/grupoandres.desarrolloundanet.com\/it\/wp-json\/wp\/v2\/users\/1"}],"replies":[{"embeddable":true,"href":"https:\/\/grupoandres.desarrolloundanet.com\/it\/wp-json\/wp\/v2\/comments?post=3318"}],"version-history":[{"count":23,"href":"https:\/\/grupoandres.desarrolloundanet.com\/it\/wp-json\/wp\/v2\/pages\/3318\/revisions"}],"predecessor-version":[{"id":21992,"href":"https:\/\/grupoandres.desarrolloundanet.com\/it\/wp-json\/wp\/v2\/pages\/3318\/revisions\/21992"}],"wp:attachment":[{"href":"https:\/\/grupoandres.desarrolloundanet.com\/it\/wp-json\/wp\/v2\/media?parent=3318"}],"curies":[{"name":"wp","href":"https:\/\/api.w.org\/{rel}","templated":true}]}}