{"id":3289,"date":"2015-11-30T08:55:23","date_gmt":"2015-11-30T06:55:23","guid":{"rendered":"http:\/\/grupoandres.desarrolloundanet.com\/it\/lider-distribucion-neumaticos\/"},"modified":"2026-02-13T10:52:01","modified_gmt":"2026-02-13T09:52:01","slug":"leader-nella-distribuzione-di-pneumatici","status":"publish","type":"page","link":"https:\/\/grupoandres.desarrolloundanet.com\/it\/","title":{"rendered":"Leader nella distribuzione di pneumatici"},"content":{"rendered":"<p><strong>GRUPO ANDR\u00c9S NEUM\u00c1TICOS<\/strong>,\u00a0<strong>distributore di pneumatici\u00a0leader, esclusivo e indipendente\u00a0della Penisola Iberica<\/strong>.<\/p>\n<p>Con pi\u00f9 di 30 anni di esperienza, Neum\u00e1ticos Andr\u00e9s continua ad essere di <strong>riferimento per la distribuzione di pneumatici in Spagna e Portogallo<\/strong>, presentandosi come l&#8217;opzione pi\u00f9 solida e redditizia per i professionisti del settore. La nostra strategia si concentra sui nostri clienti, che consideriamo nostri partner\u00a0commerciali e con i quali cerchiamo di raggiugere la maggiore redittivit\u00e0, sia per il fornitore che per il cliente.<\/p>\n<p>Ci riforniamo dai <strong>principali di produttori fabbricanti del mondo<\/strong> e la nostra solidit\u00e0 e potere di compra ci permettono di offrire un prezzo di vendita eccellente e dinamico, tutto ci\u00f2 dentro di una grande rete di distribuzione che converte Grupo Andr\u00e9s in uno dei distributori leader della Penisola.<\/p>\n","protected":false},"excerpt":{"rendered":"<p>GRUPO ANDR\u00c9S NEUM\u00c1TICOS,\u00a0distributore di pneumatici\u00a0leader, esclusivo e indipendente\u00a0della Penisola Iberica. Con pi\u00f9 di 30 anni di esperienza, Neum\u00e1ticos Andr\u00e9s continua ad essere di riferimento per la distribuzione di pneumatici in Spagna e Portogallo, presentandosi come l&#8217;opzione pi\u00f9 solida e redditizia per i professionisti del settore. La nostra strategia si concentra sui nostri clienti, che consideriamo &hellip; <a href=\"https:\/\/grupoandres.desarrolloundanet.com\/it\/\" class=\"more-link\">Continue reading <span class=\"screen-reader-text\">Leader nella distribuzione di pneumatici<\/span> <span class=\"meta-nav\">&rarr;<\/span><\/a><\/p>\n","protected":false},"author":1,"featured_media":0,"parent":0,"menu_order":0,"comment_status":"closed","ping_status":"closed","template":"page-inicio.php","meta":{"_acf_changed":false,"footnotes":""},"class_list":["post-3289","page","type-page","status-publish","hentry"],"acf":[],"yoast_head":"<!-- This site is optimized with the Yoast SEO plugin v27.3 - https:\/\/yoast.com\/product\/yoast-seo-wordpress\/ -->\n<title>Leader nella distribuzione di pneumatici | Grupo Andr\u00e9s<\/title>\n<meta name=\"description\" content=\"Distributore di Pneumatici a professionisti grossisti. Stock di 700,000 pneumatici di 70 marche. Distribuiamo in esclusiva Nankang, Matador, General Tire.\" \/>\n<meta name=\"robots\" content=\"index, follow, max-snippet:-1, max-image-preview:large, max-video-preview:-1\" \/>\n<link rel=\"canonical\" href=\"https:\/\/grupoandres.desarrolloundanet.com\/it\/\" \/>\n<meta property=\"og:locale\" content=\"it_IT\" \/>\n<meta property=\"og:type\" content=\"article\" \/>\n<meta property=\"og:title\" content=\"Leader nella distribuzione di pneumatici | Grupo Andr\u00e9s\" \/>\n<meta property=\"og:description\" content=\"Distributore di Pneumatici a professionisti grossisti. Stock di 700,000 pneumatici di 70 marche. Distribuiamo in esclusiva Nankang, Matador, General Tire.\" \/>\n<meta property=\"og:url\" content=\"https:\/\/grupoandres.desarrolloundanet.com\/it\/\" \/>\n<meta property=\"og:site_name\" content=\"Grupo Andr\u00e9s Tyres\" \/>\n<meta property=\"article:modified_time\" content=\"2026-02-13T09:52:01+00:00\" \/>\n<meta name=\"twitter:card\" content=\"summary_large_image\" \/>\n<meta name=\"twitter:label1\" content=\"Tempo di lettura stimato\" \/>\n\t<meta name=\"twitter:data1\" content=\"1 minuto\" \/>\n<script type=\"application\/ld+json\" class=\"yoast-schema-graph\">{\"@context\":\"https:\\\/\\\/schema.org\",\"@graph\":[{\"@type\":\"WebPage\",\"@id\":\"https:\\\/\\\/grupoandres.desarrolloundanet.com\\\/it\\\/\",\"url\":\"https:\\\/\\\/grupoandres.desarrolloundanet.com\\\/it\\\/\",\"name\":\"Leader nella distribuzione di pneumatici | Grupo Andr\u00e9s\",\"isPartOf\":{\"@id\":\"https:\\\/\\\/grupoandres.desarrolloundanet.com\\\/#website\"},\"datePublished\":\"2015-11-30T06:55:23+00:00\",\"dateModified\":\"2026-02-13T09:52:01+00:00\",\"description\":\"Distributore di Pneumatici a professionisti grossisti. Stock di 700,000 pneumatici di 70 marche. Distribuiamo in esclusiva Nankang, Matador, General Tire.\",\"breadcrumb\":{\"@id\":\"https:\\\/\\\/grupoandres.desarrolloundanet.com\\\/it\\\/#breadcrumb\"},\"inLanguage\":\"it-IT\",\"potentialAction\":[{\"@type\":\"ReadAction\",\"target\":[\"https:\\\/\\\/grupoandres.desarrolloundanet.com\\\/it\\\/\"]}]},{\"@type\":\"BreadcrumbList\",\"@id\":\"https:\\\/\\\/grupoandres.desarrolloundanet.com\\\/it\\\/#breadcrumb\",\"itemListElement\":[{\"@type\":\"ListItem\",\"position\":1,\"name\":\"Portada\",\"item\":\"https:\\\/\\\/grupoandres.desarrolloundanet.com\\\/it\\\/\"},{\"@type\":\"ListItem\",\"position\":2,\"name\":\"Leader nella distribuzione di pneumatici\"}]},{\"@type\":\"WebSite\",\"@id\":\"https:\\\/\\\/grupoandres.desarrolloundanet.com\\\/#website\",\"url\":\"https:\\\/\\\/grupoandres.desarrolloundanet.com\\\/\",\"name\":\"Grupo Andr\u00e9s Tyres\",\"description\":\"Tyres distributor  for workshops and proffesional.Stock 500,000 tires  of  70 brands. Exclusive distributors of brands as Nankang , Matador, General Tire and more.\",\"potentialAction\":[{\"@type\":\"SearchAction\",\"target\":{\"@type\":\"EntryPoint\",\"urlTemplate\":\"https:\\\/\\\/grupoandres.desarrolloundanet.com\\\/?s={search_term_string}\"},\"query-input\":{\"@type\":\"PropertyValueSpecification\",\"valueRequired\":true,\"valueName\":\"search_term_string\"}}],\"inLanguage\":\"it-IT\"}]}<\/script>\n<!-- \/ Yoast SEO plugin. -->","yoast_head_json":{"title":"Leader nella distribuzione di pneumatici | Grupo Andr\u00e9s","description":"Distributore di Pneumatici a professionisti grossisti. Stock di 700,000 pneumatici di 70 marche. Distribuiamo in esclusiva Nankang, Matador, General Tire.","robots":{"index":"index","follow":"follow","max-snippet":"max-snippet:-1","max-image-preview":"max-image-preview:large","max-video-preview":"max-video-preview:-1"},"canonical":"https:\/\/grupoandres.desarrolloundanet.com\/it\/","og_locale":"it_IT","og_type":"article","og_title":"Leader nella distribuzione di pneumatici | Grupo Andr\u00e9s","og_description":"Distributore di Pneumatici a professionisti grossisti. Stock di 700,000 pneumatici di 70 marche. Distribuiamo in esclusiva Nankang, Matador, General Tire.","og_url":"https:\/\/grupoandres.desarrolloundanet.com\/it\/","og_site_name":"Grupo Andr\u00e9s Tyres","article_modified_time":"2026-02-13T09:52:01+00:00","twitter_card":"summary_large_image","twitter_misc":{"Tempo di lettura stimato":"1 minuto"},"schema":{"@context":"https:\/\/schema.org","@graph":[{"@type":"WebPage","@id":"https:\/\/grupoandres.desarrolloundanet.com\/it\/","url":"https:\/\/grupoandres.desarrolloundanet.com\/it\/","name":"Leader nella distribuzione di pneumatici | Grupo Andr\u00e9s","isPartOf":{"@id":"https:\/\/grupoandres.desarrolloundanet.com\/#website"},"datePublished":"2015-11-30T06:55:23+00:00","dateModified":"2026-02-13T09:52:01+00:00","description":"Distributore di Pneumatici a professionisti grossisti. Stock di 700,000 pneumatici di 70 marche. Distribuiamo in esclusiva Nankang, Matador, General Tire.","breadcrumb":{"@id":"https:\/\/grupoandres.desarrolloundanet.com\/it\/#breadcrumb"},"inLanguage":"it-IT","potentialAction":[{"@type":"ReadAction","target":["https:\/\/grupoandres.desarrolloundanet.com\/it\/"]}]},{"@type":"BreadcrumbList","@id":"https:\/\/grupoandres.desarrolloundanet.com\/it\/#breadcrumb","itemListElement":[{"@type":"ListItem","position":1,"name":"Portada","item":"https:\/\/grupoandres.desarrolloundanet.com\/it\/"},{"@type":"ListItem","position":2,"name":"Leader nella distribuzione di pneumatici"}]},{"@type":"WebSite","@id":"https:\/\/grupoandres.desarrolloundanet.com\/#website","url":"https:\/\/grupoandres.desarrolloundanet.com\/","name":"Grupo Andr\u00e9s Tyres","description":"Tyres distributor  for workshops and proffesional.Stock 500,000 tires  of  70 brands. Exclusive distributors of brands as Nankang , Matador, General Tire and more.","potentialAction":[{"@type":"SearchAction","target":{"@type":"EntryPoint","urlTemplate":"https:\/\/grupoandres.desarrolloundanet.com\/?s={search_term_string}"},"query-input":{"@type":"PropertyValueSpecification","valueRequired":true,"valueName":"search_term_string"}}],"inLanguage":"it-IT"}]}},"_links":{"self":[{"href":"https:\/\/grupoandres.desarrolloundanet.com\/it\/wp-json\/wp\/v2\/pages\/3289","targetHints":{"allow":["GET"]}}],"collection":[{"href":"https:\/\/grupoandres.desarrolloundanet.com\/it\/wp-json\/wp\/v2\/pages"}],"about":[{"href":"https:\/\/grupoandres.desarrolloundanet.com\/it\/wp-json\/wp\/v2\/types\/page"}],"author":[{"embeddable":true,"href":"https:\/\/grupoandres.desarrolloundanet.com\/it\/wp-json\/wp\/v2\/users\/1"}],"replies":[{"embeddable":true,"href":"https:\/\/grupoandres.desarrolloundanet.com\/it\/wp-json\/wp\/v2\/comments?post=3289"}],"version-history":[{"count":89,"href":"https:\/\/grupoandres.desarrolloundanet.com\/it\/wp-json\/wp\/v2\/pages\/3289\/revisions"}],"predecessor-version":[{"id":26523,"href":"https:\/\/grupoandres.desarrolloundanet.com\/it\/wp-json\/wp\/v2\/pages\/3289\/revisions\/26523"}],"wp:attachment":[{"href":"https:\/\/grupoandres.desarrolloundanet.com\/it\/wp-json\/wp\/v2\/media?parent=3289"}],"curies":[{"name":"wp","href":"https:\/\/api.w.org\/{rel}","templated":true}]}}