{"id":26504,"date":"2026-02-11T14:59:23","date_gmt":"2026-02-11T13:59:23","guid":{"rendered":"https:\/\/grupoandres.desarrolloundanet.com\/pneumatici\/maxxis\/"},"modified":"2026-02-13T11:28:02","modified_gmt":"2026-02-13T10:28:02","slug":"maxxis","status":"publish","type":"page","link":"https:\/\/grupoandres.desarrolloundanet.com\/it\/pneumatici\/maxxis\/","title":{"rendered":"Maxxis"},"content":{"rendered":"<p>Abbiamo inserito nel nostro catalogo il prestigioso marchio <strong>Maxxis<\/strong>, riconosciuto a livello internazionale per qualit\u00e0, innovazione e versatilit\u00e0.<\/p>\n<p>La gamma di pneumatici <strong>Maxxis<\/strong> per bicicletta copre tutte le esigenze del ciclista: da pneumatici leggeri ed efficienti per strada e uso urbano, fino a modelli specializzati per gravel e avventura, mountain bike (MTB), enduro, downhill o BMX.<\/p>\n<p>Ogni opzione combina tecnologie avanzate e mescole progettate per offrire un equilibrio ottimale tra trazione, resistenza e prestazioni.<br \/>\nLa nostra missione come distributore \u00e8 offrire a officine, negozi e professionisti del settore una selezione completa di pneumatici Maxxis, accompagnata dalla consulenza esperta necessaria per trovare la soluzione pi\u00f9 adatta a ogni tipo di cliente e disciplina.<br \/>\nAffidati alla nostra esperienza e consulta i nostri specialisti per scoprire il pneumatico Maxxis perfetto per ogni bicicletta.<\/p>\n","protected":false},"excerpt":{"rendered":"<p>Abbiamo inserito nel nostro catalogo il prestigioso marchio Maxxis, riconosciuto a livello internazionale per qualit\u00e0, innovazione e versatilit\u00e0. La gamma di pneumatici Maxxis per bicicletta copre tutte le esigenze del ciclista: da pneumatici leggeri ed efficienti per strada e uso urbano, fino a modelli specializzati per gravel e avventura, mountain bike (MTB), enduro, downhill o &hellip; <a href=\"https:\/\/grupoandres.desarrolloundanet.com\/it\/pneumatici\/maxxis\/\" class=\"more-link\">Continue reading <span class=\"screen-reader-text\">Maxxis<\/span> <span class=\"meta-nav\">&rarr;<\/span><\/a><\/p>\n","protected":false},"author":1,"featured_media":0,"parent":3454,"menu_order":0,"comment_status":"closed","ping_status":"closed","template":"page-marcas.php","meta":{"_acf_changed":false,"footnotes":""},"class_list":["post-26504","page","type-page","status-publish","hentry"],"acf":[],"yoast_head":"<!-- This site is optimized with the Yoast SEO plugin v27.3 - https:\/\/yoast.com\/product\/yoast-seo-wordpress\/ -->\n<title>Neum\u00e1ticos Maxxis - Grupo Andr\u00e9s Tyres<\/title>\n<meta name=\"description\" content=\"Distribuci\u00f3n y venta al por mayor de neum\u00e1ticos Rebel para talleres y profesionales. Amplia variedad de modelos y medidas \u00a1Entrega en 24 h!\" \/>\n<meta name=\"robots\" content=\"index, follow, max-snippet:-1, max-image-preview:large, max-video-preview:-1\" \/>\n<link rel=\"canonical\" href=\"https:\/\/grupoandres.desarrolloundanet.com\/it\/pneumatici\/maxxis\/\" \/>\n<meta property=\"og:locale\" content=\"it_IT\" \/>\n<meta property=\"og:type\" content=\"article\" \/>\n<meta property=\"og:title\" content=\"Neum\u00e1ticos Maxxis - Grupo Andr\u00e9s Tyres\" \/>\n<meta property=\"og:description\" content=\"Distribuci\u00f3n y venta al por mayor de neum\u00e1ticos Rebel para talleres y profesionales. Amplia variedad de modelos y medidas \u00a1Entrega en 24 h!\" \/>\n<meta property=\"og:url\" content=\"https:\/\/grupoandres.desarrolloundanet.com\/it\/pneumatici\/maxxis\/\" \/>\n<meta property=\"og:site_name\" content=\"Grupo Andr\u00e9s Tyres\" \/>\n<meta property=\"article:modified_time\" content=\"2026-02-13T10:28:02+00:00\" \/>\n<meta name=\"twitter:card\" content=\"summary_large_image\" \/>\n<meta name=\"twitter:label1\" content=\"Tempo di lettura stimato\" \/>\n\t<meta name=\"twitter:data1\" content=\"1 minuto\" \/>\n<script type=\"application\/ld+json\" class=\"yoast-schema-graph\">{\"@context\":\"https:\\\/\\\/schema.org\",\"@graph\":[{\"@type\":\"WebPage\",\"@id\":\"https:\\\/\\\/grupoandres.desarrolloundanet.com\\\/it\\\/pneumatici\\\/maxxis\\\/\",\"url\":\"https:\\\/\\\/grupoandres.desarrolloundanet.com\\\/it\\\/pneumatici\\\/maxxis\\\/\",\"name\":\"Neum\u00e1ticos Maxxis - Grupo Andr\u00e9s Tyres\",\"isPartOf\":{\"@id\":\"https:\\\/\\\/grupoandres.desarrolloundanet.com\\\/#website\"},\"datePublished\":\"2026-02-11T13:59:23+00:00\",\"dateModified\":\"2026-02-13T10:28:02+00:00\",\"description\":\"Distribuci\u00f3n y venta al por mayor de neum\u00e1ticos Rebel para talleres y profesionales. Amplia variedad de modelos y medidas \u00a1Entrega en 24 h!\",\"breadcrumb\":{\"@id\":\"https:\\\/\\\/grupoandres.desarrolloundanet.com\\\/it\\\/pneumatici\\\/maxxis\\\/#breadcrumb\"},\"inLanguage\":\"it-IT\",\"potentialAction\":[{\"@type\":\"ReadAction\",\"target\":[\"https:\\\/\\\/grupoandres.desarrolloundanet.com\\\/it\\\/pneumatici\\\/maxxis\\\/\"]}]},{\"@type\":\"BreadcrumbList\",\"@id\":\"https:\\\/\\\/grupoandres.desarrolloundanet.com\\\/it\\\/pneumatici\\\/maxxis\\\/#breadcrumb\",\"itemListElement\":[{\"@type\":\"ListItem\",\"position\":1,\"name\":\"Portada\",\"item\":\"https:\\\/\\\/grupoandres.desarrolloundanet.com\\\/it\\\/\"},{\"@type\":\"ListItem\",\"position\":2,\"name\":\"Pneumatici\",\"item\":\"https:\\\/\\\/grupoandres.desarrolloundanet.com\\\/it\\\/pneumatici\\\/\"},{\"@type\":\"ListItem\",\"position\":3,\"name\":\"Maxxis\"}]},{\"@type\":\"WebSite\",\"@id\":\"https:\\\/\\\/grupoandres.desarrolloundanet.com\\\/#website\",\"url\":\"https:\\\/\\\/grupoandres.desarrolloundanet.com\\\/\",\"name\":\"Grupo Andr\u00e9s Tyres\",\"description\":\"Tyres distributor  for workshops and proffesional.Stock 500,000 tires  of  70 brands. Exclusive distributors of brands as Nankang , Matador, General Tire and more.\",\"potentialAction\":[{\"@type\":\"SearchAction\",\"target\":{\"@type\":\"EntryPoint\",\"urlTemplate\":\"https:\\\/\\\/grupoandres.desarrolloundanet.com\\\/?s={search_term_string}\"},\"query-input\":{\"@type\":\"PropertyValueSpecification\",\"valueRequired\":true,\"valueName\":\"search_term_string\"}}],\"inLanguage\":\"it-IT\"}]}<\/script>\n<!-- \/ Yoast SEO plugin. -->","yoast_head_json":{"title":"Neum\u00e1ticos Maxxis - Grupo Andr\u00e9s Tyres","description":"Distribuci\u00f3n y venta al por mayor de neum\u00e1ticos Rebel para talleres y profesionales. Amplia variedad de modelos y medidas \u00a1Entrega en 24 h!","robots":{"index":"index","follow":"follow","max-snippet":"max-snippet:-1","max-image-preview":"max-image-preview:large","max-video-preview":"max-video-preview:-1"},"canonical":"https:\/\/grupoandres.desarrolloundanet.com\/it\/pneumatici\/maxxis\/","og_locale":"it_IT","og_type":"article","og_title":"Neum\u00e1ticos Maxxis - Grupo Andr\u00e9s Tyres","og_description":"Distribuci\u00f3n y venta al por mayor de neum\u00e1ticos Rebel para talleres y profesionales. Amplia variedad de modelos y medidas \u00a1Entrega en 24 h!","og_url":"https:\/\/grupoandres.desarrolloundanet.com\/it\/pneumatici\/maxxis\/","og_site_name":"Grupo Andr\u00e9s Tyres","article_modified_time":"2026-02-13T10:28:02+00:00","twitter_card":"summary_large_image","twitter_misc":{"Tempo di lettura stimato":"1 minuto"},"schema":{"@context":"https:\/\/schema.org","@graph":[{"@type":"WebPage","@id":"https:\/\/grupoandres.desarrolloundanet.com\/it\/pneumatici\/maxxis\/","url":"https:\/\/grupoandres.desarrolloundanet.com\/it\/pneumatici\/maxxis\/","name":"Neum\u00e1ticos Maxxis - Grupo Andr\u00e9s Tyres","isPartOf":{"@id":"https:\/\/grupoandres.desarrolloundanet.com\/#website"},"datePublished":"2026-02-11T13:59:23+00:00","dateModified":"2026-02-13T10:28:02+00:00","description":"Distribuci\u00f3n y venta al por mayor de neum\u00e1ticos Rebel para talleres y profesionales. Amplia variedad de modelos y medidas \u00a1Entrega en 24 h!","breadcrumb":{"@id":"https:\/\/grupoandres.desarrolloundanet.com\/it\/pneumatici\/maxxis\/#breadcrumb"},"inLanguage":"it-IT","potentialAction":[{"@type":"ReadAction","target":["https:\/\/grupoandres.desarrolloundanet.com\/it\/pneumatici\/maxxis\/"]}]},{"@type":"BreadcrumbList","@id":"https:\/\/grupoandres.desarrolloundanet.com\/it\/pneumatici\/maxxis\/#breadcrumb","itemListElement":[{"@type":"ListItem","position":1,"name":"Portada","item":"https:\/\/grupoandres.desarrolloundanet.com\/it\/"},{"@type":"ListItem","position":2,"name":"Pneumatici","item":"https:\/\/grupoandres.desarrolloundanet.com\/it\/pneumatici\/"},{"@type":"ListItem","position":3,"name":"Maxxis"}]},{"@type":"WebSite","@id":"https:\/\/grupoandres.desarrolloundanet.com\/#website","url":"https:\/\/grupoandres.desarrolloundanet.com\/","name":"Grupo Andr\u00e9s Tyres","description":"Tyres distributor  for workshops and proffesional.Stock 500,000 tires  of  70 brands. Exclusive distributors of brands as Nankang , Matador, General Tire and more.","potentialAction":[{"@type":"SearchAction","target":{"@type":"EntryPoint","urlTemplate":"https:\/\/grupoandres.desarrolloundanet.com\/?s={search_term_string}"},"query-input":{"@type":"PropertyValueSpecification","valueRequired":true,"valueName":"search_term_string"}}],"inLanguage":"it-IT"}]}},"_links":{"self":[{"href":"https:\/\/grupoandres.desarrolloundanet.com\/it\/wp-json\/wp\/v2\/pages\/26504","targetHints":{"allow":["GET"]}}],"collection":[{"href":"https:\/\/grupoandres.desarrolloundanet.com\/it\/wp-json\/wp\/v2\/pages"}],"about":[{"href":"https:\/\/grupoandres.desarrolloundanet.com\/it\/wp-json\/wp\/v2\/types\/page"}],"author":[{"embeddable":true,"href":"https:\/\/grupoandres.desarrolloundanet.com\/it\/wp-json\/wp\/v2\/users\/1"}],"replies":[{"embeddable":true,"href":"https:\/\/grupoandres.desarrolloundanet.com\/it\/wp-json\/wp\/v2\/comments?post=26504"}],"version-history":[{"count":2,"href":"https:\/\/grupoandres.desarrolloundanet.com\/it\/wp-json\/wp\/v2\/pages\/26504\/revisions"}],"predecessor-version":[{"id":26545,"href":"https:\/\/grupoandres.desarrolloundanet.com\/it\/wp-json\/wp\/v2\/pages\/26504\/revisions\/26545"}],"up":[{"embeddable":true,"href":"https:\/\/grupoandres.desarrolloundanet.com\/it\/wp-json\/wp\/v2\/pages\/3454"}],"wp:attachment":[{"href":"https:\/\/grupoandres.desarrolloundanet.com\/it\/wp-json\/wp\/v2\/media?parent=26504"}],"curies":[{"name":"wp","href":"https:\/\/api.w.org\/{rel}","templated":true}]}}