{"id":26498,"date":"2026-02-11T14:46:45","date_gmt":"2026-02-11T13:46:45","guid":{"rendered":"https:\/\/grupoandres.desarrolloundanet.com\/pneumatici\/bicicleta\/"},"modified":"2026-02-13T10:41:02","modified_gmt":"2026-02-13T09:41:02","slug":"bicicletta","status":"publish","type":"page","link":"https:\/\/grupoandres.desarrolloundanet.com\/it\/pneumatici\/bicicletta\/","title":{"rendered":"Bicicletta"},"content":{"rendered":"<p>Il ciclismo si \u00e8 evoluto notevolmente negli ultimi anni, sia nell\u2019ambito sportivo sia nella mobilit\u00e0 urbana e nel tempo libero. Scegliere il pneumatico giusto \u00e8 fondamentale per garantire sicurezza, prestazioni, comfort e durata in ogni uscita, sia su strada, in citt\u00e0 o su terreni impegnativi.<\/p>\n<p>In Neum\u00e1ticos Andr\u00e9s abbiamo inserito nel nostro catalogo il prestigioso marchio <strong>Maxxis<\/strong>, riconosciuto a livello internazionale per qualit\u00e0, innovazione e versatilit\u00e0.<\/p>\n","protected":false},"excerpt":{"rendered":"<p>Il ciclismo si \u00e8 evoluto notevolmente negli ultimi anni, sia nell\u2019ambito sportivo sia nella mobilit\u00e0 urbana e nel tempo libero. Scegliere il pneumatico giusto \u00e8 fondamentale per garantire sicurezza, prestazioni, comfort e durata in ogni uscita, sia su strada, in citt\u00e0 o su terreni impegnativi. In Neum\u00e1ticos Andr\u00e9s abbiamo inserito nel nostro catalogo il prestigioso &hellip; <a href=\"https:\/\/grupoandres.desarrolloundanet.com\/it\/pneumatici\/bicicletta\/\" class=\"more-link\">Continue reading <span class=\"screen-reader-text\">Bicicletta<\/span> <span class=\"meta-nav\">&rarr;<\/span><\/a><\/p>\n","protected":false},"author":1,"featured_media":0,"parent":3454,"menu_order":0,"comment_status":"closed","ping_status":"closed","template":"page-neumaticos.php","meta":{"_acf_changed":false,"footnotes":""},"class_list":["post-26498","page","type-page","status-publish","hentry"],"acf":[],"yoast_head":"<!-- This site is optimized with the Yoast SEO plugin v27.3 - https:\/\/yoast.com\/product\/yoast-seo-wordpress\/ -->\n<title>Neum\u00e1ticos para Bicicletta - Grupo Andr\u00e9s Tyres<\/title>\n<meta name=\"description\" content=\"Distribuci\u00f3n y venta al por mayor de neum\u00e1ticos de Moto para talleres y profesionales de Espa\u00f1a y de Europa. Distribuimos todo tipo de marcas premium y exclusivas. Date de alta en nuestra nueva plataforma Online y obt\u00e9n grandes descuentos del mayor distribuidor de neum\u00e1ticos de la pen\u00ednsula. \u00a1Entrega en 24 horas!\" \/>\n<meta name=\"robots\" content=\"index, follow, max-snippet:-1, max-image-preview:large, max-video-preview:-1\" \/>\n<link rel=\"canonical\" href=\"https:\/\/grupoandres.desarrolloundanet.com\/it\/pneumatici\/bicicletta\/\" \/>\n<meta property=\"og:locale\" content=\"it_IT\" \/>\n<meta property=\"og:type\" content=\"article\" \/>\n<meta property=\"og:title\" content=\"Neum\u00e1ticos para Bicicletta - Grupo Andr\u00e9s Tyres\" \/>\n<meta property=\"og:description\" content=\"Distribuci\u00f3n y venta al por mayor de neum\u00e1ticos de Moto para talleres y profesionales de Espa\u00f1a y de Europa. Distribuimos todo tipo de marcas premium y exclusivas. Date de alta en nuestra nueva plataforma Online y obt\u00e9n grandes descuentos del mayor distribuidor de neum\u00e1ticos de la pen\u00ednsula. \u00a1Entrega en 24 horas!\" \/>\n<meta property=\"og:url\" content=\"https:\/\/grupoandres.desarrolloundanet.com\/it\/pneumatici\/bicicletta\/\" \/>\n<meta property=\"og:site_name\" content=\"Grupo Andr\u00e9s Tyres\" \/>\n<meta property=\"article:modified_time\" content=\"2026-02-13T09:41:02+00:00\" \/>\n<meta name=\"twitter:card\" content=\"summary_large_image\" \/>\n<meta name=\"twitter:label1\" content=\"Tempo di lettura stimato\" \/>\n\t<meta name=\"twitter:data1\" content=\"1 minuto\" \/>\n<script type=\"application\/ld+json\" class=\"yoast-schema-graph\">{\"@context\":\"https:\\\/\\\/schema.org\",\"@graph\":[{\"@type\":\"WebPage\",\"@id\":\"https:\\\/\\\/grupoandres.desarrolloundanet.com\\\/it\\\/pneumatici\\\/bicicletta\\\/\",\"url\":\"https:\\\/\\\/grupoandres.desarrolloundanet.com\\\/it\\\/pneumatici\\\/bicicletta\\\/\",\"name\":\"Neum\u00e1ticos para Bicicletta - Grupo Andr\u00e9s Tyres\",\"isPartOf\":{\"@id\":\"https:\\\/\\\/grupoandres.desarrolloundanet.com\\\/#website\"},\"datePublished\":\"2026-02-11T13:46:45+00:00\",\"dateModified\":\"2026-02-13T09:41:02+00:00\",\"description\":\"Distribuci\u00f3n y venta al por mayor de neum\u00e1ticos de Moto para talleres y profesionales de Espa\u00f1a y de Europa. Distribuimos todo tipo de marcas premium y exclusivas. Date de alta en nuestra nueva plataforma Online y obt\u00e9n grandes descuentos del mayor distribuidor de neum\u00e1ticos de la pen\u00ednsula. \u00a1Entrega en 24 horas!\",\"breadcrumb\":{\"@id\":\"https:\\\/\\\/grupoandres.desarrolloundanet.com\\\/it\\\/pneumatici\\\/bicicletta\\\/#breadcrumb\"},\"inLanguage\":\"it-IT\",\"potentialAction\":[{\"@type\":\"ReadAction\",\"target\":[\"https:\\\/\\\/grupoandres.desarrolloundanet.com\\\/it\\\/pneumatici\\\/bicicletta\\\/\"]}]},{\"@type\":\"BreadcrumbList\",\"@id\":\"https:\\\/\\\/grupoandres.desarrolloundanet.com\\\/it\\\/pneumatici\\\/bicicletta\\\/#breadcrumb\",\"itemListElement\":[{\"@type\":\"ListItem\",\"position\":1,\"name\":\"Portada\",\"item\":\"https:\\\/\\\/grupoandres.desarrolloundanet.com\\\/it\\\/\"},{\"@type\":\"ListItem\",\"position\":2,\"name\":\"Pneumatici\",\"item\":\"https:\\\/\\\/grupoandres.desarrolloundanet.com\\\/it\\\/pneumatici\\\/\"},{\"@type\":\"ListItem\",\"position\":3,\"name\":\"Bicicletta\"}]},{\"@type\":\"WebSite\",\"@id\":\"https:\\\/\\\/grupoandres.desarrolloundanet.com\\\/#website\",\"url\":\"https:\\\/\\\/grupoandres.desarrolloundanet.com\\\/\",\"name\":\"Grupo Andr\u00e9s Tyres\",\"description\":\"Tyres distributor  for workshops and proffesional.Stock 500,000 tires  of  70 brands. Exclusive distributors of brands as Nankang , Matador, General Tire and more.\",\"potentialAction\":[{\"@type\":\"SearchAction\",\"target\":{\"@type\":\"EntryPoint\",\"urlTemplate\":\"https:\\\/\\\/grupoandres.desarrolloundanet.com\\\/?s={search_term_string}\"},\"query-input\":{\"@type\":\"PropertyValueSpecification\",\"valueRequired\":true,\"valueName\":\"search_term_string\"}}],\"inLanguage\":\"it-IT\"}]}<\/script>\n<!-- \/ Yoast SEO plugin. -->","yoast_head_json":{"title":"Neum\u00e1ticos para Bicicletta - Grupo Andr\u00e9s Tyres","description":"Distribuci\u00f3n y venta al por mayor de neum\u00e1ticos de Moto para talleres y profesionales de Espa\u00f1a y de Europa. Distribuimos todo tipo de marcas premium y exclusivas. Date de alta en nuestra nueva plataforma Online y obt\u00e9n grandes descuentos del mayor distribuidor de neum\u00e1ticos de la pen\u00ednsula. \u00a1Entrega en 24 horas!","robots":{"index":"index","follow":"follow","max-snippet":"max-snippet:-1","max-image-preview":"max-image-preview:large","max-video-preview":"max-video-preview:-1"},"canonical":"https:\/\/grupoandres.desarrolloundanet.com\/it\/pneumatici\/bicicletta\/","og_locale":"it_IT","og_type":"article","og_title":"Neum\u00e1ticos para Bicicletta - Grupo Andr\u00e9s Tyres","og_description":"Distribuci\u00f3n y venta al por mayor de neum\u00e1ticos de Moto para talleres y profesionales de Espa\u00f1a y de Europa. Distribuimos todo tipo de marcas premium y exclusivas. Date de alta en nuestra nueva plataforma Online y obt\u00e9n grandes descuentos del mayor distribuidor de neum\u00e1ticos de la pen\u00ednsula. \u00a1Entrega en 24 horas!","og_url":"https:\/\/grupoandres.desarrolloundanet.com\/it\/pneumatici\/bicicletta\/","og_site_name":"Grupo Andr\u00e9s Tyres","article_modified_time":"2026-02-13T09:41:02+00:00","twitter_card":"summary_large_image","twitter_misc":{"Tempo di lettura stimato":"1 minuto"},"schema":{"@context":"https:\/\/schema.org","@graph":[{"@type":"WebPage","@id":"https:\/\/grupoandres.desarrolloundanet.com\/it\/pneumatici\/bicicletta\/","url":"https:\/\/grupoandres.desarrolloundanet.com\/it\/pneumatici\/bicicletta\/","name":"Neum\u00e1ticos para Bicicletta - Grupo Andr\u00e9s Tyres","isPartOf":{"@id":"https:\/\/grupoandres.desarrolloundanet.com\/#website"},"datePublished":"2026-02-11T13:46:45+00:00","dateModified":"2026-02-13T09:41:02+00:00","description":"Distribuci\u00f3n y venta al por mayor de neum\u00e1ticos de Moto para talleres y profesionales de Espa\u00f1a y de Europa. Distribuimos todo tipo de marcas premium y exclusivas. Date de alta en nuestra nueva plataforma Online y obt\u00e9n grandes descuentos del mayor distribuidor de neum\u00e1ticos de la pen\u00ednsula. \u00a1Entrega en 24 horas!","breadcrumb":{"@id":"https:\/\/grupoandres.desarrolloundanet.com\/it\/pneumatici\/bicicletta\/#breadcrumb"},"inLanguage":"it-IT","potentialAction":[{"@type":"ReadAction","target":["https:\/\/grupoandres.desarrolloundanet.com\/it\/pneumatici\/bicicletta\/"]}]},{"@type":"BreadcrumbList","@id":"https:\/\/grupoandres.desarrolloundanet.com\/it\/pneumatici\/bicicletta\/#breadcrumb","itemListElement":[{"@type":"ListItem","position":1,"name":"Portada","item":"https:\/\/grupoandres.desarrolloundanet.com\/it\/"},{"@type":"ListItem","position":2,"name":"Pneumatici","item":"https:\/\/grupoandres.desarrolloundanet.com\/it\/pneumatici\/"},{"@type":"ListItem","position":3,"name":"Bicicletta"}]},{"@type":"WebSite","@id":"https:\/\/grupoandres.desarrolloundanet.com\/#website","url":"https:\/\/grupoandres.desarrolloundanet.com\/","name":"Grupo Andr\u00e9s Tyres","description":"Tyres distributor  for workshops and proffesional.Stock 500,000 tires  of  70 brands. Exclusive distributors of brands as Nankang , Matador, General Tire and more.","potentialAction":[{"@type":"SearchAction","target":{"@type":"EntryPoint","urlTemplate":"https:\/\/grupoandres.desarrolloundanet.com\/?s={search_term_string}"},"query-input":{"@type":"PropertyValueSpecification","valueRequired":true,"valueName":"search_term_string"}}],"inLanguage":"it-IT"}]}},"_links":{"self":[{"href":"https:\/\/grupoandres.desarrolloundanet.com\/it\/wp-json\/wp\/v2\/pages\/26498","targetHints":{"allow":["GET"]}}],"collection":[{"href":"https:\/\/grupoandres.desarrolloundanet.com\/it\/wp-json\/wp\/v2\/pages"}],"about":[{"href":"https:\/\/grupoandres.desarrolloundanet.com\/it\/wp-json\/wp\/v2\/types\/page"}],"author":[{"embeddable":true,"href":"https:\/\/grupoandres.desarrolloundanet.com\/it\/wp-json\/wp\/v2\/users\/1"}],"replies":[{"embeddable":true,"href":"https:\/\/grupoandres.desarrolloundanet.com\/it\/wp-json\/wp\/v2\/comments?post=26498"}],"version-history":[{"count":2,"href":"https:\/\/grupoandres.desarrolloundanet.com\/it\/wp-json\/wp\/v2\/pages\/26498\/revisions"}],"predecessor-version":[{"id":26518,"href":"https:\/\/grupoandres.desarrolloundanet.com\/it\/wp-json\/wp\/v2\/pages\/26498\/revisions\/26518"}],"up":[{"embeddable":true,"href":"https:\/\/grupoandres.desarrolloundanet.com\/it\/wp-json\/wp\/v2\/pages\/3454"}],"wp:attachment":[{"href":"https:\/\/grupoandres.desarrolloundanet.com\/it\/wp-json\/wp\/v2\/media?parent=26498"}],"curies":[{"name":"wp","href":"https:\/\/api.w.org\/{rel}","templated":true}]}}