{"id":26259,"date":"2016-01-13T12:43:44","date_gmt":"2016-01-13T12:43:44","guid":{"rendered":"https:\/\/grupoandres.desarrolloundanet.com\/pneumatici\/fulda\/"},"modified":"2026-01-28T14:38:21","modified_gmt":"2026-01-28T13:38:21","slug":"fulda","status":"publish","type":"page","link":"https:\/\/grupoandres.desarrolloundanet.com\/it\/pneumatici\/fulda\/","title":{"rendered":"Fulda"},"content":{"rendered":"<p><strong>Fulda<\/strong> \u00e8 un marchio di pneumatici fondato in Germania nel 1900, con una lunga tradizione ed \u00e8 noto per qualit\u00e0 e robustezza. Nato come produttore di articoli in gomma, si \u00e8 presto specializzato in pneumatici per veicoli, costruendo la propria reputazione sull\u2019innovazione \u2014 come lo sviluppo della gomma sintetica nel 1914 e di tecnologie per una maggiore aderenza \u2014 diventando un brand di riferimento per auto e veicoli commerciali.<\/p>\n<p>La qualit\u00e0 dei pneumatici Fulda \u00e8 il risultato della profonda conoscenza delle elevate aspettative dei consumatori nel nostro mercato nazionale. I profili sono molteplici: da chi guida in climi estremi a chi pretende prestazioni ottimali su qualsiasi superficie.<\/p>\n","protected":false},"excerpt":{"rendered":"<p>Fulda \u00e8 un marchio di pneumatici fondato in Germania nel 1900, con una lunga tradizione ed \u00e8 noto per qualit\u00e0 e robustezza. Nato come produttore di articoli in gomma, si \u00e8 presto specializzato in pneumatici per veicoli, costruendo la propria reputazione sull\u2019innovazione \u2014 come lo sviluppo della gomma sintetica nel 1914 e di tecnologie per &hellip; <a href=\"https:\/\/grupoandres.desarrolloundanet.com\/it\/pneumatici\/fulda\/\" class=\"more-link\">Continue reading <span class=\"screen-reader-text\">Fulda<\/span> <span class=\"meta-nav\">&rarr;<\/span><\/a><\/p>\n","protected":false},"author":1,"featured_media":0,"parent":3454,"menu_order":0,"comment_status":"closed","ping_status":"closed","template":"page-marcas.php","meta":{"_acf_changed":false,"footnotes":""},"class_list":["post-26259","page","type-page","status-publish","hentry"],"acf":[],"yoast_head":"<!-- This site is optimized with the Yoast SEO plugin v27.3 - https:\/\/yoast.com\/product\/yoast-seo-wordpress\/ -->\n<title>Pneumatici Fulda - Pneumatici per tutti i tipi di veicoli<\/title>\n<meta name=\"description\" content=\"Scopri i pneumatici Fulda: un marchio tedesco dalla grande tradizione, fondato nel 1900, che produce pneumatici accessibili e durevoli.\" \/>\n<meta name=\"robots\" content=\"index, follow, max-snippet:-1, max-image-preview:large, max-video-preview:-1\" \/>\n<link rel=\"canonical\" href=\"https:\/\/grupoandres.desarrolloundanet.com\/it\/pneumatici\/fulda\/\" \/>\n<meta property=\"og:locale\" content=\"it_IT\" \/>\n<meta property=\"og:type\" content=\"article\" \/>\n<meta property=\"og:title\" content=\"Pneumatici Fulda - Pneumatici per tutti i tipi di veicoli\" \/>\n<meta property=\"og:description\" content=\"Scopri i pneumatici Fulda: un marchio tedesco dalla grande tradizione, fondato nel 1900, che produce pneumatici accessibili e durevoli.\" \/>\n<meta property=\"og:url\" content=\"https:\/\/grupoandres.desarrolloundanet.com\/it\/pneumatici\/fulda\/\" \/>\n<meta property=\"og:site_name\" content=\"Grupo Andr\u00e9s Tyres\" \/>\n<meta property=\"article:modified_time\" content=\"2026-01-28T13:38:21+00:00\" \/>\n<meta name=\"twitter:card\" content=\"summary_large_image\" \/>\n<meta name=\"twitter:label1\" content=\"Tempo di lettura stimato\" \/>\n\t<meta name=\"twitter:data1\" content=\"1 minuto\" \/>\n<script type=\"application\/ld+json\" class=\"yoast-schema-graph\">{\"@context\":\"https:\\\/\\\/schema.org\",\"@graph\":[{\"@type\":\"WebPage\",\"@id\":\"https:\\\/\\\/grupoandres.desarrolloundanet.com\\\/it\\\/pneumatici\\\/fulda\\\/\",\"url\":\"https:\\\/\\\/grupoandres.desarrolloundanet.com\\\/it\\\/pneumatici\\\/fulda\\\/\",\"name\":\"Pneumatici Fulda - Pneumatici per tutti i tipi di veicoli\",\"isPartOf\":{\"@id\":\"https:\\\/\\\/grupoandres.desarrolloundanet.com\\\/#website\"},\"datePublished\":\"2016-01-13T12:43:44+00:00\",\"dateModified\":\"2026-01-28T13:38:21+00:00\",\"description\":\"Scopri i pneumatici Fulda: un marchio tedesco dalla grande tradizione, fondato nel 1900, che produce pneumatici accessibili e durevoli.\",\"breadcrumb\":{\"@id\":\"https:\\\/\\\/grupoandres.desarrolloundanet.com\\\/it\\\/pneumatici\\\/fulda\\\/#breadcrumb\"},\"inLanguage\":\"it-IT\",\"potentialAction\":[{\"@type\":\"ReadAction\",\"target\":[\"https:\\\/\\\/grupoandres.desarrolloundanet.com\\\/it\\\/pneumatici\\\/fulda\\\/\"]}]},{\"@type\":\"BreadcrumbList\",\"@id\":\"https:\\\/\\\/grupoandres.desarrolloundanet.com\\\/it\\\/pneumatici\\\/fulda\\\/#breadcrumb\",\"itemListElement\":[{\"@type\":\"ListItem\",\"position\":1,\"name\":\"Portada\",\"item\":\"https:\\\/\\\/grupoandres.desarrolloundanet.com\\\/it\\\/\"},{\"@type\":\"ListItem\",\"position\":2,\"name\":\"Pneumatici\",\"item\":\"https:\\\/\\\/grupoandres.desarrolloundanet.com\\\/it\\\/pneumatici\\\/\"},{\"@type\":\"ListItem\",\"position\":3,\"name\":\"Fulda\"}]},{\"@type\":\"WebSite\",\"@id\":\"https:\\\/\\\/grupoandres.desarrolloundanet.com\\\/#website\",\"url\":\"https:\\\/\\\/grupoandres.desarrolloundanet.com\\\/\",\"name\":\"Grupo Andr\u00e9s Tyres\",\"description\":\"Tyres distributor  for workshops and proffesional.Stock 500,000 tires  of  70 brands. Exclusive distributors of brands as Nankang , Matador, General Tire and more.\",\"potentialAction\":[{\"@type\":\"SearchAction\",\"target\":{\"@type\":\"EntryPoint\",\"urlTemplate\":\"https:\\\/\\\/grupoandres.desarrolloundanet.com\\\/?s={search_term_string}\"},\"query-input\":{\"@type\":\"PropertyValueSpecification\",\"valueRequired\":true,\"valueName\":\"search_term_string\"}}],\"inLanguage\":\"it-IT\"}]}<\/script>\n<!-- \/ Yoast SEO plugin. -->","yoast_head_json":{"title":"Pneumatici Fulda - Pneumatici per tutti i tipi di veicoli","description":"Scopri i pneumatici Fulda: un marchio tedesco dalla grande tradizione, fondato nel 1900, che produce pneumatici accessibili e durevoli.","robots":{"index":"index","follow":"follow","max-snippet":"max-snippet:-1","max-image-preview":"max-image-preview:large","max-video-preview":"max-video-preview:-1"},"canonical":"https:\/\/grupoandres.desarrolloundanet.com\/it\/pneumatici\/fulda\/","og_locale":"it_IT","og_type":"article","og_title":"Pneumatici Fulda - Pneumatici per tutti i tipi di veicoli","og_description":"Scopri i pneumatici Fulda: un marchio tedesco dalla grande tradizione, fondato nel 1900, che produce pneumatici accessibili e durevoli.","og_url":"https:\/\/grupoandres.desarrolloundanet.com\/it\/pneumatici\/fulda\/","og_site_name":"Grupo Andr\u00e9s Tyres","article_modified_time":"2026-01-28T13:38:21+00:00","twitter_card":"summary_large_image","twitter_misc":{"Tempo di lettura stimato":"1 minuto"},"schema":{"@context":"https:\/\/schema.org","@graph":[{"@type":"WebPage","@id":"https:\/\/grupoandres.desarrolloundanet.com\/it\/pneumatici\/fulda\/","url":"https:\/\/grupoandres.desarrolloundanet.com\/it\/pneumatici\/fulda\/","name":"Pneumatici Fulda - Pneumatici per tutti i tipi di veicoli","isPartOf":{"@id":"https:\/\/grupoandres.desarrolloundanet.com\/#website"},"datePublished":"2016-01-13T12:43:44+00:00","dateModified":"2026-01-28T13:38:21+00:00","description":"Scopri i pneumatici Fulda: un marchio tedesco dalla grande tradizione, fondato nel 1900, che produce pneumatici accessibili e durevoli.","breadcrumb":{"@id":"https:\/\/grupoandres.desarrolloundanet.com\/it\/pneumatici\/fulda\/#breadcrumb"},"inLanguage":"it-IT","potentialAction":[{"@type":"ReadAction","target":["https:\/\/grupoandres.desarrolloundanet.com\/it\/pneumatici\/fulda\/"]}]},{"@type":"BreadcrumbList","@id":"https:\/\/grupoandres.desarrolloundanet.com\/it\/pneumatici\/fulda\/#breadcrumb","itemListElement":[{"@type":"ListItem","position":1,"name":"Portada","item":"https:\/\/grupoandres.desarrolloundanet.com\/it\/"},{"@type":"ListItem","position":2,"name":"Pneumatici","item":"https:\/\/grupoandres.desarrolloundanet.com\/it\/pneumatici\/"},{"@type":"ListItem","position":3,"name":"Fulda"}]},{"@type":"WebSite","@id":"https:\/\/grupoandres.desarrolloundanet.com\/#website","url":"https:\/\/grupoandres.desarrolloundanet.com\/","name":"Grupo Andr\u00e9s Tyres","description":"Tyres distributor  for workshops and proffesional.Stock 500,000 tires  of  70 brands. Exclusive distributors of brands as Nankang , Matador, General Tire and more.","potentialAction":[{"@type":"SearchAction","target":{"@type":"EntryPoint","urlTemplate":"https:\/\/grupoandres.desarrolloundanet.com\/?s={search_term_string}"},"query-input":{"@type":"PropertyValueSpecification","valueRequired":true,"valueName":"search_term_string"}}],"inLanguage":"it-IT"}]}},"_links":{"self":[{"href":"https:\/\/grupoandres.desarrolloundanet.com\/it\/wp-json\/wp\/v2\/pages\/26259","targetHints":{"allow":["GET"]}}],"collection":[{"href":"https:\/\/grupoandres.desarrolloundanet.com\/it\/wp-json\/wp\/v2\/pages"}],"about":[{"href":"https:\/\/grupoandres.desarrolloundanet.com\/it\/wp-json\/wp\/v2\/types\/page"}],"author":[{"embeddable":true,"href":"https:\/\/grupoandres.desarrolloundanet.com\/it\/wp-json\/wp\/v2\/users\/1"}],"replies":[{"embeddable":true,"href":"https:\/\/grupoandres.desarrolloundanet.com\/it\/wp-json\/wp\/v2\/comments?post=26259"}],"version-history":[{"count":2,"href":"https:\/\/grupoandres.desarrolloundanet.com\/it\/wp-json\/wp\/v2\/pages\/26259\/revisions"}],"predecessor-version":[{"id":26262,"href":"https:\/\/grupoandres.desarrolloundanet.com\/it\/wp-json\/wp\/v2\/pages\/26259\/revisions\/26262"}],"up":[{"embeddable":true,"href":"https:\/\/grupoandres.desarrolloundanet.com\/it\/wp-json\/wp\/v2\/pages\/3454"}],"wp:attachment":[{"href":"https:\/\/grupoandres.desarrolloundanet.com\/it\/wp-json\/wp\/v2\/media?parent=26259"}],"curies":[{"name":"wp","href":"https:\/\/api.w.org\/{rel}","templated":true}]}}