{"id":6529,"date":"2018-06-25T13:17:23","date_gmt":"2018-06-25T12:17:23","guid":{"rendered":"https:\/\/grupoandres.desarrolloundanet.com\/contacto\/trabaja-en-andres\/"},"modified":"2021-10-22T12:22:11","modified_gmt":"2021-10-22T10:22:11","slug":"rejoignez-nous","status":"publish","type":"page","link":"https:\/\/grupoandres.desarrolloundanet.com\/fr\/contact\/rejoignez-nous\/","title":{"rendered":"Rejoignez-nous"},"content":{"rendered":"<p>GROUPE ANDR\u00c9S NEUM\u00c1TICOS, leader exclusif et ind\u00e9pendant dans la distribution de pneus de la P\u00e9ninsule Ib\u00e9rique.<\/p>\n<p>Fort de plus de 30 ans d\u2019exp\u00e9rience, Neum\u00e1ticos Andr\u00e9s est toujours la r\u00e9f\u00e9rence de la dis- tribution de pneus en Espagne et au Portugal, se pr\u00e9sentant comme l\u2019option la plus s\u00fbre et la plus rentable pour les professionnels du secteur. Notre strat\u00e9gie est ax\u00e9e sur nos clients que nous consid\u00e9rons comme des partenaires de notre entreprise et avec lesquels nous cher- chons \u00e0 atteindre la plus grande rentabilit\u00e9, tant pour le fournisseur que pour le client.<\/p>\n<p>Nous nous fournissons aupr\u00e8s des principaux groupes de fabricants du monde et notre force et notre pouvoir d\u2019achat nous permettent de proposer un prix de vente excellent et dyna- mique, associ\u00e9 \u00e0 un grand r\u00e9seau de distribution. Tout cela fait de Grupo Andr\u00e9s l\u2019un des lea- ders de la distribution de pneus de la p\u00e9ninsule.<\/p>\n","protected":false},"excerpt":{"rendered":"<p>GROUPE ANDR\u00c9S NEUM\u00c1TICOS, leader exclusif et ind\u00e9pendant dans la distribution de pneus de la P\u00e9ninsule Ib\u00e9rique. Fort de plus de 30 ans d\u2019exp\u00e9rience, Neum\u00e1ticos Andr\u00e9s est toujours la r\u00e9f\u00e9rence de la dis- tribution de pneus en Espagne et au Portugal, se pr\u00e9sentant comme l\u2019option la plus s\u00fbre et la plus rentable pour les professionnels du &hellip; <a href=\"https:\/\/grupoandres.desarrolloundanet.com\/fr\/contact\/rejoignez-nous\/\" class=\"more-link\">Continue reading <span class=\"screen-reader-text\">Rejoignez-nous<\/span> <span class=\"meta-nav\">&rarr;<\/span><\/a><\/p>\n","protected":false},"author":1,"featured_media":0,"parent":1224,"menu_order":0,"comment_status":"closed","ping_status":"closed","template":"page-contacto.php","meta":{"_acf_changed":false,"footnotes":""},"class_list":["post-6529","page","type-page","status-publish","hentry"],"acf":[],"yoast_head":"<!-- This site is optimized with the Yoast SEO plugin v27.3 - https:\/\/yoast.com\/product\/yoast-seo-wordpress\/ -->\n<title>Travailler chez Andr\u00e9s | Grupo Andr\u00e9s Neum\u00e1ticos<\/title>\n<meta name=\"description\" content=\"\u00bfVous souhaitez travailler chez nous? Rejoignez notre \u00e9quipe. Nous distribuons les principales marques de pneus aux professionnels et aux distributeurs.\" \/>\n<meta name=\"robots\" content=\"index, follow, max-snippet:-1, max-image-preview:large, max-video-preview:-1\" \/>\n<link rel=\"canonical\" href=\"https:\/\/grupoandres.desarrolloundanet.com\/fr\/contact\/rejoignez-nous\/\" \/>\n<meta property=\"og:locale\" content=\"fr_FR\" \/>\n<meta property=\"og:type\" content=\"article\" \/>\n<meta property=\"og:title\" content=\"Travailler chez Andr\u00e9s | Grupo Andr\u00e9s Neum\u00e1ticos\" \/>\n<meta property=\"og:description\" content=\"\u00bfVous souhaitez travailler chez nous? Rejoignez notre \u00e9quipe. Nous distribuons les principales marques de pneus aux professionnels et aux distributeurs.\" \/>\n<meta property=\"og:url\" content=\"https:\/\/grupoandres.desarrolloundanet.com\/fr\/contact\/rejoignez-nous\/\" \/>\n<meta property=\"og:site_name\" content=\"Grupo Andr\u00e9s Tyres\" \/>\n<meta property=\"article:modified_time\" content=\"2021-10-22T10:22:11+00:00\" \/>\n<meta name=\"twitter:card\" content=\"summary_large_image\" \/>\n<meta name=\"twitter:label1\" content=\"Dur\u00e9e de lecture estim\u00e9e\" \/>\n\t<meta name=\"twitter:data1\" content=\"1 minute\" \/>\n<script type=\"application\/ld+json\" class=\"yoast-schema-graph\">{\"@context\":\"https:\\\/\\\/schema.org\",\"@graph\":[{\"@type\":\"WebPage\",\"@id\":\"https:\\\/\\\/grupoandres.desarrolloundanet.com\\\/fr\\\/contact\\\/rejoignez-nous\\\/\",\"url\":\"https:\\\/\\\/grupoandres.desarrolloundanet.com\\\/fr\\\/contact\\\/rejoignez-nous\\\/\",\"name\":\"Travailler chez Andr\u00e9s | Grupo Andr\u00e9s Neum\u00e1ticos\",\"isPartOf\":{\"@id\":\"https:\\\/\\\/grupoandres.desarrolloundanet.com\\\/#website\"},\"datePublished\":\"2018-06-25T12:17:23+00:00\",\"dateModified\":\"2021-10-22T10:22:11+00:00\",\"description\":\"\u00bfVous souhaitez travailler chez nous? Rejoignez notre \u00e9quipe. Nous distribuons les principales marques de pneus aux professionnels et aux distributeurs.\",\"breadcrumb\":{\"@id\":\"https:\\\/\\\/grupoandres.desarrolloundanet.com\\\/fr\\\/contact\\\/rejoignez-nous\\\/#breadcrumb\"},\"inLanguage\":\"fr-FR\",\"potentialAction\":[{\"@type\":\"ReadAction\",\"target\":[\"https:\\\/\\\/grupoandres.desarrolloundanet.com\\\/fr\\\/contact\\\/rejoignez-nous\\\/\"]}]},{\"@type\":\"BreadcrumbList\",\"@id\":\"https:\\\/\\\/grupoandres.desarrolloundanet.com\\\/fr\\\/contact\\\/rejoignez-nous\\\/#breadcrumb\",\"itemListElement\":[{\"@type\":\"ListItem\",\"position\":1,\"name\":\"Portada\",\"item\":\"https:\\\/\\\/grupoandres.desarrolloundanet.com\\\/fr\\\/\"},{\"@type\":\"ListItem\",\"position\":2,\"name\":\"Contact\",\"item\":\"https:\\\/\\\/grupoandres.desarrolloundanet.com\\\/fr\\\/contact\\\/\"},{\"@type\":\"ListItem\",\"position\":3,\"name\":\"Rejoignez-nous\"}]},{\"@type\":\"WebSite\",\"@id\":\"https:\\\/\\\/grupoandres.desarrolloundanet.com\\\/#website\",\"url\":\"https:\\\/\\\/grupoandres.desarrolloundanet.com\\\/\",\"name\":\"Grupo Andr\u00e9s Tyres\",\"description\":\"Tyres distributor  for workshops and proffesional.Stock 500,000 tires  of  70 brands. Exclusive distributors of brands as Nankang , Matador, General Tire and more.\",\"potentialAction\":[{\"@type\":\"SearchAction\",\"target\":{\"@type\":\"EntryPoint\",\"urlTemplate\":\"https:\\\/\\\/grupoandres.desarrolloundanet.com\\\/?s={search_term_string}\"},\"query-input\":{\"@type\":\"PropertyValueSpecification\",\"valueRequired\":true,\"valueName\":\"search_term_string\"}}],\"inLanguage\":\"fr-FR\"}]}<\/script>\n<!-- \/ Yoast SEO plugin. -->","yoast_head_json":{"title":"Travailler chez Andr\u00e9s | Grupo Andr\u00e9s Neum\u00e1ticos","description":"\u00bfVous souhaitez travailler chez nous? Rejoignez notre \u00e9quipe. Nous distribuons les principales marques de pneus aux professionnels et aux distributeurs.","robots":{"index":"index","follow":"follow","max-snippet":"max-snippet:-1","max-image-preview":"max-image-preview:large","max-video-preview":"max-video-preview:-1"},"canonical":"https:\/\/grupoandres.desarrolloundanet.com\/fr\/contact\/rejoignez-nous\/","og_locale":"fr_FR","og_type":"article","og_title":"Travailler chez Andr\u00e9s | Grupo Andr\u00e9s Neum\u00e1ticos","og_description":"\u00bfVous souhaitez travailler chez nous? Rejoignez notre \u00e9quipe. Nous distribuons les principales marques de pneus aux professionnels et aux distributeurs.","og_url":"https:\/\/grupoandres.desarrolloundanet.com\/fr\/contact\/rejoignez-nous\/","og_site_name":"Grupo Andr\u00e9s Tyres","article_modified_time":"2021-10-22T10:22:11+00:00","twitter_card":"summary_large_image","twitter_misc":{"Dur\u00e9e de lecture estim\u00e9e":"1 minute"},"schema":{"@context":"https:\/\/schema.org","@graph":[{"@type":"WebPage","@id":"https:\/\/grupoandres.desarrolloundanet.com\/fr\/contact\/rejoignez-nous\/","url":"https:\/\/grupoandres.desarrolloundanet.com\/fr\/contact\/rejoignez-nous\/","name":"Travailler chez Andr\u00e9s | Grupo Andr\u00e9s Neum\u00e1ticos","isPartOf":{"@id":"https:\/\/grupoandres.desarrolloundanet.com\/#website"},"datePublished":"2018-06-25T12:17:23+00:00","dateModified":"2021-10-22T10:22:11+00:00","description":"\u00bfVous souhaitez travailler chez nous? Rejoignez notre \u00e9quipe. Nous distribuons les principales marques de pneus aux professionnels et aux distributeurs.","breadcrumb":{"@id":"https:\/\/grupoandres.desarrolloundanet.com\/fr\/contact\/rejoignez-nous\/#breadcrumb"},"inLanguage":"fr-FR","potentialAction":[{"@type":"ReadAction","target":["https:\/\/grupoandres.desarrolloundanet.com\/fr\/contact\/rejoignez-nous\/"]}]},{"@type":"BreadcrumbList","@id":"https:\/\/grupoandres.desarrolloundanet.com\/fr\/contact\/rejoignez-nous\/#breadcrumb","itemListElement":[{"@type":"ListItem","position":1,"name":"Portada","item":"https:\/\/grupoandres.desarrolloundanet.com\/fr\/"},{"@type":"ListItem","position":2,"name":"Contact","item":"https:\/\/grupoandres.desarrolloundanet.com\/fr\/contact\/"},{"@type":"ListItem","position":3,"name":"Rejoignez-nous"}]},{"@type":"WebSite","@id":"https:\/\/grupoandres.desarrolloundanet.com\/#website","url":"https:\/\/grupoandres.desarrolloundanet.com\/","name":"Grupo Andr\u00e9s Tyres","description":"Tyres distributor  for workshops and proffesional.Stock 500,000 tires  of  70 brands. Exclusive distributors of brands as Nankang , Matador, General Tire and more.","potentialAction":[{"@type":"SearchAction","target":{"@type":"EntryPoint","urlTemplate":"https:\/\/grupoandres.desarrolloundanet.com\/?s={search_term_string}"},"query-input":{"@type":"PropertyValueSpecification","valueRequired":true,"valueName":"search_term_string"}}],"inLanguage":"fr-FR"}]}},"_links":{"self":[{"href":"https:\/\/grupoandres.desarrolloundanet.com\/fr\/wp-json\/wp\/v2\/pages\/6529","targetHints":{"allow":["GET"]}}],"collection":[{"href":"https:\/\/grupoandres.desarrolloundanet.com\/fr\/wp-json\/wp\/v2\/pages"}],"about":[{"href":"https:\/\/grupoandres.desarrolloundanet.com\/fr\/wp-json\/wp\/v2\/types\/page"}],"author":[{"embeddable":true,"href":"https:\/\/grupoandres.desarrolloundanet.com\/fr\/wp-json\/wp\/v2\/users\/1"}],"replies":[{"embeddable":true,"href":"https:\/\/grupoandres.desarrolloundanet.com\/fr\/wp-json\/wp\/v2\/comments?post=6529"}],"version-history":[{"count":8,"href":"https:\/\/grupoandres.desarrolloundanet.com\/fr\/wp-json\/wp\/v2\/pages\/6529\/revisions"}],"predecessor-version":[{"id":11875,"href":"https:\/\/grupoandres.desarrolloundanet.com\/fr\/wp-json\/wp\/v2\/pages\/6529\/revisions\/11875"}],"up":[{"embeddable":true,"href":"https:\/\/grupoandres.desarrolloundanet.com\/fr\/wp-json\/wp\/v2\/pages\/1224"}],"wp:attachment":[{"href":"https:\/\/grupoandres.desarrolloundanet.com\/fr\/wp-json\/wp\/v2\/media?parent=6529"}],"curies":[{"name":"wp","href":"https:\/\/api.w.org\/{rel}","templated":true}]}}