{"id":26502,"date":"2026-02-11T14:59:23","date_gmt":"2026-02-11T13:59:23","guid":{"rendered":"https:\/\/grupoandres.desarrolloundanet.com\/pneus\/maxxis\/"},"modified":"2026-02-13T11:27:50","modified_gmt":"2026-02-13T10:27:50","slug":"maxxis","status":"publish","type":"page","link":"https:\/\/grupoandres.desarrolloundanet.com\/fr\/pneus\/maxxis\/","title":{"rendered":"Maxxis"},"content":{"rendered":"<p>Nous avons int\u00e9gr\u00e9 \u00e0 notre catalogue la prestigieuse marque <strong>Maxxis<\/strong>, reconnue internationalement pour sa qualit\u00e9, son innovation et sa polyvalence.<\/p>\n<p>La gamme de pneus <strong>Maxxis<\/strong> pour v\u00e9lo couvre tous les besoins du cycliste : des pneus l\u00e9gers et performants pour la route et l\u2019usage urbain aux mod\u00e8les sp\u00e9cialis\u00e9s pour le gravel et l\u2019aventure, le VTT (MTB), l\u2019enduro, la descente ou le BMX.<\/p>\n<p>Chaque option associe des technologies avanc\u00e9es et des compos\u00e9s con\u00e7us pour offrir un \u00e9quilibre optimal entre adh\u00e9rence, r\u00e9sistance et performance.<br \/>\nNotre mission en tant que distributeur est d\u2019offrir aux ateliers, magasins et professionnels du secteur une s\u00e9lection compl\u00e8te de pneus Maxxis, accompagn\u00e9e des conseils d\u2019experts n\u00e9cessaires pour trouver la solution la plus adapt\u00e9e \u00e0 chaque type de client et de discipline.<br \/>\nFaites confiance \u00e0 notre exp\u00e9rience et consultez nos sp\u00e9cialistes pour d\u00e9couvrir le pneu Maxxis parfait pour chaque v\u00e9lo.<\/p>\n","protected":false},"excerpt":{"rendered":"<p>Nous avons int\u00e9gr\u00e9 \u00e0 notre catalogue la prestigieuse marque Maxxis, reconnue internationalement pour sa qualit\u00e9, son innovation et sa polyvalence. La gamme de pneus Maxxis pour v\u00e9lo couvre tous les besoins du cycliste : des pneus l\u00e9gers et performants pour la route et l\u2019usage urbain aux mod\u00e8les sp\u00e9cialis\u00e9s pour le gravel et l\u2019aventure, le VTT &hellip; <a href=\"https:\/\/grupoandres.desarrolloundanet.com\/fr\/pneus\/maxxis\/\" class=\"more-link\">Continue reading <span class=\"screen-reader-text\">Maxxis<\/span> <span class=\"meta-nav\">&rarr;<\/span><\/a><\/p>\n","protected":false},"author":1,"featured_media":0,"parent":1249,"menu_order":0,"comment_status":"closed","ping_status":"closed","template":"page-marcas.php","meta":{"_acf_changed":false,"footnotes":""},"class_list":["post-26502","page","type-page","status-publish","hentry"],"acf":[],"yoast_head":"<!-- This site is optimized with the Yoast SEO plugin v27.3 - https:\/\/yoast.com\/product\/yoast-seo-wordpress\/ -->\n<title>Neum\u00e1ticos Maxxis - Grupo Andr\u00e9s Tyres<\/title>\n<meta name=\"description\" content=\"Distribuci\u00f3n y venta al por mayor de neum\u00e1ticos Rebel para talleres y profesionales. Amplia variedad de modelos y medidas \u00a1Entrega en 24 h!\" \/>\n<meta name=\"robots\" content=\"index, follow, max-snippet:-1, max-image-preview:large, max-video-preview:-1\" \/>\n<link rel=\"canonical\" href=\"https:\/\/grupoandres.desarrolloundanet.com\/fr\/pneus\/maxxis\/\" \/>\n<meta property=\"og:locale\" content=\"fr_FR\" \/>\n<meta property=\"og:type\" content=\"article\" \/>\n<meta property=\"og:title\" content=\"Neum\u00e1ticos Maxxis - Grupo Andr\u00e9s Tyres\" \/>\n<meta property=\"og:description\" content=\"Distribuci\u00f3n y venta al por mayor de neum\u00e1ticos Rebel para talleres y profesionales. Amplia variedad de modelos y medidas \u00a1Entrega en 24 h!\" \/>\n<meta property=\"og:url\" content=\"https:\/\/grupoandres.desarrolloundanet.com\/fr\/pneus\/maxxis\/\" \/>\n<meta property=\"og:site_name\" content=\"Grupo Andr\u00e9s Tyres\" \/>\n<meta property=\"article:modified_time\" content=\"2026-02-13T10:27:50+00:00\" \/>\n<meta name=\"twitter:card\" content=\"summary_large_image\" \/>\n<meta name=\"twitter:label1\" content=\"Dur\u00e9e de lecture estim\u00e9e\" \/>\n\t<meta name=\"twitter:data1\" content=\"1 minute\" \/>\n<script type=\"application\/ld+json\" class=\"yoast-schema-graph\">{\"@context\":\"https:\\\/\\\/schema.org\",\"@graph\":[{\"@type\":\"WebPage\",\"@id\":\"https:\\\/\\\/grupoandres.desarrolloundanet.com\\\/fr\\\/pneus\\\/maxxis\\\/\",\"url\":\"https:\\\/\\\/grupoandres.desarrolloundanet.com\\\/fr\\\/pneus\\\/maxxis\\\/\",\"name\":\"Neum\u00e1ticos Maxxis - Grupo Andr\u00e9s Tyres\",\"isPartOf\":{\"@id\":\"https:\\\/\\\/grupoandres.desarrolloundanet.com\\\/#website\"},\"datePublished\":\"2026-02-11T13:59:23+00:00\",\"dateModified\":\"2026-02-13T10:27:50+00:00\",\"description\":\"Distribuci\u00f3n y venta al por mayor de neum\u00e1ticos Rebel para talleres y profesionales. Amplia variedad de modelos y medidas \u00a1Entrega en 24 h!\",\"breadcrumb\":{\"@id\":\"https:\\\/\\\/grupoandres.desarrolloundanet.com\\\/fr\\\/pneus\\\/maxxis\\\/#breadcrumb\"},\"inLanguage\":\"fr-FR\",\"potentialAction\":[{\"@type\":\"ReadAction\",\"target\":[\"https:\\\/\\\/grupoandres.desarrolloundanet.com\\\/fr\\\/pneus\\\/maxxis\\\/\"]}]},{\"@type\":\"BreadcrumbList\",\"@id\":\"https:\\\/\\\/grupoandres.desarrolloundanet.com\\\/fr\\\/pneus\\\/maxxis\\\/#breadcrumb\",\"itemListElement\":[{\"@type\":\"ListItem\",\"position\":1,\"name\":\"Portada\",\"item\":\"https:\\\/\\\/grupoandres.desarrolloundanet.com\\\/fr\\\/\"},{\"@type\":\"ListItem\",\"position\":2,\"name\":\"Pneus\",\"item\":\"https:\\\/\\\/grupoandres.desarrolloundanet.com\\\/fr\\\/pneus\\\/\"},{\"@type\":\"ListItem\",\"position\":3,\"name\":\"Maxxis\"}]},{\"@type\":\"WebSite\",\"@id\":\"https:\\\/\\\/grupoandres.desarrolloundanet.com\\\/#website\",\"url\":\"https:\\\/\\\/grupoandres.desarrolloundanet.com\\\/\",\"name\":\"Grupo Andr\u00e9s Tyres\",\"description\":\"Tyres distributor  for workshops and proffesional.Stock 500,000 tires  of  70 brands. Exclusive distributors of brands as Nankang , Matador, General Tire and more.\",\"potentialAction\":[{\"@type\":\"SearchAction\",\"target\":{\"@type\":\"EntryPoint\",\"urlTemplate\":\"https:\\\/\\\/grupoandres.desarrolloundanet.com\\\/?s={search_term_string}\"},\"query-input\":{\"@type\":\"PropertyValueSpecification\",\"valueRequired\":true,\"valueName\":\"search_term_string\"}}],\"inLanguage\":\"fr-FR\"}]}<\/script>\n<!-- \/ Yoast SEO plugin. -->","yoast_head_json":{"title":"Neum\u00e1ticos Maxxis - Grupo Andr\u00e9s Tyres","description":"Distribuci\u00f3n y venta al por mayor de neum\u00e1ticos Rebel para talleres y profesionales. Amplia variedad de modelos y medidas \u00a1Entrega en 24 h!","robots":{"index":"index","follow":"follow","max-snippet":"max-snippet:-1","max-image-preview":"max-image-preview:large","max-video-preview":"max-video-preview:-1"},"canonical":"https:\/\/grupoandres.desarrolloundanet.com\/fr\/pneus\/maxxis\/","og_locale":"fr_FR","og_type":"article","og_title":"Neum\u00e1ticos Maxxis - Grupo Andr\u00e9s Tyres","og_description":"Distribuci\u00f3n y venta al por mayor de neum\u00e1ticos Rebel para talleres y profesionales. Amplia variedad de modelos y medidas \u00a1Entrega en 24 h!","og_url":"https:\/\/grupoandres.desarrolloundanet.com\/fr\/pneus\/maxxis\/","og_site_name":"Grupo Andr\u00e9s Tyres","article_modified_time":"2026-02-13T10:27:50+00:00","twitter_card":"summary_large_image","twitter_misc":{"Dur\u00e9e de lecture estim\u00e9e":"1 minute"},"schema":{"@context":"https:\/\/schema.org","@graph":[{"@type":"WebPage","@id":"https:\/\/grupoandres.desarrolloundanet.com\/fr\/pneus\/maxxis\/","url":"https:\/\/grupoandres.desarrolloundanet.com\/fr\/pneus\/maxxis\/","name":"Neum\u00e1ticos Maxxis - Grupo Andr\u00e9s Tyres","isPartOf":{"@id":"https:\/\/grupoandres.desarrolloundanet.com\/#website"},"datePublished":"2026-02-11T13:59:23+00:00","dateModified":"2026-02-13T10:27:50+00:00","description":"Distribuci\u00f3n y venta al por mayor de neum\u00e1ticos Rebel para talleres y profesionales. Amplia variedad de modelos y medidas \u00a1Entrega en 24 h!","breadcrumb":{"@id":"https:\/\/grupoandres.desarrolloundanet.com\/fr\/pneus\/maxxis\/#breadcrumb"},"inLanguage":"fr-FR","potentialAction":[{"@type":"ReadAction","target":["https:\/\/grupoandres.desarrolloundanet.com\/fr\/pneus\/maxxis\/"]}]},{"@type":"BreadcrumbList","@id":"https:\/\/grupoandres.desarrolloundanet.com\/fr\/pneus\/maxxis\/#breadcrumb","itemListElement":[{"@type":"ListItem","position":1,"name":"Portada","item":"https:\/\/grupoandres.desarrolloundanet.com\/fr\/"},{"@type":"ListItem","position":2,"name":"Pneus","item":"https:\/\/grupoandres.desarrolloundanet.com\/fr\/pneus\/"},{"@type":"ListItem","position":3,"name":"Maxxis"}]},{"@type":"WebSite","@id":"https:\/\/grupoandres.desarrolloundanet.com\/#website","url":"https:\/\/grupoandres.desarrolloundanet.com\/","name":"Grupo Andr\u00e9s Tyres","description":"Tyres distributor  for workshops and proffesional.Stock 500,000 tires  of  70 brands. Exclusive distributors of brands as Nankang , Matador, General Tire and more.","potentialAction":[{"@type":"SearchAction","target":{"@type":"EntryPoint","urlTemplate":"https:\/\/grupoandres.desarrolloundanet.com\/?s={search_term_string}"},"query-input":{"@type":"PropertyValueSpecification","valueRequired":true,"valueName":"search_term_string"}}],"inLanguage":"fr-FR"}]}},"_links":{"self":[{"href":"https:\/\/grupoandres.desarrolloundanet.com\/fr\/wp-json\/wp\/v2\/pages\/26502","targetHints":{"allow":["GET"]}}],"collection":[{"href":"https:\/\/grupoandres.desarrolloundanet.com\/fr\/wp-json\/wp\/v2\/pages"}],"about":[{"href":"https:\/\/grupoandres.desarrolloundanet.com\/fr\/wp-json\/wp\/v2\/types\/page"}],"author":[{"embeddable":true,"href":"https:\/\/grupoandres.desarrolloundanet.com\/fr\/wp-json\/wp\/v2\/users\/1"}],"replies":[{"embeddable":true,"href":"https:\/\/grupoandres.desarrolloundanet.com\/fr\/wp-json\/wp\/v2\/comments?post=26502"}],"version-history":[{"count":2,"href":"https:\/\/grupoandres.desarrolloundanet.com\/fr\/wp-json\/wp\/v2\/pages\/26502\/revisions"}],"predecessor-version":[{"id":26543,"href":"https:\/\/grupoandres.desarrolloundanet.com\/fr\/wp-json\/wp\/v2\/pages\/26502\/revisions\/26543"}],"up":[{"embeddable":true,"href":"https:\/\/grupoandres.desarrolloundanet.com\/fr\/wp-json\/wp\/v2\/pages\/1249"}],"wp:attachment":[{"href":"https:\/\/grupoandres.desarrolloundanet.com\/fr\/wp-json\/wp\/v2\/media?parent=26502"}],"curies":[{"name":"wp","href":"https:\/\/api.w.org\/{rel}","templated":true}]}}