{"id":26496,"date":"2026-02-11T14:46:45","date_gmt":"2026-02-11T13:46:45","guid":{"rendered":"https:\/\/grupoandres.desarrolloundanet.com\/pneus\/bicicleta\/"},"modified":"2026-02-13T10:40:32","modified_gmt":"2026-02-13T09:40:32","slug":"velo","status":"publish","type":"page","link":"https:\/\/grupoandres.desarrolloundanet.com\/fr\/pneus\/velo\/","title":{"rendered":"V\u00e9lo"},"content":{"rendered":"<p>Le cyclisme a \u00e9volu\u00e9 de mani\u00e8re remarquable ces derni\u00e8res ann\u00e9es, tant dans le domaine sportif que dans la mobilit\u00e9 urbaine et de loisir. Choisir le pneu adapt\u00e9 est essentiel pour garantir s\u00e9curit\u00e9, performance, confort et durabilit\u00e9 \u00e0 chaque sortie, que ce soit sur route, en ville ou sur des terrains exigeants.<\/p>\n<p>Chez Neum\u00e1ticos Andr\u00e9s, nous avons int\u00e9gr\u00e9 \u00e0 notre catalogue la prestigieuse marque <strong>Maxxis<\/strong>, reconnue internationalement pour sa qualit\u00e9, son innovation et sa polyvalence.<\/p>\n","protected":false},"excerpt":{"rendered":"<p>Le cyclisme a \u00e9volu\u00e9 de mani\u00e8re remarquable ces derni\u00e8res ann\u00e9es, tant dans le domaine sportif que dans la mobilit\u00e9 urbaine et de loisir. Choisir le pneu adapt\u00e9 est essentiel pour garantir s\u00e9curit\u00e9, performance, confort et durabilit\u00e9 \u00e0 chaque sortie, que ce soit sur route, en ville ou sur des terrains exigeants. Chez Neum\u00e1ticos Andr\u00e9s, nous &hellip; <a href=\"https:\/\/grupoandres.desarrolloundanet.com\/fr\/pneus\/velo\/\" class=\"more-link\">Continue reading <span class=\"screen-reader-text\">V\u00e9lo<\/span> <span class=\"meta-nav\">&rarr;<\/span><\/a><\/p>\n","protected":false},"author":1,"featured_media":0,"parent":1249,"menu_order":0,"comment_status":"closed","ping_status":"closed","template":"page-neumaticos.php","meta":{"_acf_changed":false,"footnotes":""},"class_list":["post-26496","page","type-page","status-publish","hentry"],"acf":[],"yoast_head":"<!-- This site is optimized with the Yoast SEO plugin v27.3 - https:\/\/yoast.com\/product\/yoast-seo-wordpress\/ -->\n<title>Neum\u00e1ticos para V\u00e9lo - Grupo Andr\u00e9s Tyres<\/title>\n<meta name=\"description\" content=\"Distribuci\u00f3n y venta al por mayor de neum\u00e1ticos de Moto para talleres y profesionales de Espa\u00f1a y de Europa. Distribuimos todo tipo de marcas premium y exclusivas. Date de alta en nuestra nueva plataforma Online y obt\u00e9n grandes descuentos del mayor distribuidor de neum\u00e1ticos de la pen\u00ednsula. \u00a1Entrega en 24 horas!\" \/>\n<meta name=\"robots\" content=\"index, follow, max-snippet:-1, max-image-preview:large, max-video-preview:-1\" \/>\n<link rel=\"canonical\" href=\"https:\/\/grupoandres.desarrolloundanet.com\/fr\/pneus\/velo\/\" \/>\n<meta property=\"og:locale\" content=\"fr_FR\" \/>\n<meta property=\"og:type\" content=\"article\" \/>\n<meta property=\"og:title\" content=\"Neum\u00e1ticos para V\u00e9lo - Grupo Andr\u00e9s Tyres\" \/>\n<meta property=\"og:description\" content=\"Distribuci\u00f3n y venta al por mayor de neum\u00e1ticos de Moto para talleres y profesionales de Espa\u00f1a y de Europa. Distribuimos todo tipo de marcas premium y exclusivas. Date de alta en nuestra nueva plataforma Online y obt\u00e9n grandes descuentos del mayor distribuidor de neum\u00e1ticos de la pen\u00ednsula. \u00a1Entrega en 24 horas!\" \/>\n<meta property=\"og:url\" content=\"https:\/\/grupoandres.desarrolloundanet.com\/fr\/pneus\/velo\/\" \/>\n<meta property=\"og:site_name\" content=\"Grupo Andr\u00e9s Tyres\" \/>\n<meta property=\"article:modified_time\" content=\"2026-02-13T09:40:32+00:00\" \/>\n<meta name=\"twitter:card\" content=\"summary_large_image\" \/>\n<meta name=\"twitter:label1\" content=\"Dur\u00e9e de lecture estim\u00e9e\" \/>\n\t<meta name=\"twitter:data1\" content=\"1 minute\" \/>\n<script type=\"application\/ld+json\" class=\"yoast-schema-graph\">{\"@context\":\"https:\\\/\\\/schema.org\",\"@graph\":[{\"@type\":\"WebPage\",\"@id\":\"https:\\\/\\\/grupoandres.desarrolloundanet.com\\\/fr\\\/pneus\\\/velo\\\/\",\"url\":\"https:\\\/\\\/grupoandres.desarrolloundanet.com\\\/fr\\\/pneus\\\/velo\\\/\",\"name\":\"Neum\u00e1ticos para V\u00e9lo - Grupo Andr\u00e9s Tyres\",\"isPartOf\":{\"@id\":\"https:\\\/\\\/grupoandres.desarrolloundanet.com\\\/#website\"},\"datePublished\":\"2026-02-11T13:46:45+00:00\",\"dateModified\":\"2026-02-13T09:40:32+00:00\",\"description\":\"Distribuci\u00f3n y venta al por mayor de neum\u00e1ticos de Moto para talleres y profesionales de Espa\u00f1a y de Europa. Distribuimos todo tipo de marcas premium y exclusivas. Date de alta en nuestra nueva plataforma Online y obt\u00e9n grandes descuentos del mayor distribuidor de neum\u00e1ticos de la pen\u00ednsula. \u00a1Entrega en 24 horas!\",\"breadcrumb\":{\"@id\":\"https:\\\/\\\/grupoandres.desarrolloundanet.com\\\/fr\\\/pneus\\\/velo\\\/#breadcrumb\"},\"inLanguage\":\"fr-FR\",\"potentialAction\":[{\"@type\":\"ReadAction\",\"target\":[\"https:\\\/\\\/grupoandres.desarrolloundanet.com\\\/fr\\\/pneus\\\/velo\\\/\"]}]},{\"@type\":\"BreadcrumbList\",\"@id\":\"https:\\\/\\\/grupoandres.desarrolloundanet.com\\\/fr\\\/pneus\\\/velo\\\/#breadcrumb\",\"itemListElement\":[{\"@type\":\"ListItem\",\"position\":1,\"name\":\"Portada\",\"item\":\"https:\\\/\\\/grupoandres.desarrolloundanet.com\\\/fr\\\/\"},{\"@type\":\"ListItem\",\"position\":2,\"name\":\"Pneus\",\"item\":\"https:\\\/\\\/grupoandres.desarrolloundanet.com\\\/fr\\\/pneus\\\/\"},{\"@type\":\"ListItem\",\"position\":3,\"name\":\"V\u00e9lo\"}]},{\"@type\":\"WebSite\",\"@id\":\"https:\\\/\\\/grupoandres.desarrolloundanet.com\\\/#website\",\"url\":\"https:\\\/\\\/grupoandres.desarrolloundanet.com\\\/\",\"name\":\"Grupo Andr\u00e9s Tyres\",\"description\":\"Tyres distributor  for workshops and proffesional.Stock 500,000 tires  of  70 brands. Exclusive distributors of brands as Nankang , Matador, General Tire and more.\",\"potentialAction\":[{\"@type\":\"SearchAction\",\"target\":{\"@type\":\"EntryPoint\",\"urlTemplate\":\"https:\\\/\\\/grupoandres.desarrolloundanet.com\\\/?s={search_term_string}\"},\"query-input\":{\"@type\":\"PropertyValueSpecification\",\"valueRequired\":true,\"valueName\":\"search_term_string\"}}],\"inLanguage\":\"fr-FR\"}]}<\/script>\n<!-- \/ Yoast SEO plugin. -->","yoast_head_json":{"title":"Neum\u00e1ticos para V\u00e9lo - Grupo Andr\u00e9s Tyres","description":"Distribuci\u00f3n y venta al por mayor de neum\u00e1ticos de Moto para talleres y profesionales de Espa\u00f1a y de Europa. Distribuimos todo tipo de marcas premium y exclusivas. Date de alta en nuestra nueva plataforma Online y obt\u00e9n grandes descuentos del mayor distribuidor de neum\u00e1ticos de la pen\u00ednsula. \u00a1Entrega en 24 horas!","robots":{"index":"index","follow":"follow","max-snippet":"max-snippet:-1","max-image-preview":"max-image-preview:large","max-video-preview":"max-video-preview:-1"},"canonical":"https:\/\/grupoandres.desarrolloundanet.com\/fr\/pneus\/velo\/","og_locale":"fr_FR","og_type":"article","og_title":"Neum\u00e1ticos para V\u00e9lo - Grupo Andr\u00e9s Tyres","og_description":"Distribuci\u00f3n y venta al por mayor de neum\u00e1ticos de Moto para talleres y profesionales de Espa\u00f1a y de Europa. Distribuimos todo tipo de marcas premium y exclusivas. Date de alta en nuestra nueva plataforma Online y obt\u00e9n grandes descuentos del mayor distribuidor de neum\u00e1ticos de la pen\u00ednsula. \u00a1Entrega en 24 horas!","og_url":"https:\/\/grupoandres.desarrolloundanet.com\/fr\/pneus\/velo\/","og_site_name":"Grupo Andr\u00e9s Tyres","article_modified_time":"2026-02-13T09:40:32+00:00","twitter_card":"summary_large_image","twitter_misc":{"Dur\u00e9e de lecture estim\u00e9e":"1 minute"},"schema":{"@context":"https:\/\/schema.org","@graph":[{"@type":"WebPage","@id":"https:\/\/grupoandres.desarrolloundanet.com\/fr\/pneus\/velo\/","url":"https:\/\/grupoandres.desarrolloundanet.com\/fr\/pneus\/velo\/","name":"Neum\u00e1ticos para V\u00e9lo - Grupo Andr\u00e9s Tyres","isPartOf":{"@id":"https:\/\/grupoandres.desarrolloundanet.com\/#website"},"datePublished":"2026-02-11T13:46:45+00:00","dateModified":"2026-02-13T09:40:32+00:00","description":"Distribuci\u00f3n y venta al por mayor de neum\u00e1ticos de Moto para talleres y profesionales de Espa\u00f1a y de Europa. Distribuimos todo tipo de marcas premium y exclusivas. Date de alta en nuestra nueva plataforma Online y obt\u00e9n grandes descuentos del mayor distribuidor de neum\u00e1ticos de la pen\u00ednsula. \u00a1Entrega en 24 horas!","breadcrumb":{"@id":"https:\/\/grupoandres.desarrolloundanet.com\/fr\/pneus\/velo\/#breadcrumb"},"inLanguage":"fr-FR","potentialAction":[{"@type":"ReadAction","target":["https:\/\/grupoandres.desarrolloundanet.com\/fr\/pneus\/velo\/"]}]},{"@type":"BreadcrumbList","@id":"https:\/\/grupoandres.desarrolloundanet.com\/fr\/pneus\/velo\/#breadcrumb","itemListElement":[{"@type":"ListItem","position":1,"name":"Portada","item":"https:\/\/grupoandres.desarrolloundanet.com\/fr\/"},{"@type":"ListItem","position":2,"name":"Pneus","item":"https:\/\/grupoandres.desarrolloundanet.com\/fr\/pneus\/"},{"@type":"ListItem","position":3,"name":"V\u00e9lo"}]},{"@type":"WebSite","@id":"https:\/\/grupoandres.desarrolloundanet.com\/#website","url":"https:\/\/grupoandres.desarrolloundanet.com\/","name":"Grupo Andr\u00e9s Tyres","description":"Tyres distributor  for workshops and proffesional.Stock 500,000 tires  of  70 brands. Exclusive distributors of brands as Nankang , Matador, General Tire and more.","potentialAction":[{"@type":"SearchAction","target":{"@type":"EntryPoint","urlTemplate":"https:\/\/grupoandres.desarrolloundanet.com\/?s={search_term_string}"},"query-input":{"@type":"PropertyValueSpecification","valueRequired":true,"valueName":"search_term_string"}}],"inLanguage":"fr-FR"}]}},"_links":{"self":[{"href":"https:\/\/grupoandres.desarrolloundanet.com\/fr\/wp-json\/wp\/v2\/pages\/26496","targetHints":{"allow":["GET"]}}],"collection":[{"href":"https:\/\/grupoandres.desarrolloundanet.com\/fr\/wp-json\/wp\/v2\/pages"}],"about":[{"href":"https:\/\/grupoandres.desarrolloundanet.com\/fr\/wp-json\/wp\/v2\/types\/page"}],"author":[{"embeddable":true,"href":"https:\/\/grupoandres.desarrolloundanet.com\/fr\/wp-json\/wp\/v2\/users\/1"}],"replies":[{"embeddable":true,"href":"https:\/\/grupoandres.desarrolloundanet.com\/fr\/wp-json\/wp\/v2\/comments?post=26496"}],"version-history":[{"count":2,"href":"https:\/\/grupoandres.desarrolloundanet.com\/fr\/wp-json\/wp\/v2\/pages\/26496\/revisions"}],"predecessor-version":[{"id":26516,"href":"https:\/\/grupoandres.desarrolloundanet.com\/fr\/wp-json\/wp\/v2\/pages\/26496\/revisions\/26516"}],"up":[{"embeddable":true,"href":"https:\/\/grupoandres.desarrolloundanet.com\/fr\/wp-json\/wp\/v2\/pages\/1249"}],"wp:attachment":[{"href":"https:\/\/grupoandres.desarrolloundanet.com\/fr\/wp-json\/wp\/v2\/media?parent=26496"}],"curies":[{"name":"wp","href":"https:\/\/api.w.org\/{rel}","templated":true}]}}