{"id":1626,"date":"2016-01-14T09:16:59","date_gmt":"2016-01-14T09:16:59","guid":{"rendered":"http:\/\/grupoandres.desarrolloundanet.com\/fr\/neumaticos\/roadstone\/"},"modified":"2021-11-08T14:01:27","modified_gmt":"2021-11-08T13:01:27","slug":"roadstone","status":"publish","type":"page","link":"https:\/\/grupoandres.desarrolloundanet.com\/fr\/pneus\/roadstone\/","title":{"rendered":"Roadstone"},"content":{"rendered":"<p>La marque de pneus Roadstone est la star actuelle du secteur automobile cor\u00e9en. Elle \u00e9labore ses pneus dans l\u2019une des usines du monde les plus <strong>innovantes et d\u00e9velopp\u00e9es <\/strong>sur le plan technologique. Elle poss\u00e8de un catalogue tr\u00e8s fourni pour tous les v\u00e9hicules, de la voiture de tourisme au v\u00e9hicule utilitaire.<\/p>\n<p>Le prix particuli\u00e8rement comp\u00e9titif des pneus Roadstone leur assure un positionnement privi- l\u00e9gi\u00e9 dans le secteur <strong>Quality\/Medium, <\/strong>ce dernier ayant connu la croissance la plus impor- tante ces derni\u00e8res ann\u00e9es.<\/p>\n<p>Ce fabricant cor\u00e9en appartenant au <strong>groupe Nexen<\/strong>, pr\u00e9voit de produire 21 millions de pneus par an, \u00e0 partir de 2018 et a d\u00e9j\u00e0 commenc\u00e9 \u00e0 construire en R\u00e9publique Tch\u00e8que, ce qui sera l\u2019usine la plus moderne du monde.<\/p>\n","protected":false},"excerpt":{"rendered":"<p>La marque de pneus Roadstone est la star actuelle du secteur automobile cor\u00e9en. Elle \u00e9labore ses pneus dans l\u2019une des usines du monde les plus innovantes et d\u00e9velopp\u00e9es sur le plan technologique. Elle poss\u00e8de un catalogue tr\u00e8s fourni pour tous les v\u00e9hicules, de la voiture de tourisme au v\u00e9hicule utilitaire. Le prix particuli\u00e8rement comp\u00e9titif des &hellip; <a href=\"https:\/\/grupoandres.desarrolloundanet.com\/fr\/pneus\/roadstone\/\" class=\"more-link\">Continue reading <span class=\"screen-reader-text\">Roadstone<\/span> <span class=\"meta-nav\">&rarr;<\/span><\/a><\/p>\n","protected":false},"author":1,"featured_media":0,"parent":1249,"menu_order":0,"comment_status":"closed","ping_status":"closed","template":"page-marcas.php","meta":{"_acf_changed":false,"footnotes":""},"class_list":["post-1626","page","type-page","status-publish","hentry"],"acf":[],"yoast_head":"<!-- This site is optimized with the Yoast SEO plugin v27.3 - https:\/\/yoast.com\/product\/yoast-seo-wordpress\/ -->\n<title>Pneus Roadstone | Grupo Andr\u00e9s Neum\u00e1ticos<\/title>\n<meta name=\"description\" content=\"Distribution et vente en gros de pneus Roadstone pour les garages et les professionnels d&#039;Espagne et d&#039;Europe. Grande vari\u00e9t\u00e9 de mod\u00e8les et de tailles.\u00a0Livraison en 24 H!\" \/>\n<meta name=\"robots\" content=\"index, follow, max-snippet:-1, max-image-preview:large, max-video-preview:-1\" \/>\n<link rel=\"canonical\" href=\"https:\/\/grupoandres.desarrolloundanet.com\/fr\/pneus\/roadstone\/\" \/>\n<meta property=\"og:locale\" content=\"fr_FR\" \/>\n<meta property=\"og:type\" content=\"article\" \/>\n<meta property=\"og:title\" content=\"Pneus Roadstone | Grupo Andr\u00e9s Neum\u00e1ticos\" \/>\n<meta property=\"og:description\" content=\"Distribution et vente en gros de pneus Roadstone pour les garages et les professionnels d&#039;Espagne et d&#039;Europe. Grande vari\u00e9t\u00e9 de mod\u00e8les et de tailles.\u00a0Livraison en 24 H!\" \/>\n<meta property=\"og:url\" content=\"https:\/\/grupoandres.desarrolloundanet.com\/fr\/pneus\/roadstone\/\" \/>\n<meta property=\"og:site_name\" content=\"Grupo Andr\u00e9s Tyres\" \/>\n<meta property=\"article:modified_time\" content=\"2021-11-08T13:01:27+00:00\" \/>\n<meta name=\"twitter:card\" content=\"summary_large_image\" \/>\n<meta name=\"twitter:label1\" content=\"Dur\u00e9e de lecture estim\u00e9e\" \/>\n\t<meta name=\"twitter:data1\" content=\"1 minute\" \/>\n<script type=\"application\/ld+json\" class=\"yoast-schema-graph\">{\"@context\":\"https:\\\/\\\/schema.org\",\"@graph\":[{\"@type\":\"WebPage\",\"@id\":\"https:\\\/\\\/grupoandres.desarrolloundanet.com\\\/fr\\\/pneus\\\/roadstone\\\/\",\"url\":\"https:\\\/\\\/grupoandres.desarrolloundanet.com\\\/fr\\\/pneus\\\/roadstone\\\/\",\"name\":\"Pneus Roadstone | Grupo Andr\u00e9s Neum\u00e1ticos\",\"isPartOf\":{\"@id\":\"https:\\\/\\\/grupoandres.desarrolloundanet.com\\\/#website\"},\"datePublished\":\"2016-01-14T09:16:59+00:00\",\"dateModified\":\"2021-11-08T13:01:27+00:00\",\"description\":\"Distribution et vente en gros de pneus Roadstone pour les garages et les professionnels d'Espagne et d'Europe. Grande vari\u00e9t\u00e9 de mod\u00e8les et de tailles.\u00a0Livraison en 24 H!\",\"breadcrumb\":{\"@id\":\"https:\\\/\\\/grupoandres.desarrolloundanet.com\\\/fr\\\/pneus\\\/roadstone\\\/#breadcrumb\"},\"inLanguage\":\"fr-FR\",\"potentialAction\":[{\"@type\":\"ReadAction\",\"target\":[\"https:\\\/\\\/grupoandres.desarrolloundanet.com\\\/fr\\\/pneus\\\/roadstone\\\/\"]}]},{\"@type\":\"BreadcrumbList\",\"@id\":\"https:\\\/\\\/grupoandres.desarrolloundanet.com\\\/fr\\\/pneus\\\/roadstone\\\/#breadcrumb\",\"itemListElement\":[{\"@type\":\"ListItem\",\"position\":1,\"name\":\"Portada\",\"item\":\"https:\\\/\\\/grupoandres.desarrolloundanet.com\\\/fr\\\/\"},{\"@type\":\"ListItem\",\"position\":2,\"name\":\"Pneus\",\"item\":\"https:\\\/\\\/grupoandres.desarrolloundanet.com\\\/fr\\\/pneus\\\/\"},{\"@type\":\"ListItem\",\"position\":3,\"name\":\"Roadstone\"}]},{\"@type\":\"WebSite\",\"@id\":\"https:\\\/\\\/grupoandres.desarrolloundanet.com\\\/#website\",\"url\":\"https:\\\/\\\/grupoandres.desarrolloundanet.com\\\/\",\"name\":\"Grupo Andr\u00e9s Tyres\",\"description\":\"Tyres distributor  for workshops and proffesional.Stock 500,000 tires  of  70 brands. Exclusive distributors of brands as Nankang , Matador, General Tire and more.\",\"potentialAction\":[{\"@type\":\"SearchAction\",\"target\":{\"@type\":\"EntryPoint\",\"urlTemplate\":\"https:\\\/\\\/grupoandres.desarrolloundanet.com\\\/?s={search_term_string}\"},\"query-input\":{\"@type\":\"PropertyValueSpecification\",\"valueRequired\":true,\"valueName\":\"search_term_string\"}}],\"inLanguage\":\"fr-FR\"}]}<\/script>\n<!-- \/ Yoast SEO plugin. -->","yoast_head_json":{"title":"Pneus Roadstone | Grupo Andr\u00e9s Neum\u00e1ticos","description":"Distribution et vente en gros de pneus Roadstone pour les garages et les professionnels d'Espagne et d'Europe. Grande vari\u00e9t\u00e9 de mod\u00e8les et de tailles.\u00a0Livraison en 24 H!","robots":{"index":"index","follow":"follow","max-snippet":"max-snippet:-1","max-image-preview":"max-image-preview:large","max-video-preview":"max-video-preview:-1"},"canonical":"https:\/\/grupoandres.desarrolloundanet.com\/fr\/pneus\/roadstone\/","og_locale":"fr_FR","og_type":"article","og_title":"Pneus Roadstone | Grupo Andr\u00e9s Neum\u00e1ticos","og_description":"Distribution et vente en gros de pneus Roadstone pour les garages et les professionnels d'Espagne et d'Europe. Grande vari\u00e9t\u00e9 de mod\u00e8les et de tailles.\u00a0Livraison en 24 H!","og_url":"https:\/\/grupoandres.desarrolloundanet.com\/fr\/pneus\/roadstone\/","og_site_name":"Grupo Andr\u00e9s Tyres","article_modified_time":"2021-11-08T13:01:27+00:00","twitter_card":"summary_large_image","twitter_misc":{"Dur\u00e9e de lecture estim\u00e9e":"1 minute"},"schema":{"@context":"https:\/\/schema.org","@graph":[{"@type":"WebPage","@id":"https:\/\/grupoandres.desarrolloundanet.com\/fr\/pneus\/roadstone\/","url":"https:\/\/grupoandres.desarrolloundanet.com\/fr\/pneus\/roadstone\/","name":"Pneus Roadstone | Grupo Andr\u00e9s Neum\u00e1ticos","isPartOf":{"@id":"https:\/\/grupoandres.desarrolloundanet.com\/#website"},"datePublished":"2016-01-14T09:16:59+00:00","dateModified":"2021-11-08T13:01:27+00:00","description":"Distribution et vente en gros de pneus Roadstone pour les garages et les professionnels d'Espagne et d'Europe. Grande vari\u00e9t\u00e9 de mod\u00e8les et de tailles.\u00a0Livraison en 24 H!","breadcrumb":{"@id":"https:\/\/grupoandres.desarrolloundanet.com\/fr\/pneus\/roadstone\/#breadcrumb"},"inLanguage":"fr-FR","potentialAction":[{"@type":"ReadAction","target":["https:\/\/grupoandres.desarrolloundanet.com\/fr\/pneus\/roadstone\/"]}]},{"@type":"BreadcrumbList","@id":"https:\/\/grupoandres.desarrolloundanet.com\/fr\/pneus\/roadstone\/#breadcrumb","itemListElement":[{"@type":"ListItem","position":1,"name":"Portada","item":"https:\/\/grupoandres.desarrolloundanet.com\/fr\/"},{"@type":"ListItem","position":2,"name":"Pneus","item":"https:\/\/grupoandres.desarrolloundanet.com\/fr\/pneus\/"},{"@type":"ListItem","position":3,"name":"Roadstone"}]},{"@type":"WebSite","@id":"https:\/\/grupoandres.desarrolloundanet.com\/#website","url":"https:\/\/grupoandres.desarrolloundanet.com\/","name":"Grupo Andr\u00e9s Tyres","description":"Tyres distributor  for workshops and proffesional.Stock 500,000 tires  of  70 brands. Exclusive distributors of brands as Nankang , Matador, General Tire and more.","potentialAction":[{"@type":"SearchAction","target":{"@type":"EntryPoint","urlTemplate":"https:\/\/grupoandres.desarrolloundanet.com\/?s={search_term_string}"},"query-input":{"@type":"PropertyValueSpecification","valueRequired":true,"valueName":"search_term_string"}}],"inLanguage":"fr-FR"}]}},"_links":{"self":[{"href":"https:\/\/grupoandres.desarrolloundanet.com\/fr\/wp-json\/wp\/v2\/pages\/1626","targetHints":{"allow":["GET"]}}],"collection":[{"href":"https:\/\/grupoandres.desarrolloundanet.com\/fr\/wp-json\/wp\/v2\/pages"}],"about":[{"href":"https:\/\/grupoandres.desarrolloundanet.com\/fr\/wp-json\/wp\/v2\/types\/page"}],"author":[{"embeddable":true,"href":"https:\/\/grupoandres.desarrolloundanet.com\/fr\/wp-json\/wp\/v2\/users\/1"}],"replies":[{"embeddable":true,"href":"https:\/\/grupoandres.desarrolloundanet.com\/fr\/wp-json\/wp\/v2\/comments?post=1626"}],"version-history":[{"count":6,"href":"https:\/\/grupoandres.desarrolloundanet.com\/fr\/wp-json\/wp\/v2\/pages\/1626\/revisions"}],"predecessor-version":[{"id":14136,"href":"https:\/\/grupoandres.desarrolloundanet.com\/fr\/wp-json\/wp\/v2\/pages\/1626\/revisions\/14136"}],"up":[{"embeddable":true,"href":"https:\/\/grupoandres.desarrolloundanet.com\/fr\/wp-json\/wp\/v2\/pages\/1249"}],"wp:attachment":[{"href":"https:\/\/grupoandres.desarrolloundanet.com\/fr\/wp-json\/wp\/v2\/media?parent=1626"}],"curies":[{"name":"wp","href":"https:\/\/api.w.org\/{rel}","templated":true}]}}