{"id":1613,"date":"2015-12-03T09:13:27","date_gmt":"2015-12-03T09:13:27","guid":{"rendered":"http:\/\/grupoandres.desarrolloundanet.com\/fr\/neumaticos\/sunitrac\/"},"modified":"2023-07-24T12:19:09","modified_gmt":"2023-07-24T10:19:09","slug":"sunitrac","status":"publish","type":"page","link":"https:\/\/grupoandres.desarrolloundanet.com\/fr\/pneus\/sunitrac\/","title":{"rendered":"Sunitrac"},"content":{"rendered":"<p>La <strong>marque de pneus chinoise Sunitrac <\/strong>a r\u00e9cemment \u00e9t\u00e9 incorpor\u00e9e au march\u00e9 mondial de pneus, en 2010. Des pneus sortent de son usine asiatique \u00e0 un prix d\u00e9fiant toute concurrence tout en ayant obtenu des r\u00e9sultats remarquables aux plus exigeants tests, ce qui l\u2019a \u00e9lev\u00e9e au rang de <strong>marque digne de confiance.<\/strong><\/p>\n<p>Les pneus Sunitrac permettent une <strong>adh\u00e9rence parfaite aussi bien sur sol sec que mouill\u00e9 <\/strong>et, bien que son catalogue ne propose que deux mod\u00e8le, Focus et XTrac, ses pneus sont id\u00e9aux pour tous types de v\u00e9hicules, des berlines aux camionnettes.<\/p>\n","protected":false},"excerpt":{"rendered":"<p>La marque de pneus chinoise Sunitrac a r\u00e9cemment \u00e9t\u00e9 incorpor\u00e9e au march\u00e9 mondial de pneus, en 2010. Des pneus sortent de son usine asiatique \u00e0 un prix d\u00e9fiant toute concurrence tout en ayant obtenu des r\u00e9sultats remarquables aux plus exigeants tests, ce qui l\u2019a \u00e9lev\u00e9e au rang de marque digne de confiance. Les pneus Sunitrac &hellip; <a href=\"https:\/\/grupoandres.desarrolloundanet.com\/fr\/pneus\/sunitrac\/\" class=\"more-link\">Continue reading <span class=\"screen-reader-text\">Sunitrac<\/span> <span class=\"meta-nav\">&rarr;<\/span><\/a><\/p>\n","protected":false},"author":1,"featured_media":0,"parent":1249,"menu_order":0,"comment_status":"closed","ping_status":"closed","template":"page-marcas.php","meta":{"_acf_changed":false,"footnotes":""},"class_list":["post-1613","page","type-page","status-publish","hentry"],"acf":[],"yoast_head":"<!-- This site is optimized with the Yoast SEO plugin v27.3 - https:\/\/yoast.com\/product\/yoast-seo-wordpress\/ -->\n<title>Pneus Sunitrac | Grupo Andr\u00e9s Neum\u00e1ticos<\/title>\n<meta name=\"description\" content=\"Distribution et vente en gros de pneus Sunitrac pour les garages et les professionnels d&#039;Espagne et d&#039;Europe. Grande vari\u00e9t\u00e9 de mod\u00e8les et de tailles. Livraison en 24H\u00a0\" \/>\n<meta name=\"robots\" content=\"index, follow, max-snippet:-1, max-image-preview:large, max-video-preview:-1\" \/>\n<link rel=\"canonical\" href=\"https:\/\/grupoandres.desarrolloundanet.com\/fr\/pneus\/sunitrac\/\" \/>\n<meta property=\"og:locale\" content=\"fr_FR\" \/>\n<meta property=\"og:type\" content=\"article\" \/>\n<meta property=\"og:title\" content=\"Pneus Sunitrac | Grupo Andr\u00e9s Neum\u00e1ticos\" \/>\n<meta property=\"og:description\" content=\"Distribution et vente en gros de pneus Sunitrac pour les garages et les professionnels d&#039;Espagne et d&#039;Europe. Grande vari\u00e9t\u00e9 de mod\u00e8les et de tailles. Livraison en 24H\u00a0\" \/>\n<meta property=\"og:url\" content=\"https:\/\/grupoandres.desarrolloundanet.com\/fr\/pneus\/sunitrac\/\" \/>\n<meta property=\"og:site_name\" content=\"Grupo Andr\u00e9s Tyres\" \/>\n<meta property=\"article:modified_time\" content=\"2023-07-24T10:19:09+00:00\" \/>\n<meta name=\"twitter:card\" content=\"summary_large_image\" \/>\n<meta name=\"twitter:label1\" content=\"Dur\u00e9e de lecture estim\u00e9e\" \/>\n\t<meta name=\"twitter:data1\" content=\"1 minute\" \/>\n<script type=\"application\/ld+json\" class=\"yoast-schema-graph\">{\"@context\":\"https:\\\/\\\/schema.org\",\"@graph\":[{\"@type\":\"WebPage\",\"@id\":\"https:\\\/\\\/grupoandres.desarrolloundanet.com\\\/fr\\\/pneus\\\/sunitrac\\\/\",\"url\":\"https:\\\/\\\/grupoandres.desarrolloundanet.com\\\/fr\\\/pneus\\\/sunitrac\\\/\",\"name\":\"Pneus Sunitrac | Grupo Andr\u00e9s Neum\u00e1ticos\",\"isPartOf\":{\"@id\":\"https:\\\/\\\/grupoandres.desarrolloundanet.com\\\/#website\"},\"datePublished\":\"2015-12-03T09:13:27+00:00\",\"dateModified\":\"2023-07-24T10:19:09+00:00\",\"description\":\"Distribution et vente en gros de pneus Sunitrac pour les garages et les professionnels d'Espagne et d'Europe. Grande vari\u00e9t\u00e9 de mod\u00e8les et de tailles. Livraison en 24H\u00a0\",\"breadcrumb\":{\"@id\":\"https:\\\/\\\/grupoandres.desarrolloundanet.com\\\/fr\\\/pneus\\\/sunitrac\\\/#breadcrumb\"},\"inLanguage\":\"fr-FR\",\"potentialAction\":[{\"@type\":\"ReadAction\",\"target\":[\"https:\\\/\\\/grupoandres.desarrolloundanet.com\\\/fr\\\/pneus\\\/sunitrac\\\/\"]}]},{\"@type\":\"BreadcrumbList\",\"@id\":\"https:\\\/\\\/grupoandres.desarrolloundanet.com\\\/fr\\\/pneus\\\/sunitrac\\\/#breadcrumb\",\"itemListElement\":[{\"@type\":\"ListItem\",\"position\":1,\"name\":\"Portada\",\"item\":\"https:\\\/\\\/grupoandres.desarrolloundanet.com\\\/fr\\\/\"},{\"@type\":\"ListItem\",\"position\":2,\"name\":\"Pneus\",\"item\":\"https:\\\/\\\/grupoandres.desarrolloundanet.com\\\/fr\\\/pneus\\\/\"},{\"@type\":\"ListItem\",\"position\":3,\"name\":\"Sunitrac\"}]},{\"@type\":\"WebSite\",\"@id\":\"https:\\\/\\\/grupoandres.desarrolloundanet.com\\\/#website\",\"url\":\"https:\\\/\\\/grupoandres.desarrolloundanet.com\\\/\",\"name\":\"Grupo Andr\u00e9s Tyres\",\"description\":\"Tyres distributor  for workshops and proffesional.Stock 500,000 tires  of  70 brands. Exclusive distributors of brands as Nankang , Matador, General Tire and more.\",\"potentialAction\":[{\"@type\":\"SearchAction\",\"target\":{\"@type\":\"EntryPoint\",\"urlTemplate\":\"https:\\\/\\\/grupoandres.desarrolloundanet.com\\\/?s={search_term_string}\"},\"query-input\":{\"@type\":\"PropertyValueSpecification\",\"valueRequired\":true,\"valueName\":\"search_term_string\"}}],\"inLanguage\":\"fr-FR\"}]}<\/script>\n<!-- \/ Yoast SEO plugin. -->","yoast_head_json":{"title":"Pneus Sunitrac | Grupo Andr\u00e9s Neum\u00e1ticos","description":"Distribution et vente en gros de pneus Sunitrac pour les garages et les professionnels d'Espagne et d'Europe. Grande vari\u00e9t\u00e9 de mod\u00e8les et de tailles. Livraison en 24H\u00a0","robots":{"index":"index","follow":"follow","max-snippet":"max-snippet:-1","max-image-preview":"max-image-preview:large","max-video-preview":"max-video-preview:-1"},"canonical":"https:\/\/grupoandres.desarrolloundanet.com\/fr\/pneus\/sunitrac\/","og_locale":"fr_FR","og_type":"article","og_title":"Pneus Sunitrac | Grupo Andr\u00e9s Neum\u00e1ticos","og_description":"Distribution et vente en gros de pneus Sunitrac pour les garages et les professionnels d'Espagne et d'Europe. Grande vari\u00e9t\u00e9 de mod\u00e8les et de tailles. Livraison en 24H\u00a0","og_url":"https:\/\/grupoandres.desarrolloundanet.com\/fr\/pneus\/sunitrac\/","og_site_name":"Grupo Andr\u00e9s Tyres","article_modified_time":"2023-07-24T10:19:09+00:00","twitter_card":"summary_large_image","twitter_misc":{"Dur\u00e9e de lecture estim\u00e9e":"1 minute"},"schema":{"@context":"https:\/\/schema.org","@graph":[{"@type":"WebPage","@id":"https:\/\/grupoandres.desarrolloundanet.com\/fr\/pneus\/sunitrac\/","url":"https:\/\/grupoandres.desarrolloundanet.com\/fr\/pneus\/sunitrac\/","name":"Pneus Sunitrac | Grupo Andr\u00e9s Neum\u00e1ticos","isPartOf":{"@id":"https:\/\/grupoandres.desarrolloundanet.com\/#website"},"datePublished":"2015-12-03T09:13:27+00:00","dateModified":"2023-07-24T10:19:09+00:00","description":"Distribution et vente en gros de pneus Sunitrac pour les garages et les professionnels d'Espagne et d'Europe. Grande vari\u00e9t\u00e9 de mod\u00e8les et de tailles. Livraison en 24H\u00a0","breadcrumb":{"@id":"https:\/\/grupoandres.desarrolloundanet.com\/fr\/pneus\/sunitrac\/#breadcrumb"},"inLanguage":"fr-FR","potentialAction":[{"@type":"ReadAction","target":["https:\/\/grupoandres.desarrolloundanet.com\/fr\/pneus\/sunitrac\/"]}]},{"@type":"BreadcrumbList","@id":"https:\/\/grupoandres.desarrolloundanet.com\/fr\/pneus\/sunitrac\/#breadcrumb","itemListElement":[{"@type":"ListItem","position":1,"name":"Portada","item":"https:\/\/grupoandres.desarrolloundanet.com\/fr\/"},{"@type":"ListItem","position":2,"name":"Pneus","item":"https:\/\/grupoandres.desarrolloundanet.com\/fr\/pneus\/"},{"@type":"ListItem","position":3,"name":"Sunitrac"}]},{"@type":"WebSite","@id":"https:\/\/grupoandres.desarrolloundanet.com\/#website","url":"https:\/\/grupoandres.desarrolloundanet.com\/","name":"Grupo Andr\u00e9s Tyres","description":"Tyres distributor  for workshops and proffesional.Stock 500,000 tires  of  70 brands. Exclusive distributors of brands as Nankang , Matador, General Tire and more.","potentialAction":[{"@type":"SearchAction","target":{"@type":"EntryPoint","urlTemplate":"https:\/\/grupoandres.desarrolloundanet.com\/?s={search_term_string}"},"query-input":{"@type":"PropertyValueSpecification","valueRequired":true,"valueName":"search_term_string"}}],"inLanguage":"fr-FR"}]}},"_links":{"self":[{"href":"https:\/\/grupoandres.desarrolloundanet.com\/fr\/wp-json\/wp\/v2\/pages\/1613","targetHints":{"allow":["GET"]}}],"collection":[{"href":"https:\/\/grupoandres.desarrolloundanet.com\/fr\/wp-json\/wp\/v2\/pages"}],"about":[{"href":"https:\/\/grupoandres.desarrolloundanet.com\/fr\/wp-json\/wp\/v2\/types\/page"}],"author":[{"embeddable":true,"href":"https:\/\/grupoandres.desarrolloundanet.com\/fr\/wp-json\/wp\/v2\/users\/1"}],"replies":[{"embeddable":true,"href":"https:\/\/grupoandres.desarrolloundanet.com\/fr\/wp-json\/wp\/v2\/comments?post=1613"}],"version-history":[{"count":6,"href":"https:\/\/grupoandres.desarrolloundanet.com\/fr\/wp-json\/wp\/v2\/pages\/1613\/revisions"}],"predecessor-version":[{"id":14141,"href":"https:\/\/grupoandres.desarrolloundanet.com\/fr\/wp-json\/wp\/v2\/pages\/1613\/revisions\/14141"}],"up":[{"embeddable":true,"href":"https:\/\/grupoandres.desarrolloundanet.com\/fr\/wp-json\/wp\/v2\/pages\/1249"}],"wp:attachment":[{"href":"https:\/\/grupoandres.desarrolloundanet.com\/fr\/wp-json\/wp\/v2\/media?parent=1613"}],"curies":[{"name":"wp","href":"https:\/\/api.w.org\/{rel}","templated":true}]}}