{"id":1589,"date":"2015-12-09T16:08:39","date_gmt":"2015-12-09T16:08:39","guid":{"rendered":"http:\/\/grupoandres.desarrolloundanet.com\/fr\/neumaticos\/yokohama\/"},"modified":"2021-11-18T17:16:43","modified_gmt":"2021-11-18T16:16:43","slug":"yokohama","status":"publish","type":"page","link":"https:\/\/grupoandres.desarrolloundanet.com\/fr\/pneus\/yokohama\/","title":{"rendered":"Yokohama"},"content":{"rendered":"<p><strong>L\u2019EQUIPEMENT D\u2019ORIGINE DE L\u2019INDUSTRIE AUTOMOBILE<\/strong><b><\/b><\/p>\n<p>Des marques Premium comme le sont Audi, Chrysler, Citr\u00f6en, Mercedes, Nissan ou encore Porsche, entre beaucoup d\u2019autres, ont comme mod\u00e8le de pneus en premi\u00e8re monte, des <strong>pneus Yokohama. <\/strong>Cette entreprise est sur le point de c\u00e9l\u00e9brer un si\u00e8cle d\u2019histoire puisqu\u2019elle a \u00e9t\u00e9 fond\u00e9e en 1917 dans la ville japonaise du m\u00eame nom. Tous les experts s\u2019accordent pour dire qu\u2019il s\u2019agit d\u2019une des dix marques les plus importantes au monde, particuli\u00e8rement en raison de sa <strong>garantie absolue de fiabilit\u00e9 et de prestations<\/strong>.<\/p>\n<p>Poss\u00e9dant une tr\u00e8s grande exp\u00e9rience dans le monde de la comp\u00e9tition, l\u2019objectif de Yoko- hama est d\u2019apporter au grand public les pneus qui obtiennent de si bonnes performances lors des tests officiels. Leur offre s\u2019\u00e9tend des gammes Advan y Bluearth, id\u00e9ales pour l\u2019\u00e9t\u00e9 jus- qu\u2019au mod\u00e8le W.Drive, parfait pour conduire dans des conditions m\u00e9t\u00e9orologiques tr\u00e8s ad- verses. Les v\u00e9hicules tout-terrain et les camionnettes peuvent trouver chez Yokohama cer- tains mod\u00e8les parmi <strong>les plus fiables du march\u00e9<\/strong>.<\/p>\n<p>&nbsp;<\/p>\n","protected":false},"excerpt":{"rendered":"<p>L\u2019EQUIPEMENT D\u2019ORIGINE DE L\u2019INDUSTRIE AUTOMOBILE Des marques Premium comme le sont Audi, Chrysler, Citr\u00f6en, Mercedes, Nissan ou encore Porsche, entre beaucoup d\u2019autres, ont comme mod\u00e8le de pneus en premi\u00e8re monte, des pneus Yokohama. Cette entreprise est sur le point de c\u00e9l\u00e9brer un si\u00e8cle d\u2019histoire puisqu\u2019elle a \u00e9t\u00e9 fond\u00e9e en 1917 dans la ville japonaise du &hellip; <a href=\"https:\/\/grupoandres.desarrolloundanet.com\/fr\/pneus\/yokohama\/\" class=\"more-link\">Continue reading <span class=\"screen-reader-text\">Yokohama<\/span> <span class=\"meta-nav\">&rarr;<\/span><\/a><\/p>\n","protected":false},"author":1,"featured_media":0,"parent":1249,"menu_order":0,"comment_status":"closed","ping_status":"closed","template":"page-marcas.php","meta":{"_acf_changed":false,"footnotes":""},"class_list":["post-1589","page","type-page","status-publish","hentry"],"acf":[],"yoast_head":"<!-- This site is optimized with the Yoast SEO plugin v27.3 - https:\/\/yoast.com\/product\/yoast-seo-wordpress\/ -->\n<title>Pneus Yokohama | Grupo Andr\u00e9s Neum\u00e1ticos<\/title>\n<meta name=\"description\" content=\"Distribution et vente en gros de pneus Yokohama pour les garages et les professionnels d&#039;Espagne et d&#039;Europe. Grande vari\u00e9t\u00e9 de mod\u00e8les et de tailles. Livraison en 24 H!\" \/>\n<meta name=\"robots\" content=\"index, follow, max-snippet:-1, max-image-preview:large, max-video-preview:-1\" \/>\n<link rel=\"canonical\" href=\"https:\/\/grupoandres.desarrolloundanet.com\/fr\/pneus\/yokohama\/\" \/>\n<meta property=\"og:locale\" content=\"fr_FR\" \/>\n<meta property=\"og:type\" content=\"article\" \/>\n<meta property=\"og:title\" content=\"Pneus Yokohama | Grupo Andr\u00e9s Neum\u00e1ticos\" \/>\n<meta property=\"og:description\" content=\"Distribution et vente en gros de pneus Yokohama pour les garages et les professionnels d&#039;Espagne et d&#039;Europe. Grande vari\u00e9t\u00e9 de mod\u00e8les et de tailles. Livraison en 24 H!\" \/>\n<meta property=\"og:url\" content=\"https:\/\/grupoandres.desarrolloundanet.com\/fr\/pneus\/yokohama\/\" \/>\n<meta property=\"og:site_name\" content=\"Grupo Andr\u00e9s Tyres\" \/>\n<meta property=\"article:modified_time\" content=\"2021-11-18T16:16:43+00:00\" \/>\n<meta name=\"twitter:card\" content=\"summary_large_image\" \/>\n<meta name=\"twitter:label1\" content=\"Dur\u00e9e de lecture estim\u00e9e\" \/>\n\t<meta name=\"twitter:data1\" content=\"1 minute\" \/>\n<script type=\"application\/ld+json\" class=\"yoast-schema-graph\">{\"@context\":\"https:\\\/\\\/schema.org\",\"@graph\":[{\"@type\":\"WebPage\",\"@id\":\"https:\\\/\\\/grupoandres.desarrolloundanet.com\\\/fr\\\/pneus\\\/yokohama\\\/\",\"url\":\"https:\\\/\\\/grupoandres.desarrolloundanet.com\\\/fr\\\/pneus\\\/yokohama\\\/\",\"name\":\"Pneus Yokohama | Grupo Andr\u00e9s Neum\u00e1ticos\",\"isPartOf\":{\"@id\":\"https:\\\/\\\/grupoandres.desarrolloundanet.com\\\/#website\"},\"datePublished\":\"2015-12-09T16:08:39+00:00\",\"dateModified\":\"2021-11-18T16:16:43+00:00\",\"description\":\"Distribution et vente en gros de pneus Yokohama pour les garages et les professionnels d'Espagne et d'Europe. Grande vari\u00e9t\u00e9 de mod\u00e8les et de tailles. Livraison en 24 H!\",\"breadcrumb\":{\"@id\":\"https:\\\/\\\/grupoandres.desarrolloundanet.com\\\/fr\\\/pneus\\\/yokohama\\\/#breadcrumb\"},\"inLanguage\":\"fr-FR\",\"potentialAction\":[{\"@type\":\"ReadAction\",\"target\":[\"https:\\\/\\\/grupoandres.desarrolloundanet.com\\\/fr\\\/pneus\\\/yokohama\\\/\"]}]},{\"@type\":\"BreadcrumbList\",\"@id\":\"https:\\\/\\\/grupoandres.desarrolloundanet.com\\\/fr\\\/pneus\\\/yokohama\\\/#breadcrumb\",\"itemListElement\":[{\"@type\":\"ListItem\",\"position\":1,\"name\":\"Portada\",\"item\":\"https:\\\/\\\/grupoandres.desarrolloundanet.com\\\/fr\\\/\"},{\"@type\":\"ListItem\",\"position\":2,\"name\":\"Pneus\",\"item\":\"https:\\\/\\\/grupoandres.desarrolloundanet.com\\\/fr\\\/pneus\\\/\"},{\"@type\":\"ListItem\",\"position\":3,\"name\":\"Yokohama\"}]},{\"@type\":\"WebSite\",\"@id\":\"https:\\\/\\\/grupoandres.desarrolloundanet.com\\\/#website\",\"url\":\"https:\\\/\\\/grupoandres.desarrolloundanet.com\\\/\",\"name\":\"Grupo Andr\u00e9s Tyres\",\"description\":\"Tyres distributor  for workshops and proffesional.Stock 500,000 tires  of  70 brands. Exclusive distributors of brands as Nankang , Matador, General Tire and more.\",\"potentialAction\":[{\"@type\":\"SearchAction\",\"target\":{\"@type\":\"EntryPoint\",\"urlTemplate\":\"https:\\\/\\\/grupoandres.desarrolloundanet.com\\\/?s={search_term_string}\"},\"query-input\":{\"@type\":\"PropertyValueSpecification\",\"valueRequired\":true,\"valueName\":\"search_term_string\"}}],\"inLanguage\":\"fr-FR\"}]}<\/script>\n<!-- \/ Yoast SEO plugin. -->","yoast_head_json":{"title":"Pneus Yokohama | Grupo Andr\u00e9s Neum\u00e1ticos","description":"Distribution et vente en gros de pneus Yokohama pour les garages et les professionnels d'Espagne et d'Europe. Grande vari\u00e9t\u00e9 de mod\u00e8les et de tailles. Livraison en 24 H!","robots":{"index":"index","follow":"follow","max-snippet":"max-snippet:-1","max-image-preview":"max-image-preview:large","max-video-preview":"max-video-preview:-1"},"canonical":"https:\/\/grupoandres.desarrolloundanet.com\/fr\/pneus\/yokohama\/","og_locale":"fr_FR","og_type":"article","og_title":"Pneus Yokohama | Grupo Andr\u00e9s Neum\u00e1ticos","og_description":"Distribution et vente en gros de pneus Yokohama pour les garages et les professionnels d'Espagne et d'Europe. Grande vari\u00e9t\u00e9 de mod\u00e8les et de tailles. Livraison en 24 H!","og_url":"https:\/\/grupoandres.desarrolloundanet.com\/fr\/pneus\/yokohama\/","og_site_name":"Grupo Andr\u00e9s Tyres","article_modified_time":"2021-11-18T16:16:43+00:00","twitter_card":"summary_large_image","twitter_misc":{"Dur\u00e9e de lecture estim\u00e9e":"1 minute"},"schema":{"@context":"https:\/\/schema.org","@graph":[{"@type":"WebPage","@id":"https:\/\/grupoandres.desarrolloundanet.com\/fr\/pneus\/yokohama\/","url":"https:\/\/grupoandres.desarrolloundanet.com\/fr\/pneus\/yokohama\/","name":"Pneus Yokohama | Grupo Andr\u00e9s Neum\u00e1ticos","isPartOf":{"@id":"https:\/\/grupoandres.desarrolloundanet.com\/#website"},"datePublished":"2015-12-09T16:08:39+00:00","dateModified":"2021-11-18T16:16:43+00:00","description":"Distribution et vente en gros de pneus Yokohama pour les garages et les professionnels d'Espagne et d'Europe. Grande vari\u00e9t\u00e9 de mod\u00e8les et de tailles. Livraison en 24 H!","breadcrumb":{"@id":"https:\/\/grupoandres.desarrolloundanet.com\/fr\/pneus\/yokohama\/#breadcrumb"},"inLanguage":"fr-FR","potentialAction":[{"@type":"ReadAction","target":["https:\/\/grupoandres.desarrolloundanet.com\/fr\/pneus\/yokohama\/"]}]},{"@type":"BreadcrumbList","@id":"https:\/\/grupoandres.desarrolloundanet.com\/fr\/pneus\/yokohama\/#breadcrumb","itemListElement":[{"@type":"ListItem","position":1,"name":"Portada","item":"https:\/\/grupoandres.desarrolloundanet.com\/fr\/"},{"@type":"ListItem","position":2,"name":"Pneus","item":"https:\/\/grupoandres.desarrolloundanet.com\/fr\/pneus\/"},{"@type":"ListItem","position":3,"name":"Yokohama"}]},{"@type":"WebSite","@id":"https:\/\/grupoandres.desarrolloundanet.com\/#website","url":"https:\/\/grupoandres.desarrolloundanet.com\/","name":"Grupo Andr\u00e9s Tyres","description":"Tyres distributor  for workshops and proffesional.Stock 500,000 tires  of  70 brands. Exclusive distributors of brands as Nankang , Matador, General Tire and more.","potentialAction":[{"@type":"SearchAction","target":{"@type":"EntryPoint","urlTemplate":"https:\/\/grupoandres.desarrolloundanet.com\/?s={search_term_string}"},"query-input":{"@type":"PropertyValueSpecification","valueRequired":true,"valueName":"search_term_string"}}],"inLanguage":"fr-FR"}]}},"_links":{"self":[{"href":"https:\/\/grupoandres.desarrolloundanet.com\/fr\/wp-json\/wp\/v2\/pages\/1589","targetHints":{"allow":["GET"]}}],"collection":[{"href":"https:\/\/grupoandres.desarrolloundanet.com\/fr\/wp-json\/wp\/v2\/pages"}],"about":[{"href":"https:\/\/grupoandres.desarrolloundanet.com\/fr\/wp-json\/wp\/v2\/types\/page"}],"author":[{"embeddable":true,"href":"https:\/\/grupoandres.desarrolloundanet.com\/fr\/wp-json\/wp\/v2\/users\/1"}],"replies":[{"embeddable":true,"href":"https:\/\/grupoandres.desarrolloundanet.com\/fr\/wp-json\/wp\/v2\/comments?post=1589"}],"version-history":[{"count":8,"href":"https:\/\/grupoandres.desarrolloundanet.com\/fr\/wp-json\/wp\/v2\/pages\/1589\/revisions"}],"predecessor-version":[{"id":14744,"href":"https:\/\/grupoandres.desarrolloundanet.com\/fr\/wp-json\/wp\/v2\/pages\/1589\/revisions\/14744"}],"up":[{"embeddable":true,"href":"https:\/\/grupoandres.desarrolloundanet.com\/fr\/wp-json\/wp\/v2\/pages\/1249"}],"wp:attachment":[{"href":"https:\/\/grupoandres.desarrolloundanet.com\/fr\/wp-json\/wp\/v2\/media?parent=1589"}],"curies":[{"name":"wp","href":"https:\/\/api.w.org\/{rel}","templated":true}]}}