{"id":1529,"date":"2015-12-03T09:15:56","date_gmt":"2015-12-03T09:15:56","guid":{"rendered":"http:\/\/grupoandres.desarrolloundanet.com\/fr\/marcas\/"},"modified":"2021-12-01T09:04:18","modified_gmt":"2021-12-01T08:04:18","slug":"marques","status":"publish","type":"page","link":"https:\/\/grupoandres.desarrolloundanet.com\/fr\/marques\/","title":{"rendered":"Marques"},"content":{"rendered":"<p>Grupo Andr\u00e9s travaille avec les <strong>principales marques de pneus<\/strong> europ\u00e9ennes, asiatiques et Nord-am\u00e9ricaines et importe de surcro\u00eet des pneus de marques de qualit\u00e9, provenant d\u2019autres pays fabricants, hors de l\u2019Europe.<\/p>\n<p>Poss\u00e9dant une offre de plus de 70 marques de pneus et plus de 5000 r\u00e9f\u00e9rences, chez Grupo Andr\u00e9s, nous sommes en mesure de r\u00e9pondre \u00e0 tous les be- soins de nos clients, aussi bien ceux qui recherchent des marques Premium exclusives que ceux qui recherchent un pneu \u00e9conomique remplissant tous les crit\u00e8res de qualit\u00e9 qu\u2019exige le march\u00e9 europ\u00e9en et poss\u00e9dant toutes les garanties de s\u00e9curit\u00e9.<\/p>\n<h2>PNEUS POUR TOUS TYPES DE V\u00c9HICULES<\/h2>\n","protected":false},"excerpt":{"rendered":"<p>Grupo Andr\u00e9s travaille avec les principales marques de pneus europ\u00e9ennes, asiatiques et Nord-am\u00e9ricaines et importe de surcro\u00eet des pneus de marques de qualit\u00e9, provenant d\u2019autres pays fabricants, hors de l\u2019Europe. Poss\u00e9dant une offre de plus de 70 marques de pneus et plus de 5000 r\u00e9f\u00e9rences, chez Grupo Andr\u00e9s, nous sommes en mesure de r\u00e9pondre \u00e0 &hellip; <a href=\"https:\/\/grupoandres.desarrolloundanet.com\/fr\/marques\/\" class=\"more-link\">Continue reading <span class=\"screen-reader-text\">Marques<\/span> <span class=\"meta-nav\">&rarr;<\/span><\/a><\/p>\n","protected":false},"author":1,"featured_media":0,"parent":0,"menu_order":0,"comment_status":"closed","ping_status":"closed","template":"page-marcas-todas.php","meta":{"_acf_changed":false,"footnotes":""},"class_list":["post-1529","page","type-page","status-publish","hentry"],"acf":[],"yoast_head":"<!-- This site is optimized with the Yoast SEO plugin v27.3 - https:\/\/yoast.com\/product\/yoast-seo-wordpress\/ -->\n<title>Distributeur de pneus - Grande Vari\u00e9t\u00e9 de Marques | Grupo Andr\u00e9s<\/title>\n<meta name=\"description\" content=\"Grupo Andr\u00e9s est le principal grossiste en pneumatiques. Nous travaillons avec les principales marques de pneus. Votre fournisseur de confiance. Livraison en 24H!\" \/>\n<meta name=\"robots\" content=\"index, follow, max-snippet:-1, max-image-preview:large, max-video-preview:-1\" \/>\n<link rel=\"canonical\" href=\"https:\/\/grupoandres.desarrolloundanet.com\/fr\/marques\/\" \/>\n<meta property=\"og:locale\" content=\"fr_FR\" \/>\n<meta property=\"og:type\" content=\"article\" \/>\n<meta property=\"og:title\" content=\"Distributeur de pneus - Grande Vari\u00e9t\u00e9 de Marques | Grupo Andr\u00e9s\" \/>\n<meta property=\"og:description\" content=\"Grupo Andr\u00e9s est le principal grossiste en pneumatiques. Nous travaillons avec les principales marques de pneus. Votre fournisseur de confiance. Livraison en 24H!\" \/>\n<meta property=\"og:url\" content=\"https:\/\/grupoandres.desarrolloundanet.com\/fr\/marques\/\" \/>\n<meta property=\"og:site_name\" content=\"Grupo Andr\u00e9s Tyres\" \/>\n<meta property=\"article:modified_time\" content=\"2021-12-01T08:04:18+00:00\" \/>\n<meta name=\"twitter:card\" content=\"summary_large_image\" \/>\n<meta name=\"twitter:label1\" content=\"Dur\u00e9e de lecture estim\u00e9e\" \/>\n\t<meta name=\"twitter:data1\" content=\"1 minute\" \/>\n<script type=\"application\/ld+json\" class=\"yoast-schema-graph\">{\"@context\":\"https:\\\/\\\/schema.org\",\"@graph\":[{\"@type\":\"WebPage\",\"@id\":\"https:\\\/\\\/grupoandres.desarrolloundanet.com\\\/fr\\\/marques\\\/\",\"url\":\"https:\\\/\\\/grupoandres.desarrolloundanet.com\\\/fr\\\/marques\\\/\",\"name\":\"Distributeur de pneus - Grande Vari\u00e9t\u00e9 de Marques | Grupo Andr\u00e9s\",\"isPartOf\":{\"@id\":\"https:\\\/\\\/grupoandres.desarrolloundanet.com\\\/#website\"},\"datePublished\":\"2015-12-03T09:15:56+00:00\",\"dateModified\":\"2021-12-01T08:04:18+00:00\",\"description\":\"Grupo Andr\u00e9s est le principal grossiste en pneumatiques. Nous travaillons avec les principales marques de pneus. Votre fournisseur de confiance. Livraison en 24H!\",\"breadcrumb\":{\"@id\":\"https:\\\/\\\/grupoandres.desarrolloundanet.com\\\/fr\\\/marques\\\/#breadcrumb\"},\"inLanguage\":\"fr-FR\",\"potentialAction\":[{\"@type\":\"ReadAction\",\"target\":[\"https:\\\/\\\/grupoandres.desarrolloundanet.com\\\/fr\\\/marques\\\/\"]}]},{\"@type\":\"BreadcrumbList\",\"@id\":\"https:\\\/\\\/grupoandres.desarrolloundanet.com\\\/fr\\\/marques\\\/#breadcrumb\",\"itemListElement\":[{\"@type\":\"ListItem\",\"position\":1,\"name\":\"Portada\",\"item\":\"https:\\\/\\\/grupoandres.desarrolloundanet.com\\\/fr\\\/\"},{\"@type\":\"ListItem\",\"position\":2,\"name\":\"Marques\"}]},{\"@type\":\"WebSite\",\"@id\":\"https:\\\/\\\/grupoandres.desarrolloundanet.com\\\/#website\",\"url\":\"https:\\\/\\\/grupoandres.desarrolloundanet.com\\\/\",\"name\":\"Grupo Andr\u00e9s Tyres\",\"description\":\"Tyres distributor  for workshops and proffesional.Stock 500,000 tires  of  70 brands. Exclusive distributors of brands as Nankang , Matador, General Tire and more.\",\"potentialAction\":[{\"@type\":\"SearchAction\",\"target\":{\"@type\":\"EntryPoint\",\"urlTemplate\":\"https:\\\/\\\/grupoandres.desarrolloundanet.com\\\/?s={search_term_string}\"},\"query-input\":{\"@type\":\"PropertyValueSpecification\",\"valueRequired\":true,\"valueName\":\"search_term_string\"}}],\"inLanguage\":\"fr-FR\"}]}<\/script>\n<!-- \/ Yoast SEO plugin. -->","yoast_head_json":{"title":"Distributeur de pneus - Grande Vari\u00e9t\u00e9 de Marques | Grupo Andr\u00e9s","description":"Grupo Andr\u00e9s est le principal grossiste en pneumatiques. Nous travaillons avec les principales marques de pneus. Votre fournisseur de confiance. Livraison en 24H!","robots":{"index":"index","follow":"follow","max-snippet":"max-snippet:-1","max-image-preview":"max-image-preview:large","max-video-preview":"max-video-preview:-1"},"canonical":"https:\/\/grupoandres.desarrolloundanet.com\/fr\/marques\/","og_locale":"fr_FR","og_type":"article","og_title":"Distributeur de pneus - Grande Vari\u00e9t\u00e9 de Marques | Grupo Andr\u00e9s","og_description":"Grupo Andr\u00e9s est le principal grossiste en pneumatiques. Nous travaillons avec les principales marques de pneus. Votre fournisseur de confiance. Livraison en 24H!","og_url":"https:\/\/grupoandres.desarrolloundanet.com\/fr\/marques\/","og_site_name":"Grupo Andr\u00e9s Tyres","article_modified_time":"2021-12-01T08:04:18+00:00","twitter_card":"summary_large_image","twitter_misc":{"Dur\u00e9e de lecture estim\u00e9e":"1 minute"},"schema":{"@context":"https:\/\/schema.org","@graph":[{"@type":"WebPage","@id":"https:\/\/grupoandres.desarrolloundanet.com\/fr\/marques\/","url":"https:\/\/grupoandres.desarrolloundanet.com\/fr\/marques\/","name":"Distributeur de pneus - Grande Vari\u00e9t\u00e9 de Marques | Grupo Andr\u00e9s","isPartOf":{"@id":"https:\/\/grupoandres.desarrolloundanet.com\/#website"},"datePublished":"2015-12-03T09:15:56+00:00","dateModified":"2021-12-01T08:04:18+00:00","description":"Grupo Andr\u00e9s est le principal grossiste en pneumatiques. Nous travaillons avec les principales marques de pneus. Votre fournisseur de confiance. Livraison en 24H!","breadcrumb":{"@id":"https:\/\/grupoandres.desarrolloundanet.com\/fr\/marques\/#breadcrumb"},"inLanguage":"fr-FR","potentialAction":[{"@type":"ReadAction","target":["https:\/\/grupoandres.desarrolloundanet.com\/fr\/marques\/"]}]},{"@type":"BreadcrumbList","@id":"https:\/\/grupoandres.desarrolloundanet.com\/fr\/marques\/#breadcrumb","itemListElement":[{"@type":"ListItem","position":1,"name":"Portada","item":"https:\/\/grupoandres.desarrolloundanet.com\/fr\/"},{"@type":"ListItem","position":2,"name":"Marques"}]},{"@type":"WebSite","@id":"https:\/\/grupoandres.desarrolloundanet.com\/#website","url":"https:\/\/grupoandres.desarrolloundanet.com\/","name":"Grupo Andr\u00e9s Tyres","description":"Tyres distributor  for workshops and proffesional.Stock 500,000 tires  of  70 brands. Exclusive distributors of brands as Nankang , Matador, General Tire and more.","potentialAction":[{"@type":"SearchAction","target":{"@type":"EntryPoint","urlTemplate":"https:\/\/grupoandres.desarrolloundanet.com\/?s={search_term_string}"},"query-input":{"@type":"PropertyValueSpecification","valueRequired":true,"valueName":"search_term_string"}}],"inLanguage":"fr-FR"}]}},"_links":{"self":[{"href":"https:\/\/grupoandres.desarrolloundanet.com\/fr\/wp-json\/wp\/v2\/pages\/1529","targetHints":{"allow":["GET"]}}],"collection":[{"href":"https:\/\/grupoandres.desarrolloundanet.com\/fr\/wp-json\/wp\/v2\/pages"}],"about":[{"href":"https:\/\/grupoandres.desarrolloundanet.com\/fr\/wp-json\/wp\/v2\/types\/page"}],"author":[{"embeddable":true,"href":"https:\/\/grupoandres.desarrolloundanet.com\/fr\/wp-json\/wp\/v2\/users\/1"}],"replies":[{"embeddable":true,"href":"https:\/\/grupoandres.desarrolloundanet.com\/fr\/wp-json\/wp\/v2\/comments?post=1529"}],"version-history":[{"count":26,"href":"https:\/\/grupoandres.desarrolloundanet.com\/fr\/wp-json\/wp\/v2\/pages\/1529\/revisions"}],"predecessor-version":[{"id":15990,"href":"https:\/\/grupoandres.desarrolloundanet.com\/fr\/wp-json\/wp\/v2\/pages\/1529\/revisions\/15990"}],"wp:attachment":[{"href":"https:\/\/grupoandres.desarrolloundanet.com\/fr\/wp-json\/wp\/v2\/media?parent=1529"}],"curies":[{"name":"wp","href":"https:\/\/api.w.org\/{rel}","templated":true}]}}