{"id":1491,"date":"2015-12-03T09:13:00","date_gmt":"2015-12-03T09:13:00","guid":{"rendered":"http:\/\/grupoandres.desarrolloundanet.com\/fr\/neumaticos\/nankang\/"},"modified":"2021-10-29T14:40:41","modified_gmt":"2021-10-29T12:40:41","slug":"nankang","status":"publish","type":"page","link":"https:\/\/grupoandres.desarrolloundanet.com\/fr\/pneus\/nankang\/","title":{"rendered":"Nankang"},"content":{"rendered":"<p>Ce qui semblait impossible il y a quelques ann\u00e9es encore s\u2019est finalement produit et la marque de pneus Nankang, cr\u00e9\u00e9e \u00e0 Taiwan, il y a un demi-si\u00e8cle, est maintenant une habi- tu\u00e9e des routes europ\u00e9ennes. Les pneus qu\u2019elle fabrique sont <strong>r\u00e9sistants, tr\u00e8s silencieux <\/strong>et sont parfaitement adapt\u00e9s \u00e0 tous types de voitures. Nankang propose \u00e9galement des pneus moto.<\/p>\n<p>La fiabilit\u00e9 totale des pneus Nankang est directement responsable que des mod\u00e8les comme le <strong>AS-1 et le NA-1<\/strong>, id\u00e9aux pour des v\u00e9hicules compacts et urbains, le XR611, id\u00e9al pour les ber- lines et le mod\u00e8le sportif S-2+ soient dans le top des pneus <strong>les plus vendus <\/strong>par Grupo Andr\u00e9s. De plus, le fabricant ta\u00efwanais Nankang est \u00e9galement pr\u00e9sent dans le monde de la comp\u00e9ti- tion avec ses mod\u00e8les NS-2R et AR-1.<\/p>\n<p>&nbsp;<\/p>\n","protected":false},"excerpt":{"rendered":"<p>Ce qui semblait impossible il y a quelques ann\u00e9es encore s\u2019est finalement produit et la marque de pneus Nankang, cr\u00e9\u00e9e \u00e0 Taiwan, il y a un demi-si\u00e8cle, est maintenant une habi- tu\u00e9e des routes europ\u00e9ennes. Les pneus qu\u2019elle fabrique sont r\u00e9sistants, tr\u00e8s silencieux et sont parfaitement adapt\u00e9s \u00e0 tous types de voitures. Nankang propose \u00e9galement &hellip; <a href=\"https:\/\/grupoandres.desarrolloundanet.com\/fr\/pneus\/nankang\/\" class=\"more-link\">Continue reading <span class=\"screen-reader-text\">Nankang<\/span> <span class=\"meta-nav\">&rarr;<\/span><\/a><\/p>\n","protected":false},"author":1,"featured_media":0,"parent":1249,"menu_order":0,"comment_status":"closed","ping_status":"closed","template":"page-marcas.php","meta":{"_acf_changed":false,"footnotes":""},"class_list":["post-1491","page","type-page","status-publish","hentry"],"acf":[],"yoast_head":"<!-- This site is optimized with the Yoast SEO plugin v27.3 - https:\/\/yoast.com\/product\/yoast-seo-wordpress\/ -->\n<title>Pneus Nankang | Grupo Andr\u00e9s Neum\u00e1ticos<\/title>\n<meta name=\"description\" content=\"Distribution et vente en gros de pneus Nankang pour les garages et les professionnels d&#039;Espagne et d&#039;Europe.\u00a0Grande vari\u00e9t\u00e9 de mod\u00e8les et de tailles.\u00a0Livraison en 24 H!\" \/>\n<meta name=\"robots\" content=\"index, follow, max-snippet:-1, max-image-preview:large, max-video-preview:-1\" \/>\n<link rel=\"canonical\" href=\"https:\/\/grupoandres.desarrolloundanet.com\/fr\/pneus\/nankang\/\" \/>\n<meta property=\"og:locale\" content=\"fr_FR\" \/>\n<meta property=\"og:type\" content=\"article\" \/>\n<meta property=\"og:title\" content=\"Pneus Nankang | Grupo Andr\u00e9s Neum\u00e1ticos\" \/>\n<meta property=\"og:description\" content=\"Distribution et vente en gros de pneus Nankang pour les garages et les professionnels d&#039;Espagne et d&#039;Europe.\u00a0Grande vari\u00e9t\u00e9 de mod\u00e8les et de tailles.\u00a0Livraison en 24 H!\" \/>\n<meta property=\"og:url\" content=\"https:\/\/grupoandres.desarrolloundanet.com\/fr\/pneus\/nankang\/\" \/>\n<meta property=\"og:site_name\" content=\"Grupo Andr\u00e9s Tyres\" \/>\n<meta property=\"article:modified_time\" content=\"2021-10-29T12:40:41+00:00\" \/>\n<meta name=\"twitter:card\" content=\"summary_large_image\" \/>\n<meta name=\"twitter:label1\" content=\"Dur\u00e9e de lecture estim\u00e9e\" \/>\n\t<meta name=\"twitter:data1\" content=\"1 minute\" \/>\n<script type=\"application\/ld+json\" class=\"yoast-schema-graph\">{\"@context\":\"https:\\\/\\\/schema.org\",\"@graph\":[{\"@type\":\"WebPage\",\"@id\":\"https:\\\/\\\/grupoandres.desarrolloundanet.com\\\/fr\\\/pneus\\\/nankang\\\/\",\"url\":\"https:\\\/\\\/grupoandres.desarrolloundanet.com\\\/fr\\\/pneus\\\/nankang\\\/\",\"name\":\"Pneus Nankang | Grupo Andr\u00e9s Neum\u00e1ticos\",\"isPartOf\":{\"@id\":\"https:\\\/\\\/grupoandres.desarrolloundanet.com\\\/#website\"},\"datePublished\":\"2015-12-03T09:13:00+00:00\",\"dateModified\":\"2021-10-29T12:40:41+00:00\",\"description\":\"Distribution et vente en gros de pneus Nankang pour les garages et les professionnels d'Espagne et d'Europe.\u00a0Grande vari\u00e9t\u00e9 de mod\u00e8les et de tailles.\u00a0Livraison en 24 H!\",\"breadcrumb\":{\"@id\":\"https:\\\/\\\/grupoandres.desarrolloundanet.com\\\/fr\\\/pneus\\\/nankang\\\/#breadcrumb\"},\"inLanguage\":\"fr-FR\",\"potentialAction\":[{\"@type\":\"ReadAction\",\"target\":[\"https:\\\/\\\/grupoandres.desarrolloundanet.com\\\/fr\\\/pneus\\\/nankang\\\/\"]}]},{\"@type\":\"BreadcrumbList\",\"@id\":\"https:\\\/\\\/grupoandres.desarrolloundanet.com\\\/fr\\\/pneus\\\/nankang\\\/#breadcrumb\",\"itemListElement\":[{\"@type\":\"ListItem\",\"position\":1,\"name\":\"Portada\",\"item\":\"https:\\\/\\\/grupoandres.desarrolloundanet.com\\\/fr\\\/\"},{\"@type\":\"ListItem\",\"position\":2,\"name\":\"Pneus\",\"item\":\"https:\\\/\\\/grupoandres.desarrolloundanet.com\\\/fr\\\/pneus\\\/\"},{\"@type\":\"ListItem\",\"position\":3,\"name\":\"Nankang\"}]},{\"@type\":\"WebSite\",\"@id\":\"https:\\\/\\\/grupoandres.desarrolloundanet.com\\\/#website\",\"url\":\"https:\\\/\\\/grupoandres.desarrolloundanet.com\\\/\",\"name\":\"Grupo Andr\u00e9s Tyres\",\"description\":\"Tyres distributor  for workshops and proffesional.Stock 500,000 tires  of  70 brands. Exclusive distributors of brands as Nankang , Matador, General Tire and more.\",\"potentialAction\":[{\"@type\":\"SearchAction\",\"target\":{\"@type\":\"EntryPoint\",\"urlTemplate\":\"https:\\\/\\\/grupoandres.desarrolloundanet.com\\\/?s={search_term_string}\"},\"query-input\":{\"@type\":\"PropertyValueSpecification\",\"valueRequired\":true,\"valueName\":\"search_term_string\"}}],\"inLanguage\":\"fr-FR\"}]}<\/script>\n<!-- \/ Yoast SEO plugin. -->","yoast_head_json":{"title":"Pneus Nankang | Grupo Andr\u00e9s Neum\u00e1ticos","description":"Distribution et vente en gros de pneus Nankang pour les garages et les professionnels d'Espagne et d'Europe.\u00a0Grande vari\u00e9t\u00e9 de mod\u00e8les et de tailles.\u00a0Livraison en 24 H!","robots":{"index":"index","follow":"follow","max-snippet":"max-snippet:-1","max-image-preview":"max-image-preview:large","max-video-preview":"max-video-preview:-1"},"canonical":"https:\/\/grupoandres.desarrolloundanet.com\/fr\/pneus\/nankang\/","og_locale":"fr_FR","og_type":"article","og_title":"Pneus Nankang | Grupo Andr\u00e9s Neum\u00e1ticos","og_description":"Distribution et vente en gros de pneus Nankang pour les garages et les professionnels d'Espagne et d'Europe.\u00a0Grande vari\u00e9t\u00e9 de mod\u00e8les et de tailles.\u00a0Livraison en 24 H!","og_url":"https:\/\/grupoandres.desarrolloundanet.com\/fr\/pneus\/nankang\/","og_site_name":"Grupo Andr\u00e9s Tyres","article_modified_time":"2021-10-29T12:40:41+00:00","twitter_card":"summary_large_image","twitter_misc":{"Dur\u00e9e de lecture estim\u00e9e":"1 minute"},"schema":{"@context":"https:\/\/schema.org","@graph":[{"@type":"WebPage","@id":"https:\/\/grupoandres.desarrolloundanet.com\/fr\/pneus\/nankang\/","url":"https:\/\/grupoandres.desarrolloundanet.com\/fr\/pneus\/nankang\/","name":"Pneus Nankang | Grupo Andr\u00e9s Neum\u00e1ticos","isPartOf":{"@id":"https:\/\/grupoandres.desarrolloundanet.com\/#website"},"datePublished":"2015-12-03T09:13:00+00:00","dateModified":"2021-10-29T12:40:41+00:00","description":"Distribution et vente en gros de pneus Nankang pour les garages et les professionnels d'Espagne et d'Europe.\u00a0Grande vari\u00e9t\u00e9 de mod\u00e8les et de tailles.\u00a0Livraison en 24 H!","breadcrumb":{"@id":"https:\/\/grupoandres.desarrolloundanet.com\/fr\/pneus\/nankang\/#breadcrumb"},"inLanguage":"fr-FR","potentialAction":[{"@type":"ReadAction","target":["https:\/\/grupoandres.desarrolloundanet.com\/fr\/pneus\/nankang\/"]}]},{"@type":"BreadcrumbList","@id":"https:\/\/grupoandres.desarrolloundanet.com\/fr\/pneus\/nankang\/#breadcrumb","itemListElement":[{"@type":"ListItem","position":1,"name":"Portada","item":"https:\/\/grupoandres.desarrolloundanet.com\/fr\/"},{"@type":"ListItem","position":2,"name":"Pneus","item":"https:\/\/grupoandres.desarrolloundanet.com\/fr\/pneus\/"},{"@type":"ListItem","position":3,"name":"Nankang"}]},{"@type":"WebSite","@id":"https:\/\/grupoandres.desarrolloundanet.com\/#website","url":"https:\/\/grupoandres.desarrolloundanet.com\/","name":"Grupo Andr\u00e9s Tyres","description":"Tyres distributor  for workshops and proffesional.Stock 500,000 tires  of  70 brands. Exclusive distributors of brands as Nankang , Matador, General Tire and more.","potentialAction":[{"@type":"SearchAction","target":{"@type":"EntryPoint","urlTemplate":"https:\/\/grupoandres.desarrolloundanet.com\/?s={search_term_string}"},"query-input":{"@type":"PropertyValueSpecification","valueRequired":true,"valueName":"search_term_string"}}],"inLanguage":"fr-FR"}]}},"_links":{"self":[{"href":"https:\/\/grupoandres.desarrolloundanet.com\/fr\/wp-json\/wp\/v2\/pages\/1491","targetHints":{"allow":["GET"]}}],"collection":[{"href":"https:\/\/grupoandres.desarrolloundanet.com\/fr\/wp-json\/wp\/v2\/pages"}],"about":[{"href":"https:\/\/grupoandres.desarrolloundanet.com\/fr\/wp-json\/wp\/v2\/types\/page"}],"author":[{"embeddable":true,"href":"https:\/\/grupoandres.desarrolloundanet.com\/fr\/wp-json\/wp\/v2\/users\/1"}],"replies":[{"embeddable":true,"href":"https:\/\/grupoandres.desarrolloundanet.com\/fr\/wp-json\/wp\/v2\/comments?post=1491"}],"version-history":[{"count":5,"href":"https:\/\/grupoandres.desarrolloundanet.com\/fr\/wp-json\/wp\/v2\/pages\/1491\/revisions"}],"predecessor-version":[{"id":13473,"href":"https:\/\/grupoandres.desarrolloundanet.com\/fr\/wp-json\/wp\/v2\/pages\/1491\/revisions\/13473"}],"up":[{"embeddable":true,"href":"https:\/\/grupoandres.desarrolloundanet.com\/fr\/wp-json\/wp\/v2\/pages\/1249"}],"wp:attachment":[{"href":"https:\/\/grupoandres.desarrolloundanet.com\/fr\/wp-json\/wp\/v2\/media?parent=1491"}],"curies":[{"name":"wp","href":"https:\/\/api.w.org\/{rel}","templated":true}]}}