{"id":1481,"date":"2016-05-17T11:41:26","date_gmt":"2016-05-17T11:41:26","guid":{"rendered":"http:\/\/grupoandres.desarrolloundanet.com\/pt-pt\/?page_id=1481"},"modified":"2021-11-30T17:45:19","modified_gmt":"2021-11-30T16:45:19","slug":"moto","status":"publish","type":"page","link":"https:\/\/grupoandres.desarrolloundanet.com\/fr\/pneus\/moto\/","title":{"rendered":"Moto"},"content":{"rendered":"<p>De tous les v\u00e9hicules, celui dont le conducteur est le plus vuln\u00e9rable est la moto. L\u2019impor- tance des pneus moto est consid\u00e9rable puisque ces pneus <strong>peuvent sauver des vies. <\/strong>C\u2019est pour cette raison que les principales marques de pneus du monde poss\u00e8dent leurs propres d\u00e9partements pour fabriquer les pneus moto les plus s\u00fbrs possibles.<\/p>\n<p><strong>La fa\u00e7on dont ils sont construits est d\u00e9terminante pour obtenir une bonne tenue de route dans les virages, <\/strong>tant sur sol sec que mouill\u00e9, garantissant au pilote de la moto stabilit\u00e9 et confort. La composition bi-gomme sup\u00e9rieure, utilis\u00e9e par certains fabricants est un pas en avant dans cette direction.<\/p>\n<p>Ce secteur de pneus n\u2019est pas seulement pr\u00e9sent dans le cadre de la route car les marques poss\u00e8dent \u00e9galement une large gamme de pneus sp\u00e9cifiques aux motos de ville, comme les scooters ou encore pour la pratique de l\u2019enduro et du trial dans des circuits tout-terrain.<\/p>\n<p>Le produit Trail a de plus en plus de succ\u00e8s aupr\u00e8s des consommateurs.<\/p>\n","protected":false},"excerpt":{"rendered":"<p>De tous les v\u00e9hicules, celui dont le conducteur est le plus vuln\u00e9rable est la moto. L\u2019impor- tance des pneus moto est consid\u00e9rable puisque ces pneus peuvent sauver des vies. C\u2019est pour cette raison que les principales marques de pneus du monde poss\u00e8dent leurs propres d\u00e9partements pour fabriquer les pneus moto les plus s\u00fbrs possibles. La &hellip; <a href=\"https:\/\/grupoandres.desarrolloundanet.com\/fr\/pneus\/moto\/\" class=\"more-link\">Continue reading <span class=\"screen-reader-text\">Moto<\/span> <span class=\"meta-nav\">&rarr;<\/span><\/a><\/p>\n","protected":false},"author":1,"featured_media":0,"parent":1249,"menu_order":0,"comment_status":"closed","ping_status":"closed","template":"page-neumaticos.php","meta":{"_acf_changed":false,"footnotes":""},"class_list":["post-1481","page","type-page","status-publish","hentry"],"acf":[],"yoast_head":"<!-- This site is optimized with the Yoast SEO plugin v27.3 - https:\/\/yoast.com\/product\/yoast-seo-wordpress\/ -->\n<title>Pneus Moto | Grupo Andr\u00e9s Neum\u00e1ticos<\/title>\n<meta name=\"description\" content=\"Distribution et vente en gros de pneus Moto pour les garages et les professionnels d&#039;Espagne et d&#039;Europe. Nous distribuons des marques premium et exclusives. Livraison en 24H !\" \/>\n<meta name=\"robots\" content=\"index, follow, max-snippet:-1, max-image-preview:large, max-video-preview:-1\" \/>\n<link rel=\"canonical\" href=\"https:\/\/grupoandres.desarrolloundanet.com\/fr\/pneus\/moto\/\" \/>\n<meta property=\"og:locale\" content=\"fr_FR\" \/>\n<meta property=\"og:type\" content=\"article\" \/>\n<meta property=\"og:title\" content=\"Pneus Moto | Grupo Andr\u00e9s Neum\u00e1ticos\" \/>\n<meta property=\"og:description\" content=\"Distribution et vente en gros de pneus Moto pour les garages et les professionnels d&#039;Espagne et d&#039;Europe. Nous distribuons des marques premium et exclusives. Livraison en 24H !\" \/>\n<meta property=\"og:url\" content=\"https:\/\/grupoandres.desarrolloundanet.com\/fr\/pneus\/moto\/\" \/>\n<meta property=\"og:site_name\" content=\"Grupo Andr\u00e9s Tyres\" \/>\n<meta property=\"article:modified_time\" content=\"2021-11-30T16:45:19+00:00\" \/>\n<meta name=\"twitter:card\" content=\"summary_large_image\" \/>\n<meta name=\"twitter:label1\" content=\"Dur\u00e9e de lecture estim\u00e9e\" \/>\n\t<meta name=\"twitter:data1\" content=\"1 minute\" \/>\n<script type=\"application\/ld+json\" class=\"yoast-schema-graph\">{\"@context\":\"https:\\\/\\\/schema.org\",\"@graph\":[{\"@type\":\"WebPage\",\"@id\":\"https:\\\/\\\/grupoandres.desarrolloundanet.com\\\/fr\\\/pneus\\\/moto\\\/\",\"url\":\"https:\\\/\\\/grupoandres.desarrolloundanet.com\\\/fr\\\/pneus\\\/moto\\\/\",\"name\":\"Pneus Moto | Grupo Andr\u00e9s Neum\u00e1ticos\",\"isPartOf\":{\"@id\":\"https:\\\/\\\/grupoandres.desarrolloundanet.com\\\/#website\"},\"datePublished\":\"2016-05-17T11:41:26+00:00\",\"dateModified\":\"2021-11-30T16:45:19+00:00\",\"description\":\"Distribution et vente en gros de pneus Moto pour les garages et les professionnels d'Espagne et d'Europe. Nous distribuons des marques premium et exclusives. Livraison en 24H !\",\"breadcrumb\":{\"@id\":\"https:\\\/\\\/grupoandres.desarrolloundanet.com\\\/fr\\\/pneus\\\/moto\\\/#breadcrumb\"},\"inLanguage\":\"fr-FR\",\"potentialAction\":[{\"@type\":\"ReadAction\",\"target\":[\"https:\\\/\\\/grupoandres.desarrolloundanet.com\\\/fr\\\/pneus\\\/moto\\\/\"]}]},{\"@type\":\"BreadcrumbList\",\"@id\":\"https:\\\/\\\/grupoandres.desarrolloundanet.com\\\/fr\\\/pneus\\\/moto\\\/#breadcrumb\",\"itemListElement\":[{\"@type\":\"ListItem\",\"position\":1,\"name\":\"Portada\",\"item\":\"https:\\\/\\\/grupoandres.desarrolloundanet.com\\\/fr\\\/\"},{\"@type\":\"ListItem\",\"position\":2,\"name\":\"Pneus\",\"item\":\"https:\\\/\\\/grupoandres.desarrolloundanet.com\\\/fr\\\/pneus\\\/\"},{\"@type\":\"ListItem\",\"position\":3,\"name\":\"Moto\"}]},{\"@type\":\"WebSite\",\"@id\":\"https:\\\/\\\/grupoandres.desarrolloundanet.com\\\/#website\",\"url\":\"https:\\\/\\\/grupoandres.desarrolloundanet.com\\\/\",\"name\":\"Grupo Andr\u00e9s Tyres\",\"description\":\"Tyres distributor  for workshops and proffesional.Stock 500,000 tires  of  70 brands. Exclusive distributors of brands as Nankang , Matador, General Tire and more.\",\"potentialAction\":[{\"@type\":\"SearchAction\",\"target\":{\"@type\":\"EntryPoint\",\"urlTemplate\":\"https:\\\/\\\/grupoandres.desarrolloundanet.com\\\/?s={search_term_string}\"},\"query-input\":{\"@type\":\"PropertyValueSpecification\",\"valueRequired\":true,\"valueName\":\"search_term_string\"}}],\"inLanguage\":\"fr-FR\"}]}<\/script>\n<!-- \/ Yoast SEO plugin. -->","yoast_head_json":{"title":"Pneus Moto | Grupo Andr\u00e9s Neum\u00e1ticos","description":"Distribution et vente en gros de pneus Moto pour les garages et les professionnels d'Espagne et d'Europe. Nous distribuons des marques premium et exclusives. Livraison en 24H !","robots":{"index":"index","follow":"follow","max-snippet":"max-snippet:-1","max-image-preview":"max-image-preview:large","max-video-preview":"max-video-preview:-1"},"canonical":"https:\/\/grupoandres.desarrolloundanet.com\/fr\/pneus\/moto\/","og_locale":"fr_FR","og_type":"article","og_title":"Pneus Moto | Grupo Andr\u00e9s Neum\u00e1ticos","og_description":"Distribution et vente en gros de pneus Moto pour les garages et les professionnels d'Espagne et d'Europe. Nous distribuons des marques premium et exclusives. Livraison en 24H !","og_url":"https:\/\/grupoandres.desarrolloundanet.com\/fr\/pneus\/moto\/","og_site_name":"Grupo Andr\u00e9s Tyres","article_modified_time":"2021-11-30T16:45:19+00:00","twitter_card":"summary_large_image","twitter_misc":{"Dur\u00e9e de lecture estim\u00e9e":"1 minute"},"schema":{"@context":"https:\/\/schema.org","@graph":[{"@type":"WebPage","@id":"https:\/\/grupoandres.desarrolloundanet.com\/fr\/pneus\/moto\/","url":"https:\/\/grupoandres.desarrolloundanet.com\/fr\/pneus\/moto\/","name":"Pneus Moto | Grupo Andr\u00e9s Neum\u00e1ticos","isPartOf":{"@id":"https:\/\/grupoandres.desarrolloundanet.com\/#website"},"datePublished":"2016-05-17T11:41:26+00:00","dateModified":"2021-11-30T16:45:19+00:00","description":"Distribution et vente en gros de pneus Moto pour les garages et les professionnels d'Espagne et d'Europe. Nous distribuons des marques premium et exclusives. Livraison en 24H !","breadcrumb":{"@id":"https:\/\/grupoandres.desarrolloundanet.com\/fr\/pneus\/moto\/#breadcrumb"},"inLanguage":"fr-FR","potentialAction":[{"@type":"ReadAction","target":["https:\/\/grupoandres.desarrolloundanet.com\/fr\/pneus\/moto\/"]}]},{"@type":"BreadcrumbList","@id":"https:\/\/grupoandres.desarrolloundanet.com\/fr\/pneus\/moto\/#breadcrumb","itemListElement":[{"@type":"ListItem","position":1,"name":"Portada","item":"https:\/\/grupoandres.desarrolloundanet.com\/fr\/"},{"@type":"ListItem","position":2,"name":"Pneus","item":"https:\/\/grupoandres.desarrolloundanet.com\/fr\/pneus\/"},{"@type":"ListItem","position":3,"name":"Moto"}]},{"@type":"WebSite","@id":"https:\/\/grupoandres.desarrolloundanet.com\/#website","url":"https:\/\/grupoandres.desarrolloundanet.com\/","name":"Grupo Andr\u00e9s Tyres","description":"Tyres distributor  for workshops and proffesional.Stock 500,000 tires  of  70 brands. Exclusive distributors of brands as Nankang , Matador, General Tire and more.","potentialAction":[{"@type":"SearchAction","target":{"@type":"EntryPoint","urlTemplate":"https:\/\/grupoandres.desarrolloundanet.com\/?s={search_term_string}"},"query-input":{"@type":"PropertyValueSpecification","valueRequired":true,"valueName":"search_term_string"}}],"inLanguage":"fr-FR"}]}},"_links":{"self":[{"href":"https:\/\/grupoandres.desarrolloundanet.com\/fr\/wp-json\/wp\/v2\/pages\/1481","targetHints":{"allow":["GET"]}}],"collection":[{"href":"https:\/\/grupoandres.desarrolloundanet.com\/fr\/wp-json\/wp\/v2\/pages"}],"about":[{"href":"https:\/\/grupoandres.desarrolloundanet.com\/fr\/wp-json\/wp\/v2\/types\/page"}],"author":[{"embeddable":true,"href":"https:\/\/grupoandres.desarrolloundanet.com\/fr\/wp-json\/wp\/v2\/users\/1"}],"replies":[{"embeddable":true,"href":"https:\/\/grupoandres.desarrolloundanet.com\/fr\/wp-json\/wp\/v2\/comments?post=1481"}],"version-history":[{"count":8,"href":"https:\/\/grupoandres.desarrolloundanet.com\/fr\/wp-json\/wp\/v2\/pages\/1481\/revisions"}],"predecessor-version":[{"id":15966,"href":"https:\/\/grupoandres.desarrolloundanet.com\/fr\/wp-json\/wp\/v2\/pages\/1481\/revisions\/15966"}],"up":[{"embeddable":true,"href":"https:\/\/grupoandres.desarrolloundanet.com\/fr\/wp-json\/wp\/v2\/pages\/1249"}],"wp:attachment":[{"href":"https:\/\/grupoandres.desarrolloundanet.com\/fr\/wp-json\/wp\/v2\/media?parent=1481"}],"curies":[{"name":"wp","href":"https:\/\/api.w.org\/{rel}","templated":true}]}}