{"id":1456,"date":"2015-12-03T09:15:22","date_gmt":"2015-12-03T09:15:22","guid":{"rendered":"http:\/\/grupoandres.desarrolloundanet.com\/fr\/neumaticos\/michelin\/"},"modified":"2021-11-30T17:43:59","modified_gmt":"2021-11-30T16:43:59","slug":"michelin","status":"publish","type":"page","link":"https:\/\/grupoandres.desarrolloundanet.com\/fr\/pneus\/michelin\/","title":{"rendered":"Michelin"},"content":{"rendered":"<p>Quand un amateur en la mati\u00e8re pense \u00e0 une marque de pneus, il pense toujours aux\u00a0\u00a0\u00a0\u00a0\u00a0 pneus Michelin. Il s\u2019agit d\u2019une entreprise poss\u00e9dant <strong>plus de 125 ans d\u2019histoire, leader du secteur, <\/strong>pratiquement depuis sa fondation et qui ne l\u2019a jamais autant \u00e9t\u00e9 qu\u2019aujourd\u2019hui. Ses r\u00e9f\u00e9rences, presque illimit\u00e9es, sont adapt\u00e9es \u00e0 n\u2019importe quelles conditions m\u00e9t\u00e9orologiques, et les exigeants \u201call seasons\u201d et \u201cmud and snow\u201d en font partie.<\/p>\n<p>Le catalogue de pneus Michelin, l\u2019une des cinq marques Premium, pr\u00e9sentes sur le march\u00e9 est imbattable en tous points. Les mod\u00e8les <strong>Primacy 3 et Energy Saver + ou encore Pilot Sport 4<\/strong>, d\u2019authentiques best sellers du secteur des pneus lui appartiennent. Choisir cette marque est une garantie pour votre s\u00e9curit\u00e9 et celle de votre voiture.<\/p>\n","protected":false},"excerpt":{"rendered":"<p>Quand un amateur en la mati\u00e8re pense \u00e0 une marque de pneus, il pense toujours aux\u00a0\u00a0\u00a0\u00a0\u00a0 pneus Michelin. Il s\u2019agit d\u2019une entreprise poss\u00e9dant plus de 125 ans d\u2019histoire, leader du secteur, pratiquement depuis sa fondation et qui ne l\u2019a jamais autant \u00e9t\u00e9 qu\u2019aujourd\u2019hui. Ses r\u00e9f\u00e9rences, presque illimit\u00e9es, sont adapt\u00e9es \u00e0 n\u2019importe quelles conditions m\u00e9t\u00e9orologiques, et &hellip; <a href=\"https:\/\/grupoandres.desarrolloundanet.com\/fr\/pneus\/michelin\/\" class=\"more-link\">Continue reading <span class=\"screen-reader-text\">Michelin<\/span> <span class=\"meta-nav\">&rarr;<\/span><\/a><\/p>\n","protected":false},"author":1,"featured_media":0,"parent":1249,"menu_order":0,"comment_status":"closed","ping_status":"closed","template":"page-marcas.php","meta":{"_acf_changed":false,"footnotes":""},"class_list":["post-1456","page","type-page","status-publish","hentry"],"acf":[],"yoast_head":"<!-- This site is optimized with the Yoast SEO plugin v27.3 - https:\/\/yoast.com\/product\/yoast-seo-wordpress\/ -->\n<title>Pneus Michelin | Grupo Andr\u00e9s Neum\u00e1ticos<\/title>\n<meta name=\"description\" content=\"Distribution et vente en gros de pneus Minerva pour les garages et les professionnels d&#039;Espagne et d&#039;Europe. Grande vari\u00e9t\u00e9 de mod\u00e8les et de tailles.\u00a0Livraison en 24 H!\" \/>\n<meta name=\"robots\" content=\"index, follow, max-snippet:-1, max-image-preview:large, max-video-preview:-1\" \/>\n<link rel=\"canonical\" href=\"https:\/\/grupoandres.desarrolloundanet.com\/fr\/pneus\/michelin\/\" \/>\n<meta property=\"og:locale\" content=\"fr_FR\" \/>\n<meta property=\"og:type\" content=\"article\" \/>\n<meta property=\"og:title\" content=\"Pneus Michelin | Grupo Andr\u00e9s Neum\u00e1ticos\" \/>\n<meta property=\"og:description\" content=\"Distribution et vente en gros de pneus Minerva pour les garages et les professionnels d&#039;Espagne et d&#039;Europe. Grande vari\u00e9t\u00e9 de mod\u00e8les et de tailles.\u00a0Livraison en 24 H!\" \/>\n<meta property=\"og:url\" content=\"https:\/\/grupoandres.desarrolloundanet.com\/fr\/pneus\/michelin\/\" \/>\n<meta property=\"og:site_name\" content=\"Grupo Andr\u00e9s Tyres\" \/>\n<meta property=\"article:modified_time\" content=\"2021-11-30T16:43:59+00:00\" \/>\n<meta name=\"twitter:card\" content=\"summary_large_image\" \/>\n<meta name=\"twitter:label1\" content=\"Dur\u00e9e de lecture estim\u00e9e\" \/>\n\t<meta name=\"twitter:data1\" content=\"1 minute\" \/>\n<script type=\"application\/ld+json\" class=\"yoast-schema-graph\">{\"@context\":\"https:\\\/\\\/schema.org\",\"@graph\":[{\"@type\":\"WebPage\",\"@id\":\"https:\\\/\\\/grupoandres.desarrolloundanet.com\\\/fr\\\/pneus\\\/michelin\\\/\",\"url\":\"https:\\\/\\\/grupoandres.desarrolloundanet.com\\\/fr\\\/pneus\\\/michelin\\\/\",\"name\":\"Pneus Michelin | Grupo Andr\u00e9s Neum\u00e1ticos\",\"isPartOf\":{\"@id\":\"https:\\\/\\\/grupoandres.desarrolloundanet.com\\\/#website\"},\"datePublished\":\"2015-12-03T09:15:22+00:00\",\"dateModified\":\"2021-11-30T16:43:59+00:00\",\"description\":\"Distribution et vente en gros de pneus Minerva pour les garages et les professionnels d'Espagne et d'Europe. Grande vari\u00e9t\u00e9 de mod\u00e8les et de tailles.\u00a0Livraison en 24 H!\",\"breadcrumb\":{\"@id\":\"https:\\\/\\\/grupoandres.desarrolloundanet.com\\\/fr\\\/pneus\\\/michelin\\\/#breadcrumb\"},\"inLanguage\":\"fr-FR\",\"potentialAction\":[{\"@type\":\"ReadAction\",\"target\":[\"https:\\\/\\\/grupoandres.desarrolloundanet.com\\\/fr\\\/pneus\\\/michelin\\\/\"]}]},{\"@type\":\"BreadcrumbList\",\"@id\":\"https:\\\/\\\/grupoandres.desarrolloundanet.com\\\/fr\\\/pneus\\\/michelin\\\/#breadcrumb\",\"itemListElement\":[{\"@type\":\"ListItem\",\"position\":1,\"name\":\"Portada\",\"item\":\"https:\\\/\\\/grupoandres.desarrolloundanet.com\\\/fr\\\/\"},{\"@type\":\"ListItem\",\"position\":2,\"name\":\"Pneus\",\"item\":\"https:\\\/\\\/grupoandres.desarrolloundanet.com\\\/fr\\\/pneus\\\/\"},{\"@type\":\"ListItem\",\"position\":3,\"name\":\"Michelin\"}]},{\"@type\":\"WebSite\",\"@id\":\"https:\\\/\\\/grupoandres.desarrolloundanet.com\\\/#website\",\"url\":\"https:\\\/\\\/grupoandres.desarrolloundanet.com\\\/\",\"name\":\"Grupo Andr\u00e9s Tyres\",\"description\":\"Tyres distributor  for workshops and proffesional.Stock 500,000 tires  of  70 brands. Exclusive distributors of brands as Nankang , Matador, General Tire and more.\",\"potentialAction\":[{\"@type\":\"SearchAction\",\"target\":{\"@type\":\"EntryPoint\",\"urlTemplate\":\"https:\\\/\\\/grupoandres.desarrolloundanet.com\\\/?s={search_term_string}\"},\"query-input\":{\"@type\":\"PropertyValueSpecification\",\"valueRequired\":true,\"valueName\":\"search_term_string\"}}],\"inLanguage\":\"fr-FR\"}]}<\/script>\n<!-- \/ Yoast SEO plugin. -->","yoast_head_json":{"title":"Pneus Michelin | Grupo Andr\u00e9s Neum\u00e1ticos","description":"Distribution et vente en gros de pneus Minerva pour les garages et les professionnels d'Espagne et d'Europe. Grande vari\u00e9t\u00e9 de mod\u00e8les et de tailles.\u00a0Livraison en 24 H!","robots":{"index":"index","follow":"follow","max-snippet":"max-snippet:-1","max-image-preview":"max-image-preview:large","max-video-preview":"max-video-preview:-1"},"canonical":"https:\/\/grupoandres.desarrolloundanet.com\/fr\/pneus\/michelin\/","og_locale":"fr_FR","og_type":"article","og_title":"Pneus Michelin | Grupo Andr\u00e9s Neum\u00e1ticos","og_description":"Distribution et vente en gros de pneus Minerva pour les garages et les professionnels d'Espagne et d'Europe. Grande vari\u00e9t\u00e9 de mod\u00e8les et de tailles.\u00a0Livraison en 24 H!","og_url":"https:\/\/grupoandres.desarrolloundanet.com\/fr\/pneus\/michelin\/","og_site_name":"Grupo Andr\u00e9s Tyres","article_modified_time":"2021-11-30T16:43:59+00:00","twitter_card":"summary_large_image","twitter_misc":{"Dur\u00e9e de lecture estim\u00e9e":"1 minute"},"schema":{"@context":"https:\/\/schema.org","@graph":[{"@type":"WebPage","@id":"https:\/\/grupoandres.desarrolloundanet.com\/fr\/pneus\/michelin\/","url":"https:\/\/grupoandres.desarrolloundanet.com\/fr\/pneus\/michelin\/","name":"Pneus Michelin | Grupo Andr\u00e9s Neum\u00e1ticos","isPartOf":{"@id":"https:\/\/grupoandres.desarrolloundanet.com\/#website"},"datePublished":"2015-12-03T09:15:22+00:00","dateModified":"2021-11-30T16:43:59+00:00","description":"Distribution et vente en gros de pneus Minerva pour les garages et les professionnels d'Espagne et d'Europe. Grande vari\u00e9t\u00e9 de mod\u00e8les et de tailles.\u00a0Livraison en 24 H!","breadcrumb":{"@id":"https:\/\/grupoandres.desarrolloundanet.com\/fr\/pneus\/michelin\/#breadcrumb"},"inLanguage":"fr-FR","potentialAction":[{"@type":"ReadAction","target":["https:\/\/grupoandres.desarrolloundanet.com\/fr\/pneus\/michelin\/"]}]},{"@type":"BreadcrumbList","@id":"https:\/\/grupoandres.desarrolloundanet.com\/fr\/pneus\/michelin\/#breadcrumb","itemListElement":[{"@type":"ListItem","position":1,"name":"Portada","item":"https:\/\/grupoandres.desarrolloundanet.com\/fr\/"},{"@type":"ListItem","position":2,"name":"Pneus","item":"https:\/\/grupoandres.desarrolloundanet.com\/fr\/pneus\/"},{"@type":"ListItem","position":3,"name":"Michelin"}]},{"@type":"WebSite","@id":"https:\/\/grupoandres.desarrolloundanet.com\/#website","url":"https:\/\/grupoandres.desarrolloundanet.com\/","name":"Grupo Andr\u00e9s Tyres","description":"Tyres distributor  for workshops and proffesional.Stock 500,000 tires  of  70 brands. Exclusive distributors of brands as Nankang , Matador, General Tire and more.","potentialAction":[{"@type":"SearchAction","target":{"@type":"EntryPoint","urlTemplate":"https:\/\/grupoandres.desarrolloundanet.com\/?s={search_term_string}"},"query-input":{"@type":"PropertyValueSpecification","valueRequired":true,"valueName":"search_term_string"}}],"inLanguage":"fr-FR"}]}},"_links":{"self":[{"href":"https:\/\/grupoandres.desarrolloundanet.com\/fr\/wp-json\/wp\/v2\/pages\/1456","targetHints":{"allow":["GET"]}}],"collection":[{"href":"https:\/\/grupoandres.desarrolloundanet.com\/fr\/wp-json\/wp\/v2\/pages"}],"about":[{"href":"https:\/\/grupoandres.desarrolloundanet.com\/fr\/wp-json\/wp\/v2\/types\/page"}],"author":[{"embeddable":true,"href":"https:\/\/grupoandres.desarrolloundanet.com\/fr\/wp-json\/wp\/v2\/users\/1"}],"replies":[{"embeddable":true,"href":"https:\/\/grupoandres.desarrolloundanet.com\/fr\/wp-json\/wp\/v2\/comments?post=1456"}],"version-history":[{"count":6,"href":"https:\/\/grupoandres.desarrolloundanet.com\/fr\/wp-json\/wp\/v2\/pages\/1456\/revisions"}],"predecessor-version":[{"id":15962,"href":"https:\/\/grupoandres.desarrolloundanet.com\/fr\/wp-json\/wp\/v2\/pages\/1456\/revisions\/15962"}],"up":[{"embeddable":true,"href":"https:\/\/grupoandres.desarrolloundanet.com\/fr\/wp-json\/wp\/v2\/pages\/1249"}],"wp:attachment":[{"href":"https:\/\/grupoandres.desarrolloundanet.com\/fr\/wp-json\/wp\/v2\/media?parent=1456"}],"curies":[{"name":"wp","href":"https:\/\/api.w.org\/{rel}","templated":true}]}}