{"id":1400,"date":"2016-05-17T08:35:37","date_gmt":"2016-05-17T08:35:37","guid":{"rendered":"http:\/\/grupoandres.desarrolloundanet.com\/fr\/neumaticos\/industrial\/"},"modified":"2021-12-01T09:33:51","modified_gmt":"2021-12-01T08:33:51","slug":"industriels","status":"publish","type":"page","link":"https:\/\/grupoandres.desarrolloundanet.com\/fr\/pneus\/industriels\/","title":{"rendered":"Industriels"},"content":{"rendered":"<p>Dans cette cat\u00e9gorie de pneus pour v\u00e9hicules industriels, chez Grupo Andr\u00e9s, on trouve <strong>des chariots \u00e9l\u00e9vateurs <\/strong>jusqu\u2019aux grandes machines agricoles pour travailler la terre, comme les <strong>tombereaux, les grandes pelleteuses ou m\u00eame des pneus pour application portuaire.<\/strong><\/p>\n<p>Grupo Andr\u00e9s poss\u00e8de une gamme de produits large et comp\u00e9titive de <strong>pneus industriels<\/strong>, de nos marques exclusives pour la p\u00e9ninsule, comme <strong>Triangle ou Deestone <\/strong>ainsi qu\u2019une gamme tr\u00e8s compl\u00e8te de marques Premium sur diff\u00e9rents segments ; dans cette derni\u00e8re, il convient de souligner la gamme de manutention tr\u00e8s fournie de Continental, les pneus de g\u00e9nie civil de Dunlop et de Bridgestone.<\/p>\n<p>En ce qui concerne les marques Budget, Grupo Andr\u00e9s distribue une autre s\u00e9rie de marques qui viennent compl\u00e9ter l\u2019offre de ses marques exclusives : Triangle et Deestone.<\/p>\n","protected":false},"excerpt":{"rendered":"<p>Dans cette cat\u00e9gorie de pneus pour v\u00e9hicules industriels, chez Grupo Andr\u00e9s, on trouve des chariots \u00e9l\u00e9vateurs jusqu\u2019aux grandes machines agricoles pour travailler la terre, comme les tombereaux, les grandes pelleteuses ou m\u00eame des pneus pour application portuaire. Grupo Andr\u00e9s poss\u00e8de une gamme de produits large et comp\u00e9titive de pneus industriels, de nos marques exclusives pour &hellip; <a href=\"https:\/\/grupoandres.desarrolloundanet.com\/fr\/pneus\/industriels\/\" class=\"more-link\">Continue reading <span class=\"screen-reader-text\">Industriels<\/span> <span class=\"meta-nav\">&rarr;<\/span><\/a><\/p>\n","protected":false},"author":1,"featured_media":0,"parent":1249,"menu_order":0,"comment_status":"closed","ping_status":"closed","template":"page-neumaticos.php","meta":{"_acf_changed":false,"footnotes":""},"class_list":["post-1400","page","type-page","status-publish","hentry"],"acf":[],"yoast_head":"<!-- This site is optimized with the Yoast SEO plugin v27.3 - https:\/\/yoast.com\/product\/yoast-seo-wordpress\/ -->\n<title>Industriels - Grupo Andr\u00e9s Tyres<\/title>\n<meta name=\"robots\" content=\"index, follow, max-snippet:-1, max-image-preview:large, max-video-preview:-1\" \/>\n<link rel=\"canonical\" href=\"https:\/\/grupoandres.desarrolloundanet.com\/fr\/pneus\/industriels\/\" \/>\n<meta property=\"og:locale\" content=\"fr_FR\" \/>\n<meta property=\"og:type\" content=\"article\" \/>\n<meta property=\"og:title\" content=\"Industriels - Grupo Andr\u00e9s Tyres\" \/>\n<meta property=\"og:description\" content=\"Dans cette cat\u00e9gorie de pneus pour v\u00e9hicules industriels, chez Grupo Andr\u00e9s, on trouve des chariots \u00e9l\u00e9vateurs jusqu\u2019aux grandes machines agricoles pour travailler la terre, comme les tombereaux, les grandes pelleteuses ou m\u00eame des pneus pour application portuaire. Grupo Andr\u00e9s poss\u00e8de une gamme de produits large et comp\u00e9titive de pneus industriels, de nos marques exclusives pour &hellip; Continue reading Industriels &rarr;\" \/>\n<meta property=\"og:url\" content=\"https:\/\/grupoandres.desarrolloundanet.com\/fr\/pneus\/industriels\/\" \/>\n<meta property=\"og:site_name\" content=\"Grupo Andr\u00e9s Tyres\" \/>\n<meta property=\"article:modified_time\" content=\"2021-12-01T08:33:51+00:00\" \/>\n<meta name=\"twitter:card\" content=\"summary_large_image\" \/>\n<meta name=\"twitter:label1\" content=\"Dur\u00e9e de lecture estim\u00e9e\" \/>\n\t<meta name=\"twitter:data1\" content=\"1 minute\" \/>\n<script type=\"application\/ld+json\" class=\"yoast-schema-graph\">{\"@context\":\"https:\\\/\\\/schema.org\",\"@graph\":[{\"@type\":\"WebPage\",\"@id\":\"https:\\\/\\\/grupoandres.desarrolloundanet.com\\\/fr\\\/pneus\\\/industriels\\\/\",\"url\":\"https:\\\/\\\/grupoandres.desarrolloundanet.com\\\/fr\\\/pneus\\\/industriels\\\/\",\"name\":\"Industriels - Grupo Andr\u00e9s Tyres\",\"isPartOf\":{\"@id\":\"https:\\\/\\\/grupoandres.desarrolloundanet.com\\\/#website\"},\"datePublished\":\"2016-05-17T08:35:37+00:00\",\"dateModified\":\"2021-12-01T08:33:51+00:00\",\"breadcrumb\":{\"@id\":\"https:\\\/\\\/grupoandres.desarrolloundanet.com\\\/fr\\\/pneus\\\/industriels\\\/#breadcrumb\"},\"inLanguage\":\"fr-FR\",\"potentialAction\":[{\"@type\":\"ReadAction\",\"target\":[\"https:\\\/\\\/grupoandres.desarrolloundanet.com\\\/fr\\\/pneus\\\/industriels\\\/\"]}]},{\"@type\":\"BreadcrumbList\",\"@id\":\"https:\\\/\\\/grupoandres.desarrolloundanet.com\\\/fr\\\/pneus\\\/industriels\\\/#breadcrumb\",\"itemListElement\":[{\"@type\":\"ListItem\",\"position\":1,\"name\":\"Portada\",\"item\":\"https:\\\/\\\/grupoandres.desarrolloundanet.com\\\/fr\\\/\"},{\"@type\":\"ListItem\",\"position\":2,\"name\":\"Pneus\",\"item\":\"https:\\\/\\\/grupoandres.desarrolloundanet.com\\\/fr\\\/pneus\\\/\"},{\"@type\":\"ListItem\",\"position\":3,\"name\":\"Industriels\"}]},{\"@type\":\"WebSite\",\"@id\":\"https:\\\/\\\/grupoandres.desarrolloundanet.com\\\/#website\",\"url\":\"https:\\\/\\\/grupoandres.desarrolloundanet.com\\\/\",\"name\":\"Grupo Andr\u00e9s Tyres\",\"description\":\"Tyres distributor  for workshops and proffesional.Stock 500,000 tires  of  70 brands. Exclusive distributors of brands as Nankang , Matador, General Tire and more.\",\"potentialAction\":[{\"@type\":\"SearchAction\",\"target\":{\"@type\":\"EntryPoint\",\"urlTemplate\":\"https:\\\/\\\/grupoandres.desarrolloundanet.com\\\/?s={search_term_string}\"},\"query-input\":{\"@type\":\"PropertyValueSpecification\",\"valueRequired\":true,\"valueName\":\"search_term_string\"}}],\"inLanguage\":\"fr-FR\"}]}<\/script>\n<!-- \/ Yoast SEO plugin. -->","yoast_head_json":{"title":"Industriels - Grupo Andr\u00e9s Tyres","robots":{"index":"index","follow":"follow","max-snippet":"max-snippet:-1","max-image-preview":"max-image-preview:large","max-video-preview":"max-video-preview:-1"},"canonical":"https:\/\/grupoandres.desarrolloundanet.com\/fr\/pneus\/industriels\/","og_locale":"fr_FR","og_type":"article","og_title":"Industriels - Grupo Andr\u00e9s Tyres","og_description":"Dans cette cat\u00e9gorie de pneus pour v\u00e9hicules industriels, chez Grupo Andr\u00e9s, on trouve des chariots \u00e9l\u00e9vateurs jusqu\u2019aux grandes machines agricoles pour travailler la terre, comme les tombereaux, les grandes pelleteuses ou m\u00eame des pneus pour application portuaire. Grupo Andr\u00e9s poss\u00e8de une gamme de produits large et comp\u00e9titive de pneus industriels, de nos marques exclusives pour &hellip; Continue reading Industriels &rarr;","og_url":"https:\/\/grupoandres.desarrolloundanet.com\/fr\/pneus\/industriels\/","og_site_name":"Grupo Andr\u00e9s Tyres","article_modified_time":"2021-12-01T08:33:51+00:00","twitter_card":"summary_large_image","twitter_misc":{"Dur\u00e9e de lecture estim\u00e9e":"1 minute"},"schema":{"@context":"https:\/\/schema.org","@graph":[{"@type":"WebPage","@id":"https:\/\/grupoandres.desarrolloundanet.com\/fr\/pneus\/industriels\/","url":"https:\/\/grupoandres.desarrolloundanet.com\/fr\/pneus\/industriels\/","name":"Industriels - Grupo Andr\u00e9s Tyres","isPartOf":{"@id":"https:\/\/grupoandres.desarrolloundanet.com\/#website"},"datePublished":"2016-05-17T08:35:37+00:00","dateModified":"2021-12-01T08:33:51+00:00","breadcrumb":{"@id":"https:\/\/grupoandres.desarrolloundanet.com\/fr\/pneus\/industriels\/#breadcrumb"},"inLanguage":"fr-FR","potentialAction":[{"@type":"ReadAction","target":["https:\/\/grupoandres.desarrolloundanet.com\/fr\/pneus\/industriels\/"]}]},{"@type":"BreadcrumbList","@id":"https:\/\/grupoandres.desarrolloundanet.com\/fr\/pneus\/industriels\/#breadcrumb","itemListElement":[{"@type":"ListItem","position":1,"name":"Portada","item":"https:\/\/grupoandres.desarrolloundanet.com\/fr\/"},{"@type":"ListItem","position":2,"name":"Pneus","item":"https:\/\/grupoandres.desarrolloundanet.com\/fr\/pneus\/"},{"@type":"ListItem","position":3,"name":"Industriels"}]},{"@type":"WebSite","@id":"https:\/\/grupoandres.desarrolloundanet.com\/#website","url":"https:\/\/grupoandres.desarrolloundanet.com\/","name":"Grupo Andr\u00e9s Tyres","description":"Tyres distributor  for workshops and proffesional.Stock 500,000 tires  of  70 brands. Exclusive distributors of brands as Nankang , Matador, General Tire and more.","potentialAction":[{"@type":"SearchAction","target":{"@type":"EntryPoint","urlTemplate":"https:\/\/grupoandres.desarrolloundanet.com\/?s={search_term_string}"},"query-input":{"@type":"PropertyValueSpecification","valueRequired":true,"valueName":"search_term_string"}}],"inLanguage":"fr-FR"}]}},"_links":{"self":[{"href":"https:\/\/grupoandres.desarrolloundanet.com\/fr\/wp-json\/wp\/v2\/pages\/1400","targetHints":{"allow":["GET"]}}],"collection":[{"href":"https:\/\/grupoandres.desarrolloundanet.com\/fr\/wp-json\/wp\/v2\/pages"}],"about":[{"href":"https:\/\/grupoandres.desarrolloundanet.com\/fr\/wp-json\/wp\/v2\/types\/page"}],"author":[{"embeddable":true,"href":"https:\/\/grupoandres.desarrolloundanet.com\/fr\/wp-json\/wp\/v2\/users\/1"}],"replies":[{"embeddable":true,"href":"https:\/\/grupoandres.desarrolloundanet.com\/fr\/wp-json\/wp\/v2\/comments?post=1400"}],"version-history":[{"count":9,"href":"https:\/\/grupoandres.desarrolloundanet.com\/fr\/wp-json\/wp\/v2\/pages\/1400\/revisions"}],"predecessor-version":[{"id":16028,"href":"https:\/\/grupoandres.desarrolloundanet.com\/fr\/wp-json\/wp\/v2\/pages\/1400\/revisions\/16028"}],"up":[{"embeddable":true,"href":"https:\/\/grupoandres.desarrolloundanet.com\/fr\/wp-json\/wp\/v2\/pages\/1249"}],"wp:attachment":[{"href":"https:\/\/grupoandres.desarrolloundanet.com\/fr\/wp-json\/wp\/v2\/media?parent=1400"}],"curies":[{"name":"wp","href":"https:\/\/api.w.org\/{rel}","templated":true}]}}