{"id":1396,"date":"2015-12-03T09:15:10","date_gmt":"2015-12-03T09:15:10","guid":{"rendered":"http:\/\/grupoandres.desarrolloundanet.com\/fr\/neumaticos\/goodyear\/"},"modified":"2021-11-08T13:45:34","modified_gmt":"2021-11-08T12:45:34","slug":"goodyear","status":"publish","type":"page","link":"https:\/\/grupoandres.desarrolloundanet.com\/fr\/pneus\/goodyear\/","title":{"rendered":"Goodyear"},"content":{"rendered":"<p>L\u2019exigeant programme de tests par lequel passent tous les pneus qui se fabriquent dans les usines Goodyear, font de la marque am\u00e9ricaine l\u2019une des cinq Premium du march\u00e9, en toute justice.<\/p>\n<p>Sa priorit\u00e9 est de <strong>donner le maximum \u00e0 chaque kilom\u00e8tre <\/strong>et pour y parvenir, les pneus Goo- dyear incorporent un grand nombre de technologies innovantes qui conf\u00e8rent long\u00e9vit\u00e9 au pneu et am\u00e9liorent l\u2019exp\u00e9rience des conducteurs les plus exigeants.<\/p>\n<p>&nbsp;<\/p>\n<p>Sur certains mod\u00e8les de pneus Goodyear on trouve l\u2019option ROF <strong>\u201cRun on flat\u201d<\/strong>, qui permet au pneu de pouvoir rouler encore 80 km \u00e0 80km\/h en cas de crevaison, avant de devoir le chan- ger. Le mod\u00e8le Efficientgrip se situe en haut du podium des pneus les plus fiables de la marque Goodyear, qu\u2019il s\u2019agisse de la version Performance, Compact ou F1 Assymetric 3 et les place au rang de meilleures ventes, au niveau mondial.<\/p>\n","protected":false},"excerpt":{"rendered":"<p>L\u2019exigeant programme de tests par lequel passent tous les pneus qui se fabriquent dans les usines Goodyear, font de la marque am\u00e9ricaine l\u2019une des cinq Premium du march\u00e9, en toute justice. Sa priorit\u00e9 est de donner le maximum \u00e0 chaque kilom\u00e8tre et pour y parvenir, les pneus Goo- dyear incorporent un grand nombre de technologies &hellip; <a href=\"https:\/\/grupoandres.desarrolloundanet.com\/fr\/pneus\/goodyear\/\" class=\"more-link\">Continue reading <span class=\"screen-reader-text\">Goodyear<\/span> <span class=\"meta-nav\">&rarr;<\/span><\/a><\/p>\n","protected":false},"author":1,"featured_media":0,"parent":1249,"menu_order":0,"comment_status":"closed","ping_status":"closed","template":"page-marcas.php","meta":{"_acf_changed":false,"footnotes":""},"class_list":["post-1396","page","type-page","status-publish","hentry"],"acf":[],"yoast_head":"<!-- This site is optimized with the Yoast SEO plugin v27.3 - https:\/\/yoast.com\/product\/yoast-seo-wordpress\/ -->\n<title>Pneus Goodyear | Grupo Andr\u00e9s Neum\u00e1ticos<\/title>\n<meta name=\"description\" content=\"Distribution et vente en gros de pneus Goodyear pour les garages et les professionnels d&#039;Espagne et d&#039;Europe. Grande vari\u00e9t\u00e9 de mod\u00e8les. Livraison en 24H !\" \/>\n<meta name=\"robots\" content=\"index, follow, max-snippet:-1, max-image-preview:large, max-video-preview:-1\" \/>\n<link rel=\"canonical\" href=\"https:\/\/grupoandres.desarrolloundanet.com\/fr\/pneus\/goodyear\/\" \/>\n<meta property=\"og:locale\" content=\"fr_FR\" \/>\n<meta property=\"og:type\" content=\"article\" \/>\n<meta property=\"og:title\" content=\"Pneus Goodyear | Grupo Andr\u00e9s Neum\u00e1ticos\" \/>\n<meta property=\"og:description\" content=\"Distribution et vente en gros de pneus Goodyear pour les garages et les professionnels d&#039;Espagne et d&#039;Europe. Grande vari\u00e9t\u00e9 de mod\u00e8les. Livraison en 24H !\" \/>\n<meta property=\"og:url\" content=\"https:\/\/grupoandres.desarrolloundanet.com\/fr\/pneus\/goodyear\/\" \/>\n<meta property=\"og:site_name\" content=\"Grupo Andr\u00e9s Tyres\" \/>\n<meta property=\"article:modified_time\" content=\"2021-11-08T12:45:34+00:00\" \/>\n<meta name=\"twitter:card\" content=\"summary_large_image\" \/>\n<meta name=\"twitter:label1\" content=\"Dur\u00e9e de lecture estim\u00e9e\" \/>\n\t<meta name=\"twitter:data1\" content=\"1 minute\" \/>\n<script type=\"application\/ld+json\" class=\"yoast-schema-graph\">{\"@context\":\"https:\\\/\\\/schema.org\",\"@graph\":[{\"@type\":\"WebPage\",\"@id\":\"https:\\\/\\\/grupoandres.desarrolloundanet.com\\\/fr\\\/pneus\\\/goodyear\\\/\",\"url\":\"https:\\\/\\\/grupoandres.desarrolloundanet.com\\\/fr\\\/pneus\\\/goodyear\\\/\",\"name\":\"Pneus Goodyear | Grupo Andr\u00e9s Neum\u00e1ticos\",\"isPartOf\":{\"@id\":\"https:\\\/\\\/grupoandres.desarrolloundanet.com\\\/#website\"},\"datePublished\":\"2015-12-03T09:15:10+00:00\",\"dateModified\":\"2021-11-08T12:45:34+00:00\",\"description\":\"Distribution et vente en gros de pneus Goodyear pour les garages et les professionnels d'Espagne et d'Europe. Grande vari\u00e9t\u00e9 de mod\u00e8les. Livraison en 24H !\",\"breadcrumb\":{\"@id\":\"https:\\\/\\\/grupoandres.desarrolloundanet.com\\\/fr\\\/pneus\\\/goodyear\\\/#breadcrumb\"},\"inLanguage\":\"fr-FR\",\"potentialAction\":[{\"@type\":\"ReadAction\",\"target\":[\"https:\\\/\\\/grupoandres.desarrolloundanet.com\\\/fr\\\/pneus\\\/goodyear\\\/\"]}]},{\"@type\":\"BreadcrumbList\",\"@id\":\"https:\\\/\\\/grupoandres.desarrolloundanet.com\\\/fr\\\/pneus\\\/goodyear\\\/#breadcrumb\",\"itemListElement\":[{\"@type\":\"ListItem\",\"position\":1,\"name\":\"Portada\",\"item\":\"https:\\\/\\\/grupoandres.desarrolloundanet.com\\\/fr\\\/\"},{\"@type\":\"ListItem\",\"position\":2,\"name\":\"Pneus\",\"item\":\"https:\\\/\\\/grupoandres.desarrolloundanet.com\\\/fr\\\/pneus\\\/\"},{\"@type\":\"ListItem\",\"position\":3,\"name\":\"Goodyear\"}]},{\"@type\":\"WebSite\",\"@id\":\"https:\\\/\\\/grupoandres.desarrolloundanet.com\\\/#website\",\"url\":\"https:\\\/\\\/grupoandres.desarrolloundanet.com\\\/\",\"name\":\"Grupo Andr\u00e9s Tyres\",\"description\":\"Tyres distributor  for workshops and proffesional.Stock 500,000 tires  of  70 brands. Exclusive distributors of brands as Nankang , Matador, General Tire and more.\",\"potentialAction\":[{\"@type\":\"SearchAction\",\"target\":{\"@type\":\"EntryPoint\",\"urlTemplate\":\"https:\\\/\\\/grupoandres.desarrolloundanet.com\\\/?s={search_term_string}\"},\"query-input\":{\"@type\":\"PropertyValueSpecification\",\"valueRequired\":true,\"valueName\":\"search_term_string\"}}],\"inLanguage\":\"fr-FR\"}]}<\/script>\n<!-- \/ Yoast SEO plugin. -->","yoast_head_json":{"title":"Pneus Goodyear | Grupo Andr\u00e9s Neum\u00e1ticos","description":"Distribution et vente en gros de pneus Goodyear pour les garages et les professionnels d'Espagne et d'Europe. Grande vari\u00e9t\u00e9 de mod\u00e8les. Livraison en 24H !","robots":{"index":"index","follow":"follow","max-snippet":"max-snippet:-1","max-image-preview":"max-image-preview:large","max-video-preview":"max-video-preview:-1"},"canonical":"https:\/\/grupoandres.desarrolloundanet.com\/fr\/pneus\/goodyear\/","og_locale":"fr_FR","og_type":"article","og_title":"Pneus Goodyear | Grupo Andr\u00e9s Neum\u00e1ticos","og_description":"Distribution et vente en gros de pneus Goodyear pour les garages et les professionnels d'Espagne et d'Europe. Grande vari\u00e9t\u00e9 de mod\u00e8les. Livraison en 24H !","og_url":"https:\/\/grupoandres.desarrolloundanet.com\/fr\/pneus\/goodyear\/","og_site_name":"Grupo Andr\u00e9s Tyres","article_modified_time":"2021-11-08T12:45:34+00:00","twitter_card":"summary_large_image","twitter_misc":{"Dur\u00e9e de lecture estim\u00e9e":"1 minute"},"schema":{"@context":"https:\/\/schema.org","@graph":[{"@type":"WebPage","@id":"https:\/\/grupoandres.desarrolloundanet.com\/fr\/pneus\/goodyear\/","url":"https:\/\/grupoandres.desarrolloundanet.com\/fr\/pneus\/goodyear\/","name":"Pneus Goodyear | Grupo Andr\u00e9s Neum\u00e1ticos","isPartOf":{"@id":"https:\/\/grupoandres.desarrolloundanet.com\/#website"},"datePublished":"2015-12-03T09:15:10+00:00","dateModified":"2021-11-08T12:45:34+00:00","description":"Distribution et vente en gros de pneus Goodyear pour les garages et les professionnels d'Espagne et d'Europe. Grande vari\u00e9t\u00e9 de mod\u00e8les. Livraison en 24H !","breadcrumb":{"@id":"https:\/\/grupoandres.desarrolloundanet.com\/fr\/pneus\/goodyear\/#breadcrumb"},"inLanguage":"fr-FR","potentialAction":[{"@type":"ReadAction","target":["https:\/\/grupoandres.desarrolloundanet.com\/fr\/pneus\/goodyear\/"]}]},{"@type":"BreadcrumbList","@id":"https:\/\/grupoandres.desarrolloundanet.com\/fr\/pneus\/goodyear\/#breadcrumb","itemListElement":[{"@type":"ListItem","position":1,"name":"Portada","item":"https:\/\/grupoandres.desarrolloundanet.com\/fr\/"},{"@type":"ListItem","position":2,"name":"Pneus","item":"https:\/\/grupoandres.desarrolloundanet.com\/fr\/pneus\/"},{"@type":"ListItem","position":3,"name":"Goodyear"}]},{"@type":"WebSite","@id":"https:\/\/grupoandres.desarrolloundanet.com\/#website","url":"https:\/\/grupoandres.desarrolloundanet.com\/","name":"Grupo Andr\u00e9s Tyres","description":"Tyres distributor  for workshops and proffesional.Stock 500,000 tires  of  70 brands. Exclusive distributors of brands as Nankang , Matador, General Tire and more.","potentialAction":[{"@type":"SearchAction","target":{"@type":"EntryPoint","urlTemplate":"https:\/\/grupoandres.desarrolloundanet.com\/?s={search_term_string}"},"query-input":{"@type":"PropertyValueSpecification","valueRequired":true,"valueName":"search_term_string"}}],"inLanguage":"fr-FR"}]}},"_links":{"self":[{"href":"https:\/\/grupoandres.desarrolloundanet.com\/fr\/wp-json\/wp\/v2\/pages\/1396","targetHints":{"allow":["GET"]}}],"collection":[{"href":"https:\/\/grupoandres.desarrolloundanet.com\/fr\/wp-json\/wp\/v2\/pages"}],"about":[{"href":"https:\/\/grupoandres.desarrolloundanet.com\/fr\/wp-json\/wp\/v2\/types\/page"}],"author":[{"embeddable":true,"href":"https:\/\/grupoandres.desarrolloundanet.com\/fr\/wp-json\/wp\/v2\/users\/1"}],"replies":[{"embeddable":true,"href":"https:\/\/grupoandres.desarrolloundanet.com\/fr\/wp-json\/wp\/v2\/comments?post=1396"}],"version-history":[{"count":7,"href":"https:\/\/grupoandres.desarrolloundanet.com\/fr\/wp-json\/wp\/v2\/pages\/1396\/revisions"}],"predecessor-version":[{"id":14119,"href":"https:\/\/grupoandres.desarrolloundanet.com\/fr\/wp-json\/wp\/v2\/pages\/1396\/revisions\/14119"}],"up":[{"embeddable":true,"href":"https:\/\/grupoandres.desarrolloundanet.com\/fr\/wp-json\/wp\/v2\/pages\/1249"}],"wp:attachment":[{"href":"https:\/\/grupoandres.desarrolloundanet.com\/fr\/wp-json\/wp\/v2\/media?parent=1396"}],"curies":[{"name":"wp","href":"https:\/\/api.w.org\/{rel}","templated":true}]}}