{"id":1377,"date":"2015-12-03T09:10:45","date_gmt":"2015-12-03T09:10:45","guid":{"rendered":"http:\/\/grupoandres.desarrolloundanet.com\/fr\/neumaticos\/furgoneta\/"},"modified":"2024-01-24T12:26:06","modified_gmt":"2024-01-24T11:26:06","slug":"camionnettes","status":"publish","type":"page","link":"https:\/\/grupoandres.desarrolloundanet.com\/fr\/pneus\/camionnettes\/","title":{"rendered":"Camionnettes"},"content":{"rendered":"<p>L\u2019industrie automobile est repr\u00e9sent\u00e9e non seulement par les camions mais aussi par les ca- mionnettes de tailles et puissances tr\u00e8s vari\u00e9es, qui disposent d\u2019une tr\u00e8s large gamme de pneus, con\u00e7us sp\u00e9cialement pour elles. Toutes les marques de pneus du monde poss\u00e8dent une section sp\u00e9cifiquement destin\u00e9e aux v\u00e9hicules commerciaux, qui occupe un poste important dans la section de <strong>d\u00e9veloppement et innovation <\/strong>de chaque entreprise.<\/p>\n<p><strong>La robustesse et la r\u00e9sistance pour supporter de lourdes charges <\/strong>sont deux \u00e9l\u00e9ments fon- damentaux pour les pneus de camionnettes, mais cela doit \u00eatre combin\u00e9 \u00e0 la plus grande s\u00e9- curit\u00e9 possible en mati\u00e8re de tenue de route aussi bien sur sol sec que sur sol mouill\u00e9 et leur dessin doit permettre d\u2019\u00e9viter les situations d\u2019aquaplaning. La long\u00e9vit\u00e9 de ces pneus pour camionnettes est donc une des caract\u00e9ristiques basiques des pneus utilis\u00e9s dans l\u2019industrie automobile.<\/p>\n","protected":false},"excerpt":{"rendered":"<p>L\u2019industrie automobile est repr\u00e9sent\u00e9e non seulement par les camions mais aussi par les ca- mionnettes de tailles et puissances tr\u00e8s vari\u00e9es, qui disposent d\u2019une tr\u00e8s large gamme de pneus, con\u00e7us sp\u00e9cialement pour elles. Toutes les marques de pneus du monde poss\u00e8dent une section sp\u00e9cifiquement destin\u00e9e aux v\u00e9hicules commerciaux, qui occupe un poste important dans la &hellip; <a href=\"https:\/\/grupoandres.desarrolloundanet.com\/fr\/pneus\/camionnettes\/\" class=\"more-link\">Continue reading <span class=\"screen-reader-text\">Camionnettes<\/span> <span class=\"meta-nav\">&rarr;<\/span><\/a><\/p>\n","protected":false},"author":1,"featured_media":0,"parent":1249,"menu_order":0,"comment_status":"closed","ping_status":"closed","template":"page-neumaticos.php","meta":{"_acf_changed":false,"footnotes":""},"class_list":["post-1377","page","type-page","status-publish","hentry"],"acf":[],"yoast_head":"<!-- This site is optimized with the Yoast SEO plugin v27.3 - https:\/\/yoast.com\/product\/yoast-seo-wordpress\/ -->\n<title>Pneus pour Camionnette | Grupo Andr\u00e9s Neum\u00e1ticos<\/title>\n<meta name=\"description\" content=\"Distribution et vente en gros de pneus de camionnettes pour les garages et les professionnels d&#039;Espagne et d&#039;Europe. Nous distribuons des marques premium et exclusives. Livraison en 24H !\" \/>\n<meta name=\"robots\" content=\"index, follow, max-snippet:-1, max-image-preview:large, max-video-preview:-1\" \/>\n<link rel=\"canonical\" href=\"https:\/\/grupoandres.desarrolloundanet.com\/fr\/pneus\/camionnettes\/\" \/>\n<meta property=\"og:locale\" content=\"fr_FR\" \/>\n<meta property=\"og:type\" content=\"article\" \/>\n<meta property=\"og:title\" content=\"Pneus pour Camionnette | Grupo Andr\u00e9s Neum\u00e1ticos\" \/>\n<meta property=\"og:description\" content=\"Distribution et vente en gros de pneus de camionnettes pour les garages et les professionnels d&#039;Espagne et d&#039;Europe. Nous distribuons des marques premium et exclusives. Livraison en 24H !\" \/>\n<meta property=\"og:url\" content=\"https:\/\/grupoandres.desarrolloundanet.com\/fr\/pneus\/camionnettes\/\" \/>\n<meta property=\"og:site_name\" content=\"Grupo Andr\u00e9s Tyres\" \/>\n<meta property=\"article:modified_time\" content=\"2024-01-24T11:26:06+00:00\" \/>\n<meta name=\"twitter:card\" content=\"summary_large_image\" \/>\n<meta name=\"twitter:label1\" content=\"Dur\u00e9e de lecture estim\u00e9e\" \/>\n\t<meta name=\"twitter:data1\" content=\"1 minute\" \/>\n<script type=\"application\/ld+json\" class=\"yoast-schema-graph\">{\"@context\":\"https:\\\/\\\/schema.org\",\"@graph\":[{\"@type\":\"WebPage\",\"@id\":\"https:\\\/\\\/grupoandres.desarrolloundanet.com\\\/fr\\\/pneus\\\/camionnettes\\\/\",\"url\":\"https:\\\/\\\/grupoandres.desarrolloundanet.com\\\/fr\\\/pneus\\\/camionnettes\\\/\",\"name\":\"Pneus pour Camionnette | Grupo Andr\u00e9s Neum\u00e1ticos\",\"isPartOf\":{\"@id\":\"https:\\\/\\\/grupoandres.desarrolloundanet.com\\\/#website\"},\"datePublished\":\"2015-12-03T09:10:45+00:00\",\"dateModified\":\"2024-01-24T11:26:06+00:00\",\"description\":\"Distribution et vente en gros de pneus de camionnettes pour les garages et les professionnels d'Espagne et d'Europe. Nous distribuons des marques premium et exclusives. Livraison en 24H !\",\"breadcrumb\":{\"@id\":\"https:\\\/\\\/grupoandres.desarrolloundanet.com\\\/fr\\\/pneus\\\/camionnettes\\\/#breadcrumb\"},\"inLanguage\":\"fr-FR\",\"potentialAction\":[{\"@type\":\"ReadAction\",\"target\":[\"https:\\\/\\\/grupoandres.desarrolloundanet.com\\\/fr\\\/pneus\\\/camionnettes\\\/\"]}]},{\"@type\":\"BreadcrumbList\",\"@id\":\"https:\\\/\\\/grupoandres.desarrolloundanet.com\\\/fr\\\/pneus\\\/camionnettes\\\/#breadcrumb\",\"itemListElement\":[{\"@type\":\"ListItem\",\"position\":1,\"name\":\"Portada\",\"item\":\"https:\\\/\\\/grupoandres.desarrolloundanet.com\\\/fr\\\/\"},{\"@type\":\"ListItem\",\"position\":2,\"name\":\"Pneus\",\"item\":\"https:\\\/\\\/grupoandres.desarrolloundanet.com\\\/fr\\\/pneus\\\/\"},{\"@type\":\"ListItem\",\"position\":3,\"name\":\"Camionnettes\"}]},{\"@type\":\"WebSite\",\"@id\":\"https:\\\/\\\/grupoandres.desarrolloundanet.com\\\/#website\",\"url\":\"https:\\\/\\\/grupoandres.desarrolloundanet.com\\\/\",\"name\":\"Grupo Andr\u00e9s Tyres\",\"description\":\"Tyres distributor  for workshops and proffesional.Stock 500,000 tires  of  70 brands. Exclusive distributors of brands as Nankang , Matador, General Tire and more.\",\"potentialAction\":[{\"@type\":\"SearchAction\",\"target\":{\"@type\":\"EntryPoint\",\"urlTemplate\":\"https:\\\/\\\/grupoandres.desarrolloundanet.com\\\/?s={search_term_string}\"},\"query-input\":{\"@type\":\"PropertyValueSpecification\",\"valueRequired\":true,\"valueName\":\"search_term_string\"}}],\"inLanguage\":\"fr-FR\"}]}<\/script>\n<!-- \/ Yoast SEO plugin. -->","yoast_head_json":{"title":"Pneus pour Camionnette | Grupo Andr\u00e9s Neum\u00e1ticos","description":"Distribution et vente en gros de pneus de camionnettes pour les garages et les professionnels d'Espagne et d'Europe. Nous distribuons des marques premium et exclusives. Livraison en 24H !","robots":{"index":"index","follow":"follow","max-snippet":"max-snippet:-1","max-image-preview":"max-image-preview:large","max-video-preview":"max-video-preview:-1"},"canonical":"https:\/\/grupoandres.desarrolloundanet.com\/fr\/pneus\/camionnettes\/","og_locale":"fr_FR","og_type":"article","og_title":"Pneus pour Camionnette | Grupo Andr\u00e9s Neum\u00e1ticos","og_description":"Distribution et vente en gros de pneus de camionnettes pour les garages et les professionnels d'Espagne et d'Europe. Nous distribuons des marques premium et exclusives. Livraison en 24H !","og_url":"https:\/\/grupoandres.desarrolloundanet.com\/fr\/pneus\/camionnettes\/","og_site_name":"Grupo Andr\u00e9s Tyres","article_modified_time":"2024-01-24T11:26:06+00:00","twitter_card":"summary_large_image","twitter_misc":{"Dur\u00e9e de lecture estim\u00e9e":"1 minute"},"schema":{"@context":"https:\/\/schema.org","@graph":[{"@type":"WebPage","@id":"https:\/\/grupoandres.desarrolloundanet.com\/fr\/pneus\/camionnettes\/","url":"https:\/\/grupoandres.desarrolloundanet.com\/fr\/pneus\/camionnettes\/","name":"Pneus pour Camionnette | Grupo Andr\u00e9s Neum\u00e1ticos","isPartOf":{"@id":"https:\/\/grupoandres.desarrolloundanet.com\/#website"},"datePublished":"2015-12-03T09:10:45+00:00","dateModified":"2024-01-24T11:26:06+00:00","description":"Distribution et vente en gros de pneus de camionnettes pour les garages et les professionnels d'Espagne et d'Europe. Nous distribuons des marques premium et exclusives. Livraison en 24H !","breadcrumb":{"@id":"https:\/\/grupoandres.desarrolloundanet.com\/fr\/pneus\/camionnettes\/#breadcrumb"},"inLanguage":"fr-FR","potentialAction":[{"@type":"ReadAction","target":["https:\/\/grupoandres.desarrolloundanet.com\/fr\/pneus\/camionnettes\/"]}]},{"@type":"BreadcrumbList","@id":"https:\/\/grupoandres.desarrolloundanet.com\/fr\/pneus\/camionnettes\/#breadcrumb","itemListElement":[{"@type":"ListItem","position":1,"name":"Portada","item":"https:\/\/grupoandres.desarrolloundanet.com\/fr\/"},{"@type":"ListItem","position":2,"name":"Pneus","item":"https:\/\/grupoandres.desarrolloundanet.com\/fr\/pneus\/"},{"@type":"ListItem","position":3,"name":"Camionnettes"}]},{"@type":"WebSite","@id":"https:\/\/grupoandres.desarrolloundanet.com\/#website","url":"https:\/\/grupoandres.desarrolloundanet.com\/","name":"Grupo Andr\u00e9s Tyres","description":"Tyres distributor  for workshops and proffesional.Stock 500,000 tires  of  70 brands. Exclusive distributors of brands as Nankang , Matador, General Tire and more.","potentialAction":[{"@type":"SearchAction","target":{"@type":"EntryPoint","urlTemplate":"https:\/\/grupoandres.desarrolloundanet.com\/?s={search_term_string}"},"query-input":{"@type":"PropertyValueSpecification","valueRequired":true,"valueName":"search_term_string"}}],"inLanguage":"fr-FR"}]}},"_links":{"self":[{"href":"https:\/\/grupoandres.desarrolloundanet.com\/fr\/wp-json\/wp\/v2\/pages\/1377","targetHints":{"allow":["GET"]}}],"collection":[{"href":"https:\/\/grupoandres.desarrolloundanet.com\/fr\/wp-json\/wp\/v2\/pages"}],"about":[{"href":"https:\/\/grupoandres.desarrolloundanet.com\/fr\/wp-json\/wp\/v2\/types\/page"}],"author":[{"embeddable":true,"href":"https:\/\/grupoandres.desarrolloundanet.com\/fr\/wp-json\/wp\/v2\/users\/1"}],"replies":[{"embeddable":true,"href":"https:\/\/grupoandres.desarrolloundanet.com\/fr\/wp-json\/wp\/v2\/comments?post=1377"}],"version-history":[{"count":11,"href":"https:\/\/grupoandres.desarrolloundanet.com\/fr\/wp-json\/wp\/v2\/pages\/1377\/revisions"}],"predecessor-version":[{"id":21629,"href":"https:\/\/grupoandres.desarrolloundanet.com\/fr\/wp-json\/wp\/v2\/pages\/1377\/revisions\/21629"}],"up":[{"embeddable":true,"href":"https:\/\/grupoandres.desarrolloundanet.com\/fr\/wp-json\/wp\/v2\/pages\/1249"}],"wp:attachment":[{"href":"https:\/\/grupoandres.desarrolloundanet.com\/fr\/wp-json\/wp\/v2\/media?parent=1377"}],"curies":[{"name":"wp","href":"https:\/\/api.w.org\/{rel}","templated":true}]}}