{"id":1365,"date":"2016-01-13T12:43:44","date_gmt":"2016-01-13T12:43:44","guid":{"rendered":"http:\/\/grupoandres.desarrolloundanet.com\/fr\/neumaticos\/fulda\/"},"modified":"2026-01-28T14:21:06","modified_gmt":"2026-01-28T13:21:06","slug":"fulda","status":"publish","type":"page","link":"https:\/\/grupoandres.desarrolloundanet.com\/fr\/pneus\/fulda\/","title":{"rendered":"Fulda"},"content":{"rendered":"<p><strong>Fulda<\/strong> est une marque de pneumatiques fond\u00e9e en Allemagne en 1900, riche d\u2019une grande tradition et reconnue pour sa qualit\u00e9 et sa robustesse. D\u2019abord sp\u00e9cialis\u00e9e dans les produits en caoutchouc, elle s\u2019est rapidement orient\u00e9e vers les pneus pour v\u00e9hicules, gagnant sa r\u00e9putation gr\u00e2ce \u00e0 l\u2019innovation \u2014 comme le d\u00e9veloppement du caoutchouc synth\u00e9tique en 1914 et des technologies favorisant l\u2019adh\u00e9rence \u2014 et devenant une marque majeure pour les voitures particuli\u00e8res et les v\u00e9hicules utilitaires.<\/p>\n<p>La qualit\u00e9 des pneus Fulda est le fruit d\u2019une parfaite compr\u00e9hension des attentes \u00e9lev\u00e9es des consommateurs sur notre march\u00e9 national. Les profils sont tr\u00e8s vari\u00e9s, des conducteurs confront\u00e9s \u00e0 des climats extr\u00eames \u00e0 ceux qui exigent des performances optimales sur toutes les surfaces.<\/p>\n","protected":false},"excerpt":{"rendered":"<p>Fulda est une marque de pneumatiques fond\u00e9e en Allemagne en 1900, riche d\u2019une grande tradition et reconnue pour sa qualit\u00e9 et sa robustesse. D\u2019abord sp\u00e9cialis\u00e9e dans les produits en caoutchouc, elle s\u2019est rapidement orient\u00e9e vers les pneus pour v\u00e9hicules, gagnant sa r\u00e9putation gr\u00e2ce \u00e0 l\u2019innovation \u2014 comme le d\u00e9veloppement du caoutchouc synth\u00e9tique en 1914 et &hellip; <a href=\"https:\/\/grupoandres.desarrolloundanet.com\/fr\/pneus\/fulda\/\" class=\"more-link\">Continue reading <span class=\"screen-reader-text\">Fulda<\/span> <span class=\"meta-nav\">&rarr;<\/span><\/a><\/p>\n","protected":false},"author":1,"featured_media":0,"parent":1249,"menu_order":0,"comment_status":"closed","ping_status":"closed","template":"page-marcas.php","meta":{"_acf_changed":false,"footnotes":""},"class_list":["post-1365","page","type-page","status-publish","hentry"],"acf":[],"yoast_head":"<!-- This site is optimized with the Yoast SEO plugin v27.3 - https:\/\/yoast.com\/product\/yoast-seo-wordpress\/ -->\n<title>Pneus Fulda - Des pneus pour tous types de v\u00e9hicules<\/title>\n<meta name=\"description\" content=\"D\u00e9couvrez les pneus Fulda : une marque allemande au riche h\u00e9ritage, fond\u00e9e en 1900, qui propose des pneus accessibles et durables.\" \/>\n<meta name=\"robots\" content=\"index, follow, max-snippet:-1, max-image-preview:large, max-video-preview:-1\" \/>\n<link rel=\"canonical\" href=\"https:\/\/grupoandres.desarrolloundanet.com\/fr\/pneus\/fulda\/\" \/>\n<meta property=\"og:locale\" content=\"fr_FR\" \/>\n<meta property=\"og:type\" content=\"article\" \/>\n<meta property=\"og:title\" content=\"Pneus Fulda - Des pneus pour tous types de v\u00e9hicules\" \/>\n<meta property=\"og:description\" content=\"D\u00e9couvrez les pneus Fulda : une marque allemande au riche h\u00e9ritage, fond\u00e9e en 1900, qui propose des pneus accessibles et durables.\" \/>\n<meta property=\"og:url\" content=\"https:\/\/grupoandres.desarrolloundanet.com\/fr\/pneus\/fulda\/\" \/>\n<meta property=\"og:site_name\" content=\"Grupo Andr\u00e9s Tyres\" \/>\n<meta property=\"article:modified_time\" content=\"2026-01-28T13:21:06+00:00\" \/>\n<meta name=\"twitter:card\" content=\"summary_large_image\" \/>\n<meta name=\"twitter:label1\" content=\"Dur\u00e9e de lecture estim\u00e9e\" \/>\n\t<meta name=\"twitter:data1\" content=\"1 minute\" \/>\n<script type=\"application\/ld+json\" class=\"yoast-schema-graph\">{\"@context\":\"https:\\\/\\\/schema.org\",\"@graph\":[{\"@type\":\"WebPage\",\"@id\":\"https:\\\/\\\/grupoandres.desarrolloundanet.com\\\/fr\\\/pneus\\\/fulda\\\/\",\"url\":\"https:\\\/\\\/grupoandres.desarrolloundanet.com\\\/fr\\\/pneus\\\/fulda\\\/\",\"name\":\"Pneus Fulda - Des pneus pour tous types de v\u00e9hicules\",\"isPartOf\":{\"@id\":\"https:\\\/\\\/grupoandres.desarrolloundanet.com\\\/#website\"},\"datePublished\":\"2016-01-13T12:43:44+00:00\",\"dateModified\":\"2026-01-28T13:21:06+00:00\",\"description\":\"D\u00e9couvrez les pneus Fulda : une marque allemande au riche h\u00e9ritage, fond\u00e9e en 1900, qui propose des pneus accessibles et durables.\",\"breadcrumb\":{\"@id\":\"https:\\\/\\\/grupoandres.desarrolloundanet.com\\\/fr\\\/pneus\\\/fulda\\\/#breadcrumb\"},\"inLanguage\":\"fr-FR\",\"potentialAction\":[{\"@type\":\"ReadAction\",\"target\":[\"https:\\\/\\\/grupoandres.desarrolloundanet.com\\\/fr\\\/pneus\\\/fulda\\\/\"]}]},{\"@type\":\"BreadcrumbList\",\"@id\":\"https:\\\/\\\/grupoandres.desarrolloundanet.com\\\/fr\\\/pneus\\\/fulda\\\/#breadcrumb\",\"itemListElement\":[{\"@type\":\"ListItem\",\"position\":1,\"name\":\"Portada\",\"item\":\"https:\\\/\\\/grupoandres.desarrolloundanet.com\\\/fr\\\/\"},{\"@type\":\"ListItem\",\"position\":2,\"name\":\"Pneus\",\"item\":\"https:\\\/\\\/grupoandres.desarrolloundanet.com\\\/fr\\\/pneus\\\/\"},{\"@type\":\"ListItem\",\"position\":3,\"name\":\"Fulda\"}]},{\"@type\":\"WebSite\",\"@id\":\"https:\\\/\\\/grupoandres.desarrolloundanet.com\\\/#website\",\"url\":\"https:\\\/\\\/grupoandres.desarrolloundanet.com\\\/\",\"name\":\"Grupo Andr\u00e9s Tyres\",\"description\":\"Tyres distributor  for workshops and proffesional.Stock 500,000 tires  of  70 brands. Exclusive distributors of brands as Nankang , Matador, General Tire and more.\",\"potentialAction\":[{\"@type\":\"SearchAction\",\"target\":{\"@type\":\"EntryPoint\",\"urlTemplate\":\"https:\\\/\\\/grupoandres.desarrolloundanet.com\\\/?s={search_term_string}\"},\"query-input\":{\"@type\":\"PropertyValueSpecification\",\"valueRequired\":true,\"valueName\":\"search_term_string\"}}],\"inLanguage\":\"fr-FR\"}]}<\/script>\n<!-- \/ Yoast SEO plugin. -->","yoast_head_json":{"title":"Pneus Fulda - Des pneus pour tous types de v\u00e9hicules","description":"D\u00e9couvrez les pneus Fulda : une marque allemande au riche h\u00e9ritage, fond\u00e9e en 1900, qui propose des pneus accessibles et durables.","robots":{"index":"index","follow":"follow","max-snippet":"max-snippet:-1","max-image-preview":"max-image-preview:large","max-video-preview":"max-video-preview:-1"},"canonical":"https:\/\/grupoandres.desarrolloundanet.com\/fr\/pneus\/fulda\/","og_locale":"fr_FR","og_type":"article","og_title":"Pneus Fulda - Des pneus pour tous types de v\u00e9hicules","og_description":"D\u00e9couvrez les pneus Fulda : une marque allemande au riche h\u00e9ritage, fond\u00e9e en 1900, qui propose des pneus accessibles et durables.","og_url":"https:\/\/grupoandres.desarrolloundanet.com\/fr\/pneus\/fulda\/","og_site_name":"Grupo Andr\u00e9s Tyres","article_modified_time":"2026-01-28T13:21:06+00:00","twitter_card":"summary_large_image","twitter_misc":{"Dur\u00e9e de lecture estim\u00e9e":"1 minute"},"schema":{"@context":"https:\/\/schema.org","@graph":[{"@type":"WebPage","@id":"https:\/\/grupoandres.desarrolloundanet.com\/fr\/pneus\/fulda\/","url":"https:\/\/grupoandres.desarrolloundanet.com\/fr\/pneus\/fulda\/","name":"Pneus Fulda - Des pneus pour tous types de v\u00e9hicules","isPartOf":{"@id":"https:\/\/grupoandres.desarrolloundanet.com\/#website"},"datePublished":"2016-01-13T12:43:44+00:00","dateModified":"2026-01-28T13:21:06+00:00","description":"D\u00e9couvrez les pneus Fulda : une marque allemande au riche h\u00e9ritage, fond\u00e9e en 1900, qui propose des pneus accessibles et durables.","breadcrumb":{"@id":"https:\/\/grupoandres.desarrolloundanet.com\/fr\/pneus\/fulda\/#breadcrumb"},"inLanguage":"fr-FR","potentialAction":[{"@type":"ReadAction","target":["https:\/\/grupoandres.desarrolloundanet.com\/fr\/pneus\/fulda\/"]}]},{"@type":"BreadcrumbList","@id":"https:\/\/grupoandres.desarrolloundanet.com\/fr\/pneus\/fulda\/#breadcrumb","itemListElement":[{"@type":"ListItem","position":1,"name":"Portada","item":"https:\/\/grupoandres.desarrolloundanet.com\/fr\/"},{"@type":"ListItem","position":2,"name":"Pneus","item":"https:\/\/grupoandres.desarrolloundanet.com\/fr\/pneus\/"},{"@type":"ListItem","position":3,"name":"Fulda"}]},{"@type":"WebSite","@id":"https:\/\/grupoandres.desarrolloundanet.com\/#website","url":"https:\/\/grupoandres.desarrolloundanet.com\/","name":"Grupo Andr\u00e9s Tyres","description":"Tyres distributor  for workshops and proffesional.Stock 500,000 tires  of  70 brands. Exclusive distributors of brands as Nankang , Matador, General Tire and more.","potentialAction":[{"@type":"SearchAction","target":{"@type":"EntryPoint","urlTemplate":"https:\/\/grupoandres.desarrolloundanet.com\/?s={search_term_string}"},"query-input":{"@type":"PropertyValueSpecification","valueRequired":true,"valueName":"search_term_string"}}],"inLanguage":"fr-FR"}]}},"_links":{"self":[{"href":"https:\/\/grupoandres.desarrolloundanet.com\/fr\/wp-json\/wp\/v2\/pages\/1365","targetHints":{"allow":["GET"]}}],"collection":[{"href":"https:\/\/grupoandres.desarrolloundanet.com\/fr\/wp-json\/wp\/v2\/pages"}],"about":[{"href":"https:\/\/grupoandres.desarrolloundanet.com\/fr\/wp-json\/wp\/v2\/types\/page"}],"author":[{"embeddable":true,"href":"https:\/\/grupoandres.desarrolloundanet.com\/fr\/wp-json\/wp\/v2\/users\/1"}],"replies":[{"embeddable":true,"href":"https:\/\/grupoandres.desarrolloundanet.com\/fr\/wp-json\/wp\/v2\/comments?post=1365"}],"version-history":[{"count":8,"href":"https:\/\/grupoandres.desarrolloundanet.com\/fr\/wp-json\/wp\/v2\/pages\/1365\/revisions"}],"predecessor-version":[{"id":26252,"href":"https:\/\/grupoandres.desarrolloundanet.com\/fr\/wp-json\/wp\/v2\/pages\/1365\/revisions\/26252"}],"up":[{"embeddable":true,"href":"https:\/\/grupoandres.desarrolloundanet.com\/fr\/wp-json\/wp\/v2\/pages\/1249"}],"wp:attachment":[{"href":"https:\/\/grupoandres.desarrolloundanet.com\/fr\/wp-json\/wp\/v2\/media?parent=1365"}],"curies":[{"name":"wp","href":"https:\/\/api.w.org\/{rel}","templated":true}]}}