{"id":1297,"date":"2015-12-03T09:14:08","date_gmt":"2015-12-03T09:14:08","guid":{"rendered":"http:\/\/grupoandres.desarrolloundanet.com\/fr\/neumaticos\/bridgestone\/"},"modified":"2024-01-17T11:26:34","modified_gmt":"2024-01-17T10:26:34","slug":"bridgestone","status":"publish","type":"page","link":"https:\/\/grupoandres.desarrolloundanet.com\/fr\/pneus\/bridgestone\/","title":{"rendered":"Bridgestone"},"content":{"rendered":"<p>Bridgestone est sans aucun doute l\u2019une des r\u00e9f\u00e9rences incontournables dans le monde de l\u2019in- dustrie automobile.<strong> La s\u00e9curit\u00e9 et la stabilit\u00e9<\/strong> lors de la conduite font partie des conditions indispensables pour qu\u2019un pneu sorte des usines de Bridgestone, en direction d\u2019une des in- nombrables marques de voitures \u00e9quip\u00e9es par ses pneus.<\/p>\n<p>La <strong>gamme Premium de pneus Bridgestone<\/strong> est disponible pour tout type de v\u00e9hicules, m\u00eame si, au sein de son tr\u00e8s grand catalogue de pneus se d\u00e9tachent les r\u00e9f\u00e9rences suivantes : <strong>Potenza, Turanza et Ecopia.<\/strong><\/p>\n<p>De plus, Bridgestone poss\u00e8de le syst\u00e8me \u201cRun Flat\u201d et son nouveau syst\u00e8me <strong>DriveGuard<\/strong>, gr\u00e2ce auquel, en cas de crevaison, le pneu pourra encore rouler pendant 80 kilom\u00e8tres, \u00e0 80 km\/h avant de devoir \u00eatre substitu\u00e9 par un autre. Cela repr\u00e9sente un v\u00e9ritable gage de s\u00e9curit\u00e9 pour le conducteur.<\/p>\n","protected":false},"excerpt":{"rendered":"<p>Bridgestone est sans aucun doute l\u2019une des r\u00e9f\u00e9rences incontournables dans le monde de l\u2019in- dustrie automobile. La s\u00e9curit\u00e9 et la stabilit\u00e9 lors de la conduite font partie des conditions indispensables pour qu\u2019un pneu sorte des usines de Bridgestone, en direction d\u2019une des in- nombrables marques de voitures \u00e9quip\u00e9es par ses pneus. La gamme Premium de &hellip; <a href=\"https:\/\/grupoandres.desarrolloundanet.com\/fr\/pneus\/bridgestone\/\" class=\"more-link\">Continue reading <span class=\"screen-reader-text\">Bridgestone<\/span> <span class=\"meta-nav\">&rarr;<\/span><\/a><\/p>\n","protected":false},"author":1,"featured_media":0,"parent":1249,"menu_order":0,"comment_status":"closed","ping_status":"closed","template":"page-marcas.php","meta":{"_acf_changed":false,"footnotes":""},"class_list":["post-1297","page","type-page","status-publish","hentry"],"acf":[],"yoast_head":"<!-- This site is optimized with the Yoast SEO plugin v27.3 - https:\/\/yoast.com\/product\/yoast-seo-wordpress\/ -->\n<title>Pneus Bridgestone | Grupo Andr\u00e9s Neum\u00e1ticos<\/title>\n<meta name=\"description\" content=\"Distribution et vente en gros de pneus Bridgestone pour les garages et les professionnels d&#039;Espagne et d&#039;Europe. Vari\u00e9t\u00e9 de mod\u00e8les et de tailles. Livraison en 24H !\" \/>\n<meta name=\"robots\" content=\"index, follow, max-snippet:-1, max-image-preview:large, max-video-preview:-1\" \/>\n<link rel=\"canonical\" href=\"https:\/\/grupoandres.desarrolloundanet.com\/fr\/pneus\/bridgestone\/\" \/>\n<meta property=\"og:locale\" content=\"fr_FR\" \/>\n<meta property=\"og:type\" content=\"article\" \/>\n<meta property=\"og:title\" content=\"Pneus Bridgestone | Grupo Andr\u00e9s Neum\u00e1ticos\" \/>\n<meta property=\"og:description\" content=\"Distribution et vente en gros de pneus Bridgestone pour les garages et les professionnels d&#039;Espagne et d&#039;Europe. Vari\u00e9t\u00e9 de mod\u00e8les et de tailles. Livraison en 24H !\" \/>\n<meta property=\"og:url\" content=\"https:\/\/grupoandres.desarrolloundanet.com\/fr\/pneus\/bridgestone\/\" \/>\n<meta property=\"og:site_name\" content=\"Grupo Andr\u00e9s Tyres\" \/>\n<meta property=\"article:modified_time\" content=\"2024-01-17T10:26:34+00:00\" \/>\n<meta name=\"twitter:card\" content=\"summary_large_image\" \/>\n<meta name=\"twitter:label1\" content=\"Dur\u00e9e de lecture estim\u00e9e\" \/>\n\t<meta name=\"twitter:data1\" content=\"1 minute\" \/>\n<script type=\"application\/ld+json\" class=\"yoast-schema-graph\">{\"@context\":\"https:\\\/\\\/schema.org\",\"@graph\":[{\"@type\":\"WebPage\",\"@id\":\"https:\\\/\\\/grupoandres.desarrolloundanet.com\\\/fr\\\/pneus\\\/bridgestone\\\/\",\"url\":\"https:\\\/\\\/grupoandres.desarrolloundanet.com\\\/fr\\\/pneus\\\/bridgestone\\\/\",\"name\":\"Pneus Bridgestone | Grupo Andr\u00e9s Neum\u00e1ticos\",\"isPartOf\":{\"@id\":\"https:\\\/\\\/grupoandres.desarrolloundanet.com\\\/#website\"},\"datePublished\":\"2015-12-03T09:14:08+00:00\",\"dateModified\":\"2024-01-17T10:26:34+00:00\",\"description\":\"Distribution et vente en gros de pneus Bridgestone pour les garages et les professionnels d'Espagne et d'Europe. Vari\u00e9t\u00e9 de mod\u00e8les et de tailles. Livraison en 24H !\",\"breadcrumb\":{\"@id\":\"https:\\\/\\\/grupoandres.desarrolloundanet.com\\\/fr\\\/pneus\\\/bridgestone\\\/#breadcrumb\"},\"inLanguage\":\"fr-FR\",\"potentialAction\":[{\"@type\":\"ReadAction\",\"target\":[\"https:\\\/\\\/grupoandres.desarrolloundanet.com\\\/fr\\\/pneus\\\/bridgestone\\\/\"]}]},{\"@type\":\"BreadcrumbList\",\"@id\":\"https:\\\/\\\/grupoandres.desarrolloundanet.com\\\/fr\\\/pneus\\\/bridgestone\\\/#breadcrumb\",\"itemListElement\":[{\"@type\":\"ListItem\",\"position\":1,\"name\":\"Portada\",\"item\":\"https:\\\/\\\/grupoandres.desarrolloundanet.com\\\/fr\\\/\"},{\"@type\":\"ListItem\",\"position\":2,\"name\":\"Pneus\",\"item\":\"https:\\\/\\\/grupoandres.desarrolloundanet.com\\\/fr\\\/pneus\\\/\"},{\"@type\":\"ListItem\",\"position\":3,\"name\":\"Bridgestone\"}]},{\"@type\":\"WebSite\",\"@id\":\"https:\\\/\\\/grupoandres.desarrolloundanet.com\\\/#website\",\"url\":\"https:\\\/\\\/grupoandres.desarrolloundanet.com\\\/\",\"name\":\"Grupo Andr\u00e9s Tyres\",\"description\":\"Tyres distributor  for workshops and proffesional.Stock 500,000 tires  of  70 brands. Exclusive distributors of brands as Nankang , Matador, General Tire and more.\",\"potentialAction\":[{\"@type\":\"SearchAction\",\"target\":{\"@type\":\"EntryPoint\",\"urlTemplate\":\"https:\\\/\\\/grupoandres.desarrolloundanet.com\\\/?s={search_term_string}\"},\"query-input\":{\"@type\":\"PropertyValueSpecification\",\"valueRequired\":true,\"valueName\":\"search_term_string\"}}],\"inLanguage\":\"fr-FR\"}]}<\/script>\n<!-- \/ Yoast SEO plugin. -->","yoast_head_json":{"title":"Pneus Bridgestone | Grupo Andr\u00e9s Neum\u00e1ticos","description":"Distribution et vente en gros de pneus Bridgestone pour les garages et les professionnels d'Espagne et d'Europe. Vari\u00e9t\u00e9 de mod\u00e8les et de tailles. Livraison en 24H !","robots":{"index":"index","follow":"follow","max-snippet":"max-snippet:-1","max-image-preview":"max-image-preview:large","max-video-preview":"max-video-preview:-1"},"canonical":"https:\/\/grupoandres.desarrolloundanet.com\/fr\/pneus\/bridgestone\/","og_locale":"fr_FR","og_type":"article","og_title":"Pneus Bridgestone | Grupo Andr\u00e9s Neum\u00e1ticos","og_description":"Distribution et vente en gros de pneus Bridgestone pour les garages et les professionnels d'Espagne et d'Europe. Vari\u00e9t\u00e9 de mod\u00e8les et de tailles. Livraison en 24H !","og_url":"https:\/\/grupoandres.desarrolloundanet.com\/fr\/pneus\/bridgestone\/","og_site_name":"Grupo Andr\u00e9s Tyres","article_modified_time":"2024-01-17T10:26:34+00:00","twitter_card":"summary_large_image","twitter_misc":{"Dur\u00e9e de lecture estim\u00e9e":"1 minute"},"schema":{"@context":"https:\/\/schema.org","@graph":[{"@type":"WebPage","@id":"https:\/\/grupoandres.desarrolloundanet.com\/fr\/pneus\/bridgestone\/","url":"https:\/\/grupoandres.desarrolloundanet.com\/fr\/pneus\/bridgestone\/","name":"Pneus Bridgestone | Grupo Andr\u00e9s Neum\u00e1ticos","isPartOf":{"@id":"https:\/\/grupoandres.desarrolloundanet.com\/#website"},"datePublished":"2015-12-03T09:14:08+00:00","dateModified":"2024-01-17T10:26:34+00:00","description":"Distribution et vente en gros de pneus Bridgestone pour les garages et les professionnels d'Espagne et d'Europe. Vari\u00e9t\u00e9 de mod\u00e8les et de tailles. Livraison en 24H !","breadcrumb":{"@id":"https:\/\/grupoandres.desarrolloundanet.com\/fr\/pneus\/bridgestone\/#breadcrumb"},"inLanguage":"fr-FR","potentialAction":[{"@type":"ReadAction","target":["https:\/\/grupoandres.desarrolloundanet.com\/fr\/pneus\/bridgestone\/"]}]},{"@type":"BreadcrumbList","@id":"https:\/\/grupoandres.desarrolloundanet.com\/fr\/pneus\/bridgestone\/#breadcrumb","itemListElement":[{"@type":"ListItem","position":1,"name":"Portada","item":"https:\/\/grupoandres.desarrolloundanet.com\/fr\/"},{"@type":"ListItem","position":2,"name":"Pneus","item":"https:\/\/grupoandres.desarrolloundanet.com\/fr\/pneus\/"},{"@type":"ListItem","position":3,"name":"Bridgestone"}]},{"@type":"WebSite","@id":"https:\/\/grupoandres.desarrolloundanet.com\/#website","url":"https:\/\/grupoandres.desarrolloundanet.com\/","name":"Grupo Andr\u00e9s Tyres","description":"Tyres distributor  for workshops and proffesional.Stock 500,000 tires  of  70 brands. Exclusive distributors of brands as Nankang , Matador, General Tire and more.","potentialAction":[{"@type":"SearchAction","target":{"@type":"EntryPoint","urlTemplate":"https:\/\/grupoandres.desarrolloundanet.com\/?s={search_term_string}"},"query-input":{"@type":"PropertyValueSpecification","valueRequired":true,"valueName":"search_term_string"}}],"inLanguage":"fr-FR"}]}},"_links":{"self":[{"href":"https:\/\/grupoandres.desarrolloundanet.com\/fr\/wp-json\/wp\/v2\/pages\/1297","targetHints":{"allow":["GET"]}}],"collection":[{"href":"https:\/\/grupoandres.desarrolloundanet.com\/fr\/wp-json\/wp\/v2\/pages"}],"about":[{"href":"https:\/\/grupoandres.desarrolloundanet.com\/fr\/wp-json\/wp\/v2\/types\/page"}],"author":[{"embeddable":true,"href":"https:\/\/grupoandres.desarrolloundanet.com\/fr\/wp-json\/wp\/v2\/users\/1"}],"replies":[{"embeddable":true,"href":"https:\/\/grupoandres.desarrolloundanet.com\/fr\/wp-json\/wp\/v2\/comments?post=1297"}],"version-history":[{"count":8,"href":"https:\/\/grupoandres.desarrolloundanet.com\/fr\/wp-json\/wp\/v2\/pages\/1297\/revisions"}],"predecessor-version":[{"id":21545,"href":"https:\/\/grupoandres.desarrolloundanet.com\/fr\/wp-json\/wp\/v2\/pages\/1297\/revisions\/21545"}],"up":[{"embeddable":true,"href":"https:\/\/grupoandres.desarrolloundanet.com\/fr\/wp-json\/wp\/v2\/pages\/1249"}],"wp:attachment":[{"href":"https:\/\/grupoandres.desarrolloundanet.com\/fr\/wp-json\/wp\/v2\/media?parent=1297"}],"curies":[{"name":"wp","href":"https:\/\/api.w.org\/{rel}","templated":true}]}}