{"id":1283,"date":"2015-12-03T09:09:47","date_gmt":"2015-12-03T09:09:47","guid":{"rendered":"http:\/\/grupoandres.desarrolloundanet.com\/fr\/neumaticos\/automovil\/"},"modified":"2024-01-24T12:21:05","modified_gmt":"2024-01-24T11:21:05","slug":"auto","status":"publish","type":"page","link":"https:\/\/grupoandres.desarrolloundanet.com\/fr\/pneus\/auto\/","title":{"rendered":"Auto"},"content":{"rendered":"<p>Le v\u00e9hicule phare de nos rues et routes est le v\u00e9hicule de tourisme. Et bien que nous n\u2019y fas- sions pas forc\u00e9ment attention, ils poss\u00e8dent tous 4 pneus, 5 si on compte celui de rechange, qui sont absolument <strong>fondamentaux pour notre s\u00e9curit\u00e9 et notre confort. <\/strong>Des v\u00e9hicules compacts de type urbain jusqu\u2019aux voitures sportives de prestige en passant par les berlines, tous sont mont\u00e9s sur des pneus auto, d\u00e9velopp\u00e9s de mani\u00e8re technologique, en int\u00e9grant les <strong>derni\u00e8res nouveaut\u00e9s de la recherche.<\/strong><\/p>\n<p>Les fabricants de <strong>pneus auto<\/strong>, les plus importants du monde proposent des pneus pens\u00e9s pour que les v\u00e9hicules de tourisme circulent de fa\u00e7on parfaite, dans les meilleures conditions m\u00e9- t\u00e9orologiques ou dans les plus adverses, afin de garantir la pleine s\u00e9curit\u00e9 des voyageurs, pour qu\u2019ils soient le moins polluants possible, rendent le voyage agr\u00e9able et aient la dur\u00e9e de vie maximale.<\/p>\n","protected":false},"excerpt":{"rendered":"<p>Le v\u00e9hicule phare de nos rues et routes est le v\u00e9hicule de tourisme. Et bien que nous n\u2019y fas- sions pas forc\u00e9ment attention, ils poss\u00e8dent tous 4 pneus, 5 si on compte celui de rechange, qui sont absolument fondamentaux pour notre s\u00e9curit\u00e9 et notre confort. Des v\u00e9hicules compacts de type urbain jusqu\u2019aux voitures sportives de &hellip; <a href=\"https:\/\/grupoandres.desarrolloundanet.com\/fr\/pneus\/auto\/\" class=\"more-link\">Continue reading <span class=\"screen-reader-text\">Auto<\/span> <span class=\"meta-nav\">&rarr;<\/span><\/a><\/p>\n","protected":false},"author":1,"featured_media":0,"parent":1249,"menu_order":0,"comment_status":"closed","ping_status":"closed","template":"page-neumaticos.php","meta":{"_acf_changed":false,"footnotes":""},"class_list":["post-1283","page","type-page","status-publish","hentry"],"acf":[],"yoast_head":"<!-- This site is optimized with the Yoast SEO plugin v27.3 - https:\/\/yoast.com\/product\/yoast-seo-wordpress\/ -->\n<title>Pneus Auto | Grupo Andr\u00e9s Neum\u00e1ticos<\/title>\n<meta name=\"description\" content=\"Distribution et vente en gros de pneus auto pour les garages et les professionnels d&#039;Espagne et d&#039; Europe. Nous distribuons des marques premium et exclusives.\" \/>\n<meta name=\"robots\" content=\"index, follow, max-snippet:-1, max-image-preview:large, max-video-preview:-1\" \/>\n<link rel=\"canonical\" href=\"https:\/\/grupoandres.desarrolloundanet.com\/fr\/pneus\/auto\/\" \/>\n<meta property=\"og:locale\" content=\"fr_FR\" \/>\n<meta property=\"og:type\" content=\"article\" \/>\n<meta property=\"og:title\" content=\"Pneus Auto | Grupo Andr\u00e9s Neum\u00e1ticos\" \/>\n<meta property=\"og:description\" content=\"Distribution et vente en gros de pneus auto pour les garages et les professionnels d&#039;Espagne et d&#039; Europe. Nous distribuons des marques premium et exclusives.\" \/>\n<meta property=\"og:url\" content=\"https:\/\/grupoandres.desarrolloundanet.com\/fr\/pneus\/auto\/\" \/>\n<meta property=\"og:site_name\" content=\"Grupo Andr\u00e9s Tyres\" \/>\n<meta property=\"article:modified_time\" content=\"2024-01-24T11:21:05+00:00\" \/>\n<meta name=\"twitter:card\" content=\"summary_large_image\" \/>\n<meta name=\"twitter:label1\" content=\"Dur\u00e9e de lecture estim\u00e9e\" \/>\n\t<meta name=\"twitter:data1\" content=\"1 minute\" \/>\n<script type=\"application\/ld+json\" class=\"yoast-schema-graph\">{\"@context\":\"https:\\\/\\\/schema.org\",\"@graph\":[{\"@type\":\"WebPage\",\"@id\":\"https:\\\/\\\/grupoandres.desarrolloundanet.com\\\/fr\\\/pneus\\\/auto\\\/\",\"url\":\"https:\\\/\\\/grupoandres.desarrolloundanet.com\\\/fr\\\/pneus\\\/auto\\\/\",\"name\":\"Pneus Auto | Grupo Andr\u00e9s Neum\u00e1ticos\",\"isPartOf\":{\"@id\":\"https:\\\/\\\/grupoandres.desarrolloundanet.com\\\/#website\"},\"datePublished\":\"2015-12-03T09:09:47+00:00\",\"dateModified\":\"2024-01-24T11:21:05+00:00\",\"description\":\"Distribution et vente en gros de pneus auto pour les garages et les professionnels d'Espagne et d' Europe. Nous distribuons des marques premium et exclusives.\",\"breadcrumb\":{\"@id\":\"https:\\\/\\\/grupoandres.desarrolloundanet.com\\\/fr\\\/pneus\\\/auto\\\/#breadcrumb\"},\"inLanguage\":\"fr-FR\",\"potentialAction\":[{\"@type\":\"ReadAction\",\"target\":[\"https:\\\/\\\/grupoandres.desarrolloundanet.com\\\/fr\\\/pneus\\\/auto\\\/\"]}]},{\"@type\":\"BreadcrumbList\",\"@id\":\"https:\\\/\\\/grupoandres.desarrolloundanet.com\\\/fr\\\/pneus\\\/auto\\\/#breadcrumb\",\"itemListElement\":[{\"@type\":\"ListItem\",\"position\":1,\"name\":\"Portada\",\"item\":\"https:\\\/\\\/grupoandres.desarrolloundanet.com\\\/fr\\\/\"},{\"@type\":\"ListItem\",\"position\":2,\"name\":\"Pneus\",\"item\":\"https:\\\/\\\/grupoandres.desarrolloundanet.com\\\/fr\\\/pneus\\\/\"},{\"@type\":\"ListItem\",\"position\":3,\"name\":\"Auto\"}]},{\"@type\":\"WebSite\",\"@id\":\"https:\\\/\\\/grupoandres.desarrolloundanet.com\\\/#website\",\"url\":\"https:\\\/\\\/grupoandres.desarrolloundanet.com\\\/\",\"name\":\"Grupo Andr\u00e9s Tyres\",\"description\":\"Tyres distributor  for workshops and proffesional.Stock 500,000 tires  of  70 brands. Exclusive distributors of brands as Nankang , Matador, General Tire and more.\",\"potentialAction\":[{\"@type\":\"SearchAction\",\"target\":{\"@type\":\"EntryPoint\",\"urlTemplate\":\"https:\\\/\\\/grupoandres.desarrolloundanet.com\\\/?s={search_term_string}\"},\"query-input\":{\"@type\":\"PropertyValueSpecification\",\"valueRequired\":true,\"valueName\":\"search_term_string\"}}],\"inLanguage\":\"fr-FR\"}]}<\/script>\n<!-- \/ Yoast SEO plugin. -->","yoast_head_json":{"title":"Pneus Auto | Grupo Andr\u00e9s Neum\u00e1ticos","description":"Distribution et vente en gros de pneus auto pour les garages et les professionnels d'Espagne et d' Europe. Nous distribuons des marques premium et exclusives.","robots":{"index":"index","follow":"follow","max-snippet":"max-snippet:-1","max-image-preview":"max-image-preview:large","max-video-preview":"max-video-preview:-1"},"canonical":"https:\/\/grupoandres.desarrolloundanet.com\/fr\/pneus\/auto\/","og_locale":"fr_FR","og_type":"article","og_title":"Pneus Auto | Grupo Andr\u00e9s Neum\u00e1ticos","og_description":"Distribution et vente en gros de pneus auto pour les garages et les professionnels d'Espagne et d' Europe. Nous distribuons des marques premium et exclusives.","og_url":"https:\/\/grupoandres.desarrolloundanet.com\/fr\/pneus\/auto\/","og_site_name":"Grupo Andr\u00e9s Tyres","article_modified_time":"2024-01-24T11:21:05+00:00","twitter_card":"summary_large_image","twitter_misc":{"Dur\u00e9e de lecture estim\u00e9e":"1 minute"},"schema":{"@context":"https:\/\/schema.org","@graph":[{"@type":"WebPage","@id":"https:\/\/grupoandres.desarrolloundanet.com\/fr\/pneus\/auto\/","url":"https:\/\/grupoandres.desarrolloundanet.com\/fr\/pneus\/auto\/","name":"Pneus Auto | Grupo Andr\u00e9s Neum\u00e1ticos","isPartOf":{"@id":"https:\/\/grupoandres.desarrolloundanet.com\/#website"},"datePublished":"2015-12-03T09:09:47+00:00","dateModified":"2024-01-24T11:21:05+00:00","description":"Distribution et vente en gros de pneus auto pour les garages et les professionnels d'Espagne et d' Europe. Nous distribuons des marques premium et exclusives.","breadcrumb":{"@id":"https:\/\/grupoandres.desarrolloundanet.com\/fr\/pneus\/auto\/#breadcrumb"},"inLanguage":"fr-FR","potentialAction":[{"@type":"ReadAction","target":["https:\/\/grupoandres.desarrolloundanet.com\/fr\/pneus\/auto\/"]}]},{"@type":"BreadcrumbList","@id":"https:\/\/grupoandres.desarrolloundanet.com\/fr\/pneus\/auto\/#breadcrumb","itemListElement":[{"@type":"ListItem","position":1,"name":"Portada","item":"https:\/\/grupoandres.desarrolloundanet.com\/fr\/"},{"@type":"ListItem","position":2,"name":"Pneus","item":"https:\/\/grupoandres.desarrolloundanet.com\/fr\/pneus\/"},{"@type":"ListItem","position":3,"name":"Auto"}]},{"@type":"WebSite","@id":"https:\/\/grupoandres.desarrolloundanet.com\/#website","url":"https:\/\/grupoandres.desarrolloundanet.com\/","name":"Grupo Andr\u00e9s Tyres","description":"Tyres distributor  for workshops and proffesional.Stock 500,000 tires  of  70 brands. Exclusive distributors of brands as Nankang , Matador, General Tire and more.","potentialAction":[{"@type":"SearchAction","target":{"@type":"EntryPoint","urlTemplate":"https:\/\/grupoandres.desarrolloundanet.com\/?s={search_term_string}"},"query-input":{"@type":"PropertyValueSpecification","valueRequired":true,"valueName":"search_term_string"}}],"inLanguage":"fr-FR"}]}},"_links":{"self":[{"href":"https:\/\/grupoandres.desarrolloundanet.com\/fr\/wp-json\/wp\/v2\/pages\/1283","targetHints":{"allow":["GET"]}}],"collection":[{"href":"https:\/\/grupoandres.desarrolloundanet.com\/fr\/wp-json\/wp\/v2\/pages"}],"about":[{"href":"https:\/\/grupoandres.desarrolloundanet.com\/fr\/wp-json\/wp\/v2\/types\/page"}],"author":[{"embeddable":true,"href":"https:\/\/grupoandres.desarrolloundanet.com\/fr\/wp-json\/wp\/v2\/users\/1"}],"replies":[{"embeddable":true,"href":"https:\/\/grupoandres.desarrolloundanet.com\/fr\/wp-json\/wp\/v2\/comments?post=1283"}],"version-history":[{"count":18,"href":"https:\/\/grupoandres.desarrolloundanet.com\/fr\/wp-json\/wp\/v2\/pages\/1283\/revisions"}],"predecessor-version":[{"id":21617,"href":"https:\/\/grupoandres.desarrolloundanet.com\/fr\/wp-json\/wp\/v2\/pages\/1283\/revisions\/21617"}],"up":[{"embeddable":true,"href":"https:\/\/grupoandres.desarrolloundanet.com\/fr\/wp-json\/wp\/v2\/pages\/1249"}],"wp:attachment":[{"href":"https:\/\/grupoandres.desarrolloundanet.com\/fr\/wp-json\/wp\/v2\/media?parent=1283"}],"curies":[{"name":"wp","href":"https:\/\/api.w.org\/{rel}","templated":true}]}}