{"id":1265,"date":"2015-12-03T09:11:17","date_gmt":"2015-12-03T09:11:17","guid":{"rendered":"http:\/\/grupoandres.desarrolloundanet.com\/fr\/neumaticos\/agroindustrial\/"},"modified":"2021-12-01T09:23:00","modified_gmt":"2021-12-01T08:23:00","slug":"agricoles","status":"publish","type":"page","link":"https:\/\/grupoandres.desarrolloundanet.com\/fr\/pneus\/agricoles\/","title":{"rendered":"Agricoles"},"content":{"rendered":"<p>Dans de nombreux lieux, en Espagne, l\u2019agriculture est toujours la principale source de richesse et de d\u00e9veloppement \u00e9conomique. La superficie agraire utilis\u00e9e est tr\u00e8s vari\u00e9e puisqu\u2019elle va des grandes propri\u00e9t\u00e9s rurales avec d\u2019\u00e9normes v\u00e9hicules jusqu&rsquo;au petit verger, de la culture align\u00e9e \u00e0 la r\u00e9colte d\u2019arbres fruitiers.<\/p>\n<p>Ces pour ces raisons que Grupo Andr\u00e9s poss\u00e8de une tr\u00e8s large gamme de pneus agricoles qui pr\u00e9- tendent satisfaire les besoins de chaque professionnel du secteur agricole, aussi bien dans le seg- ment \u00e9conomique et fiable que, bien entendu, dans le segment Premium.<\/p>\n<p>Neum\u00e1ticos Andr\u00e9s poss\u00e8de des marques exclusives sur le segment agricole, comme General Tire, Linglong et Deestone, ainsi qu\u2019un tr\u00e8s large stock de marques Premium comme Trelleborg et Firestone.<\/p>\n<p>Au sein de la gamme de pneus agricoles, il convient de souligner la gamme Compact Line de Mi- chelin, destin\u00e9e aux pelles m\u00e9caniques, r\u00e9trocaveuses ou chariots t\u00e9lescopiques qui, avec Dunlop et Firestone couvre le segment Premium. Dans la cat\u00e9gorie Budget, Deestone est une alternative rentable.<\/p>\n","protected":false},"excerpt":{"rendered":"<p>Dans de nombreux lieux, en Espagne, l\u2019agriculture est toujours la principale source de richesse et de d\u00e9veloppement \u00e9conomique. La superficie agraire utilis\u00e9e est tr\u00e8s vari\u00e9e puisqu\u2019elle va des grandes propri\u00e9t\u00e9s rurales avec d\u2019\u00e9normes v\u00e9hicules jusqu&rsquo;au petit verger, de la culture align\u00e9e \u00e0 la r\u00e9colte d\u2019arbres fruitiers. Ces pour ces raisons que Grupo Andr\u00e9s poss\u00e8de une &hellip; <a href=\"https:\/\/grupoandres.desarrolloundanet.com\/fr\/pneus\/agricoles\/\" class=\"more-link\">Continue reading <span class=\"screen-reader-text\">Agricoles<\/span> <span class=\"meta-nav\">&rarr;<\/span><\/a><\/p>\n","protected":false},"author":1,"featured_media":0,"parent":1249,"menu_order":0,"comment_status":"closed","ping_status":"closed","template":"page-neumaticos.php","meta":{"_acf_changed":false,"footnotes":""},"class_list":["post-1265","page","type-page","status-publish","hentry"],"acf":[],"yoast_head":"<!-- This site is optimized with the Yoast SEO plugin v27.3 - https:\/\/yoast.com\/product\/yoast-seo-wordpress\/ -->\n<title>Pneus pour vehicules Agricoles | Grupo Andr\u00e9s\u00a0<\/title>\n<meta name=\"description\" content=\"Distribution et vente en gros de pneus de V\u00e9hicules Agricoles pour les garages et les professionnels d&#039;Espagne et d&#039;Europe. Livraison en 24H!\" \/>\n<meta name=\"robots\" content=\"index, follow, max-snippet:-1, max-image-preview:large, max-video-preview:-1\" \/>\n<link rel=\"canonical\" href=\"https:\/\/grupoandres.desarrolloundanet.com\/fr\/pneus\/agricoles\/\" \/>\n<meta property=\"og:locale\" content=\"fr_FR\" \/>\n<meta property=\"og:type\" content=\"article\" \/>\n<meta property=\"og:title\" content=\"Pneus pour vehicules Agricoles | Grupo Andr\u00e9s\u00a0\" \/>\n<meta property=\"og:description\" content=\"Distribution et vente en gros de pneus de V\u00e9hicules Agricoles pour les garages et les professionnels d&#039;Espagne et d&#039;Europe. Livraison en 24H!\" \/>\n<meta property=\"og:url\" content=\"https:\/\/grupoandres.desarrolloundanet.com\/fr\/pneus\/agricoles\/\" \/>\n<meta property=\"og:site_name\" content=\"Grupo Andr\u00e9s Tyres\" \/>\n<meta property=\"article:modified_time\" content=\"2021-12-01T08:23:00+00:00\" \/>\n<meta name=\"twitter:card\" content=\"summary_large_image\" \/>\n<meta name=\"twitter:label1\" content=\"Dur\u00e9e de lecture estim\u00e9e\" \/>\n\t<meta name=\"twitter:data1\" content=\"1 minute\" \/>\n<script type=\"application\/ld+json\" class=\"yoast-schema-graph\">{\"@context\":\"https:\\\/\\\/schema.org\",\"@graph\":[{\"@type\":\"WebPage\",\"@id\":\"https:\\\/\\\/grupoandres.desarrolloundanet.com\\\/fr\\\/pneus\\\/agricoles\\\/\",\"url\":\"https:\\\/\\\/grupoandres.desarrolloundanet.com\\\/fr\\\/pneus\\\/agricoles\\\/\",\"name\":\"Pneus pour vehicules Agricoles | Grupo Andr\u00e9s\u00a0\",\"isPartOf\":{\"@id\":\"https:\\\/\\\/grupoandres.desarrolloundanet.com\\\/#website\"},\"datePublished\":\"2015-12-03T09:11:17+00:00\",\"dateModified\":\"2021-12-01T08:23:00+00:00\",\"description\":\"Distribution et vente en gros de pneus de V\u00e9hicules Agricoles pour les garages et les professionnels d'Espagne et d'Europe. Livraison en 24H!\",\"breadcrumb\":{\"@id\":\"https:\\\/\\\/grupoandres.desarrolloundanet.com\\\/fr\\\/pneus\\\/agricoles\\\/#breadcrumb\"},\"inLanguage\":\"fr-FR\",\"potentialAction\":[{\"@type\":\"ReadAction\",\"target\":[\"https:\\\/\\\/grupoandres.desarrolloundanet.com\\\/fr\\\/pneus\\\/agricoles\\\/\"]}]},{\"@type\":\"BreadcrumbList\",\"@id\":\"https:\\\/\\\/grupoandres.desarrolloundanet.com\\\/fr\\\/pneus\\\/agricoles\\\/#breadcrumb\",\"itemListElement\":[{\"@type\":\"ListItem\",\"position\":1,\"name\":\"Portada\",\"item\":\"https:\\\/\\\/grupoandres.desarrolloundanet.com\\\/fr\\\/\"},{\"@type\":\"ListItem\",\"position\":2,\"name\":\"Pneus\",\"item\":\"https:\\\/\\\/grupoandres.desarrolloundanet.com\\\/fr\\\/pneus\\\/\"},{\"@type\":\"ListItem\",\"position\":3,\"name\":\"Agricoles\"}]},{\"@type\":\"WebSite\",\"@id\":\"https:\\\/\\\/grupoandres.desarrolloundanet.com\\\/#website\",\"url\":\"https:\\\/\\\/grupoandres.desarrolloundanet.com\\\/\",\"name\":\"Grupo Andr\u00e9s Tyres\",\"description\":\"Tyres distributor  for workshops and proffesional.Stock 500,000 tires  of  70 brands. Exclusive distributors of brands as Nankang , Matador, General Tire and more.\",\"potentialAction\":[{\"@type\":\"SearchAction\",\"target\":{\"@type\":\"EntryPoint\",\"urlTemplate\":\"https:\\\/\\\/grupoandres.desarrolloundanet.com\\\/?s={search_term_string}\"},\"query-input\":{\"@type\":\"PropertyValueSpecification\",\"valueRequired\":true,\"valueName\":\"search_term_string\"}}],\"inLanguage\":\"fr-FR\"}]}<\/script>\n<!-- \/ Yoast SEO plugin. -->","yoast_head_json":{"title":"Pneus pour vehicules Agricoles | Grupo Andr\u00e9s\u00a0","description":"Distribution et vente en gros de pneus de V\u00e9hicules Agricoles pour les garages et les professionnels d'Espagne et d'Europe. Livraison en 24H!","robots":{"index":"index","follow":"follow","max-snippet":"max-snippet:-1","max-image-preview":"max-image-preview:large","max-video-preview":"max-video-preview:-1"},"canonical":"https:\/\/grupoandres.desarrolloundanet.com\/fr\/pneus\/agricoles\/","og_locale":"fr_FR","og_type":"article","og_title":"Pneus pour vehicules Agricoles | Grupo Andr\u00e9s\u00a0","og_description":"Distribution et vente en gros de pneus de V\u00e9hicules Agricoles pour les garages et les professionnels d'Espagne et d'Europe. Livraison en 24H!","og_url":"https:\/\/grupoandres.desarrolloundanet.com\/fr\/pneus\/agricoles\/","og_site_name":"Grupo Andr\u00e9s Tyres","article_modified_time":"2021-12-01T08:23:00+00:00","twitter_card":"summary_large_image","twitter_misc":{"Dur\u00e9e de lecture estim\u00e9e":"1 minute"},"schema":{"@context":"https:\/\/schema.org","@graph":[{"@type":"WebPage","@id":"https:\/\/grupoandres.desarrolloundanet.com\/fr\/pneus\/agricoles\/","url":"https:\/\/grupoandres.desarrolloundanet.com\/fr\/pneus\/agricoles\/","name":"Pneus pour vehicules Agricoles | Grupo Andr\u00e9s\u00a0","isPartOf":{"@id":"https:\/\/grupoandres.desarrolloundanet.com\/#website"},"datePublished":"2015-12-03T09:11:17+00:00","dateModified":"2021-12-01T08:23:00+00:00","description":"Distribution et vente en gros de pneus de V\u00e9hicules Agricoles pour les garages et les professionnels d'Espagne et d'Europe. Livraison en 24H!","breadcrumb":{"@id":"https:\/\/grupoandres.desarrolloundanet.com\/fr\/pneus\/agricoles\/#breadcrumb"},"inLanguage":"fr-FR","potentialAction":[{"@type":"ReadAction","target":["https:\/\/grupoandres.desarrolloundanet.com\/fr\/pneus\/agricoles\/"]}]},{"@type":"BreadcrumbList","@id":"https:\/\/grupoandres.desarrolloundanet.com\/fr\/pneus\/agricoles\/#breadcrumb","itemListElement":[{"@type":"ListItem","position":1,"name":"Portada","item":"https:\/\/grupoandres.desarrolloundanet.com\/fr\/"},{"@type":"ListItem","position":2,"name":"Pneus","item":"https:\/\/grupoandres.desarrolloundanet.com\/fr\/pneus\/"},{"@type":"ListItem","position":3,"name":"Agricoles"}]},{"@type":"WebSite","@id":"https:\/\/grupoandres.desarrolloundanet.com\/#website","url":"https:\/\/grupoandres.desarrolloundanet.com\/","name":"Grupo Andr\u00e9s Tyres","description":"Tyres distributor  for workshops and proffesional.Stock 500,000 tires  of  70 brands. Exclusive distributors of brands as Nankang , Matador, General Tire and more.","potentialAction":[{"@type":"SearchAction","target":{"@type":"EntryPoint","urlTemplate":"https:\/\/grupoandres.desarrolloundanet.com\/?s={search_term_string}"},"query-input":{"@type":"PropertyValueSpecification","valueRequired":true,"valueName":"search_term_string"}}],"inLanguage":"fr-FR"}]}},"_links":{"self":[{"href":"https:\/\/grupoandres.desarrolloundanet.com\/fr\/wp-json\/wp\/v2\/pages\/1265","targetHints":{"allow":["GET"]}}],"collection":[{"href":"https:\/\/grupoandres.desarrolloundanet.com\/fr\/wp-json\/wp\/v2\/pages"}],"about":[{"href":"https:\/\/grupoandres.desarrolloundanet.com\/fr\/wp-json\/wp\/v2\/types\/page"}],"author":[{"embeddable":true,"href":"https:\/\/grupoandres.desarrolloundanet.com\/fr\/wp-json\/wp\/v2\/users\/1"}],"replies":[{"embeddable":true,"href":"https:\/\/grupoandres.desarrolloundanet.com\/fr\/wp-json\/wp\/v2\/comments?post=1265"}],"version-history":[{"count":10,"href":"https:\/\/grupoandres.desarrolloundanet.com\/fr\/wp-json\/wp\/v2\/pages\/1265\/revisions"}],"predecessor-version":[{"id":16011,"href":"https:\/\/grupoandres.desarrolloundanet.com\/fr\/wp-json\/wp\/v2\/pages\/1265\/revisions\/16011"}],"up":[{"embeddable":true,"href":"https:\/\/grupoandres.desarrolloundanet.com\/fr\/wp-json\/wp\/v2\/pages\/1249"}],"wp:attachment":[{"href":"https:\/\/grupoandres.desarrolloundanet.com\/fr\/wp-json\/wp\/v2\/media?parent=1265"}],"curies":[{"name":"wp","href":"https:\/\/api.w.org\/{rel}","templated":true}]}}