{"id":1257,"date":"2015-12-03T09:10:05","date_gmt":"2015-12-03T09:10:05","guid":{"rendered":"http:\/\/grupoandres.desarrolloundanet.com\/fr\/neumaticos\/4x4\/"},"modified":"2024-01-24T12:23:32","modified_gmt":"2024-01-24T11:23:32","slug":"4x4","status":"publish","type":"page","link":"https:\/\/grupoandres.desarrolloundanet.com\/fr\/pneus\/4x4\/","title":{"rendered":"4&#215;4"},"content":{"rendered":"<p>De tous les v\u00e9hicules, c\u2019est probablement le tout-terrain <strong>qui requiert le plus d\u2019attention au moment de choisir le pneu \u00e0 monter.<\/strong><\/p>\n<p>Ces automobiles, aussi connues sous l\u2019appellation \u201c4\u00d74\u201d et en anglais <strong>SUV <\/strong>(Sport Utility Ve- hicle), circulent habituellement sur route et en dehors dans les conditions les plus adverses. C\u2019est pour cela que les milliers de r\u00e9f\u00e9rences que les principaux fabricants de pneus de 4\u00d74 poss\u00e8dent, mettent l\u2019accent sur la <strong>traction du pneu et sur son dessin, <\/strong>surtout lorsqu\u2019il s\u2019agit de d\u00e9loger, de la mani\u00e8re la plus rapide et efficace possible, des pierres, de la boue\u2026<\/p>\n<p>Le fait qu\u2019on voit de plus en plus de v\u00e9hicules tout-terrain et SUV sur nos routes a conduit les cinq fabricants Premium et toutes les autres marques de pneus \u00e0 mettre leurs d\u00e9partements de <strong>recherche et d\u2019innovation technologique <\/strong>au service du d\u00e9veloppement et de l\u2019\u00e9volution<\/p>\n<p>de certains pneus les plus vendus dans le monde : les pneus de 4\u00d74 et SUV, les plus presti- gieux.<\/p>\n","protected":false},"excerpt":{"rendered":"<p>De tous les v\u00e9hicules, c\u2019est probablement le tout-terrain qui requiert le plus d\u2019attention au moment de choisir le pneu \u00e0 monter. Ces automobiles, aussi connues sous l\u2019appellation \u201c4\u00d74\u201d et en anglais SUV (Sport Utility Ve- hicle), circulent habituellement sur route et en dehors dans les conditions les plus adverses. C\u2019est pour cela que les milliers &hellip; <a href=\"https:\/\/grupoandres.desarrolloundanet.com\/fr\/pneus\/4x4\/\" class=\"more-link\">Continue reading <span class=\"screen-reader-text\">4&#215;4<\/span> <span class=\"meta-nav\">&rarr;<\/span><\/a><\/p>\n","protected":false},"author":1,"featured_media":0,"parent":1249,"menu_order":0,"comment_status":"closed","ping_status":"closed","template":"page-neumaticos.php","meta":{"_acf_changed":false,"footnotes":""},"class_list":["post-1257","page","type-page","status-publish","hentry"],"acf":[],"yoast_head":"<!-- This site is optimized with the Yoast SEO plugin v27.3 - https:\/\/yoast.com\/product\/yoast-seo-wordpress\/ -->\n<title>Pneus pour 4x4 | Grupo Andr\u00e9s Neum\u00e1ticos<\/title>\n<meta name=\"description\" content=\"Distribution et vente en gros de pneus de V\u00e9hicules Agricoles pour les garages et les professionnels d&#039;Espagne et d&#039;Europe. Livraison en 24H!\" \/>\n<meta name=\"robots\" content=\"index, follow, max-snippet:-1, max-image-preview:large, max-video-preview:-1\" \/>\n<link rel=\"canonical\" href=\"https:\/\/grupoandres.desarrolloundanet.com\/fr\/pneus\/4x4\/\" \/>\n<meta property=\"og:locale\" content=\"fr_FR\" \/>\n<meta property=\"og:type\" content=\"article\" \/>\n<meta property=\"og:title\" content=\"Pneus pour 4x4 | Grupo Andr\u00e9s Neum\u00e1ticos\" \/>\n<meta property=\"og:description\" content=\"Distribution et vente en gros de pneus de V\u00e9hicules Agricoles pour les garages et les professionnels d&#039;Espagne et d&#039;Europe. Livraison en 24H!\" \/>\n<meta property=\"og:url\" content=\"https:\/\/grupoandres.desarrolloundanet.com\/fr\/pneus\/4x4\/\" \/>\n<meta property=\"og:site_name\" content=\"Grupo Andr\u00e9s Tyres\" \/>\n<meta property=\"article:modified_time\" content=\"2024-01-24T11:23:32+00:00\" \/>\n<meta name=\"twitter:card\" content=\"summary_large_image\" \/>\n<meta name=\"twitter:label1\" content=\"Dur\u00e9e de lecture estim\u00e9e\" \/>\n\t<meta name=\"twitter:data1\" content=\"1 minute\" \/>\n<script type=\"application\/ld+json\" class=\"yoast-schema-graph\">{\"@context\":\"https:\\\/\\\/schema.org\",\"@graph\":[{\"@type\":\"WebPage\",\"@id\":\"https:\\\/\\\/grupoandres.desarrolloundanet.com\\\/fr\\\/pneus\\\/4x4\\\/\",\"url\":\"https:\\\/\\\/grupoandres.desarrolloundanet.com\\\/fr\\\/pneus\\\/4x4\\\/\",\"name\":\"Pneus pour 4x4 | Grupo Andr\u00e9s Neum\u00e1ticos\",\"isPartOf\":{\"@id\":\"https:\\\/\\\/grupoandres.desarrolloundanet.com\\\/#website\"},\"datePublished\":\"2015-12-03T09:10:05+00:00\",\"dateModified\":\"2024-01-24T11:23:32+00:00\",\"description\":\"Distribution et vente en gros de pneus de V\u00e9hicules Agricoles pour les garages et les professionnels d'Espagne et d'Europe. Livraison en 24H!\",\"breadcrumb\":{\"@id\":\"https:\\\/\\\/grupoandres.desarrolloundanet.com\\\/fr\\\/pneus\\\/4x4\\\/#breadcrumb\"},\"inLanguage\":\"fr-FR\",\"potentialAction\":[{\"@type\":\"ReadAction\",\"target\":[\"https:\\\/\\\/grupoandres.desarrolloundanet.com\\\/fr\\\/pneus\\\/4x4\\\/\"]}]},{\"@type\":\"BreadcrumbList\",\"@id\":\"https:\\\/\\\/grupoandres.desarrolloundanet.com\\\/fr\\\/pneus\\\/4x4\\\/#breadcrumb\",\"itemListElement\":[{\"@type\":\"ListItem\",\"position\":1,\"name\":\"Portada\",\"item\":\"https:\\\/\\\/grupoandres.desarrolloundanet.com\\\/fr\\\/\"},{\"@type\":\"ListItem\",\"position\":2,\"name\":\"Pneus\",\"item\":\"https:\\\/\\\/grupoandres.desarrolloundanet.com\\\/fr\\\/pneus\\\/\"},{\"@type\":\"ListItem\",\"position\":3,\"name\":\"4&#215;4\"}]},{\"@type\":\"WebSite\",\"@id\":\"https:\\\/\\\/grupoandres.desarrolloundanet.com\\\/#website\",\"url\":\"https:\\\/\\\/grupoandres.desarrolloundanet.com\\\/\",\"name\":\"Grupo Andr\u00e9s Tyres\",\"description\":\"Tyres distributor  for workshops and proffesional.Stock 500,000 tires  of  70 brands. Exclusive distributors of brands as Nankang , Matador, General Tire and more.\",\"potentialAction\":[{\"@type\":\"SearchAction\",\"target\":{\"@type\":\"EntryPoint\",\"urlTemplate\":\"https:\\\/\\\/grupoandres.desarrolloundanet.com\\\/?s={search_term_string}\"},\"query-input\":{\"@type\":\"PropertyValueSpecification\",\"valueRequired\":true,\"valueName\":\"search_term_string\"}}],\"inLanguage\":\"fr-FR\"}]}<\/script>\n<!-- \/ Yoast SEO plugin. -->","yoast_head_json":{"title":"Pneus pour 4x4 | Grupo Andr\u00e9s Neum\u00e1ticos","description":"Distribution et vente en gros de pneus de V\u00e9hicules Agricoles pour les garages et les professionnels d'Espagne et d'Europe. Livraison en 24H!","robots":{"index":"index","follow":"follow","max-snippet":"max-snippet:-1","max-image-preview":"max-image-preview:large","max-video-preview":"max-video-preview:-1"},"canonical":"https:\/\/grupoandres.desarrolloundanet.com\/fr\/pneus\/4x4\/","og_locale":"fr_FR","og_type":"article","og_title":"Pneus pour 4x4 | Grupo Andr\u00e9s Neum\u00e1ticos","og_description":"Distribution et vente en gros de pneus de V\u00e9hicules Agricoles pour les garages et les professionnels d'Espagne et d'Europe. Livraison en 24H!","og_url":"https:\/\/grupoandres.desarrolloundanet.com\/fr\/pneus\/4x4\/","og_site_name":"Grupo Andr\u00e9s Tyres","article_modified_time":"2024-01-24T11:23:32+00:00","twitter_card":"summary_large_image","twitter_misc":{"Dur\u00e9e de lecture estim\u00e9e":"1 minute"},"schema":{"@context":"https:\/\/schema.org","@graph":[{"@type":"WebPage","@id":"https:\/\/grupoandres.desarrolloundanet.com\/fr\/pneus\/4x4\/","url":"https:\/\/grupoandres.desarrolloundanet.com\/fr\/pneus\/4x4\/","name":"Pneus pour 4x4 | Grupo Andr\u00e9s Neum\u00e1ticos","isPartOf":{"@id":"https:\/\/grupoandres.desarrolloundanet.com\/#website"},"datePublished":"2015-12-03T09:10:05+00:00","dateModified":"2024-01-24T11:23:32+00:00","description":"Distribution et vente en gros de pneus de V\u00e9hicules Agricoles pour les garages et les professionnels d'Espagne et d'Europe. Livraison en 24H!","breadcrumb":{"@id":"https:\/\/grupoandres.desarrolloundanet.com\/fr\/pneus\/4x4\/#breadcrumb"},"inLanguage":"fr-FR","potentialAction":[{"@type":"ReadAction","target":["https:\/\/grupoandres.desarrolloundanet.com\/fr\/pneus\/4x4\/"]}]},{"@type":"BreadcrumbList","@id":"https:\/\/grupoandres.desarrolloundanet.com\/fr\/pneus\/4x4\/#breadcrumb","itemListElement":[{"@type":"ListItem","position":1,"name":"Portada","item":"https:\/\/grupoandres.desarrolloundanet.com\/fr\/"},{"@type":"ListItem","position":2,"name":"Pneus","item":"https:\/\/grupoandres.desarrolloundanet.com\/fr\/pneus\/"},{"@type":"ListItem","position":3,"name":"4&#215;4"}]},{"@type":"WebSite","@id":"https:\/\/grupoandres.desarrolloundanet.com\/#website","url":"https:\/\/grupoandres.desarrolloundanet.com\/","name":"Grupo Andr\u00e9s Tyres","description":"Tyres distributor  for workshops and proffesional.Stock 500,000 tires  of  70 brands. Exclusive distributors of brands as Nankang , Matador, General Tire and more.","potentialAction":[{"@type":"SearchAction","target":{"@type":"EntryPoint","urlTemplate":"https:\/\/grupoandres.desarrolloundanet.com\/?s={search_term_string}"},"query-input":{"@type":"PropertyValueSpecification","valueRequired":true,"valueName":"search_term_string"}}],"inLanguage":"fr-FR"}]}},"_links":{"self":[{"href":"https:\/\/grupoandres.desarrolloundanet.com\/fr\/wp-json\/wp\/v2\/pages\/1257","targetHints":{"allow":["GET"]}}],"collection":[{"href":"https:\/\/grupoandres.desarrolloundanet.com\/fr\/wp-json\/wp\/v2\/pages"}],"about":[{"href":"https:\/\/grupoandres.desarrolloundanet.com\/fr\/wp-json\/wp\/v2\/types\/page"}],"author":[{"embeddable":true,"href":"https:\/\/grupoandres.desarrolloundanet.com\/fr\/wp-json\/wp\/v2\/users\/1"}],"replies":[{"embeddable":true,"href":"https:\/\/grupoandres.desarrolloundanet.com\/fr\/wp-json\/wp\/v2\/comments?post=1257"}],"version-history":[{"count":10,"href":"https:\/\/grupoandres.desarrolloundanet.com\/fr\/wp-json\/wp\/v2\/pages\/1257\/revisions"}],"predecessor-version":[{"id":21623,"href":"https:\/\/grupoandres.desarrolloundanet.com\/fr\/wp-json\/wp\/v2\/pages\/1257\/revisions\/21623"}],"up":[{"embeddable":true,"href":"https:\/\/grupoandres.desarrolloundanet.com\/fr\/wp-json\/wp\/v2\/pages\/1249"}],"wp:attachment":[{"href":"https:\/\/grupoandres.desarrolloundanet.com\/fr\/wp-json\/wp\/v2\/media?parent=1257"}],"curies":[{"name":"wp","href":"https:\/\/api.w.org\/{rel}","templated":true}]}}