{"id":1249,"date":"2015-11-30T17:16:02","date_gmt":"2015-11-30T17:16:02","guid":{"rendered":"http:\/\/grupoandres.desarrolloundanet.com\/fr\/neumaticos\/"},"modified":"2021-10-28T14:38:45","modified_gmt":"2021-10-28T12:38:45","slug":"pneus","status":"publish","type":"page","link":"https:\/\/grupoandres.desarrolloundanet.com\/fr\/pneus\/","title":{"rendered":"Pneus"},"content":{"rendered":"<p>Etant la r\u00e9f\u00e9rence du secteur, Grupo Andr\u00e9s se pr\u00e9sente comme l\u2019option la plus solide et ren- table pour les professionnels du secteur. En effet, toute la strat\u00e9gie est pens\u00e9e pour assurer une rentabilit\u00e9 maximale \u00e0 ses clients.<\/p>\n<p>A l\u2019origine, il s\u2019agissait d\u2019un petit garage de pneus, qui a vu le jour \u00e0 Salamanque, il y a bien- t\u00f4t 30 ans. Son fondateur et pr\u00e9sident, Eustaquio Andr\u00e9s S\u00e1nchez, a conduit le groupe ANDR\u00c9S NEUM\u00c1TICOS \u00e0 \u00eatre le <strong>premier distributeur de pneus, exclusif et ind\u00e9pendant, \u00e0 l\u2019usage des professionnels de la p\u00e9ninsule ib\u00e9rique<\/strong>.<br \/>\nNous nous fournissons aupr\u00e8s des principaux groupes de fabricants du monde entier et notre solidit\u00e9 et pouvoir d\u2019achat nous permettent de proposer un excellent prix de vente.<\/p>\n<p>Nous travaillons quotidiennement avec plus de 15.000 pneus, de plus de 30 marques diff\u00e9- rentes dans nos entrep\u00f4ts de 70.000 m2 qui h\u00e9bergent plus de <strong>500.000 pneus<\/strong>.<\/p>\n<p>Notre stock se compose de <strong>tous types de pneus<\/strong>, ce qui nous permet de r\u00e9pondre \u00e0 la de- mande vari\u00e9e de nos milliers de clients. Sont inclus dans notre catalogue des pneus \u00e9cono- miques pour les clients qui ont besoin d\u2019un budget ajust\u00e9, ainsi que les derniers mod\u00e8les du march\u00e9 avec toutes les avanc\u00e9es technologiques.<\/p>\n<p>Des \u00e9normes pneus \u00e0 usage du g\u00e9nie civil, jusqu\u2019aux plus petits, pour les engins de manuten- tion et les chariots, en passant par les pneus d\u2019usage quotidien sur n\u2019importe quel v\u00e9hicule. Nous disposons \u00e9galement de pneus sp\u00e9cifiques pour la comp\u00e9tition et les circuits, tant pour les voitures que pour les motos des principales marques mondiales.<\/p>\n","protected":false},"excerpt":{"rendered":"<p>Etant la r\u00e9f\u00e9rence du secteur, Grupo Andr\u00e9s se pr\u00e9sente comme l\u2019option la plus solide et ren- table pour les professionnels du secteur. En effet, toute la strat\u00e9gie est pens\u00e9e pour assurer une rentabilit\u00e9 maximale \u00e0 ses clients. A l\u2019origine, il s\u2019agissait d\u2019un petit garage de pneus, qui a vu le jour \u00e0 Salamanque, il y &hellip; <a href=\"https:\/\/grupoandres.desarrolloundanet.com\/fr\/pneus\/\" class=\"more-link\">Continue reading <span class=\"screen-reader-text\">Pneus<\/span> <span class=\"meta-nav\">&rarr;<\/span><\/a><\/p>\n","protected":false},"author":1,"featured_media":0,"parent":0,"menu_order":6,"comment_status":"closed","ping_status":"closed","template":"page-generica-texto.php","meta":{"_acf_changed":false,"footnotes":""},"class_list":["post-1249","page","type-page","status-publish","hentry"],"acf":[],"yoast_head":"<!-- This site is optimized with the Yoast SEO plugin v27.3 - https:\/\/yoast.com\/product\/yoast-seo-wordpress\/ -->\n<title>Distributeur de pneus pour professionnels | Grupo Andr\u00e9s Neum\u00e1ticos<\/title>\n<meta name=\"description\" content=\"Distribution et vente en gros de pneus de 4x4 pour les garages et les professionnels d&#039;Espagne et d&#039;Europe. Livraison en 24H!\" \/>\n<meta name=\"robots\" content=\"index, follow, max-snippet:-1, max-image-preview:large, max-video-preview:-1\" \/>\n<link rel=\"canonical\" href=\"https:\/\/grupoandres.desarrolloundanet.com\/fr\/pneus\/\" \/>\n<meta property=\"og:locale\" content=\"fr_FR\" \/>\n<meta property=\"og:type\" content=\"article\" \/>\n<meta property=\"og:title\" content=\"Distributeur de pneus pour professionnels | Grupo Andr\u00e9s Neum\u00e1ticos\" \/>\n<meta property=\"og:description\" content=\"Distribution et vente en gros de pneus de 4x4 pour les garages et les professionnels d&#039;Espagne et d&#039;Europe. Livraison en 24H!\" \/>\n<meta property=\"og:url\" content=\"https:\/\/grupoandres.desarrolloundanet.com\/fr\/pneus\/\" \/>\n<meta property=\"og:site_name\" content=\"Grupo Andr\u00e9s Tyres\" \/>\n<meta property=\"article:modified_time\" content=\"2021-10-28T12:38:45+00:00\" \/>\n<meta name=\"twitter:card\" content=\"summary_large_image\" \/>\n<meta name=\"twitter:label1\" content=\"Dur\u00e9e de lecture estim\u00e9e\" \/>\n\t<meta name=\"twitter:data1\" content=\"1 minute\" \/>\n<script type=\"application\/ld+json\" class=\"yoast-schema-graph\">{\"@context\":\"https:\\\/\\\/schema.org\",\"@graph\":[{\"@type\":\"WebPage\",\"@id\":\"https:\\\/\\\/grupoandres.desarrolloundanet.com\\\/fr\\\/pneus\\\/\",\"url\":\"https:\\\/\\\/grupoandres.desarrolloundanet.com\\\/fr\\\/pneus\\\/\",\"name\":\"Distributeur de pneus pour professionnels | Grupo Andr\u00e9s Neum\u00e1ticos\",\"isPartOf\":{\"@id\":\"https:\\\/\\\/grupoandres.desarrolloundanet.com\\\/#website\"},\"datePublished\":\"2015-11-30T17:16:02+00:00\",\"dateModified\":\"2021-10-28T12:38:45+00:00\",\"description\":\"Distribution et vente en gros de pneus de 4x4 pour les garages et les professionnels d'Espagne et d'Europe. Livraison en 24H!\",\"breadcrumb\":{\"@id\":\"https:\\\/\\\/grupoandres.desarrolloundanet.com\\\/fr\\\/pneus\\\/#breadcrumb\"},\"inLanguage\":\"fr-FR\",\"potentialAction\":[{\"@type\":\"ReadAction\",\"target\":[\"https:\\\/\\\/grupoandres.desarrolloundanet.com\\\/fr\\\/pneus\\\/\"]}]},{\"@type\":\"BreadcrumbList\",\"@id\":\"https:\\\/\\\/grupoandres.desarrolloundanet.com\\\/fr\\\/pneus\\\/#breadcrumb\",\"itemListElement\":[{\"@type\":\"ListItem\",\"position\":1,\"name\":\"Portada\",\"item\":\"https:\\\/\\\/grupoandres.desarrolloundanet.com\\\/fr\\\/\"},{\"@type\":\"ListItem\",\"position\":2,\"name\":\"Pneus\"}]},{\"@type\":\"WebSite\",\"@id\":\"https:\\\/\\\/grupoandres.desarrolloundanet.com\\\/#website\",\"url\":\"https:\\\/\\\/grupoandres.desarrolloundanet.com\\\/\",\"name\":\"Grupo Andr\u00e9s Tyres\",\"description\":\"Tyres distributor  for workshops and proffesional.Stock 500,000 tires  of  70 brands. Exclusive distributors of brands as Nankang , Matador, General Tire and more.\",\"potentialAction\":[{\"@type\":\"SearchAction\",\"target\":{\"@type\":\"EntryPoint\",\"urlTemplate\":\"https:\\\/\\\/grupoandres.desarrolloundanet.com\\\/?s={search_term_string}\"},\"query-input\":{\"@type\":\"PropertyValueSpecification\",\"valueRequired\":true,\"valueName\":\"search_term_string\"}}],\"inLanguage\":\"fr-FR\"}]}<\/script>\n<!-- \/ Yoast SEO plugin. -->","yoast_head_json":{"title":"Distributeur de pneus pour professionnels | Grupo Andr\u00e9s Neum\u00e1ticos","description":"Distribution et vente en gros de pneus de 4x4 pour les garages et les professionnels d'Espagne et d'Europe. Livraison en 24H!","robots":{"index":"index","follow":"follow","max-snippet":"max-snippet:-1","max-image-preview":"max-image-preview:large","max-video-preview":"max-video-preview:-1"},"canonical":"https:\/\/grupoandres.desarrolloundanet.com\/fr\/pneus\/","og_locale":"fr_FR","og_type":"article","og_title":"Distributeur de pneus pour professionnels | Grupo Andr\u00e9s Neum\u00e1ticos","og_description":"Distribution et vente en gros de pneus de 4x4 pour les garages et les professionnels d'Espagne et d'Europe. Livraison en 24H!","og_url":"https:\/\/grupoandres.desarrolloundanet.com\/fr\/pneus\/","og_site_name":"Grupo Andr\u00e9s Tyres","article_modified_time":"2021-10-28T12:38:45+00:00","twitter_card":"summary_large_image","twitter_misc":{"Dur\u00e9e de lecture estim\u00e9e":"1 minute"},"schema":{"@context":"https:\/\/schema.org","@graph":[{"@type":"WebPage","@id":"https:\/\/grupoandres.desarrolloundanet.com\/fr\/pneus\/","url":"https:\/\/grupoandres.desarrolloundanet.com\/fr\/pneus\/","name":"Distributeur de pneus pour professionnels | Grupo Andr\u00e9s Neum\u00e1ticos","isPartOf":{"@id":"https:\/\/grupoandres.desarrolloundanet.com\/#website"},"datePublished":"2015-11-30T17:16:02+00:00","dateModified":"2021-10-28T12:38:45+00:00","description":"Distribution et vente en gros de pneus de 4x4 pour les garages et les professionnels d'Espagne et d'Europe. Livraison en 24H!","breadcrumb":{"@id":"https:\/\/grupoandres.desarrolloundanet.com\/fr\/pneus\/#breadcrumb"},"inLanguage":"fr-FR","potentialAction":[{"@type":"ReadAction","target":["https:\/\/grupoandres.desarrolloundanet.com\/fr\/pneus\/"]}]},{"@type":"BreadcrumbList","@id":"https:\/\/grupoandres.desarrolloundanet.com\/fr\/pneus\/#breadcrumb","itemListElement":[{"@type":"ListItem","position":1,"name":"Portada","item":"https:\/\/grupoandres.desarrolloundanet.com\/fr\/"},{"@type":"ListItem","position":2,"name":"Pneus"}]},{"@type":"WebSite","@id":"https:\/\/grupoandres.desarrolloundanet.com\/#website","url":"https:\/\/grupoandres.desarrolloundanet.com\/","name":"Grupo Andr\u00e9s Tyres","description":"Tyres distributor  for workshops and proffesional.Stock 500,000 tires  of  70 brands. Exclusive distributors of brands as Nankang , Matador, General Tire and more.","potentialAction":[{"@type":"SearchAction","target":{"@type":"EntryPoint","urlTemplate":"https:\/\/grupoandres.desarrolloundanet.com\/?s={search_term_string}"},"query-input":{"@type":"PropertyValueSpecification","valueRequired":true,"valueName":"search_term_string"}}],"inLanguage":"fr-FR"}]}},"_links":{"self":[{"href":"https:\/\/grupoandres.desarrolloundanet.com\/fr\/wp-json\/wp\/v2\/pages\/1249","targetHints":{"allow":["GET"]}}],"collection":[{"href":"https:\/\/grupoandres.desarrolloundanet.com\/fr\/wp-json\/wp\/v2\/pages"}],"about":[{"href":"https:\/\/grupoandres.desarrolloundanet.com\/fr\/wp-json\/wp\/v2\/types\/page"}],"author":[{"embeddable":true,"href":"https:\/\/grupoandres.desarrolloundanet.com\/fr\/wp-json\/wp\/v2\/users\/1"}],"replies":[{"embeddable":true,"href":"https:\/\/grupoandres.desarrolloundanet.com\/fr\/wp-json\/wp\/v2\/comments?post=1249"}],"version-history":[{"count":6,"href":"https:\/\/grupoandres.desarrolloundanet.com\/fr\/wp-json\/wp\/v2\/pages\/1249\/revisions"}],"predecessor-version":[{"id":12695,"href":"https:\/\/grupoandres.desarrolloundanet.com\/fr\/wp-json\/wp\/v2\/pages\/1249\/revisions\/12695"}],"wp:attachment":[{"href":"https:\/\/grupoandres.desarrolloundanet.com\/fr\/wp-json\/wp\/v2\/media?parent=1249"}],"curies":[{"name":"wp","href":"https:\/\/api.w.org\/{rel}","templated":true}]}}