{"id":1224,"date":"2015-12-11T11:44:55","date_gmt":"2015-12-11T11:44:55","guid":{"rendered":"http:\/\/grupoandres.desarrolloundanet.com\/fr\/contacto\/"},"modified":"2021-10-22T12:17:27","modified_gmt":"2021-10-22T10:17:27","slug":"contact","status":"publish","type":"page","link":"https:\/\/grupoandres.desarrolloundanet.com\/fr\/contact\/","title":{"rendered":"Contact"},"content":{"rendered":"<p>Nous sommes \u00e0 votre disposition du lundi au vendredi, de 9.00h \u00e0 20.15h sans interruption et le samedi 10.00h \u00e0 13.30h, heure espagnole.<\/p>\n<p>Vous pouvez \u00e9galement utiliser notre service de commande online, 24h\/24, 7J\/7. Ou bien appeler le num\u00e9ro suivant :<\/p>\n<p>(+34) 923 193 248 et vous serez pris en charge par une \u00e9quipe de 30 t\u00e9l\u00e9-op\u00e9rateurs en espa- gnol, portugais, anglais et fran\u00e7ais.<\/p>\n","protected":false},"excerpt":{"rendered":"<p>Nous sommes \u00e0 votre disposition du lundi au vendredi, de 9.00h \u00e0 20.15h sans interruption et le samedi 10.00h \u00e0 13.30h, heure espagnole. Vous pouvez \u00e9galement utiliser notre service de commande online, 24h\/24, 7J\/7. Ou bien appeler le num\u00e9ro suivant : (+34) 923 193 248 et vous serez pris en charge par une \u00e9quipe de &hellip; <a href=\"https:\/\/grupoandres.desarrolloundanet.com\/fr\/contact\/\" class=\"more-link\">Continue reading <span class=\"screen-reader-text\">Contact<\/span> <span class=\"meta-nav\">&rarr;<\/span><\/a><\/p>\n","protected":false},"author":1,"featured_media":0,"parent":0,"menu_order":0,"comment_status":"closed","ping_status":"closed","template":"page-contacto.php","meta":{"_acf_changed":false,"footnotes":""},"class_list":["post-1224","page","type-page","status-publish","hentry"],"acf":[],"yoast_head":"<!-- This site is optimized with the Yoast SEO plugin v27.3 - https:\/\/yoast.com\/product\/yoast-seo-wordpress\/ -->\n<title>Contact | Grupo Andr\u00e9s Neum\u00e1ticos<\/title>\n<meta name=\"description\" content=\"Vous pouvez joindre Grupo Andr\u00e9s au num\u00e9ro suivant : 923 193 248, en envoyant un e-mail \u00e0 info@grupoandres.com ou \u00e0 travers le formulaire de cette page.\" \/>\n<meta name=\"robots\" content=\"index, follow, max-snippet:-1, max-image-preview:large, max-video-preview:-1\" \/>\n<link rel=\"canonical\" href=\"https:\/\/grupoandres.desarrolloundanet.com\/fr\/contact\/\" \/>\n<meta property=\"og:locale\" content=\"fr_FR\" \/>\n<meta property=\"og:type\" content=\"article\" \/>\n<meta property=\"og:title\" content=\"Contact | Grupo Andr\u00e9s Neum\u00e1ticos\" \/>\n<meta property=\"og:description\" content=\"Vous pouvez joindre Grupo Andr\u00e9s au num\u00e9ro suivant : 923 193 248, en envoyant un e-mail \u00e0 info@grupoandres.com ou \u00e0 travers le formulaire de cette page.\" \/>\n<meta property=\"og:url\" content=\"https:\/\/grupoandres.desarrolloundanet.com\/fr\/contact\/\" \/>\n<meta property=\"og:site_name\" content=\"Grupo Andr\u00e9s Tyres\" \/>\n<meta property=\"article:modified_time\" content=\"2021-10-22T10:17:27+00:00\" \/>\n<meta name=\"twitter:card\" content=\"summary_large_image\" \/>\n<script type=\"application\/ld+json\" class=\"yoast-schema-graph\">{\"@context\":\"https:\\\/\\\/schema.org\",\"@graph\":[{\"@type\":\"WebPage\",\"@id\":\"https:\\\/\\\/grupoandres.desarrolloundanet.com\\\/fr\\\/contact\\\/\",\"url\":\"https:\\\/\\\/grupoandres.desarrolloundanet.com\\\/fr\\\/contact\\\/\",\"name\":\"Contact | Grupo Andr\u00e9s Neum\u00e1ticos\",\"isPartOf\":{\"@id\":\"https:\\\/\\\/grupoandres.desarrolloundanet.com\\\/#website\"},\"datePublished\":\"2015-12-11T11:44:55+00:00\",\"dateModified\":\"2021-10-22T10:17:27+00:00\",\"description\":\"Vous pouvez joindre Grupo Andr\u00e9s au num\u00e9ro suivant : 923 193 248, en envoyant un e-mail \u00e0 info@grupoandres.com ou \u00e0 travers le formulaire de cette page.\",\"breadcrumb\":{\"@id\":\"https:\\\/\\\/grupoandres.desarrolloundanet.com\\\/fr\\\/contact\\\/#breadcrumb\"},\"inLanguage\":\"fr-FR\",\"potentialAction\":[{\"@type\":\"ReadAction\",\"target\":[\"https:\\\/\\\/grupoandres.desarrolloundanet.com\\\/fr\\\/contact\\\/\"]}]},{\"@type\":\"BreadcrumbList\",\"@id\":\"https:\\\/\\\/grupoandres.desarrolloundanet.com\\\/fr\\\/contact\\\/#breadcrumb\",\"itemListElement\":[{\"@type\":\"ListItem\",\"position\":1,\"name\":\"Portada\",\"item\":\"https:\\\/\\\/grupoandres.desarrolloundanet.com\\\/fr\\\/\"},{\"@type\":\"ListItem\",\"position\":2,\"name\":\"Contact\"}]},{\"@type\":\"WebSite\",\"@id\":\"https:\\\/\\\/grupoandres.desarrolloundanet.com\\\/#website\",\"url\":\"https:\\\/\\\/grupoandres.desarrolloundanet.com\\\/\",\"name\":\"Grupo Andr\u00e9s Tyres\",\"description\":\"Tyres distributor  for workshops and proffesional.Stock 500,000 tires  of  70 brands. Exclusive distributors of brands as Nankang , Matador, General Tire and more.\",\"potentialAction\":[{\"@type\":\"SearchAction\",\"target\":{\"@type\":\"EntryPoint\",\"urlTemplate\":\"https:\\\/\\\/grupoandres.desarrolloundanet.com\\\/?s={search_term_string}\"},\"query-input\":{\"@type\":\"PropertyValueSpecification\",\"valueRequired\":true,\"valueName\":\"search_term_string\"}}],\"inLanguage\":\"fr-FR\"}]}<\/script>\n<!-- \/ Yoast SEO plugin. -->","yoast_head_json":{"title":"Contact | Grupo Andr\u00e9s Neum\u00e1ticos","description":"Vous pouvez joindre Grupo Andr\u00e9s au num\u00e9ro suivant : 923 193 248, en envoyant un e-mail \u00e0 info@grupoandres.com ou \u00e0 travers le formulaire de cette page.","robots":{"index":"index","follow":"follow","max-snippet":"max-snippet:-1","max-image-preview":"max-image-preview:large","max-video-preview":"max-video-preview:-1"},"canonical":"https:\/\/grupoandres.desarrolloundanet.com\/fr\/contact\/","og_locale":"fr_FR","og_type":"article","og_title":"Contact | Grupo Andr\u00e9s Neum\u00e1ticos","og_description":"Vous pouvez joindre Grupo Andr\u00e9s au num\u00e9ro suivant : 923 193 248, en envoyant un e-mail \u00e0 info@grupoandres.com ou \u00e0 travers le formulaire de cette page.","og_url":"https:\/\/grupoandres.desarrolloundanet.com\/fr\/contact\/","og_site_name":"Grupo Andr\u00e9s Tyres","article_modified_time":"2021-10-22T10:17:27+00:00","twitter_card":"summary_large_image","schema":{"@context":"https:\/\/schema.org","@graph":[{"@type":"WebPage","@id":"https:\/\/grupoandres.desarrolloundanet.com\/fr\/contact\/","url":"https:\/\/grupoandres.desarrolloundanet.com\/fr\/contact\/","name":"Contact | Grupo Andr\u00e9s Neum\u00e1ticos","isPartOf":{"@id":"https:\/\/grupoandres.desarrolloundanet.com\/#website"},"datePublished":"2015-12-11T11:44:55+00:00","dateModified":"2021-10-22T10:17:27+00:00","description":"Vous pouvez joindre Grupo Andr\u00e9s au num\u00e9ro suivant : 923 193 248, en envoyant un e-mail \u00e0 info@grupoandres.com ou \u00e0 travers le formulaire de cette page.","breadcrumb":{"@id":"https:\/\/grupoandres.desarrolloundanet.com\/fr\/contact\/#breadcrumb"},"inLanguage":"fr-FR","potentialAction":[{"@type":"ReadAction","target":["https:\/\/grupoandres.desarrolloundanet.com\/fr\/contact\/"]}]},{"@type":"BreadcrumbList","@id":"https:\/\/grupoandres.desarrolloundanet.com\/fr\/contact\/#breadcrumb","itemListElement":[{"@type":"ListItem","position":1,"name":"Portada","item":"https:\/\/grupoandres.desarrolloundanet.com\/fr\/"},{"@type":"ListItem","position":2,"name":"Contact"}]},{"@type":"WebSite","@id":"https:\/\/grupoandres.desarrolloundanet.com\/#website","url":"https:\/\/grupoandres.desarrolloundanet.com\/","name":"Grupo Andr\u00e9s Tyres","description":"Tyres distributor  for workshops and proffesional.Stock 500,000 tires  of  70 brands. Exclusive distributors of brands as Nankang , Matador, General Tire and more.","potentialAction":[{"@type":"SearchAction","target":{"@type":"EntryPoint","urlTemplate":"https:\/\/grupoandres.desarrolloundanet.com\/?s={search_term_string}"},"query-input":{"@type":"PropertyValueSpecification","valueRequired":true,"valueName":"search_term_string"}}],"inLanguage":"fr-FR"}]}},"_links":{"self":[{"href":"https:\/\/grupoandres.desarrolloundanet.com\/fr\/wp-json\/wp\/v2\/pages\/1224","targetHints":{"allow":["GET"]}}],"collection":[{"href":"https:\/\/grupoandres.desarrolloundanet.com\/fr\/wp-json\/wp\/v2\/pages"}],"about":[{"href":"https:\/\/grupoandres.desarrolloundanet.com\/fr\/wp-json\/wp\/v2\/types\/page"}],"author":[{"embeddable":true,"href":"https:\/\/grupoandres.desarrolloundanet.com\/fr\/wp-json\/wp\/v2\/users\/1"}],"replies":[{"embeddable":true,"href":"https:\/\/grupoandres.desarrolloundanet.com\/fr\/wp-json\/wp\/v2\/comments?post=1224"}],"version-history":[{"count":7,"href":"https:\/\/grupoandres.desarrolloundanet.com\/fr\/wp-json\/wp\/v2\/pages\/1224\/revisions"}],"predecessor-version":[{"id":11870,"href":"https:\/\/grupoandres.desarrolloundanet.com\/fr\/wp-json\/wp\/v2\/pages\/1224\/revisions\/11870"}],"wp:attachment":[{"href":"https:\/\/grupoandres.desarrolloundanet.com\/fr\/wp-json\/wp\/v2\/media?parent=1224"}],"curies":[{"name":"wp","href":"https:\/\/api.w.org\/{rel}","templated":true}]}}