{"id":1122,"date":"2015-11-30T17:15:49","date_gmt":"2015-11-30T16:15:49","guid":{"rendered":"http:\/\/grupoandres.desarrolloundanet.com\/fr\/sobre-grupo-andres\/"},"modified":"2024-04-08T14:37:27","modified_gmt":"2024-04-08T12:37:27","slug":"a-propos-de-grupo-andres","status":"publish","type":"page","link":"https:\/\/grupoandres.desarrolloundanet.com\/fr\/a-propos-de-grupo-andres\/","title":{"rendered":"\u00c0 propos de Grupo Andr\u00e9s"},"content":{"rendered":"<h1>Principal <strong>distributeur ind\u00e9pendant et exclusif de la P\u00e9ninsule <\/strong>Ib\u00e9rique<\/h1>\n<p>L\u2019histoire de Grupo Andr\u00e9s est une histoire de talent, d\u2019efforts et d\u2019engagement sans limite. Ce sont les qualit\u00e9s entrepreneuriales d\u2019Eustaquio Andr\u00e9s, un homme qui passa d\u2019\u00eatre ven- deur de pneus \u00e0 seulement 14 ans, dans une boutique de Salamanque, \u00e0 acheter et vendre 3,8 millions de pneus dans le monde entier.<\/p>\n<p>Depuis la mise en \u0153uvre d\u2019une brillante id\u00e9e dans ce petit garage, fond\u00e9 en 1980 \u00e0 Sala- manque jusqu\u2019\u00e0 devenir le distributeur de pneus ind\u00e9pendant et exclusif n\u00ba1 de toute la P\u00e9- ninsule Ib\u00e9rique et une des plus grandes r\u00e9f\u00e9rences mondiales du secteur.<\/p>\n<p>Grupo Andr\u00e9s distribue <strong>2 millions de pneus par an <\/strong>et son chiffre d\u2019affaire est bien sup\u00e9rieur \u00e0 <strong>120 millions d\u2019euros<\/strong>. Dans les 45.000 m2 d\u2019entrep\u00f4ts que poss\u00e8de l\u2019entreprise, sont d\u00e9- charg\u00e9s plus de 10.000 pneus par jour de <strong>70 marques diff\u00e9rentes<\/strong>.<\/p>\n<p>Le groupe distribue bien \u00e9videmment des pneus des cinq marques Premium, mais \u00e9galement des pneus de tr\u00e8s bonne qualit\u00e9, \u00e0 un prix tr\u00e8s concurrentiel qu\u2019il <strong>distribue de mani\u00e8re ex- clusive<\/strong>.<\/p>\n<p>L\u2019entreprise, fond\u00e9e par Eustaquio Andr\u00e9s en 1980 emploie plus de 180 personnes et indirec- tement donne de l\u2019emploi \u00e0 presque 250 autres personnes. Ce d\u00e9veloppement a \u00e9t\u00e9 possible gr\u00e2ce \u00e0 l\u2019acquisition et \u00e0 la fid\u00e9lisation des <strong>12.000 clients <\/strong>que Grupo Andr\u00e9s compte au- jourd\u2019hui<strong>, dans le monde entier<\/strong>.<\/p>\n<p>M\u00eame si l\u2019entreprise est d\u00e9j\u00e0 forte de 36 ans d\u2019histoire et est mondialement reconnue dans le secteur des pneus, notre sensation est que cela ne fait que commencer.<\/p>\n","protected":false},"excerpt":{"rendered":"<p>Principal distributeur ind\u00e9pendant et exclusif de la P\u00e9ninsule Ib\u00e9rique L\u2019histoire de Grupo Andr\u00e9s est une histoire de talent, d\u2019efforts et d\u2019engagement sans limite. Ce sont les qualit\u00e9s entrepreneuriales d\u2019Eustaquio Andr\u00e9s, un homme qui passa d\u2019\u00eatre ven- deur de pneus \u00e0 seulement 14 ans, dans une boutique de Salamanque, \u00e0 acheter et vendre 3,8 millions de &hellip; <a href=\"https:\/\/grupoandres.desarrolloundanet.com\/fr\/a-propos-de-grupo-andres\/\" class=\"more-link\">Continue reading <span class=\"screen-reader-text\">\u00c0 propos de Grupo Andr\u00e9s<\/span> <span class=\"meta-nav\">&rarr;<\/span><\/a><\/p>\n","protected":false},"author":1,"featured_media":0,"parent":0,"menu_order":0,"comment_status":"closed","ping_status":"closed","template":"page-sobre-grupo-andres.php","meta":{"_acf_changed":false,"footnotes":""},"class_list":["post-1122","page","type-page","status-publish","hentry"],"acf":[],"yoast_head":"<!-- This site is optimized with the Yoast SEO plugin v27.3 - https:\/\/yoast.com\/product\/yoast-seo-wordpress\/ -->\n<title>Grupo Andr\u00e9s | Leader absolu en vente de pneus<\/title>\n<meta name=\"description\" content=\"Nous avons d\u00e9but\u00e9 dans un garage il y a 30 ans, et nous sommes aujourd&#039;hui le distributeur N\u00ba 1 de pneus de la P\u00e9ninsule. Nous distribuons toutes les marques de pneus aux garages et aux professionnels.\" \/>\n<meta name=\"robots\" content=\"index, follow, max-snippet:-1, max-image-preview:large, max-video-preview:-1\" \/>\n<link rel=\"canonical\" href=\"https:\/\/grupoandres.desarrolloundanet.com\/fr\/a-propos-de-grupo-andres\/\" \/>\n<meta property=\"og:locale\" content=\"fr_FR\" \/>\n<meta property=\"og:type\" content=\"article\" \/>\n<meta property=\"og:title\" content=\"Grupo Andr\u00e9s | Leader absolu en vente de pneus\" \/>\n<meta property=\"og:description\" content=\"Nous avons d\u00e9but\u00e9 dans un garage il y a 30 ans, et nous sommes aujourd&#039;hui le distributeur N\u00ba 1 de pneus de la P\u00e9ninsule. Nous distribuons toutes les marques de pneus aux garages et aux professionnels.\" \/>\n<meta property=\"og:url\" content=\"https:\/\/grupoandres.desarrolloundanet.com\/fr\/a-propos-de-grupo-andres\/\" \/>\n<meta property=\"og:site_name\" content=\"Grupo Andr\u00e9s Tyres\" \/>\n<meta property=\"article:modified_time\" content=\"2024-04-08T12:37:27+00:00\" \/>\n<meta name=\"twitter:card\" content=\"summary_large_image\" \/>\n<meta name=\"twitter:label1\" content=\"Dur\u00e9e de lecture estim\u00e9e\" \/>\n\t<meta name=\"twitter:data1\" content=\"2 minutes\" \/>\n<script type=\"application\/ld+json\" class=\"yoast-schema-graph\">{\"@context\":\"https:\\\/\\\/schema.org\",\"@graph\":[{\"@type\":\"WebPage\",\"@id\":\"https:\\\/\\\/grupoandres.desarrolloundanet.com\\\/fr\\\/a-propos-de-grupo-andres\\\/\",\"url\":\"https:\\\/\\\/grupoandres.desarrolloundanet.com\\\/fr\\\/a-propos-de-grupo-andres\\\/\",\"name\":\"Grupo Andr\u00e9s | Leader absolu en vente de pneus\",\"isPartOf\":{\"@id\":\"https:\\\/\\\/grupoandres.desarrolloundanet.com\\\/#website\"},\"datePublished\":\"2015-11-30T16:15:49+00:00\",\"dateModified\":\"2024-04-08T12:37:27+00:00\",\"description\":\"Nous avons d\u00e9but\u00e9 dans un garage il y a 30 ans, et nous sommes aujourd'hui le distributeur N\u00ba 1 de pneus de la P\u00e9ninsule. Nous distribuons toutes les marques de pneus aux garages et aux professionnels.\",\"breadcrumb\":{\"@id\":\"https:\\\/\\\/grupoandres.desarrolloundanet.com\\\/fr\\\/a-propos-de-grupo-andres\\\/#breadcrumb\"},\"inLanguage\":\"fr-FR\",\"potentialAction\":[{\"@type\":\"ReadAction\",\"target\":[\"https:\\\/\\\/grupoandres.desarrolloundanet.com\\\/fr\\\/a-propos-de-grupo-andres\\\/\"]}]},{\"@type\":\"BreadcrumbList\",\"@id\":\"https:\\\/\\\/grupoandres.desarrolloundanet.com\\\/fr\\\/a-propos-de-grupo-andres\\\/#breadcrumb\",\"itemListElement\":[{\"@type\":\"ListItem\",\"position\":1,\"name\":\"Portada\",\"item\":\"https:\\\/\\\/grupoandres.desarrolloundanet.com\\\/fr\\\/\"},{\"@type\":\"ListItem\",\"position\":2,\"name\":\"\u00c0 propos de Grupo Andr\u00e9s\"}]},{\"@type\":\"WebSite\",\"@id\":\"https:\\\/\\\/grupoandres.desarrolloundanet.com\\\/#website\",\"url\":\"https:\\\/\\\/grupoandres.desarrolloundanet.com\\\/\",\"name\":\"Grupo Andr\u00e9s Tyres\",\"description\":\"Tyres distributor  for workshops and proffesional.Stock 500,000 tires  of  70 brands. Exclusive distributors of brands as Nankang , Matador, General Tire and more.\",\"potentialAction\":[{\"@type\":\"SearchAction\",\"target\":{\"@type\":\"EntryPoint\",\"urlTemplate\":\"https:\\\/\\\/grupoandres.desarrolloundanet.com\\\/?s={search_term_string}\"},\"query-input\":{\"@type\":\"PropertyValueSpecification\",\"valueRequired\":true,\"valueName\":\"search_term_string\"}}],\"inLanguage\":\"fr-FR\"}]}<\/script>\n<!-- \/ Yoast SEO plugin. -->","yoast_head_json":{"title":"Grupo Andr\u00e9s | Leader absolu en vente de pneus","description":"Nous avons d\u00e9but\u00e9 dans un garage il y a 30 ans, et nous sommes aujourd'hui le distributeur N\u00ba 1 de pneus de la P\u00e9ninsule. Nous distribuons toutes les marques de pneus aux garages et aux professionnels.","robots":{"index":"index","follow":"follow","max-snippet":"max-snippet:-1","max-image-preview":"max-image-preview:large","max-video-preview":"max-video-preview:-1"},"canonical":"https:\/\/grupoandres.desarrolloundanet.com\/fr\/a-propos-de-grupo-andres\/","og_locale":"fr_FR","og_type":"article","og_title":"Grupo Andr\u00e9s | Leader absolu en vente de pneus","og_description":"Nous avons d\u00e9but\u00e9 dans un garage il y a 30 ans, et nous sommes aujourd'hui le distributeur N\u00ba 1 de pneus de la P\u00e9ninsule. Nous distribuons toutes les marques de pneus aux garages et aux professionnels.","og_url":"https:\/\/grupoandres.desarrolloundanet.com\/fr\/a-propos-de-grupo-andres\/","og_site_name":"Grupo Andr\u00e9s Tyres","article_modified_time":"2024-04-08T12:37:27+00:00","twitter_card":"summary_large_image","twitter_misc":{"Dur\u00e9e de lecture estim\u00e9e":"2 minutes"},"schema":{"@context":"https:\/\/schema.org","@graph":[{"@type":"WebPage","@id":"https:\/\/grupoandres.desarrolloundanet.com\/fr\/a-propos-de-grupo-andres\/","url":"https:\/\/grupoandres.desarrolloundanet.com\/fr\/a-propos-de-grupo-andres\/","name":"Grupo Andr\u00e9s | Leader absolu en vente de pneus","isPartOf":{"@id":"https:\/\/grupoandres.desarrolloundanet.com\/#website"},"datePublished":"2015-11-30T16:15:49+00:00","dateModified":"2024-04-08T12:37:27+00:00","description":"Nous avons d\u00e9but\u00e9 dans un garage il y a 30 ans, et nous sommes aujourd'hui le distributeur N\u00ba 1 de pneus de la P\u00e9ninsule. Nous distribuons toutes les marques de pneus aux garages et aux professionnels.","breadcrumb":{"@id":"https:\/\/grupoandres.desarrolloundanet.com\/fr\/a-propos-de-grupo-andres\/#breadcrumb"},"inLanguage":"fr-FR","potentialAction":[{"@type":"ReadAction","target":["https:\/\/grupoandres.desarrolloundanet.com\/fr\/a-propos-de-grupo-andres\/"]}]},{"@type":"BreadcrumbList","@id":"https:\/\/grupoandres.desarrolloundanet.com\/fr\/a-propos-de-grupo-andres\/#breadcrumb","itemListElement":[{"@type":"ListItem","position":1,"name":"Portada","item":"https:\/\/grupoandres.desarrolloundanet.com\/fr\/"},{"@type":"ListItem","position":2,"name":"\u00c0 propos de Grupo Andr\u00e9s"}]},{"@type":"WebSite","@id":"https:\/\/grupoandres.desarrolloundanet.com\/#website","url":"https:\/\/grupoandres.desarrolloundanet.com\/","name":"Grupo Andr\u00e9s Tyres","description":"Tyres distributor  for workshops and proffesional.Stock 500,000 tires  of  70 brands. Exclusive distributors of brands as Nankang , Matador, General Tire and more.","potentialAction":[{"@type":"SearchAction","target":{"@type":"EntryPoint","urlTemplate":"https:\/\/grupoandres.desarrolloundanet.com\/?s={search_term_string}"},"query-input":{"@type":"PropertyValueSpecification","valueRequired":true,"valueName":"search_term_string"}}],"inLanguage":"fr-FR"}]}},"_links":{"self":[{"href":"https:\/\/grupoandres.desarrolloundanet.com\/fr\/wp-json\/wp\/v2\/pages\/1122","targetHints":{"allow":["GET"]}}],"collection":[{"href":"https:\/\/grupoandres.desarrolloundanet.com\/fr\/wp-json\/wp\/v2\/pages"}],"about":[{"href":"https:\/\/grupoandres.desarrolloundanet.com\/fr\/wp-json\/wp\/v2\/types\/page"}],"author":[{"embeddable":true,"href":"https:\/\/grupoandres.desarrolloundanet.com\/fr\/wp-json\/wp\/v2\/users\/1"}],"replies":[{"embeddable":true,"href":"https:\/\/grupoandres.desarrolloundanet.com\/fr\/wp-json\/wp\/v2\/comments?post=1122"}],"version-history":[{"count":21,"href":"https:\/\/grupoandres.desarrolloundanet.com\/fr\/wp-json\/wp\/v2\/pages\/1122\/revisions"}],"predecessor-version":[{"id":21990,"href":"https:\/\/grupoandres.desarrolloundanet.com\/fr\/wp-json\/wp\/v2\/pages\/1122\/revisions\/21990"}],"wp:attachment":[{"href":"https:\/\/grupoandres.desarrolloundanet.com\/fr\/wp-json\/wp\/v2\/media?parent=1122"}],"curies":[{"name":"wp","href":"https:\/\/api.w.org\/{rel}","templated":true}]}}