{"id":1051,"date":"2015-12-03T09:04:29","date_gmt":"2015-12-03T09:04:29","guid":{"rendered":"http:\/\/grupoandres.desarrolloundanet.com\/fr\/solicitar-cuenta\/"},"modified":"2023-01-27T16:31:05","modified_gmt":"2023-01-27T15:31:05","slug":"compte-commander","status":"publish","type":"page","link":"https:\/\/grupoandres.desarrolloundanet.com\/fr\/compte-commander\/","title":{"rendered":"Compte commander"},"content":{"rendered":"<div class=\"container_texto_solicita\">\n<div class=\"texto_solicita\" >PREMIER DISTRIBUTEUR DE PNEUS EN ESPAGNE ET AU PORTUGAL<\/p>\n<ul>\n<li>&#8211; Nous avons un stock de 750 000 pneus<\/li>\n<li>&#8211; Plus de 70 marques \u00e0 votre disposition<\/li>\n<li>&#8211; Livraison dans plus de 40 pays<\/li>\n<li>&#8211; TOP 10 des distributeurs en Europe<\/li>\n<\/ul>\n<\/div>\n<div class=\"img-descuento\">\n<img decoding=\"async\" title=\"Remise 5%\" src=\"https:\/\/grupoandres.desarrolloundanet.com\/wp-content\/uploads\/2023\/01\/descuento-5-fr-1.png\" alt=\"Remise 5%\" \/>\n<\/div>\n<\/div>\n<div class=\"solicita-text\"><strong>INSCRIVEZ-VOUS<\/strong> MAINTENANT ET OBTENEZ UNE<br \/>\nR\u00c9DUCTION SUPPL\u00c9MENTAIRE DE 5% SUR VOS PREMI\u00c8RES COMMANDES<\/div>\n<div class=\"btn ancla\" title=\"DEVENIR CLIENT\">DEVENIR CLIENT<\/div>\n","protected":false},"excerpt":{"rendered":"<p>PREMIER DISTRIBUTEUR DE PNEUS EN ESPAGNE ET AU PORTUGAL &#8211; Nous avons un stock de 750 000 pneus &#8211; Plus de 70 marques \u00e0 votre disposition &#8211; Livraison dans plus de 40 pays &#8211; TOP 10 des distributeurs en Europe INSCRIVEZ-VOUS MAINTENANT ET OBTENEZ UNE R\u00c9DUCTION SUPPL\u00c9MENTAIRE DE 5% SUR VOS PREMI\u00c8RES COMMANDES DEVENIR CLIENT<\/p>\n","protected":false},"author":1,"featured_media":0,"parent":0,"menu_order":0,"comment_status":"closed","ping_status":"closed","template":"page-solicitar-cuenta.php","meta":{"_acf_changed":false,"footnotes":""},"class_list":["post-1051","page","type-page","status-publish","hentry"],"acf":[],"yoast_head":"<!-- This site is optimized with the Yoast SEO plugin v27.3 - https:\/\/yoast.com\/product\/yoast-seo-wordpress\/ -->\n<title>Demande d&#039;ouverture de compte Client. Garages et professionels | Grupo Andr\u00e9s<\/title>\n<meta name=\"description\" content=\"Nous sommes le fournisseur de confiance de la plupart des garages et professionnels du secteur. Compl\u00e9tez le formulaire pour avoir acc\u00e8s \u00e0 tous les services de Grupo Andr\u00e9s!\" \/>\n<meta name=\"robots\" content=\"index, follow, max-snippet:-1, max-image-preview:large, max-video-preview:-1\" \/>\n<link rel=\"canonical\" href=\"https:\/\/grupoandres.desarrolloundanet.com\/fr\/compte-commander\/\" \/>\n<meta property=\"og:locale\" content=\"fr_FR\" \/>\n<meta property=\"og:type\" content=\"article\" \/>\n<meta property=\"og:title\" content=\"Demande d&#039;ouverture de compte Client. Garages et professionels | Grupo Andr\u00e9s\" \/>\n<meta property=\"og:description\" content=\"Nous sommes le fournisseur de confiance de la plupart des garages et professionnels du secteur. Compl\u00e9tez le formulaire pour avoir acc\u00e8s \u00e0 tous les services de Grupo Andr\u00e9s!\" \/>\n<meta property=\"og:url\" content=\"https:\/\/grupoandres.desarrolloundanet.com\/fr\/compte-commander\/\" \/>\n<meta property=\"og:site_name\" content=\"Grupo Andr\u00e9s Tyres\" \/>\n<meta property=\"article:modified_time\" content=\"2023-01-27T15:31:05+00:00\" \/>\n<meta property=\"og:image\" content=\"https:\/\/grupoandres.desarrolloundanet.com\/wp-content\/uploads\/2023\/01\/descuento-5-fr-1.png\" \/>\n<meta name=\"twitter:card\" content=\"summary_large_image\" \/>\n<meta name=\"twitter:label1\" content=\"Dur\u00e9e de lecture estim\u00e9e\" \/>\n\t<meta name=\"twitter:data1\" content=\"1 minute\" \/>\n<script type=\"application\/ld+json\" class=\"yoast-schema-graph\">{\"@context\":\"https:\\\/\\\/schema.org\",\"@graph\":[{\"@type\":\"WebPage\",\"@id\":\"https:\\\/\\\/grupoandres.desarrolloundanet.com\\\/fr\\\/compte-commander\\\/\",\"url\":\"https:\\\/\\\/grupoandres.desarrolloundanet.com\\\/fr\\\/compte-commander\\\/\",\"name\":\"Demande d'ouverture de compte Client. Garages et professionels | Grupo Andr\u00e9s\",\"isPartOf\":{\"@id\":\"https:\\\/\\\/grupoandres.desarrolloundanet.com\\\/#website\"},\"primaryImageOfPage\":{\"@id\":\"https:\\\/\\\/grupoandres.desarrolloundanet.com\\\/fr\\\/compte-commander\\\/#primaryimage\"},\"image\":{\"@id\":\"https:\\\/\\\/grupoandres.desarrolloundanet.com\\\/fr\\\/compte-commander\\\/#primaryimage\"},\"thumbnailUrl\":\"https:\\\/\\\/grupoandres.desarrolloundanet.com\\\/wp-content\\\/uploads\\\/2023\\\/01\\\/descuento-5-fr-1.png\",\"datePublished\":\"2015-12-03T09:04:29+00:00\",\"dateModified\":\"2023-01-27T15:31:05+00:00\",\"description\":\"Nous sommes le fournisseur de confiance de la plupart des garages et professionnels du secteur. Compl\u00e9tez le formulaire pour avoir acc\u00e8s \u00e0 tous les services de Grupo Andr\u00e9s!\",\"breadcrumb\":{\"@id\":\"https:\\\/\\\/grupoandres.desarrolloundanet.com\\\/fr\\\/compte-commander\\\/#breadcrumb\"},\"inLanguage\":\"fr-FR\",\"potentialAction\":[{\"@type\":\"ReadAction\",\"target\":[\"https:\\\/\\\/grupoandres.desarrolloundanet.com\\\/fr\\\/compte-commander\\\/\"]}]},{\"@type\":\"ImageObject\",\"inLanguage\":\"fr-FR\",\"@id\":\"https:\\\/\\\/grupoandres.desarrolloundanet.com\\\/fr\\\/compte-commander\\\/#primaryimage\",\"url\":\"https:\\\/\\\/grupoandres.desarrolloundanet.com\\\/wp-content\\\/uploads\\\/2023\\\/01\\\/descuento-5-fr-1.png\",\"contentUrl\":\"https:\\\/\\\/grupoandres.desarrolloundanet.com\\\/wp-content\\\/uploads\\\/2023\\\/01\\\/descuento-5-fr-1.png\"},{\"@type\":\"BreadcrumbList\",\"@id\":\"https:\\\/\\\/grupoandres.desarrolloundanet.com\\\/fr\\\/compte-commander\\\/#breadcrumb\",\"itemListElement\":[{\"@type\":\"ListItem\",\"position\":1,\"name\":\"Portada\",\"item\":\"https:\\\/\\\/grupoandres.desarrolloundanet.com\\\/fr\\\/\"},{\"@type\":\"ListItem\",\"position\":2,\"name\":\"Compte commander\"}]},{\"@type\":\"WebSite\",\"@id\":\"https:\\\/\\\/grupoandres.desarrolloundanet.com\\\/#website\",\"url\":\"https:\\\/\\\/grupoandres.desarrolloundanet.com\\\/\",\"name\":\"Grupo Andr\u00e9s Tyres\",\"description\":\"Tyres distributor  for workshops and proffesional.Stock 500,000 tires  of  70 brands. Exclusive distributors of brands as Nankang , Matador, General Tire and more.\",\"potentialAction\":[{\"@type\":\"SearchAction\",\"target\":{\"@type\":\"EntryPoint\",\"urlTemplate\":\"https:\\\/\\\/grupoandres.desarrolloundanet.com\\\/?s={search_term_string}\"},\"query-input\":{\"@type\":\"PropertyValueSpecification\",\"valueRequired\":true,\"valueName\":\"search_term_string\"}}],\"inLanguage\":\"fr-FR\"}]}<\/script>\n<!-- \/ Yoast SEO plugin. -->","yoast_head_json":{"title":"Demande d'ouverture de compte Client. Garages et professionels | Grupo Andr\u00e9s","description":"Nous sommes le fournisseur de confiance de la plupart des garages et professionnels du secteur. Compl\u00e9tez le formulaire pour avoir acc\u00e8s \u00e0 tous les services de Grupo Andr\u00e9s!","robots":{"index":"index","follow":"follow","max-snippet":"max-snippet:-1","max-image-preview":"max-image-preview:large","max-video-preview":"max-video-preview:-1"},"canonical":"https:\/\/grupoandres.desarrolloundanet.com\/fr\/compte-commander\/","og_locale":"fr_FR","og_type":"article","og_title":"Demande d'ouverture de compte Client. Garages et professionels | Grupo Andr\u00e9s","og_description":"Nous sommes le fournisseur de confiance de la plupart des garages et professionnels du secteur. Compl\u00e9tez le formulaire pour avoir acc\u00e8s \u00e0 tous les services de Grupo Andr\u00e9s!","og_url":"https:\/\/grupoandres.desarrolloundanet.com\/fr\/compte-commander\/","og_site_name":"Grupo Andr\u00e9s Tyres","article_modified_time":"2023-01-27T15:31:05+00:00","og_image":[{"url":"https:\/\/grupoandres.desarrolloundanet.com\/wp-content\/uploads\/2023\/01\/descuento-5-fr-1.png","type":"","width":"","height":""}],"twitter_card":"summary_large_image","twitter_misc":{"Dur\u00e9e de lecture estim\u00e9e":"1 minute"},"schema":{"@context":"https:\/\/schema.org","@graph":[{"@type":"WebPage","@id":"https:\/\/grupoandres.desarrolloundanet.com\/fr\/compte-commander\/","url":"https:\/\/grupoandres.desarrolloundanet.com\/fr\/compte-commander\/","name":"Demande d'ouverture de compte Client. Garages et professionels | Grupo Andr\u00e9s","isPartOf":{"@id":"https:\/\/grupoandres.desarrolloundanet.com\/#website"},"primaryImageOfPage":{"@id":"https:\/\/grupoandres.desarrolloundanet.com\/fr\/compte-commander\/#primaryimage"},"image":{"@id":"https:\/\/grupoandres.desarrolloundanet.com\/fr\/compte-commander\/#primaryimage"},"thumbnailUrl":"https:\/\/grupoandres.desarrolloundanet.com\/wp-content\/uploads\/2023\/01\/descuento-5-fr-1.png","datePublished":"2015-12-03T09:04:29+00:00","dateModified":"2023-01-27T15:31:05+00:00","description":"Nous sommes le fournisseur de confiance de la plupart des garages et professionnels du secteur. Compl\u00e9tez le formulaire pour avoir acc\u00e8s \u00e0 tous les services de Grupo Andr\u00e9s!","breadcrumb":{"@id":"https:\/\/grupoandres.desarrolloundanet.com\/fr\/compte-commander\/#breadcrumb"},"inLanguage":"fr-FR","potentialAction":[{"@type":"ReadAction","target":["https:\/\/grupoandres.desarrolloundanet.com\/fr\/compte-commander\/"]}]},{"@type":"ImageObject","inLanguage":"fr-FR","@id":"https:\/\/grupoandres.desarrolloundanet.com\/fr\/compte-commander\/#primaryimage","url":"https:\/\/grupoandres.desarrolloundanet.com\/wp-content\/uploads\/2023\/01\/descuento-5-fr-1.png","contentUrl":"https:\/\/grupoandres.desarrolloundanet.com\/wp-content\/uploads\/2023\/01\/descuento-5-fr-1.png"},{"@type":"BreadcrumbList","@id":"https:\/\/grupoandres.desarrolloundanet.com\/fr\/compte-commander\/#breadcrumb","itemListElement":[{"@type":"ListItem","position":1,"name":"Portada","item":"https:\/\/grupoandres.desarrolloundanet.com\/fr\/"},{"@type":"ListItem","position":2,"name":"Compte commander"}]},{"@type":"WebSite","@id":"https:\/\/grupoandres.desarrolloundanet.com\/#website","url":"https:\/\/grupoandres.desarrolloundanet.com\/","name":"Grupo Andr\u00e9s Tyres","description":"Tyres distributor  for workshops and proffesional.Stock 500,000 tires  of  70 brands. Exclusive distributors of brands as Nankang , Matador, General Tire and more.","potentialAction":[{"@type":"SearchAction","target":{"@type":"EntryPoint","urlTemplate":"https:\/\/grupoandres.desarrolloundanet.com\/?s={search_term_string}"},"query-input":{"@type":"PropertyValueSpecification","valueRequired":true,"valueName":"search_term_string"}}],"inLanguage":"fr-FR"}]}},"_links":{"self":[{"href":"https:\/\/grupoandres.desarrolloundanet.com\/fr\/wp-json\/wp\/v2\/pages\/1051","targetHints":{"allow":["GET"]}}],"collection":[{"href":"https:\/\/grupoandres.desarrolloundanet.com\/fr\/wp-json\/wp\/v2\/pages"}],"about":[{"href":"https:\/\/grupoandres.desarrolloundanet.com\/fr\/wp-json\/wp\/v2\/types\/page"}],"author":[{"embeddable":true,"href":"https:\/\/grupoandres.desarrolloundanet.com\/fr\/wp-json\/wp\/v2\/users\/1"}],"replies":[{"embeddable":true,"href":"https:\/\/grupoandres.desarrolloundanet.com\/fr\/wp-json\/wp\/v2\/comments?post=1051"}],"version-history":[{"count":16,"href":"https:\/\/grupoandres.desarrolloundanet.com\/fr\/wp-json\/wp\/v2\/pages\/1051\/revisions"}],"predecessor-version":[{"id":19590,"href":"https:\/\/grupoandres.desarrolloundanet.com\/fr\/wp-json\/wp\/v2\/pages\/1051\/revisions\/19590"}],"wp:attachment":[{"href":"https:\/\/grupoandres.desarrolloundanet.com\/fr\/wp-json\/wp\/v2\/media?parent=1051"}],"curies":[{"name":"wp","href":"https:\/\/api.w.org\/{rel}","templated":true}]}}