{"id":4670,"date":"2018-06-26T09:04:55","date_gmt":"2018-06-26T08:04:55","guid":{"rendered":"https:\/\/grupoandres.desarrolloundanet.com\/?page_id=4670"},"modified":"2021-10-22T12:21:42","modified_gmt":"2021-10-22T10:21:42","slug":"work-with-andres","status":"publish","type":"page","link":"https:\/\/grupoandres.desarrolloundanet.com\/en\/contact-us\/work-with-andres\/","title":{"rendered":"Work with Andr\u00e9s"},"content":{"rendered":"<p>ANDRES NEUMATICOS GROUP is the main, exclusive and independent, tyres distributor at the Iberian Peninsula.<\/p>\n<p>With more than 30 years of experience, Neumaticos Andres is still the reference on tyres sector in Spain and Portugal, being the most solid and profitable choice among professionals. Our strategy is focused on our customers, who we consider our partners, and together with them, we are always looking for reaching the maximum profit, both for supplier either the customer.<\/p>\n<p>We buy from the main tyres manufacturers, and our solidity and purchasing power allow us to offer an excellent and dynamic price.<\/p>\n","protected":false},"excerpt":{"rendered":"<p>ANDRES NEUMATICOS GROUP is the main, exclusive and independent, tyres distributor at the Iberian Peninsula. With more than 30 years of experience, Neumaticos Andres is still the reference on tyres sector in Spain and Portugal, being the most solid and profitable choice among professionals. Our strategy is focused on our customers, who we consider our &hellip; <a href=\"https:\/\/grupoandres.desarrolloundanet.com\/en\/contact-us\/work-with-andres\/\" class=\"more-link\">Continue reading <span class=\"screen-reader-text\">Work with Andr\u00e9s<\/span> <span class=\"meta-nav\">&rarr;<\/span><\/a><\/p>\n","protected":false},"author":1,"featured_media":0,"parent":1223,"menu_order":0,"comment_status":"closed","ping_status":"closed","template":"page-contacto.php","meta":{"_acf_changed":false,"footnotes":""},"class_list":["post-4670","page","type-page","status-publish","hentry"],"acf":[],"yoast_head":"<!-- This site is optimized with the Yoast SEO plugin v27.3 - https:\/\/yoast.com\/product\/yoast-seo-wordpress\/ -->\n<title>Work with Andr\u00e9s - Grupo Andr\u00e9s Tyres<\/title>\n<meta name=\"description\" content=\"Do you want to work with Grupo Andr\u00e9s? Join us. Andr\u00e9s Neum\u00e1ticos Group is the main, exclusive and independent, tyres distributor at the Iberian Peninsula.\" \/>\n<meta name=\"robots\" content=\"index, follow, max-snippet:-1, max-image-preview:large, max-video-preview:-1\" \/>\n<link rel=\"canonical\" href=\"https:\/\/grupoandres.desarrolloundanet.com\/en\/contact-us\/work-with-andres\/\" \/>\n<meta property=\"og:locale\" content=\"en_US\" \/>\n<meta property=\"og:type\" content=\"article\" \/>\n<meta property=\"og:title\" content=\"Work with Andr\u00e9s - Grupo Andr\u00e9s Tyres\" \/>\n<meta property=\"og:description\" content=\"Do you want to work with Grupo Andr\u00e9s? Join us. Andr\u00e9s Neum\u00e1ticos Group is the main, exclusive and independent, tyres distributor at the Iberian Peninsula.\" \/>\n<meta property=\"og:url\" content=\"https:\/\/grupoandres.desarrolloundanet.com\/en\/contact-us\/work-with-andres\/\" \/>\n<meta property=\"og:site_name\" content=\"Grupo Andr\u00e9s Tyres\" \/>\n<meta property=\"article:modified_time\" content=\"2021-10-22T10:21:42+00:00\" \/>\n<meta name=\"twitter:card\" content=\"summary_large_image\" \/>\n<script type=\"application\/ld+json\" class=\"yoast-schema-graph\">{\"@context\":\"https:\\\/\\\/schema.org\",\"@graph\":[{\"@type\":\"WebPage\",\"@id\":\"https:\\\/\\\/grupoandres.desarrolloundanet.com\\\/en\\\/contact-us\\\/work-with-andres\\\/\",\"url\":\"https:\\\/\\\/grupoandres.desarrolloundanet.com\\\/en\\\/contact-us\\\/work-with-andres\\\/\",\"name\":\"Work with Andr\u00e9s - Grupo Andr\u00e9s Tyres\",\"isPartOf\":{\"@id\":\"https:\\\/\\\/grupoandres.desarrolloundanet.com\\\/#website\"},\"datePublished\":\"2018-06-26T08:04:55+00:00\",\"dateModified\":\"2021-10-22T10:21:42+00:00\",\"description\":\"Do you want to work with Grupo Andr\u00e9s? Join us. Andr\u00e9s Neum\u00e1ticos Group is the main, exclusive and independent, tyres distributor at the Iberian Peninsula.\",\"breadcrumb\":{\"@id\":\"https:\\\/\\\/grupoandres.desarrolloundanet.com\\\/en\\\/contact-us\\\/work-with-andres\\\/#breadcrumb\"},\"inLanguage\":\"en-US\",\"potentialAction\":[{\"@type\":\"ReadAction\",\"target\":[\"https:\\\/\\\/grupoandres.desarrolloundanet.com\\\/en\\\/contact-us\\\/work-with-andres\\\/\"]}]},{\"@type\":\"BreadcrumbList\",\"@id\":\"https:\\\/\\\/grupoandres.desarrolloundanet.com\\\/en\\\/contact-us\\\/work-with-andres\\\/#breadcrumb\",\"itemListElement\":[{\"@type\":\"ListItem\",\"position\":1,\"name\":\"Portada\",\"item\":\"https:\\\/\\\/grupoandres.desarrolloundanet.com\\\/en\\\/\"},{\"@type\":\"ListItem\",\"position\":2,\"name\":\"Contact us\",\"item\":\"https:\\\/\\\/grupoandres.desarrolloundanet.com\\\/en\\\/contact-us\\\/\"},{\"@type\":\"ListItem\",\"position\":3,\"name\":\"Work with Andr\u00e9s\"}]},{\"@type\":\"WebSite\",\"@id\":\"https:\\\/\\\/grupoandres.desarrolloundanet.com\\\/#website\",\"url\":\"https:\\\/\\\/grupoandres.desarrolloundanet.com\\\/\",\"name\":\"Grupo Andr\u00e9s Tyres\",\"description\":\"Tyres distributor  for workshops and proffesional.Stock 500,000 tires  of  70 brands. Exclusive distributors of brands as Nankang , Matador, General Tire and more.\",\"potentialAction\":[{\"@type\":\"SearchAction\",\"target\":{\"@type\":\"EntryPoint\",\"urlTemplate\":\"https:\\\/\\\/grupoandres.desarrolloundanet.com\\\/?s={search_term_string}\"},\"query-input\":{\"@type\":\"PropertyValueSpecification\",\"valueRequired\":true,\"valueName\":\"search_term_string\"}}],\"inLanguage\":\"en-US\"}]}<\/script>\n<!-- \/ Yoast SEO plugin. -->","yoast_head_json":{"title":"Work with Andr\u00e9s - Grupo Andr\u00e9s Tyres","description":"Do you want to work with Grupo Andr\u00e9s? Join us. Andr\u00e9s Neum\u00e1ticos Group is the main, exclusive and independent, tyres distributor at the Iberian Peninsula.","robots":{"index":"index","follow":"follow","max-snippet":"max-snippet:-1","max-image-preview":"max-image-preview:large","max-video-preview":"max-video-preview:-1"},"canonical":"https:\/\/grupoandres.desarrolloundanet.com\/en\/contact-us\/work-with-andres\/","og_locale":"en_US","og_type":"article","og_title":"Work with Andr\u00e9s - Grupo Andr\u00e9s Tyres","og_description":"Do you want to work with Grupo Andr\u00e9s? Join us. Andr\u00e9s Neum\u00e1ticos Group is the main, exclusive and independent, tyres distributor at the Iberian Peninsula.","og_url":"https:\/\/grupoandres.desarrolloundanet.com\/en\/contact-us\/work-with-andres\/","og_site_name":"Grupo Andr\u00e9s Tyres","article_modified_time":"2021-10-22T10:21:42+00:00","twitter_card":"summary_large_image","schema":{"@context":"https:\/\/schema.org","@graph":[{"@type":"WebPage","@id":"https:\/\/grupoandres.desarrolloundanet.com\/en\/contact-us\/work-with-andres\/","url":"https:\/\/grupoandres.desarrolloundanet.com\/en\/contact-us\/work-with-andres\/","name":"Work with Andr\u00e9s - Grupo Andr\u00e9s Tyres","isPartOf":{"@id":"https:\/\/grupoandres.desarrolloundanet.com\/#website"},"datePublished":"2018-06-26T08:04:55+00:00","dateModified":"2021-10-22T10:21:42+00:00","description":"Do you want to work with Grupo Andr\u00e9s? Join us. Andr\u00e9s Neum\u00e1ticos Group is the main, exclusive and independent, tyres distributor at the Iberian Peninsula.","breadcrumb":{"@id":"https:\/\/grupoandres.desarrolloundanet.com\/en\/contact-us\/work-with-andres\/#breadcrumb"},"inLanguage":"en-US","potentialAction":[{"@type":"ReadAction","target":["https:\/\/grupoandres.desarrolloundanet.com\/en\/contact-us\/work-with-andres\/"]}]},{"@type":"BreadcrumbList","@id":"https:\/\/grupoandres.desarrolloundanet.com\/en\/contact-us\/work-with-andres\/#breadcrumb","itemListElement":[{"@type":"ListItem","position":1,"name":"Portada","item":"https:\/\/grupoandres.desarrolloundanet.com\/en\/"},{"@type":"ListItem","position":2,"name":"Contact us","item":"https:\/\/grupoandres.desarrolloundanet.com\/en\/contact-us\/"},{"@type":"ListItem","position":3,"name":"Work with Andr\u00e9s"}]},{"@type":"WebSite","@id":"https:\/\/grupoandres.desarrolloundanet.com\/#website","url":"https:\/\/grupoandres.desarrolloundanet.com\/","name":"Grupo Andr\u00e9s Tyres","description":"Tyres distributor  for workshops and proffesional.Stock 500,000 tires  of  70 brands. Exclusive distributors of brands as Nankang , Matador, General Tire and more.","potentialAction":[{"@type":"SearchAction","target":{"@type":"EntryPoint","urlTemplate":"https:\/\/grupoandres.desarrolloundanet.com\/?s={search_term_string}"},"query-input":{"@type":"PropertyValueSpecification","valueRequired":true,"valueName":"search_term_string"}}],"inLanguage":"en-US"}]}},"_links":{"self":[{"href":"https:\/\/grupoandres.desarrolloundanet.com\/en\/wp-json\/wp\/v2\/pages\/4670","targetHints":{"allow":["GET"]}}],"collection":[{"href":"https:\/\/grupoandres.desarrolloundanet.com\/en\/wp-json\/wp\/v2\/pages"}],"about":[{"href":"https:\/\/grupoandres.desarrolloundanet.com\/en\/wp-json\/wp\/v2\/types\/page"}],"author":[{"embeddable":true,"href":"https:\/\/grupoandres.desarrolloundanet.com\/en\/wp-json\/wp\/v2\/users\/1"}],"replies":[{"embeddable":true,"href":"https:\/\/grupoandres.desarrolloundanet.com\/en\/wp-json\/wp\/v2\/comments?post=4670"}],"version-history":[{"count":8,"href":"https:\/\/grupoandres.desarrolloundanet.com\/en\/wp-json\/wp\/v2\/pages\/4670\/revisions"}],"predecessor-version":[{"id":11874,"href":"https:\/\/grupoandres.desarrolloundanet.com\/en\/wp-json\/wp\/v2\/pages\/4670\/revisions\/11874"}],"up":[{"embeddable":true,"href":"https:\/\/grupoandres.desarrolloundanet.com\/en\/wp-json\/wp\/v2\/pages\/1223"}],"wp:attachment":[{"href":"https:\/\/grupoandres.desarrolloundanet.com\/en\/wp-json\/wp\/v2\/media?parent=4670"}],"curies":[{"name":"wp","href":"https:\/\/api.w.org\/{rel}","templated":true}]}}