{"id":26501,"date":"2026-02-11T14:59:23","date_gmt":"2026-02-11T13:59:23","guid":{"rendered":"https:\/\/grupoandres.desarrolloundanet.com\/tyres\/maxxis\/"},"modified":"2026-02-13T11:27:45","modified_gmt":"2026-02-13T10:27:45","slug":"maxxis","status":"publish","type":"page","link":"https:\/\/grupoandres.desarrolloundanet.com\/en\/tyres\/maxxis\/","title":{"rendered":"Maxxis"},"content":{"rendered":"<p>We have added the prestigious <strong>Maxxis<\/strong> brand to our catalog, internationally recognized for its quality, innovation, and versatility.<\/p>\n<p>The <strong>Maxxis<\/strong> bicycle tire range covers all cyclists\u2019 needs: from lightweight and efficient road and urban tires to specialized models for gravel and adventure, mountain biking (MTB), enduro, downhill, or BMX.<\/p>\n<p>Each option combines advanced technologies and compounds designed to offer an optimal balance between traction, durability, and performance.<br \/>\nOur mission as a distributor is to offer workshops, stores, and industry professionals a complete selection of Maxxis tires, along with the expert advice you need to find the most suitable solution for each type of customer and discipline.<br \/>\nTrust our experience and consult our specialists to discover the perfect Maxxis tire for every bicycle.<\/p>\n","protected":false},"excerpt":{"rendered":"<p>We have added the prestigious Maxxis brand to our catalog, internationally recognized for its quality, innovation, and versatility. The Maxxis bicycle tire range covers all cyclists\u2019 needs: from lightweight and efficient road and urban tires to specialized models for gravel and adventure, mountain biking (MTB), enduro, downhill, or BMX. Each option combines advanced technologies and &hellip; <a href=\"https:\/\/grupoandres.desarrolloundanet.com\/en\/tyres\/maxxis\/\" class=\"more-link\">Continue reading <span class=\"screen-reader-text\">Maxxis<\/span> <span class=\"meta-nav\">&rarr;<\/span><\/a><\/p>\n","protected":false},"author":1,"featured_media":0,"parent":1248,"menu_order":0,"comment_status":"closed","ping_status":"closed","template":"page-marcas.php","meta":{"_acf_changed":false,"footnotes":""},"class_list":["post-26501","page","type-page","status-publish","hentry"],"acf":[],"yoast_head":"<!-- This site is optimized with the Yoast SEO plugin v27.3 - https:\/\/yoast.com\/product\/yoast-seo-wordpress\/ -->\n<title>Neum\u00e1ticos Maxxis - Grupo Andr\u00e9s Tyres<\/title>\n<meta name=\"description\" content=\"Distribuci\u00f3n y venta al por mayor de neum\u00e1ticos Rebel para talleres y profesionales. Amplia variedad de modelos y medidas \u00a1Entrega en 24 h!\" \/>\n<meta name=\"robots\" content=\"index, follow, max-snippet:-1, max-image-preview:large, max-video-preview:-1\" \/>\n<link rel=\"canonical\" href=\"https:\/\/grupoandres.desarrolloundanet.com\/en\/tyres\/maxxis\/\" \/>\n<meta property=\"og:locale\" content=\"en_US\" \/>\n<meta property=\"og:type\" content=\"article\" \/>\n<meta property=\"og:title\" content=\"Neum\u00e1ticos Maxxis - Grupo Andr\u00e9s Tyres\" \/>\n<meta property=\"og:description\" content=\"Distribuci\u00f3n y venta al por mayor de neum\u00e1ticos Rebel para talleres y profesionales. Amplia variedad de modelos y medidas \u00a1Entrega en 24 h!\" \/>\n<meta property=\"og:url\" content=\"https:\/\/grupoandres.desarrolloundanet.com\/en\/tyres\/maxxis\/\" \/>\n<meta property=\"og:site_name\" content=\"Grupo Andr\u00e9s Tyres\" \/>\n<meta property=\"article:modified_time\" content=\"2026-02-13T10:27:45+00:00\" \/>\n<meta name=\"twitter:card\" content=\"summary_large_image\" \/>\n<meta name=\"twitter:label1\" content=\"Est. reading time\" \/>\n\t<meta name=\"twitter:data1\" content=\"1 minute\" \/>\n<script type=\"application\/ld+json\" class=\"yoast-schema-graph\">{\"@context\":\"https:\\\/\\\/schema.org\",\"@graph\":[{\"@type\":\"WebPage\",\"@id\":\"https:\\\/\\\/grupoandres.desarrolloundanet.com\\\/en\\\/tyres\\\/maxxis\\\/\",\"url\":\"https:\\\/\\\/grupoandres.desarrolloundanet.com\\\/en\\\/tyres\\\/maxxis\\\/\",\"name\":\"Neum\u00e1ticos Maxxis - Grupo Andr\u00e9s Tyres\",\"isPartOf\":{\"@id\":\"https:\\\/\\\/grupoandres.desarrolloundanet.com\\\/#website\"},\"datePublished\":\"2026-02-11T13:59:23+00:00\",\"dateModified\":\"2026-02-13T10:27:45+00:00\",\"description\":\"Distribuci\u00f3n y venta al por mayor de neum\u00e1ticos Rebel para talleres y profesionales. Amplia variedad de modelos y medidas \u00a1Entrega en 24 h!\",\"breadcrumb\":{\"@id\":\"https:\\\/\\\/grupoandres.desarrolloundanet.com\\\/en\\\/tyres\\\/maxxis\\\/#breadcrumb\"},\"inLanguage\":\"en-US\",\"potentialAction\":[{\"@type\":\"ReadAction\",\"target\":[\"https:\\\/\\\/grupoandres.desarrolloundanet.com\\\/en\\\/tyres\\\/maxxis\\\/\"]}]},{\"@type\":\"BreadcrumbList\",\"@id\":\"https:\\\/\\\/grupoandres.desarrolloundanet.com\\\/en\\\/tyres\\\/maxxis\\\/#breadcrumb\",\"itemListElement\":[{\"@type\":\"ListItem\",\"position\":1,\"name\":\"Portada\",\"item\":\"https:\\\/\\\/grupoandres.desarrolloundanet.com\\\/en\\\/\"},{\"@type\":\"ListItem\",\"position\":2,\"name\":\"Tyres\",\"item\":\"https:\\\/\\\/grupoandres.desarrolloundanet.com\\\/en\\\/tyres\\\/\"},{\"@type\":\"ListItem\",\"position\":3,\"name\":\"Maxxis\"}]},{\"@type\":\"WebSite\",\"@id\":\"https:\\\/\\\/grupoandres.desarrolloundanet.com\\\/#website\",\"url\":\"https:\\\/\\\/grupoandres.desarrolloundanet.com\\\/\",\"name\":\"Grupo Andr\u00e9s Tyres\",\"description\":\"Tyres distributor  for workshops and proffesional.Stock 500,000 tires  of  70 brands. Exclusive distributors of brands as Nankang , Matador, General Tire and more.\",\"potentialAction\":[{\"@type\":\"SearchAction\",\"target\":{\"@type\":\"EntryPoint\",\"urlTemplate\":\"https:\\\/\\\/grupoandres.desarrolloundanet.com\\\/?s={search_term_string}\"},\"query-input\":{\"@type\":\"PropertyValueSpecification\",\"valueRequired\":true,\"valueName\":\"search_term_string\"}}],\"inLanguage\":\"en-US\"}]}<\/script>\n<!-- \/ Yoast SEO plugin. -->","yoast_head_json":{"title":"Neum\u00e1ticos Maxxis - Grupo Andr\u00e9s Tyres","description":"Distribuci\u00f3n y venta al por mayor de neum\u00e1ticos Rebel para talleres y profesionales. Amplia variedad de modelos y medidas \u00a1Entrega en 24 h!","robots":{"index":"index","follow":"follow","max-snippet":"max-snippet:-1","max-image-preview":"max-image-preview:large","max-video-preview":"max-video-preview:-1"},"canonical":"https:\/\/grupoandres.desarrolloundanet.com\/en\/tyres\/maxxis\/","og_locale":"en_US","og_type":"article","og_title":"Neum\u00e1ticos Maxxis - Grupo Andr\u00e9s Tyres","og_description":"Distribuci\u00f3n y venta al por mayor de neum\u00e1ticos Rebel para talleres y profesionales. Amplia variedad de modelos y medidas \u00a1Entrega en 24 h!","og_url":"https:\/\/grupoandres.desarrolloundanet.com\/en\/tyres\/maxxis\/","og_site_name":"Grupo Andr\u00e9s Tyres","article_modified_time":"2026-02-13T10:27:45+00:00","twitter_card":"summary_large_image","twitter_misc":{"Est. reading time":"1 minute"},"schema":{"@context":"https:\/\/schema.org","@graph":[{"@type":"WebPage","@id":"https:\/\/grupoandres.desarrolloundanet.com\/en\/tyres\/maxxis\/","url":"https:\/\/grupoandres.desarrolloundanet.com\/en\/tyres\/maxxis\/","name":"Neum\u00e1ticos Maxxis - Grupo Andr\u00e9s Tyres","isPartOf":{"@id":"https:\/\/grupoandres.desarrolloundanet.com\/#website"},"datePublished":"2026-02-11T13:59:23+00:00","dateModified":"2026-02-13T10:27:45+00:00","description":"Distribuci\u00f3n y venta al por mayor de neum\u00e1ticos Rebel para talleres y profesionales. Amplia variedad de modelos y medidas \u00a1Entrega en 24 h!","breadcrumb":{"@id":"https:\/\/grupoandres.desarrolloundanet.com\/en\/tyres\/maxxis\/#breadcrumb"},"inLanguage":"en-US","potentialAction":[{"@type":"ReadAction","target":["https:\/\/grupoandres.desarrolloundanet.com\/en\/tyres\/maxxis\/"]}]},{"@type":"BreadcrumbList","@id":"https:\/\/grupoandres.desarrolloundanet.com\/en\/tyres\/maxxis\/#breadcrumb","itemListElement":[{"@type":"ListItem","position":1,"name":"Portada","item":"https:\/\/grupoandres.desarrolloundanet.com\/en\/"},{"@type":"ListItem","position":2,"name":"Tyres","item":"https:\/\/grupoandres.desarrolloundanet.com\/en\/tyres\/"},{"@type":"ListItem","position":3,"name":"Maxxis"}]},{"@type":"WebSite","@id":"https:\/\/grupoandres.desarrolloundanet.com\/#website","url":"https:\/\/grupoandres.desarrolloundanet.com\/","name":"Grupo Andr\u00e9s Tyres","description":"Tyres distributor  for workshops and proffesional.Stock 500,000 tires  of  70 brands. Exclusive distributors of brands as Nankang , Matador, General Tire and more.","potentialAction":[{"@type":"SearchAction","target":{"@type":"EntryPoint","urlTemplate":"https:\/\/grupoandres.desarrolloundanet.com\/?s={search_term_string}"},"query-input":{"@type":"PropertyValueSpecification","valueRequired":true,"valueName":"search_term_string"}}],"inLanguage":"en-US"}]}},"_links":{"self":[{"href":"https:\/\/grupoandres.desarrolloundanet.com\/en\/wp-json\/wp\/v2\/pages\/26501","targetHints":{"allow":["GET"]}}],"collection":[{"href":"https:\/\/grupoandres.desarrolloundanet.com\/en\/wp-json\/wp\/v2\/pages"}],"about":[{"href":"https:\/\/grupoandres.desarrolloundanet.com\/en\/wp-json\/wp\/v2\/types\/page"}],"author":[{"embeddable":true,"href":"https:\/\/grupoandres.desarrolloundanet.com\/en\/wp-json\/wp\/v2\/users\/1"}],"replies":[{"embeddable":true,"href":"https:\/\/grupoandres.desarrolloundanet.com\/en\/wp-json\/wp\/v2\/comments?post=26501"}],"version-history":[{"count":2,"href":"https:\/\/grupoandres.desarrolloundanet.com\/en\/wp-json\/wp\/v2\/pages\/26501\/revisions"}],"predecessor-version":[{"id":26542,"href":"https:\/\/grupoandres.desarrolloundanet.com\/en\/wp-json\/wp\/v2\/pages\/26501\/revisions\/26542"}],"up":[{"embeddable":true,"href":"https:\/\/grupoandres.desarrolloundanet.com\/en\/wp-json\/wp\/v2\/pages\/1248"}],"wp:attachment":[{"href":"https:\/\/grupoandres.desarrolloundanet.com\/en\/wp-json\/wp\/v2\/media?parent=26501"}],"curies":[{"name":"wp","href":"https:\/\/api.w.org\/{rel}","templated":true}]}}