{"id":26495,"date":"2026-02-11T14:46:45","date_gmt":"2026-02-11T13:46:45","guid":{"rendered":"https:\/\/grupoandres.desarrolloundanet.com\/tyres\/bicicleta\/"},"modified":"2026-02-13T10:40:21","modified_gmt":"2026-02-13T09:40:21","slug":"bicycle","status":"publish","type":"page","link":"https:\/\/grupoandres.desarrolloundanet.com\/en\/tyres\/bicycle\/","title":{"rendered":"Bicycle"},"content":{"rendered":"<p>Cycling has evolved remarkably in recent years, both in sports and in urban and leisure mobility. Choosing the right tire is key to ensuring safety, performance, comfort, and durability on every ride, whether on the road, in the city, or on demanding terrain.<\/p>\n<p>At Neum\u00e1ticos Andr\u00e9s, we have added the prestigious <strong>Maxxis<\/strong> brand to our catalog, internationally recognized for its quality, innovation, and versatility.<\/p>\n","protected":false},"excerpt":{"rendered":"<p>Cycling has evolved remarkably in recent years, both in sports and in urban and leisure mobility. Choosing the right tire is key to ensuring safety, performance, comfort, and durability on every ride, whether on the road, in the city, or on demanding terrain. At Neum\u00e1ticos Andr\u00e9s, we have added the prestigious Maxxis brand to our &hellip; <a href=\"https:\/\/grupoandres.desarrolloundanet.com\/en\/tyres\/bicycle\/\" class=\"more-link\">Continue reading <span class=\"screen-reader-text\">Bicycle<\/span> <span class=\"meta-nav\">&rarr;<\/span><\/a><\/p>\n","protected":false},"author":1,"featured_media":0,"parent":1248,"menu_order":0,"comment_status":"closed","ping_status":"closed","template":"page-neumaticos.php","meta":{"_acf_changed":false,"footnotes":""},"class_list":["post-26495","page","type-page","status-publish","hentry"],"acf":[],"yoast_head":"<!-- This site is optimized with the Yoast SEO plugin v27.3 - https:\/\/yoast.com\/product\/yoast-seo-wordpress\/ -->\n<title>Neum\u00e1ticos para Bicycle - Grupo Andr\u00e9s Tyres<\/title>\n<meta name=\"description\" content=\"Distribuci\u00f3n y venta al por mayor de neum\u00e1ticos de Moto para talleres y profesionales de Espa\u00f1a y de Europa. Distribuimos todo tipo de marcas premium y exclusivas. Date de alta en nuestra nueva plataforma Online y obt\u00e9n grandes descuentos del mayor distribuidor de neum\u00e1ticos de la pen\u00ednsula. \u00a1Entrega en 24 horas!\" \/>\n<meta name=\"robots\" content=\"index, follow, max-snippet:-1, max-image-preview:large, max-video-preview:-1\" \/>\n<link rel=\"canonical\" href=\"https:\/\/grupoandres.desarrolloundanet.com\/en\/tyres\/bicycle\/\" \/>\n<meta property=\"og:locale\" content=\"en_US\" \/>\n<meta property=\"og:type\" content=\"article\" \/>\n<meta property=\"og:title\" content=\"Neum\u00e1ticos para Bicycle - Grupo Andr\u00e9s Tyres\" \/>\n<meta property=\"og:description\" content=\"Distribuci\u00f3n y venta al por mayor de neum\u00e1ticos de Moto para talleres y profesionales de Espa\u00f1a y de Europa. Distribuimos todo tipo de marcas premium y exclusivas. Date de alta en nuestra nueva plataforma Online y obt\u00e9n grandes descuentos del mayor distribuidor de neum\u00e1ticos de la pen\u00ednsula. \u00a1Entrega en 24 horas!\" \/>\n<meta property=\"og:url\" content=\"https:\/\/grupoandres.desarrolloundanet.com\/en\/tyres\/bicycle\/\" \/>\n<meta property=\"og:site_name\" content=\"Grupo Andr\u00e9s Tyres\" \/>\n<meta property=\"article:modified_time\" content=\"2026-02-13T09:40:21+00:00\" \/>\n<meta name=\"twitter:card\" content=\"summary_large_image\" \/>\n<meta name=\"twitter:label1\" content=\"Est. reading time\" \/>\n\t<meta name=\"twitter:data1\" content=\"1 minute\" \/>\n<script type=\"application\/ld+json\" class=\"yoast-schema-graph\">{\"@context\":\"https:\\\/\\\/schema.org\",\"@graph\":[{\"@type\":\"WebPage\",\"@id\":\"https:\\\/\\\/grupoandres.desarrolloundanet.com\\\/en\\\/tyres\\\/bicycle\\\/\",\"url\":\"https:\\\/\\\/grupoandres.desarrolloundanet.com\\\/en\\\/tyres\\\/bicycle\\\/\",\"name\":\"Neum\u00e1ticos para Bicycle - Grupo Andr\u00e9s Tyres\",\"isPartOf\":{\"@id\":\"https:\\\/\\\/grupoandres.desarrolloundanet.com\\\/#website\"},\"datePublished\":\"2026-02-11T13:46:45+00:00\",\"dateModified\":\"2026-02-13T09:40:21+00:00\",\"description\":\"Distribuci\u00f3n y venta al por mayor de neum\u00e1ticos de Moto para talleres y profesionales de Espa\u00f1a y de Europa. Distribuimos todo tipo de marcas premium y exclusivas. Date de alta en nuestra nueva plataforma Online y obt\u00e9n grandes descuentos del mayor distribuidor de neum\u00e1ticos de la pen\u00ednsula. \u00a1Entrega en 24 horas!\",\"breadcrumb\":{\"@id\":\"https:\\\/\\\/grupoandres.desarrolloundanet.com\\\/en\\\/tyres\\\/bicycle\\\/#breadcrumb\"},\"inLanguage\":\"en-US\",\"potentialAction\":[{\"@type\":\"ReadAction\",\"target\":[\"https:\\\/\\\/grupoandres.desarrolloundanet.com\\\/en\\\/tyres\\\/bicycle\\\/\"]}]},{\"@type\":\"BreadcrumbList\",\"@id\":\"https:\\\/\\\/grupoandres.desarrolloundanet.com\\\/en\\\/tyres\\\/bicycle\\\/#breadcrumb\",\"itemListElement\":[{\"@type\":\"ListItem\",\"position\":1,\"name\":\"Portada\",\"item\":\"https:\\\/\\\/grupoandres.desarrolloundanet.com\\\/en\\\/\"},{\"@type\":\"ListItem\",\"position\":2,\"name\":\"Tyres\",\"item\":\"https:\\\/\\\/grupoandres.desarrolloundanet.com\\\/en\\\/tyres\\\/\"},{\"@type\":\"ListItem\",\"position\":3,\"name\":\"Bicycle\"}]},{\"@type\":\"WebSite\",\"@id\":\"https:\\\/\\\/grupoandres.desarrolloundanet.com\\\/#website\",\"url\":\"https:\\\/\\\/grupoandres.desarrolloundanet.com\\\/\",\"name\":\"Grupo Andr\u00e9s Tyres\",\"description\":\"Tyres distributor  for workshops and proffesional.Stock 500,000 tires  of  70 brands. Exclusive distributors of brands as Nankang , Matador, General Tire and more.\",\"potentialAction\":[{\"@type\":\"SearchAction\",\"target\":{\"@type\":\"EntryPoint\",\"urlTemplate\":\"https:\\\/\\\/grupoandres.desarrolloundanet.com\\\/?s={search_term_string}\"},\"query-input\":{\"@type\":\"PropertyValueSpecification\",\"valueRequired\":true,\"valueName\":\"search_term_string\"}}],\"inLanguage\":\"en-US\"}]}<\/script>\n<!-- \/ Yoast SEO plugin. -->","yoast_head_json":{"title":"Neum\u00e1ticos para Bicycle - Grupo Andr\u00e9s Tyres","description":"Distribuci\u00f3n y venta al por mayor de neum\u00e1ticos de Moto para talleres y profesionales de Espa\u00f1a y de Europa. Distribuimos todo tipo de marcas premium y exclusivas. Date de alta en nuestra nueva plataforma Online y obt\u00e9n grandes descuentos del mayor distribuidor de neum\u00e1ticos de la pen\u00ednsula. \u00a1Entrega en 24 horas!","robots":{"index":"index","follow":"follow","max-snippet":"max-snippet:-1","max-image-preview":"max-image-preview:large","max-video-preview":"max-video-preview:-1"},"canonical":"https:\/\/grupoandres.desarrolloundanet.com\/en\/tyres\/bicycle\/","og_locale":"en_US","og_type":"article","og_title":"Neum\u00e1ticos para Bicycle - Grupo Andr\u00e9s Tyres","og_description":"Distribuci\u00f3n y venta al por mayor de neum\u00e1ticos de Moto para talleres y profesionales de Espa\u00f1a y de Europa. Distribuimos todo tipo de marcas premium y exclusivas. Date de alta en nuestra nueva plataforma Online y obt\u00e9n grandes descuentos del mayor distribuidor de neum\u00e1ticos de la pen\u00ednsula. \u00a1Entrega en 24 horas!","og_url":"https:\/\/grupoandres.desarrolloundanet.com\/en\/tyres\/bicycle\/","og_site_name":"Grupo Andr\u00e9s Tyres","article_modified_time":"2026-02-13T09:40:21+00:00","twitter_card":"summary_large_image","twitter_misc":{"Est. reading time":"1 minute"},"schema":{"@context":"https:\/\/schema.org","@graph":[{"@type":"WebPage","@id":"https:\/\/grupoandres.desarrolloundanet.com\/en\/tyres\/bicycle\/","url":"https:\/\/grupoandres.desarrolloundanet.com\/en\/tyres\/bicycle\/","name":"Neum\u00e1ticos para Bicycle - Grupo Andr\u00e9s Tyres","isPartOf":{"@id":"https:\/\/grupoandres.desarrolloundanet.com\/#website"},"datePublished":"2026-02-11T13:46:45+00:00","dateModified":"2026-02-13T09:40:21+00:00","description":"Distribuci\u00f3n y venta al por mayor de neum\u00e1ticos de Moto para talleres y profesionales de Espa\u00f1a y de Europa. Distribuimos todo tipo de marcas premium y exclusivas. Date de alta en nuestra nueva plataforma Online y obt\u00e9n grandes descuentos del mayor distribuidor de neum\u00e1ticos de la pen\u00ednsula. \u00a1Entrega en 24 horas!","breadcrumb":{"@id":"https:\/\/grupoandres.desarrolloundanet.com\/en\/tyres\/bicycle\/#breadcrumb"},"inLanguage":"en-US","potentialAction":[{"@type":"ReadAction","target":["https:\/\/grupoandres.desarrolloundanet.com\/en\/tyres\/bicycle\/"]}]},{"@type":"BreadcrumbList","@id":"https:\/\/grupoandres.desarrolloundanet.com\/en\/tyres\/bicycle\/#breadcrumb","itemListElement":[{"@type":"ListItem","position":1,"name":"Portada","item":"https:\/\/grupoandres.desarrolloundanet.com\/en\/"},{"@type":"ListItem","position":2,"name":"Tyres","item":"https:\/\/grupoandres.desarrolloundanet.com\/en\/tyres\/"},{"@type":"ListItem","position":3,"name":"Bicycle"}]},{"@type":"WebSite","@id":"https:\/\/grupoandres.desarrolloundanet.com\/#website","url":"https:\/\/grupoandres.desarrolloundanet.com\/","name":"Grupo Andr\u00e9s Tyres","description":"Tyres distributor  for workshops and proffesional.Stock 500,000 tires  of  70 brands. Exclusive distributors of brands as Nankang , Matador, General Tire and more.","potentialAction":[{"@type":"SearchAction","target":{"@type":"EntryPoint","urlTemplate":"https:\/\/grupoandres.desarrolloundanet.com\/?s={search_term_string}"},"query-input":{"@type":"PropertyValueSpecification","valueRequired":true,"valueName":"search_term_string"}}],"inLanguage":"en-US"}]}},"_links":{"self":[{"href":"https:\/\/grupoandres.desarrolloundanet.com\/en\/wp-json\/wp\/v2\/pages\/26495","targetHints":{"allow":["GET"]}}],"collection":[{"href":"https:\/\/grupoandres.desarrolloundanet.com\/en\/wp-json\/wp\/v2\/pages"}],"about":[{"href":"https:\/\/grupoandres.desarrolloundanet.com\/en\/wp-json\/wp\/v2\/types\/page"}],"author":[{"embeddable":true,"href":"https:\/\/grupoandres.desarrolloundanet.com\/en\/wp-json\/wp\/v2\/users\/1"}],"replies":[{"embeddable":true,"href":"https:\/\/grupoandres.desarrolloundanet.com\/en\/wp-json\/wp\/v2\/comments?post=26495"}],"version-history":[{"count":2,"href":"https:\/\/grupoandres.desarrolloundanet.com\/en\/wp-json\/wp\/v2\/pages\/26495\/revisions"}],"predecessor-version":[{"id":26515,"href":"https:\/\/grupoandres.desarrolloundanet.com\/en\/wp-json\/wp\/v2\/pages\/26495\/revisions\/26515"}],"up":[{"embeddable":true,"href":"https:\/\/grupoandres.desarrolloundanet.com\/en\/wp-json\/wp\/v2\/pages\/1248"}],"wp:attachment":[{"href":"https:\/\/grupoandres.desarrolloundanet.com\/en\/wp-json\/wp\/v2\/media?parent=26495"}],"curies":[{"name":"wp","href":"https:\/\/api.w.org\/{rel}","templated":true}]}}